{"id":65107,"date":"2024-12-09T12:25:22","date_gmt":"2024-12-09T17:25:22","guid":{"rendered":"https:\/\/blog.bindy.com\/?page_id=65107"},"modified":"2026-01-07T09:08:14","modified_gmt":"2026-01-07T14:08:14","slug":"bindy-demo","status":"publish","type":"page","link":"https:\/\/blog.bindy.com\/tr\/bindy-demo\/","title":{"rendered":"\u25b6\ufe0f Bindy Demo"},"content":{"rendered":"<p class=\"wp-block-paragraph\">Kay\u0131t veya randevu gerekmiyor. Bindy&#039;nin en temel \u00f6zellikleri 5 k\u0131sa video g\u00f6steriminde \u00f6zetlenmi\u015ftir.<\/p>\n\n\n\n<p class=\"wp-block-paragraph\"><\/p>\n\n\n\n<h1 class=\"wp-block-heading\">\u25b6\ufe0f Giri\u015f<\/h1>\n\n\n\n<p class=\"has-text-align-center wp-block-paragraph\"><em>1 dakika, 2 saniye<\/em><\/p>\n\n\n\n<p class=\"is-style-info wp-block-paragraph\">\u2139\ufe0f Bindy, perakende ve konaklama sekt\u00f6r\u00fcnde \u2714\ufe0f denetimleri, \ud83d\uddd3\ufe0f g\u00f6revleri ve \ud83d\udce3 ileti\u015fimi otomatikle\u015ftiren bulut tabanl\u0131 bir uygulamad\u0131r. Marka standartlar\u0131n\u0131, g\u00f6revleri ve d\u00fczeltici eylemleri sitelerinize kolayca da\u011f\u0131t\u0131n ve do\u011frulay\u0131n. Ger\u00e7ek zamanl\u0131 raporlar, imzalar, videolar ve foto\u011fraf do\u011frulamalar\u0131 al\u0131n.<\/p>\n\n\n\n\t\t<figure class=\"wp-block-jetpack-videopress jetpack-videopress-player\" style=\"\" >\n\t\t\t<div class=\"jetpack-videopress-player__wrapper\"> <div class=\"jetpack-video-wrapper\"><iframe title=\"VideoPress Video Oynat\u0131c\u0131\" aria-label='VideoPress Video Oynat\u0131c\u0131' width='700' height='394' src='https:\/\/videopress.com\/embed\/QAKhxtcc?cover=1&amp;autoPlay=0&amp;controls=1&amp;loop=0&amp;muted=0&amp;persistVolume=1&amp;playsinline=0&amp;preloadContent=metadata&amp;useAverageColor=1&amp;hd=0' frameborder='0' allowfullscreen data-resize-to-parent=\"true\" allow='clipboard-write'><\/iframe><script src='https:\/\/v0.wordpress.com\/js\/next\/videopress-iframe.js?m=1739540970'><\/script><\/div><\/div>\n\t\t\t\n\t\t\t\n\t\t<\/figure>\n\t\t\n\n\n<p class=\"has-text-align-center wp-block-paragraph\"><a href=\"https:\/\/bindy.com\/contact\/#informationOrFreeTrial\" target=\"_blank\" rel=\"noreferrer noopener\">Bize Ula\u015f\u0131n<\/a>&nbsp;veya&nbsp;<a href=\"https:\/\/bindy.com\/app\/registration\/step1?lang=en\" target=\"_blank\" rel=\"noreferrer noopener\">Duru\u015fma<\/a>&nbsp;Bug\u00fcn.<\/p>\n\n\n\n<h1 class=\"wp-block-heading\">\u25b6\ufe0f Y\u00f6netici deneyimi<\/h1>\n\n\n\n<p class=\"has-text-align-center wp-block-paragraph\"><em>2 dakika, 29 saniye<\/em><\/p>\n\n\n\n<p class=\"is-style-info wp-block-paragraph\">\u2139\ufe0f Y\u00f6neticiler, deneyimin her y\u00f6n\u00fcn\u00fc kurmak ve yap\u0131land\u0131rmak i\u00e7in tam eri\u015fime sahiptir.<br>An\u0131nda da\u011f\u0131t\u0131n ve kendi formlar\u0131n\u0131z, siteleriniz ve kullan\u0131c\u0131lar\u0131n\u0131zla kendi i\u015f ak\u0131\u015flar\u0131n\u0131z\u0131 olu\u015fturun. Yard\u0131ma ihtiyac\u0131n\u0131z varsa, oryantasyon uzmanlar\u0131m\u0131z size yard\u0131mc\u0131 olmak i\u00e7in burada.<\/p>\n\n\n\n\t\t<figure class=\"wp-block-jetpack-videopress jetpack-videopress-player\" style=\"\" >\n\t\t\t<div class=\"jetpack-videopress-player__wrapper\"> <div class=\"jetpack-video-wrapper\"><iframe title=\"VideoPress Video Oynat\u0131c\u0131\" aria-label='VideoPress Video Oynat\u0131c\u0131' width='700' height='394' src='https:\/\/videopress.com\/embed\/BbzhkhWp?cover=1&amp;autoPlay=0&amp;controls=1&amp;loop=0&amp;muted=0&amp;persistVolume=1&amp;playsinline=0&amp;preloadContent=metadata&amp;useAverageColor=1&amp;hd=0' frameborder='0' allowfullscreen data-resize-to-parent=\"true\" allow='clipboard-write'><\/iframe><script src='https:\/\/v0.wordpress.com\/js\/next\/videopress-iframe.js?m=1739540970'><\/script><\/div><\/div>\n\t\t\t<figcaption><\/figcaption>\n\t\t\t\n\t\t<\/figure>\n\t\t\n\n\n<p class=\"has-text-align-center wp-block-paragraph\"><a href=\"https:\/\/bindy.com\/contact\/#informationOrFreeTrial\" target=\"_blank\" rel=\"noreferrer noopener\">Bize Ula\u015f\u0131n<\/a>&nbsp;veya&nbsp;<a href=\"https:\/\/bindy.com\/app\/registration\/step1?lang=en\" target=\"_blank\" rel=\"noreferrer noopener\">Duru\u015fma<\/a>&nbsp;Bug\u00fcn.<\/p>\n\n\n\n<h1 class=\"wp-block-heading\">\u25b6\ufe0f B\u00f6lge M\u00fcd\u00fcr\u00fc deneyimi<\/h1>\n\n\n\n<p class=\"has-text-align-center wp-block-paragraph\"><em>2 dakika, 19 saniye<\/em><\/p>\n\n\n\n<p class=\"is-style-info wp-block-paragraph\">\u2139\ufe0f B\u00f6lge m\u00fcd\u00fcrleri (alan veya b\u00f6lge m\u00fcd\u00fcrleri) sahalar\u0131 denetlemek, d\u00fczeltici eylemleri g\u00f6ndermek ve izlemek, foto\u011fraf ve video y\u00fcklemek, imza toplamak ve ge\u00e7mi\u015f verileri g\u00f6r\u00fcnt\u00fclemek i\u00e7in ihtiya\u00e7 duyduklar\u0131 ara\u00e7lara sahiptir. Bindy, b\u00f6lge m\u00fcd\u00fcrlerinin daha iyi sonu\u00e7lar ve daha y\u00fcksek sat\u0131\u015flar elde etmek i\u00e7in saha m\u00fcd\u00fcrlerine ko\u00e7luk yapmalar\u0131, onlarla etkile\u015fim kurmalar\u0131 ve tavsiyelerde bulunmalar\u0131 i\u00e7in zaman kazand\u0131r\u0131r.<\/p>\n\n\n\n\t\t<figure class=\"wp-block-jetpack-videopress jetpack-videopress-player\" style=\"\" >\n\t\t\t<div class=\"jetpack-videopress-player__wrapper\"> <div class=\"jetpack-video-wrapper\"><iframe title=\"VideoPress Video Oynat\u0131c\u0131\" aria-label='VideoPress Video Oynat\u0131c\u0131' width='700' height='394' src='https:\/\/videopress.com\/embed\/gQYbVwgM?cover=1&amp;autoPlay=0&amp;controls=1&amp;loop=0&amp;muted=0&amp;persistVolume=1&amp;playsinline=0&amp;preloadContent=metadata&amp;useAverageColor=1&amp;hd=0' frameborder='0' allowfullscreen data-resize-to-parent=\"true\" allow='clipboard-write'><\/iframe><script src='https:\/\/v0.wordpress.com\/js\/next\/videopress-iframe.js?m=1739540970'><\/script><\/div><\/div>\n\t\t\t\n\t\t\t\n\t\t<\/figure>\n\t\t\n\n\n<p class=\"wp-block-paragraph\"><\/p>\n\n\n\n<p class=\"has-text-align-center wp-block-paragraph\"><a href=\"https:\/\/bindy.com\/contact\/#informationOrFreeTrial\" target=\"_blank\" rel=\"noreferrer noopener\">Bize Ula\u015f\u0131n<\/a>&nbsp;veya&nbsp;<a href=\"https:\/\/bindy.com\/app\/registration\/step1?lang=en\" target=\"_blank\" rel=\"noreferrer noopener\">Duru\u015fma<\/a>&nbsp;Bug\u00fcn.<\/p>\n\n\n\n<h1 class=\"wp-block-heading\">\u25b6\ufe0f Site Y\u00f6neticisi deneyimi<\/h1>\n\n\n\n<p class=\"has-text-align-center wp-block-paragraph\"><em>2 dakika, 9 saniye<\/em><\/p>\n\n\n\n<p class=\"is-style-info wp-block-paragraph\">\u2139\ufe0f Tesis y\u00f6neticileri (veya franchise sahipleri) merkez ofis ad\u0131na kendi denetimlerini ger\u00e7ekle\u015ftirebilir veya b\u00f6lge m\u00fcd\u00fcrlerinden gelen denetimlere yan\u0131t verebilir. \u00d6rne\u011fin, eylem plan\u0131ndaki bir veya daha fazla d\u00fczeltici eylemden sorumlu olabilirler. Tesis y\u00f6neticileri ayr\u0131ca denetimleri onaylayabilir ve al\u0131nan d\u00fczeltici eylemlerin foto\u011fraflar\u0131n\u0131 y\u00fckleyebilir.<\/p>\n\n\n\n\t\t<figure class=\"wp-block-jetpack-videopress jetpack-videopress-player\" style=\"\" >\n\t\t\t<div class=\"jetpack-videopress-player__wrapper\"> <div class=\"jetpack-video-wrapper\"><iframe title=\"VideoPress Video Oynat\u0131c\u0131\" aria-label='VideoPress Video Oynat\u0131c\u0131' width='700' height='394' src='https:\/\/videopress.com\/embed\/rktIv7Hy?cover=1&amp;autoPlay=0&amp;controls=1&amp;loop=0&amp;muted=0&amp;persistVolume=1&amp;playsinline=0&amp;preloadContent=metadata&amp;useAverageColor=1&amp;hd=0' frameborder='0' allowfullscreen data-resize-to-parent=\"true\" allow='clipboard-write'><\/iframe><script src='https:\/\/v0.wordpress.com\/js\/next\/videopress-iframe.js?m=1739540970'><\/script><\/div><\/div>\n\t\t\t\n\t\t\t\n\t\t<\/figure>\n\t\t\n\n\n<p class=\"has-text-align-center wp-block-paragraph\"><a href=\"https:\/\/bindy.com\/contact\/#informationOrFreeTrial\" target=\"_blank\" rel=\"noreferrer noopener\">Bize Ula\u015f\u0131n<\/a>&nbsp;veya&nbsp;<a href=\"https:\/\/bindy.com\/app\/registration\/step1?lang=en\" target=\"_blank\" rel=\"noreferrer noopener\">Duru\u015fma<\/a>&nbsp;Bug\u00fcn.<\/p>\n\n\n\n<h1 class=\"wp-block-heading\">\u25b6\ufe0f Deneme S\u00fcr\u00fcm\u00fc ve Fiyatland\u0131rma<\/h1>\n\n\n\n<p class=\"has-text-align-center wp-block-paragraph\"><em>44 saniye<\/em><\/p>\n\n\n\n<p class=\"is-style-info wp-block-paragraph\">\u2139\ufe0f Bindy nedir ve kimler kullan\u0131r? <a href=\"https:\/\/bindy.com\/app\/registration\/step1?lang=en&amp;aboutPricing=y&amp;aboutTrial=y\" target=\"_blank\" rel=\"noreferrer noopener\">14 g\u00fcnl\u00fck \u00fccretsiz deneme<\/a> ve <a href=\"https:\/\/bindy.com\/about\/pricing\/\" target=\"_blank\" rel=\"noreferrer noopener\">fiyatland\u0131rma<\/a>.<\/p>\n\n\n\n<p class=\"has-text-align-center wp-block-paragraph\"><\/p>\n\n\n\n\t\t<figure class=\"wp-block-jetpack-videopress jetpack-videopress-player\" style=\"\" >\n\t\t\t<div class=\"jetpack-videopress-player__wrapper\"> <div class=\"jetpack-video-wrapper\"><iframe title=\"VideoPress Video Oynat\u0131c\u0131\" aria-label='VideoPress Video Oynat\u0131c\u0131' width='700' height='394' src='https:\/\/videopress.com\/embed\/BgP2z05I?cover=1&amp;autoPlay=0&amp;controls=1&amp;loop=0&amp;muted=0&amp;persistVolume=1&amp;playsinline=0&amp;preloadContent=metadata&amp;useAverageColor=1&amp;hd=0' frameborder='0' allowfullscreen data-resize-to-parent=\"true\" allow='clipboard-write'><\/iframe><script src='https:\/\/v0.wordpress.com\/js\/next\/videopress-iframe.js?m=1739540970'><\/script><\/div><\/div>\n\t\t\t\n\t\t\t\n\t\t<\/figure>\n\t\t\n\n\n<p class=\"has-text-align-center wp-block-paragraph\"><a href=\"https:\/\/bindy.com\/contact\/#informationOrFreeTrial\" target=\"_blank\" rel=\"noreferrer noopener\">Bize Ula\u015f\u0131n<\/a>&nbsp;veya&nbsp;<a href=\"https:\/\/bindy.com\/app\/registration\/step1?lang=en\" target=\"_blank\" rel=\"noreferrer noopener\">Duru\u015fma<\/a>&nbsp;Bug\u00fcn.<\/p>\n\n\n\n<p class=\"wp-block-paragraph\">Sizinle \u00e7al\u0131\u015fmaktan mutluluk duyar\u0131z!<\/p>\n\n\n\n<p class=\"wp-block-paragraph\"><\/p>","protected":false},"excerpt":{"rendered":"<p>Kay\u0131t veya randevu gerekmiyor. Bindy&#039;nin en \u00f6nemli \u00f6zellikleri 5 k\u0131sa video g\u00f6steriminde \u00f6zetlenmi\u015ftir. \u25b6\ufe0f Giri\u015f 1 dakika, 2 saniye \u2139\ufe0f Bindy, perakende ve konaklama sekt\u00f6rleri i\u00e7in \u2714\ufe0f denetimleri, \ud83d\uddd3\ufe0f g\u00f6revleri ve \ud83d\udce3 ileti\u015fimi otomatikle\u015ftiren bulut tabanl\u0131 bir uygulamad\u0131r. Marka standartlar\u0131n\u0131, g\u00f6revleri ve d\u00fczeltici eylemleri sitelerinize kolayca uygulay\u0131n ve do\u011frulay\u0131n. \u2026 <a href=\"https:\/\/blog.bindy.com\/tr\/bindy-demo\/\" class=\"more-link\"><span class=\"screen-reader-text\">\u25b6\ufe0f Bindy Demo<\/span> yaz\u0131s\u0131n\u0131 okumaya devam et <span class=\"meta-nav\">\u2192<\/span><\/a><\/p>","protected":false},"author":6370623,"featured_media":0,"parent":0,"menu_order":0,"comment_status":"closed","ping_status":"closed","template":"","meta":{"_coblocks_attr":"","_coblocks_dimensions":"","_coblocks_responsive_height":"","_coblocks_accordion_ie_support":"","_crdt_document":"","footnotes":""},"class_list":["post-65107","page","type-page","status-publish","hentry"],"yoast_head":"<!-- This site is optimized with the Yoast SEO plugin v27.5 - https:\/\/yoast.com\/product\/yoast-seo-wordpress\/ -->\n<title>\u25b6\ufe0f Bindy Demo - Audits, Tasks and Communication<\/title>\n<meta name=\"description\" content=\"Watch a Bindy demo, no scheduling required! Bindy&#039;s most essential features organized into 5 quick video demonstrations.\" \/>\n<meta name=\"robots\" content=\"index, follow, max-snippet:-1, max-image-preview:large, max-video-preview:-1\" \/>\n<link rel=\"canonical\" href=\"https:\/\/blog.bindy.com\/tr\/bindy-demo\/\" \/>\n<meta property=\"og:locale\" content=\"tr_TR\" \/>\n<meta property=\"og:type\" content=\"article\" \/>\n<meta property=\"og:title\" content=\"\u25b6\ufe0f Bindy Demo - Audits, Tasks and Communication\" \/>\n<meta property=\"og:description\" content=\"Watch a Bindy demo, no scheduling required! Bindy&#039;s most essential features organized into 5 quick video demonstrations.\" \/>\n<meta property=\"og:url\" content=\"https:\/\/blog.bindy.com\/tr\/bindy-demo\/\" \/>\n<meta property=\"og:site_name\" content=\"Audits, Tasks and Communication\" \/>\n<meta property=\"article:publisher\" content=\"https:\/\/www.facebook.com\/bindyhq\" \/>\n<meta property=\"article:modified_time\" content=\"2026-01-07T14:08:14+00:00\" \/>\n<meta property=\"og:image\" content=\"https:\/\/i0.wp.com\/blog.bindy.com\/wp-content\/uploads\/2021\/10\/Bindy-logo-verti-col-72DPI.png?fit=442%2C442&ssl=1\" \/>\n\t<meta property=\"og:image:width\" content=\"442\" \/>\n\t<meta property=\"og:image:height\" content=\"442\" \/>\n\t<meta property=\"og:image:type\" content=\"image\/png\" \/>\n<meta name=\"twitter:card\" content=\"summary_large_image\" \/>\n<meta name=\"twitter:site\" content=\"@bindyhq\" \/>\n<script type=\"application\/ld+json\" class=\"yoast-schema-graph\">{\"@context\":\"https:\\\/\\\/schema.org\",\"@graph\":[{\"@type\":\"WebPage\",\"@id\":\"https:\\\/\\\/blog.bindy.com\\\/bindy-demo\\\/\",\"url\":\"https:\\\/\\\/blog.bindy.com\\\/bindy-demo\\\/\",\"name\":\"\u25b6\ufe0f Bindy Demo - Audits, Tasks and Communication\",\"isPartOf\":{\"@id\":\"https:\\\/\\\/blog.bindy.com\\\/#website\"},\"datePublished\":\"2024-12-09T17:25:22+00:00\",\"dateModified\":\"2026-01-07T14:08:14+00:00\",\"description\":\"Watch a Bindy demo, no scheduling required! Bindy's most essential features organized into 5 quick video demonstrations.\",\"breadcrumb\":{\"@id\":\"https:\\\/\\\/blog.bindy.com\\\/bindy-demo\\\/#breadcrumb\"},\"inLanguage\":\"tr\",\"potentialAction\":[{\"@type\":\"ReadAction\",\"target\":[\"https:\\\/\\\/blog.bindy.com\\\/bindy-demo\\\/\"]}]},{\"@type\":\"BreadcrumbList\",\"@id\":\"https:\\\/\\\/blog.bindy.com\\\/bindy-demo\\\/#breadcrumb\",\"itemListElement\":[{\"@type\":\"ListItem\",\"position\":1,\"name\":\"Home\",\"item\":\"https:\\\/\\\/blog.bindy.com\\\/\"},{\"@type\":\"ListItem\",\"position\":2,\"name\":\"\u25b6\ufe0f Bindy Demo\"}]},{\"@type\":\"WebSite\",\"@id\":\"https:\\\/\\\/blog.bindy.com\\\/#website\",\"url\":\"https:\\\/\\\/blog.bindy.com\\\/\",\"name\":\"Audits, Tasks and Communication\",\"description\":\"Inspect your sites, verify brand standards, and send tasks. Get real-time reports, signatures, videos, and photo verifications.\",\"publisher\":{\"@id\":\"https:\\\/\\\/blog.bindy.com\\\/#organization\"},\"potentialAction\":[{\"@type\":\"SearchAction\",\"target\":{\"@type\":\"EntryPoint\",\"urlTemplate\":\"https:\\\/\\\/blog.bindy.com\\\/?s={search_term_string}\"},\"query-input\":{\"@type\":\"PropertyValueSpecification\",\"valueRequired\":true,\"valueName\":\"search_term_string\"}}],\"inLanguage\":\"tr\"},{\"@type\":\"Organization\",\"@id\":\"https:\\\/\\\/blog.bindy.com\\\/#organization\",\"name\":\"Bindy\",\"url\":\"https:\\\/\\\/blog.bindy.com\\\/\",\"logo\":{\"@type\":\"ImageObject\",\"inLanguage\":\"tr\",\"@id\":\"https:\\\/\\\/blog.bindy.com\\\/#\\\/schema\\\/logo\\\/image\\\/\",\"url\":\"https:\\\/\\\/i0.wp.com\\\/blog.bindy.com\\\/wp-content\\\/uploads\\\/2021\\\/10\\\/Bindy-logo-horiz-col-72DPI.png?fit=1005%2C301&ssl=1\",\"contentUrl\":\"https:\\\/\\\/i0.wp.com\\\/blog.bindy.com\\\/wp-content\\\/uploads\\\/2021\\\/10\\\/Bindy-logo-horiz-col-72DPI.png?fit=1005%2C301&ssl=1\",\"width\":1005,\"height\":301,\"caption\":\"Bindy\"},\"image\":{\"@id\":\"https:\\\/\\\/blog.bindy.com\\\/#\\\/schema\\\/logo\\\/image\\\/\"},\"sameAs\":[\"https:\\\/\\\/www.facebook.com\\\/bindyhq\",\"https:\\\/\\\/x.com\\\/bindyhq\",\"https:\\\/\\\/www.linkedin.com\\\/company\\\/bindyhq\\\/\"]}]}<\/script>\n<!-- \/ Yoast SEO plugin. -->","yoast_head_json":{"title":"\u25b6\ufe0f Bindy Tan\u0131t\u0131m\u0131 - Denetimler, G\u00f6revler ve \u0130leti\u015fim","description":"Bindy&#039;nin en \u00f6nemli \u00f6zelliklerinin yer ald\u0131\u011f\u0131 5 k\u0131sa video g\u00f6sterimini izleyin, randevu alman\u0131za gerek yok!.","robots":{"index":"index","follow":"follow","max-snippet":"max-snippet:-1","max-image-preview":"max-image-preview:large","max-video-preview":"max-video-preview:-1"},"canonical":"https:\/\/blog.bindy.com\/tr\/bindy-demo\/","og_locale":"tr_TR","og_type":"article","og_title":"\u25b6\ufe0f Bindy Demo - Audits, Tasks and Communication","og_description":"Watch a Bindy demo, no scheduling required! Bindy's most essential features organized into 5 quick video demonstrations.","og_url":"https:\/\/blog.bindy.com\/tr\/bindy-demo\/","og_site_name":"Audits, Tasks and Communication","article_publisher":"https:\/\/www.facebook.com\/bindyhq","article_modified_time":"2026-01-07T14:08:14+00:00","og_image":[{"width":442,"height":442,"url":"https:\/\/i0.wp.com\/blog.bindy.com\/wp-content\/uploads\/2021\/10\/Bindy-logo-verti-col-72DPI.png?fit=442%2C442&ssl=1","type":"image\/png"}],"twitter_card":"summary_large_image","twitter_site":"@bindyhq","schema":{"@context":"https:\/\/schema.org","@graph":[{"@type":"WebPage","@id":"https:\/\/blog.bindy.com\/bindy-demo\/","url":"https:\/\/blog.bindy.com\/bindy-demo\/","name":"\u25b6\ufe0f Bindy Tan\u0131t\u0131m\u0131 - Denetimler, G\u00f6revler ve \u0130leti\u015fim","isPartOf":{"@id":"https:\/\/blog.bindy.com\/#website"},"datePublished":"2024-12-09T17:25:22+00:00","dateModified":"2026-01-07T14:08:14+00:00","description":"Bindy&#039;nin en \u00f6nemli \u00f6zelliklerinin yer ald\u0131\u011f\u0131 5 k\u0131sa video g\u00f6sterimini izleyin, randevu alman\u0131za gerek yok!.","breadcrumb":{"@id":"https:\/\/blog.bindy.com\/bindy-demo\/#breadcrumb"},"inLanguage":"tr","potentialAction":[{"@type":"ReadAction","target":["https:\/\/blog.bindy.com\/bindy-demo\/"]}]},{"@type":"BreadcrumbList","@id":"https:\/\/blog.bindy.com\/bindy-demo\/#breadcrumb","itemListElement":[{"@type":"ListItem","position":1,"name":"Home","item":"https:\/\/blog.bindy.com\/"},{"@type":"ListItem","position":2,"name":"\u25b6\ufe0f Bindy Demo"}]},{"@type":"WebSite","@id":"https:\/\/blog.bindy.com\/#website","url":"https:\/\/blog.bindy.com\/","name":"Denetimler, G\u00f6revler ve \u0130leti\u015fim","description":"Sitelerinizi inceleyin, marka standartlar\u0131n\u0131 do\u011frulay\u0131n ve g\u00f6revler g\u00f6nderin. Ger\u00e7ek zamanl\u0131 raporlar, imzalar, videolar ve foto\u011fraf do\u011frulamalar\u0131 al\u0131n.","publisher":{"@id":"https:\/\/blog.bindy.com\/#organization"},"potentialAction":[{"@type":"SearchAction","target":{"@type":"EntryPoint","urlTemplate":"https:\/\/blog.bindy.com\/?s={search_term_string}"},"query-input":{"@type":"PropertyValueSpecification","valueRequired":true,"valueName":"search_term_string"}}],"inLanguage":"tr"},{"@type":"Organization","@id":"https:\/\/blog.bindy.com\/#organization","name":"ba\u011fla\u00e7","url":"https:\/\/blog.bindy.com\/","logo":{"@type":"ImageObject","inLanguage":"tr","@id":"https:\/\/blog.bindy.com\/#\/schema\/logo\/image\/","url":"https:\/\/i0.wp.com\/blog.bindy.com\/wp-content\/uploads\/2021\/10\/Bindy-logo-horiz-col-72DPI.png?fit=1005%2C301&ssl=1","contentUrl":"https:\/\/i0.wp.com\/blog.bindy.com\/wp-content\/uploads\/2021\/10\/Bindy-logo-horiz-col-72DPI.png?fit=1005%2C301&ssl=1","width":1005,"height":301,"caption":"Bindy"},"image":{"@id":"https:\/\/blog.bindy.com\/#\/schema\/logo\/image\/"},"sameAs":["https:\/\/www.facebook.com\/bindyhq","https:\/\/x.com\/bindyhq","https:\/\/www.linkedin.com\/company\/bindyhq\/"]}]}},"jetpack_likes_enabled":false,"jetpack_sharing_enabled":true,"jetpack_shortlink":"https:\/\/wp.me\/PDNAM-gW7","jetpack-related-posts":[{"id":63954,"url":"https:\/\/blog.bindy.com\/tr\/why-we-are-changing-our-name\/","url_meta":{"origin":65107,"position":0},"title":"Uyumlu IA, Bindy&#039;ye Yeniden Marka Verdi\u011fini Duyurdu","author":"Bindy","date":"Eyl\u00fcl 11, 2024","format":false,"excerpt":"Hemen Yay\u0131nlanmak \u00dczere Toronto, ON, 23 Kas\u0131m 2021 Compliant IA, B\u00fcy\u00fcme ve \u00c7e\u015fitlenmeyi Yans\u0131tmak \u0130\u00e7in Bindy Markas\u0131n\u0131 Kullan\u0131yor. Bulut tabanl\u0131 perakende uygulama \u00e7\u00f6z\u00fcmlerinin lider tedarik\u00e7isi Compliant IA, bug\u00fcn b\u00fcy\u00fck bir marka de\u011fi\u015fikli\u011fini tamamlad\u0131\u011f\u0131n\u0131 duyurdu. Bindy marka de\u011fi\u015fikli\u011fi, \u015firketin b\u00fcy\u00fcme ve \u00e7e\u015fitlenme bi\u00e7imini yans\u0131t\u0131yor...","rel":"","context":"Benzer yaz\u0131","block_context":{"text":"Benzer yaz\u0131","link":""},"img":{"alt_text":"","src":"https:\/\/i0.wp.com\/blog.bindy.com\/wp-content\/uploads\/2021\/11\/Bindy-icone-col-72DPI.png?fit=442%2C442&ssl=1&resize=350%2C200","width":350,"height":200},"classes":[]},{"id":5578,"url":"https:\/\/blog.bindy.com\/tr\/referral\/","url_meta":{"origin":65107,"position":1},"title":"Tavsiye Program\u0131","author":"Bindy","date":"\u015eubat 6, 2019","format":false,"excerpt":"Bindy&#039;yi tavsiye edin. Tavsiye etti\u011finiz ki\u015fi bir ay \u00fccretsiz Bindy hizmeti kazan\u0131r. $500 Amazon hediye kart\u0131 kazan\u0131rs\u0131n\u0131z. Bindy, b\u00fcy\u00fck \u00e7okuluslu \u015firketlerden birka\u00e7 sitesi olan KOB\u0130&#039;lere kadar her \u00f6l\u00e7ekten kurulu\u015fla \u00e7al\u0131\u015f\u0131r. Kurulu\u015flar\u0131nda marka standartlar\u0131n\u0131 ve operasyonlar\u0131n\u0131 y\u00f6netmekle ilgilenen meslekta\u015flar\u0131n\u0131z ve arkada\u015flar\u0131n\u0131z varsa,\u2026","rel":"","context":"Benzer yaz\u0131","block_context":{"text":"Benzer yaz\u0131","link":""},"img":{"alt_text":"","src":"https:\/\/i0.wp.com\/blog.bindy.com\/wp-content\/uploads\/2022\/02\/Bindy-Brand-st-ad-blue-HR-800.png?fit=800%2C418&ssl=1&resize=350%2C200","width":350,"height":200,"srcset":"https:\/\/i0.wp.com\/blog.bindy.com\/wp-content\/uploads\/2022\/02\/Bindy-Brand-st-ad-blue-HR-800.png?fit=800%2C418&ssl=1&resize=350%2C200 1x, https:\/\/i0.wp.com\/blog.bindy.com\/wp-content\/uploads\/2022\/02\/Bindy-Brand-st-ad-blue-HR-800.png?fit=800%2C418&ssl=1&resize=525%2C300 1.5x, https:\/\/i0.wp.com\/blog.bindy.com\/wp-content\/uploads\/2022\/02\/Bindy-Brand-st-ad-blue-HR-800.png?fit=800%2C418&ssl=1&resize=700%2C400 2x"},"classes":[]},{"id":60545,"url":"https:\/\/blog.bindy.com\/tr\/reporting-feedback\/","url_meta":{"origin":65107,"position":2},"title":"Bindy Reporting \u2013 Bize Ne D\u00fc\u015f\u00fcnd\u00fc\u011f\u00fcn\u00fcz\u00fc S\u00f6yleyin!","author":"Bindy","date":"A\u011fustos 25, 2023","format":false,"excerpt":"Raporlaman\u0131n amac\u0131 verileri getirmek ve ihtiyac\u0131n\u0131z olan bilgiyi bulmakt\u0131r. Nas\u0131l geli\u015febiliriz? Yan\u0131t\u0131n\u0131z gizlidir.","rel":"","context":"Benzer yaz\u0131","block_context":{"text":"Benzer yaz\u0131","link":""},"img":{"alt_text":"","src":"https:\/\/i0.wp.com\/blog.bindy.com\/wp-content\/uploads\/2023\/08\/shutterstock_650629666.jpg?fit=1200%2C716&ssl=1&resize=350%2C200","width":350,"height":200,"srcset":"https:\/\/i0.wp.com\/blog.bindy.com\/wp-content\/uploads\/2023\/08\/shutterstock_650629666.jpg?fit=1200%2C716&ssl=1&resize=350%2C200 1x, https:\/\/i0.wp.com\/blog.bindy.com\/wp-content\/uploads\/2023\/08\/shutterstock_650629666.jpg?fit=1200%2C716&ssl=1&resize=525%2C300 1.5x, https:\/\/i0.wp.com\/blog.bindy.com\/wp-content\/uploads\/2023\/08\/shutterstock_650629666.jpg?fit=1200%2C716&ssl=1&resize=700%2C400 2x, https:\/\/i0.wp.com\/blog.bindy.com\/wp-content\/uploads\/2023\/08\/shutterstock_650629666.jpg?fit=1200%2C716&ssl=1&resize=1050%2C600 3x"},"classes":[]},{"id":60033,"url":"https:\/\/blog.bindy.com\/tr\/why\/","url_meta":{"origin":65107,"position":3},"title":"Bize nedenini s\u00f6yle \/ Abonelik Yok","author":"Bindy","date":"\u015eubat 14, 2023","format":false,"excerpt":"L\u00fctfen bize neden Bindy&#039;ye abone olmad\u0131\u011f\u0131n\u0131z\u0131 anlatmak i\u00e7in bir dakikan\u0131z\u0131 ay\u0131r\u0131n. Takip e-postalar\u0131 g\u00f6ndermeyece\u011fiz. Bu bilgiler, denemeyi ve ilk izlenimleri iyile\u015ftirmemize yard\u0131mc\u0131 olacakt\u0131r. Te\u015fekk\u00fcr ederim!","rel":"","context":"Benzer yaz\u0131","block_context":{"text":"Benzer yaz\u0131","link":""},"img":{"alt_text":"","src":"https:\/\/i0.wp.com\/blog.bindy.com\/wp-content\/uploads\/2023\/02\/Screen-compo-Combo_Screens-layed-out.png?fit=600%2C429&ssl=1&resize=350%2C200","width":350,"height":200,"srcset":"https:\/\/i0.wp.com\/blog.bindy.com\/wp-content\/uploads\/2023\/02\/Screen-compo-Combo_Screens-layed-out.png?fit=600%2C429&ssl=1&resize=350%2C200 1x, https:\/\/i0.wp.com\/blog.bindy.com\/wp-content\/uploads\/2023\/02\/Screen-compo-Combo_Screens-layed-out.png?fit=600%2C429&ssl=1&resize=525%2C300 1.5x"},"classes":[]}],"_links":{"self":[{"href":"https:\/\/blog.bindy.com\/tr\/wp-json\/wp\/v2\/pages\/65107","targetHints":{"allow":["GET"]}}],"collection":[{"href":"https:\/\/blog.bindy.com\/tr\/wp-json\/wp\/v2\/pages"}],"about":[{"href":"https:\/\/blog.bindy.com\/tr\/wp-json\/wp\/v2\/types\/page"}],"author":[{"embeddable":true,"href":"https:\/\/blog.bindy.com\/tr\/wp-json\/wp\/v2\/users\/6370623"}],"replies":[{"embeddable":true,"href":"https:\/\/blog.bindy.com\/tr\/wp-json\/wp\/v2\/comments?post=65107"}],"version-history":[{"count":100,"href":"https:\/\/blog.bindy.com\/tr\/wp-json\/wp\/v2\/pages\/65107\/revisions"}],"predecessor-version":[{"id":67039,"href":"https:\/\/blog.bindy.com\/tr\/wp-json\/wp\/v2\/pages\/65107\/revisions\/67039"}],"wp:attachment":[{"href":"https:\/\/blog.bindy.com\/tr\/wp-json\/wp\/v2\/media?parent=65107"}],"curies":[{"name":"wp","href":"https:\/\/api.w.org\/{rel}","templated":true}]}}