{"id":60033,"date":"2023-02-14T13:53:52","date_gmt":"2023-02-14T18:53:52","guid":{"rendered":"https:\/\/blog.bindy.com\/?page_id=60033"},"modified":"2023-08-28T12:07:37","modified_gmt":"2023-08-28T16:07:37","slug":"niye","status":"publish","type":"page","link":"https:\/\/blog.bindy.com\/tr\/niye\/","title":{"rendered":"Bize nedenini s\u00f6yle \/ Abonelik Yok"},"content":{"rendered":"<p class=\"wp-block-paragraph\">L\u00fctfen bize neden Bindy&#039;ye abone olmad\u0131\u011f\u0131n\u0131z\u0131 anlatmak i\u00e7in bir dakikan\u0131z\u0131 ay\u0131r\u0131n.&nbsp; <\/p>\n\n\n\n<p class=\"wp-block-paragraph\">Takip e-postalar\u0131 g\u00f6ndermeyece\u011fiz. Bu bilgiler, denemeyi ve ilk izlenimleri iyile\u015ftirmemize yard\u0131mc\u0131 olacakt\u0131r. Te\u015fekk\u00fcr ederim!<\/p>\n\n\n<div class=\"wp-block-jetpack-contact-form is-layout-flex wp-container-jetpack-contact-form-is-layout-53c17e14 wp-block-jetpack-contact-form-is-layout-flex\"><a href=\"https:\/\/blog.bindy.com\/tr\/niye\/\" target=\"_blank\" rel=\"noopener noreferrer\">Bir form g\u00f6nderin.<\/a><\/div>","protected":false},"excerpt":{"rendered":"<p>L\u00fctfen bize neden Bindy&#039;ye abone olmad\u0131\u011f\u0131n\u0131z\u0131 anlatmak i\u00e7in bir dakikan\u0131z\u0131 ay\u0131r\u0131n. Takip e-postalar\u0131 g\u00f6ndermeyece\u011fiz. Bu bilgiler, denemeyi ve ilk izlenimleri iyile\u015ftirmemize yard\u0131mc\u0131 olacakt\u0131r. Te\u015fekk\u00fcr ederim!<\/p>","protected":false},"author":6370623,"featured_media":60044,"parent":0,"menu_order":0,"comment_status":"closed","ping_status":"closed","template":"","meta":{"_coblocks_attr":"","_coblocks_dimensions":"","_coblocks_responsive_height":"","_coblocks_accordion_ie_support":"","_crdt_document":"","jetpack_post_was_ever_published":false,"footnotes":""},"class_list":["post-60033","page","type-page","status-publish","has-post-thumbnail","hentry"],"yoast_head":"<!-- This site is optimized with the Yoast SEO plugin v27.3 - https:\/\/yoast.com\/product\/yoast-seo-wordpress\/ -->\n<title>Tell us why \/ No Subscription - Audits, Tasks and Communication<\/title>\n<meta name=\"description\" content=\"How retail and hospitality brands execute programs and brand standards with audits and task management.\" \/>\n<meta name=\"robots\" content=\"index, follow, max-snippet:-1, max-image-preview:large, max-video-preview:-1\" \/>\n<link rel=\"canonical\" href=\"https:\/\/blog.bindy.com\/tr\/niye\/\" \/>\n<meta property=\"og:locale\" content=\"tr_TR\" \/>\n<meta property=\"og:type\" content=\"article\" \/>\n<meta property=\"og:title\" content=\"Tell us why \/ No Subscription - Audits, Tasks and Communication\" \/>\n<meta property=\"og:description\" content=\"How retail and hospitality brands execute programs and brand standards with audits and task management.\" \/>\n<meta property=\"og:url\" content=\"https:\/\/blog.bindy.com\/tr\/niye\/\" \/>\n<meta property=\"og:site_name\" content=\"Audits, Tasks and Communication\" \/>\n<meta property=\"article:publisher\" content=\"https:\/\/www.facebook.com\/bindyhq\" \/>\n<meta property=\"article:modified_time\" content=\"2023-08-28T16:07:37+00:00\" \/>\n<meta property=\"og:image\" content=\"https:\/\/blog.bindy.com\/wp-content\/uploads\/2023\/02\/Screen-compo-Combo_Screens-layed-out.png\" \/>\n\t<meta property=\"og:image:width\" content=\"600\" \/>\n\t<meta property=\"og:image:height\" content=\"429\" \/>\n\t<meta property=\"og:image:type\" content=\"image\/png\" \/>\n<meta name=\"twitter:card\" content=\"summary_large_image\" \/>\n<meta name=\"twitter:site\" content=\"@bindyhq\" \/>\n<script type=\"application\/ld+json\" class=\"yoast-schema-graph\">{\"@context\":\"https:\\\/\\\/schema.org\",\"@graph\":[{\"@type\":\"WebPage\",\"@id\":\"https:\\\/\\\/blog.bindy.com\\\/why\\\/\",\"url\":\"https:\\\/\\\/blog.bindy.com\\\/why\\\/\",\"name\":\"Tell us why \\\/ No Subscription - Audits, Tasks and Communication\",\"isPartOf\":{\"@id\":\"https:\\\/\\\/blog.bindy.com\\\/#website\"},\"primaryImageOfPage\":{\"@id\":\"https:\\\/\\\/blog.bindy.com\\\/why\\\/#primaryimage\"},\"image\":{\"@id\":\"https:\\\/\\\/blog.bindy.com\\\/why\\\/#primaryimage\"},\"thumbnailUrl\":\"https:\\\/\\\/i0.wp.com\\\/blog.bindy.com\\\/wp-content\\\/uploads\\\/2023\\\/02\\\/Screen-compo-Combo_Screens-layed-out.png?fit=600%2C429&ssl=1\",\"datePublished\":\"2023-02-14T18:53:52+00:00\",\"dateModified\":\"2023-08-28T16:07:37+00:00\",\"description\":\"How retail and hospitality brands execute programs and brand standards with audits and task management.\",\"breadcrumb\":{\"@id\":\"https:\\\/\\\/blog.bindy.com\\\/why\\\/#breadcrumb\"},\"inLanguage\":\"tr\",\"potentialAction\":[{\"@type\":\"ReadAction\",\"target\":[\"https:\\\/\\\/blog.bindy.com\\\/why\\\/\"]}]},{\"@type\":\"ImageObject\",\"inLanguage\":\"tr\",\"@id\":\"https:\\\/\\\/blog.bindy.com\\\/why\\\/#primaryimage\",\"url\":\"https:\\\/\\\/i0.wp.com\\\/blog.bindy.com\\\/wp-content\\\/uploads\\\/2023\\\/02\\\/Screen-compo-Combo_Screens-layed-out.png?fit=600%2C429&ssl=1\",\"contentUrl\":\"https:\\\/\\\/i0.wp.com\\\/blog.bindy.com\\\/wp-content\\\/uploads\\\/2023\\\/02\\\/Screen-compo-Combo_Screens-layed-out.png?fit=600%2C429&ssl=1\",\"width\":600,\"height\":429},{\"@type\":\"BreadcrumbList\",\"@id\":\"https:\\\/\\\/blog.bindy.com\\\/why\\\/#breadcrumb\",\"itemListElement\":[{\"@type\":\"ListItem\",\"position\":1,\"name\":\"Home\",\"item\":\"https:\\\/\\\/blog.bindy.com\\\/\"},{\"@type\":\"ListItem\",\"position\":2,\"name\":\"Tell us why \\\/ No Subscription\"}]},{\"@type\":\"WebSite\",\"@id\":\"https:\\\/\\\/blog.bindy.com\\\/#website\",\"url\":\"https:\\\/\\\/blog.bindy.com\\\/\",\"name\":\"Audits, Tasks and Communication\",\"description\":\"Retail and Hospitality Operations\",\"publisher\":{\"@id\":\"https:\\\/\\\/blog.bindy.com\\\/#organization\"},\"potentialAction\":[{\"@type\":\"SearchAction\",\"target\":{\"@type\":\"EntryPoint\",\"urlTemplate\":\"https:\\\/\\\/blog.bindy.com\\\/?s={search_term_string}\"},\"query-input\":{\"@type\":\"PropertyValueSpecification\",\"valueRequired\":true,\"valueName\":\"search_term_string\"}}],\"inLanguage\":\"tr\"},{\"@type\":\"Organization\",\"@id\":\"https:\\\/\\\/blog.bindy.com\\\/#organization\",\"name\":\"Bindy\",\"url\":\"https:\\\/\\\/blog.bindy.com\\\/\",\"logo\":{\"@type\":\"ImageObject\",\"inLanguage\":\"tr\",\"@id\":\"https:\\\/\\\/blog.bindy.com\\\/#\\\/schema\\\/logo\\\/image\\\/\",\"url\":\"https:\\\/\\\/i0.wp.com\\\/blog.bindy.com\\\/wp-content\\\/uploads\\\/2021\\\/10\\\/Bindy-logo-horiz-col-72DPI.png?fit=1005%2C301&ssl=1\",\"contentUrl\":\"https:\\\/\\\/i0.wp.com\\\/blog.bindy.com\\\/wp-content\\\/uploads\\\/2021\\\/10\\\/Bindy-logo-horiz-col-72DPI.png?fit=1005%2C301&ssl=1\",\"width\":1005,\"height\":301,\"caption\":\"Bindy\"},\"image\":{\"@id\":\"https:\\\/\\\/blog.bindy.com\\\/#\\\/schema\\\/logo\\\/image\\\/\"},\"sameAs\":[\"https:\\\/\\\/www.facebook.com\\\/bindyhq\",\"https:\\\/\\\/x.com\\\/bindyhq\",\"https:\\\/\\\/www.linkedin.com\\\/company\\\/bindyhq\\\/\"]}]}<\/script>\n<!-- \/ Yoast SEO plugin. -->","yoast_head_json":{"title":"Nedenini bize bildirin \/ Abonelik Yok - Denetimler, G\u00f6revler ve \u0130leti\u015fim","description":"Perakende ve otelcilik markalar\u0131n\u0131n denetimler ve g\u00f6rev y\u00f6netimiyle programlar\u0131 ve marka standartlar\u0131n\u0131 nas\u0131l y\u00fcr\u00fctt\u00fc\u011f\u00fc.","robots":{"index":"index","follow":"follow","max-snippet":"max-snippet:-1","max-image-preview":"max-image-preview:large","max-video-preview":"max-video-preview:-1"},"canonical":"https:\/\/blog.bindy.com\/tr\/niye\/","og_locale":"tr_TR","og_type":"article","og_title":"Tell us why \/ No Subscription - Audits, Tasks and Communication","og_description":"How retail and hospitality brands execute programs and brand standards with audits and task management.","og_url":"https:\/\/blog.bindy.com\/tr\/niye\/","og_site_name":"Audits, Tasks and Communication","article_publisher":"https:\/\/www.facebook.com\/bindyhq","article_modified_time":"2023-08-28T16:07:37+00:00","og_image":[{"width":600,"height":429,"url":"https:\/\/blog.bindy.com\/wp-content\/uploads\/2023\/02\/Screen-compo-Combo_Screens-layed-out.png","type":"image\/png"}],"twitter_card":"summary_large_image","twitter_site":"@bindyhq","schema":{"@context":"https:\/\/schema.org","@graph":[{"@type":"WebPage","@id":"https:\/\/blog.bindy.com\/why\/","url":"https:\/\/blog.bindy.com\/why\/","name":"Nedenini bize bildirin \/ Abonelik Yok - Denetimler, G\u00f6revler ve \u0130leti\u015fim","isPartOf":{"@id":"https:\/\/blog.bindy.com\/#website"},"primaryImageOfPage":{"@id":"https:\/\/blog.bindy.com\/why\/#primaryimage"},"image":{"@id":"https:\/\/blog.bindy.com\/why\/#primaryimage"},"thumbnailUrl":"https:\/\/i0.wp.com\/blog.bindy.com\/wp-content\/uploads\/2023\/02\/Screen-compo-Combo_Screens-layed-out.png?fit=600%2C429&ssl=1","datePublished":"2023-02-14T18:53:52+00:00","dateModified":"2023-08-28T16:07:37+00:00","description":"Perakende ve otelcilik markalar\u0131n\u0131n denetimler ve g\u00f6rev y\u00f6netimiyle programlar\u0131 ve marka standartlar\u0131n\u0131 nas\u0131l y\u00fcr\u00fctt\u00fc\u011f\u00fc.","breadcrumb":{"@id":"https:\/\/blog.bindy.com\/why\/#breadcrumb"},"inLanguage":"tr","potentialAction":[{"@type":"ReadAction","target":["https:\/\/blog.bindy.com\/why\/"]}]},{"@type":"ImageObject","inLanguage":"tr","@id":"https:\/\/blog.bindy.com\/why\/#primaryimage","url":"https:\/\/i0.wp.com\/blog.bindy.com\/wp-content\/uploads\/2023\/02\/Screen-compo-Combo_Screens-layed-out.png?fit=600%2C429&ssl=1","contentUrl":"https:\/\/i0.wp.com\/blog.bindy.com\/wp-content\/uploads\/2023\/02\/Screen-compo-Combo_Screens-layed-out.png?fit=600%2C429&ssl=1","width":600,"height":429},{"@type":"BreadcrumbList","@id":"https:\/\/blog.bindy.com\/why\/#breadcrumb","itemListElement":[{"@type":"ListItem","position":1,"name":"Home","item":"https:\/\/blog.bindy.com\/"},{"@type":"ListItem","position":2,"name":"Tell us why \/ No Subscription"}]},{"@type":"WebSite","@id":"https:\/\/blog.bindy.com\/#website","url":"https:\/\/blog.bindy.com\/","name":"Denetimler, G\u00f6revler ve \u0130leti\u015fim","description":"Perakende ve Misafirperverlik Operasyonlar\u0131","publisher":{"@id":"https:\/\/blog.bindy.com\/#organization"},"potentialAction":[{"@type":"SearchAction","target":{"@type":"EntryPoint","urlTemplate":"https:\/\/blog.bindy.com\/?s={search_term_string}"},"query-input":{"@type":"PropertyValueSpecification","valueRequired":true,"valueName":"search_term_string"}}],"inLanguage":"tr"},{"@type":"Organization","@id":"https:\/\/blog.bindy.com\/#organization","name":"ba\u011fla\u00e7","url":"https:\/\/blog.bindy.com\/","logo":{"@type":"ImageObject","inLanguage":"tr","@id":"https:\/\/blog.bindy.com\/#\/schema\/logo\/image\/","url":"https:\/\/i0.wp.com\/blog.bindy.com\/wp-content\/uploads\/2021\/10\/Bindy-logo-horiz-col-72DPI.png?fit=1005%2C301&ssl=1","contentUrl":"https:\/\/i0.wp.com\/blog.bindy.com\/wp-content\/uploads\/2021\/10\/Bindy-logo-horiz-col-72DPI.png?fit=1005%2C301&ssl=1","width":1005,"height":301,"caption":"Bindy"},"image":{"@id":"https:\/\/blog.bindy.com\/#\/schema\/logo\/image\/"},"sameAs":["https:\/\/www.facebook.com\/bindyhq","https:\/\/x.com\/bindyhq","https:\/\/www.linkedin.com\/company\/bindyhq\/"]}]}},"jetpack_likes_enabled":false,"jetpack_sharing_enabled":true,"jetpack_shortlink":"https:\/\/wp.me\/PDNAM-fCh","jetpack-related-posts":[],"_links":{"self":[{"href":"https:\/\/blog.bindy.com\/tr\/wp-json\/wp\/v2\/pages\/60033","targetHints":{"allow":["GET"]}}],"collection":[{"href":"https:\/\/blog.bindy.com\/tr\/wp-json\/wp\/v2\/pages"}],"about":[{"href":"https:\/\/blog.bindy.com\/tr\/wp-json\/wp\/v2\/types\/page"}],"author":[{"embeddable":true,"href":"https:\/\/blog.bindy.com\/tr\/wp-json\/wp\/v2\/users\/6370623"}],"replies":[{"embeddable":true,"href":"https:\/\/blog.bindy.com\/tr\/wp-json\/wp\/v2\/comments?post=60033"}],"version-history":[{"count":8,"href":"https:\/\/blog.bindy.com\/tr\/wp-json\/wp\/v2\/pages\/60033\/revisions"}],"predecessor-version":[{"id":60583,"href":"https:\/\/blog.bindy.com\/tr\/wp-json\/wp\/v2\/pages\/60033\/revisions\/60583"}],"wp:featuredmedia":[{"embeddable":true,"href":"https:\/\/blog.bindy.com\/tr\/wp-json\/wp\/v2\/media\/60044"}],"wp:attachment":[{"href":"https:\/\/blog.bindy.com\/tr\/wp-json\/wp\/v2\/media?parent=60033"}],"curies":[{"name":"wp","href":"https:\/\/api.w.org\/{rel}","templated":true}]}}