{"id":5578,"date":"2019-02-06T15:11:35","date_gmt":"2019-02-06T20:11:35","guid":{"rendered":"http:\/\/blog.bindy.com\/?page_id=5578"},"modified":"2024-06-05T11:48:29","modified_gmt":"2024-06-05T15:48:29","slug":"referans","status":"publish","type":"page","link":"https:\/\/blog.bindy.com\/tr\/referans\/","title":{"rendered":"Tavsiye Program\u0131"},"content":{"rendered":"<h3 class=\"wp-block-heading\">Bindy&#039;ye bak\u0131n. Y\u00f6nlendirdi\u011finiz ki\u015fi bir ayl\u0131k \u00fccretsiz Bindy hizmeti al\u0131r. $500 Amazon hediye kart\u0131 al\u0131rs\u0131n\u0131z.<\/h3>\n\n\n\n<p class=\"wp-block-paragraph\"><a href=\"https:\/\/bindy.com\/\" target=\"_blank\" rel=\"noreferrer noopener\">ba\u011fla\u00e7 <\/a>b\u00fcy\u00fck \u00e7ok uluslu \u015firketlerden az say\u0131da tesise sahip KOB\u0130&#039;lere kadar her boyuttaki kurulu\u015fla \u00e7al\u0131\u015f\u0131r. Organizasyonlar\u0131nda marka standartlar\u0131n\u0131 ve operasyonlar\u0131n\u0131 y\u00f6nlendirmekle ilgilenen meslekta\u015flar\u0131n\u0131z ve arkada\u015flar\u0131n\u0131z varsa, bu tavsiye program\u0131 tam size g\u00f6re... ve onlar i\u00e7in! Olduk\u00e7a basit ve herkese a\u00e7\u0131kt\u0131r.<\/p>\n\n\n\n<h2 class=\"wp-block-heading\">Nas\u0131l \u00e7al\u0131\u015f\u0131r<\/h2>\n\n\n\n<ol class=\"wp-block-list\">\n<li>A\u015fa\u011f\u0131daki formu doldurun. Y\u00f6nlendiren ki\u015fiyle ileti\u015fime ge\u00e7ece\u011fiz, sizin sayenizde onlara \u00fccretsiz deneme art\u0131 bir ayl\u0131k \u00fccretsiz hizmet sunaca\u011f\u0131z.<\/li>\n\n\n\n<li>Tavsiyeniz Bindy&#039;ye abone olursa, $500 USD al\u0131rs\u0131n\u0131z <a href=\"https:\/\/www.amazon.com\/gift-cards\" target=\"_blank\" rel=\"noreferrer noopener\">Amazon eHediye kart\u0131<\/a> email yoluyla.<\/li>\n\n\n\n<li>A\u015fa\u011f\u0131daki \u015fartlar ve ko\u015fullara bak\u0131n.<\/li>\n<\/ol>\n\n\n<div class=\"wp-block-jetpack-contact-form is-layout-flex wp-container-jetpack-contact-form-is-layout-7f6ac06e wp-block-jetpack-contact-form-is-layout-flex\"><a href=\"https:\/\/blog.bindy.com\/tr\/referans\/\" target=\"_blank\" rel=\"noopener noreferrer\">Bir form g\u00f6nderin.<\/a><\/div>\n\n<h2><strong>\u015eartlar ve ko\u015fullar<\/strong><\/h2>\n<ol>\n<li>Hi\u00e7bir \u015fey Bindy&#039;nin di\u011fer y\u00f6nlendirenlerden y\u00f6nlendirmeler almas\u0131n\u0131 engellemez.<\/li>\n<li>Bindy&#039;nin sevk edilen ki\u015fiyle ileti\u015fime ge\u00e7me ve biz yapmazsak sizinle ileti\u015fime ge\u00e7me y\u00fck\u00fcml\u00fcl\u00fc\u011f\u00fc yoktur.<\/li>\n<li>Y\u00f6nlendiren zaten bir m\u00fc\u015fteriyse, daha \u00f6nce ileti\u015fime ge\u00e7ilmi\u015fse veya daha \u00f6nce ba\u015fka biri taraf\u0131ndan y\u00f6nlendirilmi\u015fse Bindy sizinle ileti\u015fime ge\u00e7meyecektir.<\/li>\n<li>Y\u00f6nlendirme ile ileti\u015fime ge\u00e7ersek Bindy sizinle ileti\u015fime ge\u00e7ecektir.<\/li>\n<li>Y\u00f6nlendirme, y\u00f6nlendirme sonucunda 180 g\u00fcn i\u00e7inde Bindy&#039;ye abone olduklar\u0131n\u0131 onaylarsa, bu y\u00f6nlendirmeden elde edilen gelir $1,000 USD&#039;ye e\u015fit veya daha y\u00fcksek oldu\u011funda, Bindy size e-posta ile $500 USD tutar\u0131nda bir e-Hediye kart\u0131 g\u00f6nderecektir.<\/li>\n<li>\u0130ptal veya fesih nedeniyle bu y\u00f6nlendirmeden elde edilen gelir $1,000 USD&#039;ye ula\u015fmazsa, Bindy&#039;nin bir y\u00f6nlendirme \u00fccreti \u00f6deme y\u00fck\u00fcml\u00fcl\u00fc\u011f\u00fc yoktur.&nbsp;<\/li>\n<li>Kendinize at\u0131fta bulunmayabilirsiniz.&nbsp;<\/li>\n<li>Birini sevk etmek i\u00e7in 18 ya\u015f\u0131nda veya daha b\u00fcy\u00fck olmal\u0131s\u0131n\u0131z. Y\u00f6nlendirme 18 ya\u015f\u0131nda veya daha b\u00fcy\u00fck olmal\u0131d\u0131r.<\/li>\n<li>Bindy, kendi takdirine ba\u011fl\u0131 olarak herhangi bir zamanda tavsiye program\u0131n\u0131 sonland\u0131rabilir veya de\u011fi\u015ftirebilir. Bunu yaparsak, ola\u011fan\u00fcst\u00fc tavsiyeler ve \u015fartlar onurland\u0131r\u0131lacakt\u0131r.<\/li>\n<li>Bu program kapsam\u0131nda en fazla 20 tavsiyeniz olabilir. Her ba\u015fvuru, ayr\u0131 ayr\u0131 ve di\u011ferlerinden ba\u011f\u0131ms\u0131z olarak ele al\u0131n\u0131r.<\/li>\n<li>Y\u00f6nlendirme program\u0131, halihaz\u0131rda Bindy ile s\u00f6zle\u015fmeli Bayiler ve Entegrat\u00f6rler i\u00e7in mevcut de\u011fildir.<\/li>\n<li>\u0130\u015f s\u00f6zle\u015fmenizi ve yapm\u0131\u015f olabilece\u011finiz di\u011fer s\u00f6zle\u015fmeleri kontrol etmeniz ve sevk program\u0131na kat\u0131lman\u0131n kurulu\u015funuzun politikalar\u0131n\u0131 ihlal etmedi\u011finden emin olman\u0131z \u00f6nerilir.<\/li>\n<li>Bindy, bu y\u00f6nlendirme anla\u015fmas\u0131ndan kaynaklanan veya bununla ba\u011flant\u0131l\u0131 olarak ortaya \u00e7\u0131kan herhangi bir dolayl\u0131, \u00f6zel ve\/veya dolayl\u0131 zarardan sorumlu olmayacakt\u0131r.<\/li>\n<li>Formu doldurarak, tavsiye program\u0131n\u0131n h\u00fck\u00fcm ve ko\u015fullar\u0131n\u0131 okudu\u011funuzu, anlad\u0131\u011f\u0131n\u0131z\u0131 ve kabul etti\u011finizi kabul etmi\u015f olursunuz.<\/li>\n<\/ol>\n\n\n<p class=\"wp-block-paragraph\"><\/p>","protected":false},"excerpt":{"rendered":"<p>Bindy&#039;ye bak\u0131n. Y\u00f6nlendirdi\u011finiz ki\u015fi bir ayl\u0131k \u00fccretsiz Bindy hizmeti al\u0131r. $500 Amazon hediye kart\u0131 al\u0131rs\u0131n\u0131z. Bindy, b\u00fcy\u00fck \u00e7ok uluslu \u015firketlerden birka\u00e7 siteye sahip KOB\u0130&#039;lere kadar her b\u00fcy\u00fckl\u00fckteki kurulu\u015fla \u00e7al\u0131\u015f\u0131r. Organizasyonlar\u0131nda marka standartlar\u0131n\u0131 ve operasyonlar\u0131n\u0131 y\u00f6nlendirmekle ilgilenen meslekta\u015flar\u0131n\u0131z ve arkada\u015flar\u0131n\u0131z varsa, bu tavsiye program\u0131 tam size g\u00f6re\u2026 <a href=\"https:\/\/blog.bindy.com\/tr\/referans\/\" class=\"more-link\"><span class=\"screen-reader-text\">Tavsiye Program\u0131<\/span> yaz\u0131s\u0131n\u0131 okumaya devam et <span class=\"meta-nav\">\u2192<\/span><\/a><\/p>","protected":false},"author":6370623,"featured_media":57763,"parent":0,"menu_order":0,"comment_status":"closed","ping_status":"closed","template":"","meta":{"_coblocks_attr":"","_coblocks_dimensions":"","_coblocks_responsive_height":"","_coblocks_accordion_ie_support":"","_crdt_document":"","jetpack_post_was_ever_published":false,"footnotes":""},"class_list":["post-5578","page","type-page","status-publish","has-post-thumbnail","hentry"],"yoast_head":"<!-- This site is optimized with the Yoast SEO plugin v27.3 - https:\/\/yoast.com\/product\/yoast-seo-wordpress\/ -->\n<title>Referral Program - Audits, Tasks and Communication<\/title>\n<meta name=\"description\" content=\"Bindy works with organizations of all sizes, from large multinationals to SMB&#039;s with a handful of locations. Get a $500 Amazon gift card!\" \/>\n<meta name=\"robots\" content=\"index, follow, max-snippet:-1, max-image-preview:large, max-video-preview:-1\" \/>\n<link rel=\"canonical\" href=\"https:\/\/blog.bindy.com\/tr\/\" \/>\n<meta property=\"og:locale\" content=\"tr_TR\" \/>\n<meta property=\"og:type\" content=\"article\" \/>\n<meta property=\"og:title\" content=\"Referral Program - Audits, Tasks and Communication\" \/>\n<meta property=\"og:description\" content=\"Bindy works with organizations of all sizes, from large multinationals to SMB&#039;s with a handful of locations. Get a $500 Amazon gift card!\" \/>\n<meta property=\"og:url\" content=\"https:\/\/blog.bindy.com\/tr\/\" \/>\n<meta property=\"og:site_name\" content=\"Audits, Tasks and Communication\" \/>\n<meta property=\"article:publisher\" content=\"https:\/\/www.facebook.com\/bindyhq\" \/>\n<meta property=\"article:modified_time\" content=\"2024-06-05T15:48:29+00:00\" \/>\n<meta property=\"og:image\" content=\"https:\/\/blog.bindy.com\/wp-content\/uploads\/2022\/02\/Bindy-Brand-st-ad-blue-HR-800.png?_t=1717602509\" \/>\n\t<meta property=\"og:image:width\" content=\"800\" \/>\n\t<meta property=\"og:image:height\" content=\"418\" \/>\n\t<meta property=\"og:image:type\" content=\"image\/png\" \/>\n<meta name=\"twitter:card\" content=\"summary_large_image\" \/>\n<meta name=\"twitter:site\" content=\"@bindyhq\" \/>\n<script type=\"application\/ld+json\" class=\"yoast-schema-graph\">{\"@context\":\"https:\\\/\\\/schema.org\",\"@graph\":[{\"@type\":\"WebPage\",\"@id\":\"https:\\\/\\\/blog.bindy.com\\\/\",\"url\":\"https:\\\/\\\/blog.bindy.com\\\/\",\"name\":\"Referral Program - Audits, Tasks and Communication\",\"isPartOf\":{\"@id\":\"https:\\\/\\\/blog.bindy.com\\\/#website\"},\"primaryImageOfPage\":{\"@id\":\"https:\\\/\\\/blog.bindy.com\\\/#primaryimage\"},\"image\":{\"@id\":\"https:\\\/\\\/blog.bindy.com\\\/#primaryimage\"},\"thumbnailUrl\":\"https:\\\/\\\/i0.wp.com\\\/blog.bindy.com\\\/wp-content\\\/uploads\\\/2022\\\/02\\\/Bindy-Brand-st-ad-blue-HR-800.png?fit=800%2C418&ssl=1\",\"datePublished\":\"2019-02-06T20:11:35+00:00\",\"dateModified\":\"2024-06-05T15:48:29+00:00\",\"description\":\"Bindy works with organizations of all sizes, from large multinationals to SMB's with a handful of locations. Get a $500 Amazon gift card!\",\"breadcrumb\":{\"@id\":\"https:\\\/\\\/blog.bindy.com\\\/#breadcrumb\"},\"inLanguage\":\"tr\",\"potentialAction\":[{\"@type\":\"ReadAction\",\"target\":[\"https:\\\/\\\/blog.bindy.com\\\/\"]}]},{\"@type\":\"ImageObject\",\"inLanguage\":\"tr\",\"@id\":\"https:\\\/\\\/blog.bindy.com\\\/#primaryimage\",\"url\":\"https:\\\/\\\/i0.wp.com\\\/blog.bindy.com\\\/wp-content\\\/uploads\\\/2022\\\/02\\\/Bindy-Brand-st-ad-blue-HR-800.png?fit=800%2C418&ssl=1\",\"contentUrl\":\"https:\\\/\\\/i0.wp.com\\\/blog.bindy.com\\\/wp-content\\\/uploads\\\/2022\\\/02\\\/Bindy-Brand-st-ad-blue-HR-800.png?fit=800%2C418&ssl=1\",\"width\":800,\"height\":418},{\"@type\":\"BreadcrumbList\",\"@id\":\"https:\\\/\\\/blog.bindy.com\\\/#breadcrumb\",\"itemListElement\":[{\"@type\":\"ListItem\",\"position\":1,\"name\":\"Home\",\"item\":\"https:\\\/\\\/blog.bindy.com\\\/\"},{\"@type\":\"ListItem\",\"position\":2,\"name\":\"Referral Program\"}]},{\"@type\":\"WebSite\",\"@id\":\"https:\\\/\\\/blog.bindy.com\\\/#website\",\"url\":\"https:\\\/\\\/blog.bindy.com\\\/\",\"name\":\"Audits, Tasks and Communication\",\"description\":\"Retail and Hospitality Operations\",\"publisher\":{\"@id\":\"https:\\\/\\\/blog.bindy.com\\\/#organization\"},\"potentialAction\":[{\"@type\":\"SearchAction\",\"target\":{\"@type\":\"EntryPoint\",\"urlTemplate\":\"https:\\\/\\\/blog.bindy.com\\\/?s={search_term_string}\"},\"query-input\":{\"@type\":\"PropertyValueSpecification\",\"valueRequired\":true,\"valueName\":\"search_term_string\"}}],\"inLanguage\":\"tr\"},{\"@type\":\"Organization\",\"@id\":\"https:\\\/\\\/blog.bindy.com\\\/#organization\",\"name\":\"Bindy\",\"url\":\"https:\\\/\\\/blog.bindy.com\\\/\",\"logo\":{\"@type\":\"ImageObject\",\"inLanguage\":\"tr\",\"@id\":\"https:\\\/\\\/blog.bindy.com\\\/#\\\/schema\\\/logo\\\/image\\\/\",\"url\":\"https:\\\/\\\/i0.wp.com\\\/blog.bindy.com\\\/wp-content\\\/uploads\\\/2021\\\/10\\\/Bindy-logo-horiz-col-72DPI.png?fit=1005%2C301&ssl=1\",\"contentUrl\":\"https:\\\/\\\/i0.wp.com\\\/blog.bindy.com\\\/wp-content\\\/uploads\\\/2021\\\/10\\\/Bindy-logo-horiz-col-72DPI.png?fit=1005%2C301&ssl=1\",\"width\":1005,\"height\":301,\"caption\":\"Bindy\"},\"image\":{\"@id\":\"https:\\\/\\\/blog.bindy.com\\\/#\\\/schema\\\/logo\\\/image\\\/\"},\"sameAs\":[\"https:\\\/\\\/www.facebook.com\\\/bindyhq\",\"https:\\\/\\\/x.com\\\/bindyhq\",\"https:\\\/\\\/www.linkedin.com\\\/company\\\/bindyhq\\\/\"]}]}<\/script>\n<!-- \/ Yoast SEO plugin. -->","yoast_head_json":{"title":"Y\u00f6nlendirme Program\u0131 - Denetimler, G\u00f6revler ve \u0130leti\u015fim","description":"Bindy, b\u00fcy\u00fck \u00e7ok uluslu \u015firketlerden bir avu\u00e7 lokasyona sahip KOB\u0130&#039;lere kadar her b\u00fcy\u00fckl\u00fckteki kurulu\u015fla \u00e7al\u0131\u015f\u0131r. $500 Amazon hediye kart\u0131 al\u0131n!","robots":{"index":"index","follow":"follow","max-snippet":"max-snippet:-1","max-image-preview":"max-image-preview:large","max-video-preview":"max-video-preview:-1"},"canonical":"https:\/\/blog.bindy.com\/tr\/","og_locale":"tr_TR","og_type":"article","og_title":"Referral Program - Audits, Tasks and Communication","og_description":"Bindy works with organizations of all sizes, from large multinationals to SMB's with a handful of locations. Get a $500 Amazon gift card!","og_url":"https:\/\/blog.bindy.com\/tr\/","og_site_name":"Audits, Tasks and Communication","article_publisher":"https:\/\/www.facebook.com\/bindyhq","article_modified_time":"2024-06-05T15:48:29+00:00","og_image":[{"width":800,"height":418,"url":"https:\/\/blog.bindy.com\/wp-content\/uploads\/2022\/02\/Bindy-Brand-st-ad-blue-HR-800.png?_t=1717602509","type":"image\/png"}],"twitter_card":"summary_large_image","twitter_site":"@bindyhq","schema":{"@context":"https:\/\/schema.org","@graph":[{"@type":"WebPage","@id":"https:\/\/blog.bindy.com\/","url":"https:\/\/blog.bindy.com\/","name":"Y\u00f6nlendirme Program\u0131 - Denetimler, G\u00f6revler ve \u0130leti\u015fim","isPartOf":{"@id":"https:\/\/blog.bindy.com\/#website"},"primaryImageOfPage":{"@id":"https:\/\/blog.bindy.com\/#primaryimage"},"image":{"@id":"https:\/\/blog.bindy.com\/#primaryimage"},"thumbnailUrl":"https:\/\/i0.wp.com\/blog.bindy.com\/wp-content\/uploads\/2022\/02\/Bindy-Brand-st-ad-blue-HR-800.png?fit=800%2C418&ssl=1","datePublished":"2019-02-06T20:11:35+00:00","dateModified":"2024-06-05T15:48:29+00:00","description":"Bindy, b\u00fcy\u00fck \u00e7ok uluslu \u015firketlerden bir avu\u00e7 lokasyona sahip KOB\u0130&#039;lere kadar her b\u00fcy\u00fckl\u00fckteki kurulu\u015fla \u00e7al\u0131\u015f\u0131r. $500 Amazon hediye kart\u0131 al\u0131n!","breadcrumb":{"@id":"https:\/\/blog.bindy.com\/#breadcrumb"},"inLanguage":"tr","potentialAction":[{"@type":"ReadAction","target":["https:\/\/blog.bindy.com\/"]}]},{"@type":"ImageObject","inLanguage":"tr","@id":"https:\/\/blog.bindy.com\/#primaryimage","url":"https:\/\/i0.wp.com\/blog.bindy.com\/wp-content\/uploads\/2022\/02\/Bindy-Brand-st-ad-blue-HR-800.png?fit=800%2C418&ssl=1","contentUrl":"https:\/\/i0.wp.com\/blog.bindy.com\/wp-content\/uploads\/2022\/02\/Bindy-Brand-st-ad-blue-HR-800.png?fit=800%2C418&ssl=1","width":800,"height":418},{"@type":"BreadcrumbList","@id":"https:\/\/blog.bindy.com\/#breadcrumb","itemListElement":[{"@type":"ListItem","position":1,"name":"Home","item":"https:\/\/blog.bindy.com\/"},{"@type":"ListItem","position":2,"name":"Referral Program"}]},{"@type":"WebSite","@id":"https:\/\/blog.bindy.com\/#website","url":"https:\/\/blog.bindy.com\/","name":"Denetimler, G\u00f6revler ve \u0130leti\u015fim","description":"Perakende ve Misafirperverlik Operasyonlar\u0131","publisher":{"@id":"https:\/\/blog.bindy.com\/#organization"},"potentialAction":[{"@type":"SearchAction","target":{"@type":"EntryPoint","urlTemplate":"https:\/\/blog.bindy.com\/?s={search_term_string}"},"query-input":{"@type":"PropertyValueSpecification","valueRequired":true,"valueName":"search_term_string"}}],"inLanguage":"tr"},{"@type":"Organization","@id":"https:\/\/blog.bindy.com\/#organization","name":"ba\u011fla\u00e7","url":"https:\/\/blog.bindy.com\/","logo":{"@type":"ImageObject","inLanguage":"tr","@id":"https:\/\/blog.bindy.com\/#\/schema\/logo\/image\/","url":"https:\/\/i0.wp.com\/blog.bindy.com\/wp-content\/uploads\/2021\/10\/Bindy-logo-horiz-col-72DPI.png?fit=1005%2C301&ssl=1","contentUrl":"https:\/\/i0.wp.com\/blog.bindy.com\/wp-content\/uploads\/2021\/10\/Bindy-logo-horiz-col-72DPI.png?fit=1005%2C301&ssl=1","width":1005,"height":301,"caption":"Bindy"},"image":{"@id":"https:\/\/blog.bindy.com\/#\/schema\/logo\/image\/"},"sameAs":["https:\/\/www.facebook.com\/bindyhq","https:\/\/x.com\/bindyhq","https:\/\/www.linkedin.com\/company\/bindyhq\/"]}]}},"jetpack_likes_enabled":false,"jetpack_sharing_enabled":true,"jetpack_shortlink":"https:\/\/wp.me\/PDNAM-1rY","jetpack-related-posts":[{"id":63954,"url":"https:\/\/blog.bindy.com\/tr\/neden-ismimizi-degistiriyoruz\/","url_meta":{"origin":5578,"position":0},"title":"Uyumlu IA, Bindy&#039;ye Yeniden Marka Verdi\u011fini Duyurdu","author":"Bindy","date":"Eyl\u00fcl 11, 2024","format":false,"excerpt":"Hemen Yay\u0131nlanmak \u00dczere Toronto, ON, 23 Kas\u0131m 2021 Compliant IA, B\u00fcy\u00fcme ve \u00c7e\u015fitlenmeyi Yans\u0131tmak \u0130\u00e7in Bindy Markas\u0131n\u0131 Kullan\u0131yor. Bulut tabanl\u0131 perakende uygulama \u00e7\u00f6z\u00fcmlerinin lider tedarik\u00e7isi Compliant IA, bug\u00fcn b\u00fcy\u00fck bir marka de\u011fi\u015fikli\u011fini tamamlad\u0131\u011f\u0131n\u0131 duyurdu. Bindy marka de\u011fi\u015fikli\u011fi, \u015firketin b\u00fcy\u00fcme ve \u00e7e\u015fitlenme bi\u00e7imini yans\u0131t\u0131yor...","rel":"","context":"Benzer yaz\u0131","block_context":{"text":"Benzer yaz\u0131","link":""},"img":{"alt_text":"","src":"https:\/\/i0.wp.com\/blog.bindy.com\/wp-content\/uploads\/2021\/11\/Bindy-icone-col-72DPI.png?fit=442%2C442&ssl=1&resize=350%2C200","width":350,"height":200},"classes":[]},{"id":65107,"url":"https:\/\/blog.bindy.com\/tr\/bindy-demo\/","url_meta":{"origin":5578,"position":1},"title":"\u25b6\ufe0f Bindy Demo","author":"Bindy","date":"Aral\u0131k 9, 2024","format":false,"excerpt":"Kay\u0131t veya randevu gerekmiyor. Bindy&#039;nin en \u00f6nemli \u00f6zellikleri 5 k\u0131sa video g\u00f6steriminde \u00f6zetlenmi\u015ftir. \u25b6\ufe0f Giri\u015f 1 dakika, 2 saniye \u2139\ufe0f Bindy, perakende ve konaklama sekt\u00f6rleri i\u00e7in \u2714\ufe0f denetimleri, \ud83d\uddd3\ufe0f g\u00f6revleri ve \ud83d\udce3 ileti\u015fimi otomatikle\u015ftiren bulut tabanl\u0131 bir uygulamad\u0131r. Marka standartlar\u0131n\u0131, g\u00f6revleri ve d\u00fczeltici eylemleri uygulay\u0131n ve do\u011frulay\u0131n\u2026","rel":"","context":"Benzer yaz\u0131","block_context":{"text":"Benzer yaz\u0131","link":""},"img":{"alt_text":"","src":"","width":0,"height":0},"classes":[]},{"id":60545,"url":"https:\/\/blog.bindy.com\/tr\/geri-bildirim-raporlama\/","url_meta":{"origin":5578,"position":2},"title":"Bindy Reporting \u2013 Bize Ne D\u00fc\u015f\u00fcnd\u00fc\u011f\u00fcn\u00fcz\u00fc S\u00f6yleyin!","author":"Bindy","date":"A\u011fustos 25, 2023","format":false,"excerpt":"Raporlaman\u0131n amac\u0131 verileri getirmek ve ihtiyac\u0131n\u0131z olan bilgiyi bulmakt\u0131r. Nas\u0131l geli\u015febiliriz? Yan\u0131t\u0131n\u0131z gizlidir.","rel":"","context":"Benzer yaz\u0131","block_context":{"text":"Benzer yaz\u0131","link":""},"img":{"alt_text":"","src":"https:\/\/i0.wp.com\/blog.bindy.com\/wp-content\/uploads\/2023\/08\/shutterstock_650629666.jpg?fit=1200%2C716&ssl=1&resize=350%2C200","width":350,"height":200,"srcset":"https:\/\/i0.wp.com\/blog.bindy.com\/wp-content\/uploads\/2023\/08\/shutterstock_650629666.jpg?fit=1200%2C716&ssl=1&resize=350%2C200 1x, https:\/\/i0.wp.com\/blog.bindy.com\/wp-content\/uploads\/2023\/08\/shutterstock_650629666.jpg?fit=1200%2C716&ssl=1&resize=525%2C300 1.5x, https:\/\/i0.wp.com\/blog.bindy.com\/wp-content\/uploads\/2023\/08\/shutterstock_650629666.jpg?fit=1200%2C716&ssl=1&resize=700%2C400 2x, https:\/\/i0.wp.com\/blog.bindy.com\/wp-content\/uploads\/2023\/08\/shutterstock_650629666.jpg?fit=1200%2C716&ssl=1&resize=1050%2C600 3x"},"classes":[]},{"id":60033,"url":"https:\/\/blog.bindy.com\/tr\/niye\/","url_meta":{"origin":5578,"position":3},"title":"Bize nedenini s\u00f6yle \/ Abonelik Yok","author":"Bindy","date":"\u015eubat 14, 2023","format":false,"excerpt":"L\u00fctfen bize neden Bindy&#039;ye abone olmad\u0131\u011f\u0131n\u0131z\u0131 anlatmak i\u00e7in bir dakikan\u0131z\u0131 ay\u0131r\u0131n. Takip e-postalar\u0131 g\u00f6ndermeyece\u011fiz. Bu bilgiler, denemeyi ve ilk izlenimleri iyile\u015ftirmemize yard\u0131mc\u0131 olacakt\u0131r. Te\u015fekk\u00fcr ederim!","rel":"","context":"Benzer yaz\u0131","block_context":{"text":"Benzer yaz\u0131","link":""},"img":{"alt_text":"","src":"https:\/\/i0.wp.com\/blog.bindy.com\/wp-content\/uploads\/2023\/02\/Screen-compo-Combo_Screens-layed-out.png?fit=600%2C429&ssl=1&resize=350%2C200","width":350,"height":200,"srcset":"https:\/\/i0.wp.com\/blog.bindy.com\/wp-content\/uploads\/2023\/02\/Screen-compo-Combo_Screens-layed-out.png?fit=600%2C429&ssl=1&resize=350%2C200 1x, https:\/\/i0.wp.com\/blog.bindy.com\/wp-content\/uploads\/2023\/02\/Screen-compo-Combo_Screens-layed-out.png?fit=600%2C429&ssl=1&resize=525%2C300 1.5x"},"classes":[]}],"_links":{"self":[{"href":"https:\/\/blog.bindy.com\/tr\/wp-json\/wp\/v2\/pages\/5578","targetHints":{"allow":["GET"]}}],"collection":[{"href":"https:\/\/blog.bindy.com\/tr\/wp-json\/wp\/v2\/pages"}],"about":[{"href":"https:\/\/blog.bindy.com\/tr\/wp-json\/wp\/v2\/types\/page"}],"author":[{"embeddable":true,"href":"https:\/\/blog.bindy.com\/tr\/wp-json\/wp\/v2\/users\/6370623"}],"replies":[{"embeddable":true,"href":"https:\/\/blog.bindy.com\/tr\/wp-json\/wp\/v2\/comments?post=5578"}],"version-history":[{"count":88,"href":"https:\/\/blog.bindy.com\/tr\/wp-json\/wp\/v2\/pages\/5578\/revisions"}],"predecessor-version":[{"id":62647,"href":"https:\/\/blog.bindy.com\/tr\/wp-json\/wp\/v2\/pages\/5578\/revisions\/62647"}],"wp:featuredmedia":[{"embeddable":true,"href":"https:\/\/blog.bindy.com\/tr\/wp-json\/wp\/v2\/media\/57763"}],"wp:attachment":[{"href":"https:\/\/blog.bindy.com\/tr\/wp-json\/wp\/v2\/media?parent=5578"}],"curies":[{"name":"wp","href":"https:\/\/api.w.org\/{rel}","templated":true}]}}