{"id":63954,"date":"2024-09-11T18:01:27","date_gmt":"2024-09-11T22:01:27","guid":{"rendered":"https:\/\/blog.bindy.com\/?page_id=63954"},"modified":"2024-09-11T18:05:02","modified_gmt":"2024-09-11T22:05:02","slug":"varfor-vi-byter-namn","status":"publish","type":"page","link":"https:\/\/blog.bindy.com\/sv\/why-we-are-changing-our-name\/","title":{"rendered":"Kompatibelt IA tillk\u00e4nnager Rebrand till Bindy"},"content":{"rendered":"<p class=\"wp-block-paragraph\">F\u00f6r omedelbar SL\u00c4PPNING<\/p>\n\n\n\n<p class=\"wp-block-paragraph\">Toronto, ON, 23 november 2021<\/p>\n\n\n\n<p class=\"wp-block-paragraph\">\u00d6verensst\u00e4mmelse med IA \u00e4ndrar varum\u00e4rken till Bindy f\u00f6r att reflektera tillv\u00e4xt och diversifiering.<\/p>\n\n\n\n<p class=\"wp-block-paragraph\">Compliant IA, en ledande leverant\u00f6r av molnbaserade l\u00f6sningar f\u00f6r detaljhandelsexekvering, tillk\u00e4nnagav idag att de har genomf\u00f6rt en stor omprofilering. Omvarum\u00e4rket till Bindy speglar hur f\u00f6retaget har vuxit och diversifierat de senaste \u00e5ren.<\/p>\n\n\n\n<p class=\"wp-block-paragraph\">F\u00f6retaget grundades 2009 som molnprogramvara f\u00f6r efterlevnad men v\u00e4xte till att f\u00f6rse operat\u00f6rer med flera enheter med en komplett upps\u00e4ttning produkter f\u00f6r att kommunicera och utf\u00f6ra varum\u00e4rkesstandarder p\u00e5 tusentals platser. Under de senaste fem \u00e5ren har f\u00f6retaget utvecklat och odlat en B2B-verksamhet som inkluderar hundratals Tier-1- och Tier-2-\u00e5terf\u00f6rs\u00e4ljare p\u00e5 fem kontinenter.<\/p>\n\n\n\n<blockquote class=\"wp-block-quote is-layout-flow wp-block-quote-is-layout-flow\">\n<p class=\"wp-block-paragraph\">\u201dSedan lanseringen 2009 har Compliant IA vuxit avsev\u00e4rt, b\u00e5de som produkt och p\u00e5 marknaden. Faktum \u00e4r att vi har vuxit ur v\u00e5rt namn.\u201d s\u00e4ger Fabien Tiburce, vd f\u00f6r Bindy.<\/p>\n<\/blockquote>\n\n\n\n<p class=\"wp-block-paragraph\">Bindy erbjuder moln- och mobilbaserade verktyg f\u00f6r att kommunicera och k\u00f6ra program och fatta v\u00e4lgrundade aff\u00e4rsbeslut. Detta nya namn g\u00f6r att Bindy b\u00e4ttre kan anpassa form och funktion.<\/p>\n\n\n\n<p class=\"wp-block-paragraph\">Bindys nya varum\u00e4rkestillg\u00e5ngar inkluderar en levande logotyp i flera f\u00e4rger, tillsammans med en ny webbplats,&nbsp;<a href=\"https:\/\/www.bindy.com\/\">https:\/\/www.bindy.com<\/a>, videor och animationer som anv\u00e4nder enkel, dj\u00e4rv grafik f\u00f6r att f\u00f6rmedla komplexa arbetsfl\u00f6den p\u00e5 ett l\u00e4ttillg\u00e4ngligt s\u00e4tt.<\/p>\n\n\n\n<blockquote class=\"wp-block-quote is-layout-flow wp-block-quote-is-layout-flow\">\n<p class=\"wp-block-paragraph\">&quot;Bindy markerar en ny b\u00f6rjan. Pandemin var sv\u00e5r f\u00f6r b\u00e5de kunder och leverant\u00f6rer, men f\u00f6r oss var det ocks\u00e5 en m\u00f6jlighet att fokusera och f\u00f6rdubbla produkten. Kunderna har m\u00e4rkt. Vi ser en \u00f6kning av efterfr\u00e5gan p\u00e5 v\u00e5r produkt p\u00e5 alla nyckelmarknader som Nordamerika, Europa, Australien och Asien\u201d, till\u00e4gger Mr. Tiburce.<\/p>\n<\/blockquote>\n\n\n\n<p class=\"wp-block-paragraph\">Drift- och produktnyheter i samband med detta tillk\u00e4nnagivande om omprofilering:<\/p>\n\n\n\n<ol class=\"wp-block-list\">\n<li>F\u00f6retaget lanserar m\u00f6jligheten f\u00f6r moder- och holdingbolag som driver flera koncept att logga in en g\u00e5ng och f\u00e5 tillg\u00e5ng till sina olika varum\u00e4rken.<\/li>\n\n\n\n<li>F\u00f6retaget l\u00e4gger till Okta som Single-Sign-On-leverant\u00f6r ut\u00f6ver Microsoft Azure.<\/li>\n<\/ol>\n\n\n\n<p class=\"wp-block-paragraph\">Om Bindy<\/p>\n\n\n\n<p class=\"wp-block-paragraph\">Bindy \u00e4r molnprogramvara f\u00f6r butiksutf\u00f6rande, inklusive detaljhandelsrevisioner, uppgiftshantering och biljettsp\u00e5rning. Bindy hj\u00e4lper operat\u00f6rer med flera enheter att utf\u00f6ra varum\u00e4rkesstandarder, program och operationer.<\/p>\n\n\n\n<p class=\"wp-block-paragraph\">F\u00f6r mer information bes\u00f6k&nbsp;<a href=\"https:\/\/www.bindy.com\/\">https:\/\/www.bindy.com<\/a><\/p>\n\n\n\n<figure class=\"wp-block-embed\"><div class=\"wp-block-embed__wrapper\">\n<a href=\"https:\/\/www.prweb.com\/releases\/compliant_ia_announces_rebrand_to_bindy\/prweb18349785.htm\" rel=\"nofollow\">https:\/\/www.prweb.com\/releases\/compliant_ia_announces_rebrand_to_bindy\/prweb18349785.htm<\/a>\n<\/div><\/figure>\n\n\n\n<p class=\"wp-block-paragraph\">###<\/p>\n\n\n\n<figure class=\"wp-block-image\"><a href=\"https:\/\/bindy.com\/\" target=\"_blank\" rel=\"noreferrer noopener\"><img loading=\"lazy\" decoding=\"async\" width=\"1005\" height=\"301\" data-attachment-id=\"56663\" data-permalink=\"https:\/\/blog.bindy.com\/sv\/bindy-logo-horiz-col-72dpi\/\" data-orig-file=\"https:\/\/blog.bindy.com\/wp-content\/uploads\/2021\/10\/Bindy-logo-horiz-col-72DPI.png\" data-orig-size=\"1005,301\" data-comments-opened=\"1\" data-image-meta=\"{&quot;aperture&quot;:&quot;0&quot;,&quot;credit&quot;:&quot;&quot;,&quot;camera&quot;:&quot;&quot;,&quot;caption&quot;:&quot;&quot;,&quot;created_timestamp&quot;:&quot;0&quot;,&quot;copyright&quot;:&quot;&quot;,&quot;focal_length&quot;:&quot;0&quot;,&quot;iso&quot;:&quot;0&quot;,&quot;shutter_speed&quot;:&quot;0&quot;,&quot;title&quot;:&quot;&quot;,&quot;orientation&quot;:&quot;0&quot;}\" data-image-title=\"Bindy logo horiz-col-72DPI\" data-image-description=\"\" data-image-caption=\"\" data-large-file=\"https:\/\/blog.bindy.com\/wp-content\/uploads\/2021\/10\/Bindy-logo-horiz-col-72DPI.png\" src=\"https:\/\/i0.wp.com\/blog.bindy.com\/wp-content\/uploads\/2021\/10\/Bindy-logo-horiz-col-72DPI.png?resize=700%2C210&amp;ssl=1\" alt=\"\" class=\"wp-image-56663\" srcset=\"https:\/\/blog.bindy.com\/wp-content\/uploads\/2021\/10\/Bindy-logo-horiz-col-72DPI.png 1005w, https:\/\/blog.bindy.com\/wp-content\/uploads\/2021\/10\/Bindy-logo-horiz-col-72DPI-300x90.png 300w, https:\/\/blog.bindy.com\/wp-content\/uploads\/2021\/10\/Bindy-logo-horiz-col-72DPI-768x230.png 768w, https:\/\/blog.bindy.com\/wp-content\/uploads\/2021\/10\/Bindy-logo-horiz-col-72DPI-700x210.png 700w\" sizes=\"auto, (max-width: 1005px) 100vw, 1005px\" \/><\/a><\/figure>","protected":false},"excerpt":{"rendered":"<p>F\u00f6r omedelbar lansering Toronto, ON, 23 november 2021, IA-kompatibla IA-rebrands till Bindy f\u00f6r att reflektera tillv\u00e4xt och diversifiering. Compliant IA, en ledande leverant\u00f6r av molnbaserade l\u00f6sningar f\u00f6r detaljhandelsexekvering, tillk\u00e4nnagav idag att de har genomf\u00f6rt en stor omprofilering. Omvarum\u00e4rket till Bindy speglar hur f\u00f6retaget har vuxit och diversifierat de senaste \u00e5ren. F\u00f6retaget \u2026 <a href=\"https:\/\/blog.bindy.com\/sv\/why-we-are-changing-our-name\/\" class=\"more-link\">Forts\u00e4tt l\u00e4sa <span class=\"screen-reader-text\">Kompatibelt IA tillk\u00e4nnager Rebrand till Bindy<\/span> <span class=\"meta-nav\">\u2192<\/span><\/a><\/p>","protected":false},"author":6370623,"featured_media":57196,"parent":0,"menu_order":0,"comment_status":"closed","ping_status":"closed","template":"","meta":{"_coblocks_attr":"","_coblocks_dimensions":"","_coblocks_responsive_height":"","_coblocks_accordion_ie_support":"","_crdt_document":"","footnotes":""},"class_list":["post-63954","page","type-page","status-publish","has-post-thumbnail","hentry"],"yoast_head":"<!-- This site is optimized with the Yoast SEO plugin v27.6 - https:\/\/yoast.com\/product\/yoast-seo-wordpress\/ -->\n<title>Compliant IA Announces Rebrand to Bindy - Audits, Tasks and Communication<\/title>\n<meta name=\"description\" content=\"Compliant IA Rebrands to Bindy to Reflect Growth and Diversification.\" \/>\n<meta name=\"robots\" content=\"index, follow, max-snippet:-1, max-image-preview:large, max-video-preview:-1\" \/>\n<link rel=\"canonical\" href=\"https:\/\/blog.bindy.com\/sv\/varfor-vi-byter-namn\/\" \/>\n<meta property=\"og:locale\" content=\"sv_SE\" \/>\n<meta property=\"og:type\" content=\"article\" \/>\n<meta property=\"og:title\" content=\"Compliant IA Announces Rebrand to Bindy - Audits, Tasks and Communication\" \/>\n<meta property=\"og:description\" content=\"Compliant IA Rebrands to Bindy to Reflect Growth and Diversification.\" \/>\n<meta property=\"og:url\" content=\"https:\/\/blog.bindy.com\/sv\/varfor-vi-byter-namn\/\" \/>\n<meta property=\"og:site_name\" content=\"Audits, Tasks and Communication\" \/>\n<meta property=\"article:publisher\" content=\"https:\/\/www.facebook.com\/bindyhq\" \/>\n<meta property=\"article:modified_time\" content=\"2024-09-11T22:05:02+00:00\" \/>\n<meta property=\"og:image\" content=\"https:\/\/blog.bindy.com\/wp-content\/uploads\/2021\/11\/Bindy-icone-col-72DPI.png?_t=1726092302\" \/>\n\t<meta property=\"og:image:width\" content=\"442\" \/>\n\t<meta property=\"og:image:height\" content=\"442\" \/>\n\t<meta property=\"og:image:type\" content=\"image\/png\" \/>\n<meta name=\"twitter:card\" content=\"summary_large_image\" \/>\n<meta name=\"twitter:site\" content=\"@bindyhq\" \/>\n<script type=\"application\/ld+json\" class=\"yoast-schema-graph\">{\"@context\":\"https:\\\/\\\/schema.org\",\"@graph\":[{\"@type\":\"WebPage\",\"@id\":\"https:\\\/\\\/blog.bindy.com\\\/why-we-are-changing-our-name\\\/\",\"url\":\"https:\\\/\\\/blog.bindy.com\\\/why-we-are-changing-our-name\\\/\",\"name\":\"Compliant IA Announces Rebrand to Bindy - Audits, Tasks and Communication\",\"isPartOf\":{\"@id\":\"https:\\\/\\\/blog.bindy.com\\\/#website\"},\"primaryImageOfPage\":{\"@id\":\"https:\\\/\\\/blog.bindy.com\\\/why-we-are-changing-our-name\\\/#primaryimage\"},\"image\":{\"@id\":\"https:\\\/\\\/blog.bindy.com\\\/why-we-are-changing-our-name\\\/#primaryimage\"},\"thumbnailUrl\":\"https:\\\/\\\/blog.bindy.com\\\/wp-content\\\/uploads\\\/2021\\\/11\\\/Bindy-icone-col-72DPI.png\",\"datePublished\":\"2024-09-11T22:01:27+00:00\",\"dateModified\":\"2024-09-11T22:05:02+00:00\",\"description\":\"Compliant IA Rebrands to Bindy to Reflect Growth and Diversification.\",\"breadcrumb\":{\"@id\":\"https:\\\/\\\/blog.bindy.com\\\/why-we-are-changing-our-name\\\/#breadcrumb\"},\"inLanguage\":\"sv-SE\",\"potentialAction\":[{\"@type\":\"ReadAction\",\"target\":[\"https:\\\/\\\/blog.bindy.com\\\/why-we-are-changing-our-name\\\/\"]}]},{\"@type\":\"ImageObject\",\"inLanguage\":\"sv-SE\",\"@id\":\"https:\\\/\\\/blog.bindy.com\\\/why-we-are-changing-our-name\\\/#primaryimage\",\"url\":\"https:\\\/\\\/blog.bindy.com\\\/wp-content\\\/uploads\\\/2021\\\/11\\\/Bindy-icone-col-72DPI.png\",\"contentUrl\":\"https:\\\/\\\/blog.bindy.com\\\/wp-content\\\/uploads\\\/2021\\\/11\\\/Bindy-icone-col-72DPI.png\",\"width\":442,\"height\":442},{\"@type\":\"BreadcrumbList\",\"@id\":\"https:\\\/\\\/blog.bindy.com\\\/why-we-are-changing-our-name\\\/#breadcrumb\",\"itemListElement\":[{\"@type\":\"ListItem\",\"position\":1,\"name\":\"Home\",\"item\":\"https:\\\/\\\/blog.bindy.com\\\/\"},{\"@type\":\"ListItem\",\"position\":2,\"name\":\"Compliant IA Announces Rebrand to Bindy\"}]},{\"@type\":\"WebSite\",\"@id\":\"https:\\\/\\\/blog.bindy.com\\\/#website\",\"url\":\"https:\\\/\\\/blog.bindy.com\\\/\",\"name\":\"Audits, Tasks and Communication\",\"description\":\"Inspect your sites, verify brand standards, and send tasks. Get real-time reports, signatures, videos, and photo verifications.\",\"publisher\":{\"@id\":\"https:\\\/\\\/blog.bindy.com\\\/#organization\"},\"potentialAction\":[{\"@type\":\"SearchAction\",\"target\":{\"@type\":\"EntryPoint\",\"urlTemplate\":\"https:\\\/\\\/blog.bindy.com\\\/?s={search_term_string}\"},\"query-input\":{\"@type\":\"PropertyValueSpecification\",\"valueRequired\":true,\"valueName\":\"search_term_string\"}}],\"inLanguage\":\"sv-SE\"},{\"@type\":\"Organization\",\"@id\":\"https:\\\/\\\/blog.bindy.com\\\/#organization\",\"name\":\"Bindy\",\"url\":\"https:\\\/\\\/blog.bindy.com\\\/\",\"logo\":{\"@type\":\"ImageObject\",\"inLanguage\":\"sv-SE\",\"@id\":\"https:\\\/\\\/blog.bindy.com\\\/#\\\/schema\\\/logo\\\/image\\\/\",\"url\":\"https:\\\/\\\/i0.wp.com\\\/blog.bindy.com\\\/wp-content\\\/uploads\\\/2021\\\/10\\\/Bindy-logo-horiz-col-72DPI.png?fit=1005%2C301&ssl=1\",\"contentUrl\":\"https:\\\/\\\/i0.wp.com\\\/blog.bindy.com\\\/wp-content\\\/uploads\\\/2021\\\/10\\\/Bindy-logo-horiz-col-72DPI.png?fit=1005%2C301&ssl=1\",\"width\":1005,\"height\":301,\"caption\":\"Bindy\"},\"image\":{\"@id\":\"https:\\\/\\\/blog.bindy.com\\\/#\\\/schema\\\/logo\\\/image\\\/\"},\"sameAs\":[\"https:\\\/\\\/www.facebook.com\\\/bindyhq\",\"https:\\\/\\\/x.com\\\/bindyhq\",\"https:\\\/\\\/www.linkedin.com\\\/company\\\/bindyhq\\\/\"]}]}<\/script>\n<!-- \/ Yoast SEO plugin. -->","yoast_head_json":{"title":"Compliant IA tillk\u00e4nnager varum\u00e4rkesbyte till Bindy - Revisioner, uppgifter och kommunikation","description":"\u00d6verensst\u00e4mmelse med IA \u00e4ndrar varum\u00e4rken till Bindy f\u00f6r att reflektera tillv\u00e4xt och diversifiering.","robots":{"index":"index","follow":"follow","max-snippet":"max-snippet:-1","max-image-preview":"max-image-preview:large","max-video-preview":"max-video-preview:-1"},"canonical":"https:\/\/blog.bindy.com\/sv\/varfor-vi-byter-namn\/","og_locale":"sv_SE","og_type":"article","og_title":"Compliant IA Announces Rebrand to Bindy - Audits, Tasks and Communication","og_description":"Compliant IA Rebrands to Bindy to Reflect Growth and Diversification.","og_url":"https:\/\/blog.bindy.com\/sv\/varfor-vi-byter-namn\/","og_site_name":"Audits, Tasks and Communication","article_publisher":"https:\/\/www.facebook.com\/bindyhq","article_modified_time":"2024-09-11T22:05:02+00:00","og_image":[{"width":442,"height":442,"url":"https:\/\/blog.bindy.com\/wp-content\/uploads\/2021\/11\/Bindy-icone-col-72DPI.png?_t=1726092302","type":"image\/png"}],"twitter_card":"summary_large_image","twitter_site":"@bindyhq","schema":{"@context":"https:\/\/schema.org","@graph":[{"@type":"WebPage","@id":"https:\/\/blog.bindy.com\/why-we-are-changing-our-name\/","url":"https:\/\/blog.bindy.com\/why-we-are-changing-our-name\/","name":"Compliant IA tillk\u00e4nnager varum\u00e4rkesbyte till Bindy - Revisioner, uppgifter och kommunikation","isPartOf":{"@id":"https:\/\/blog.bindy.com\/#website"},"primaryImageOfPage":{"@id":"https:\/\/blog.bindy.com\/why-we-are-changing-our-name\/#primaryimage"},"image":{"@id":"https:\/\/blog.bindy.com\/why-we-are-changing-our-name\/#primaryimage"},"thumbnailUrl":"https:\/\/blog.bindy.com\/wp-content\/uploads\/2021\/11\/Bindy-icone-col-72DPI.png","datePublished":"2024-09-11T22:01:27+00:00","dateModified":"2024-09-11T22:05:02+00:00","description":"\u00d6verensst\u00e4mmelse med IA \u00e4ndrar varum\u00e4rken till Bindy f\u00f6r att reflektera tillv\u00e4xt och diversifiering.","breadcrumb":{"@id":"https:\/\/blog.bindy.com\/why-we-are-changing-our-name\/#breadcrumb"},"inLanguage":"sv-SE","potentialAction":[{"@type":"ReadAction","target":["https:\/\/blog.bindy.com\/why-we-are-changing-our-name\/"]}]},{"@type":"ImageObject","inLanguage":"sv-SE","@id":"https:\/\/blog.bindy.com\/why-we-are-changing-our-name\/#primaryimage","url":"https:\/\/blog.bindy.com\/wp-content\/uploads\/2021\/11\/Bindy-icone-col-72DPI.png","contentUrl":"https:\/\/blog.bindy.com\/wp-content\/uploads\/2021\/11\/Bindy-icone-col-72DPI.png","width":442,"height":442},{"@type":"BreadcrumbList","@id":"https:\/\/blog.bindy.com\/why-we-are-changing-our-name\/#breadcrumb","itemListElement":[{"@type":"ListItem","position":1,"name":"Home","item":"https:\/\/blog.bindy.com\/"},{"@type":"ListItem","position":2,"name":"Compliant IA Announces Rebrand to Bindy"}]},{"@type":"WebSite","@id":"https:\/\/blog.bindy.com\/#website","url":"https:\/\/blog.bindy.com\/","name":"Revisioner, uppgifter och kommunikation","description":"Inspektera dina webbplatser, verifiera varum\u00e4rkesstandarder och skicka uppgifter. F\u00e5 rapporter, signaturer, videor och fotoverifieringar i realtid.","publisher":{"@id":"https:\/\/blog.bindy.com\/#organization"},"potentialAction":[{"@type":"SearchAction","target":{"@type":"EntryPoint","urlTemplate":"https:\/\/blog.bindy.com\/?s={search_term_string}"},"query-input":{"@type":"PropertyValueSpecification","valueRequired":true,"valueName":"search_term_string"}}],"inLanguage":"sv-SE"},{"@type":"Organization","@id":"https:\/\/blog.bindy.com\/#organization","name":"Bindy","url":"https:\/\/blog.bindy.com\/","logo":{"@type":"ImageObject","inLanguage":"sv-SE","@id":"https:\/\/blog.bindy.com\/#\/schema\/logo\/image\/","url":"https:\/\/i0.wp.com\/blog.bindy.com\/wp-content\/uploads\/2021\/10\/Bindy-logo-horiz-col-72DPI.png?fit=1005%2C301&ssl=1","contentUrl":"https:\/\/i0.wp.com\/blog.bindy.com\/wp-content\/uploads\/2021\/10\/Bindy-logo-horiz-col-72DPI.png?fit=1005%2C301&ssl=1","width":1005,"height":301,"caption":"Bindy"},"image":{"@id":"https:\/\/blog.bindy.com\/#\/schema\/logo\/image\/"},"sameAs":["https:\/\/www.facebook.com\/bindyhq","https:\/\/x.com\/bindyhq","https:\/\/www.linkedin.com\/company\/bindyhq\/"]}]}},"jetpack_likes_enabled":false,"jetpack_sharing_enabled":true,"jetpack_shortlink":"https:\/\/wp.me\/PDNAM-gDw","jetpack-related-posts":[{"id":65107,"url":"https:\/\/blog.bindy.com\/sv\/bindy-demo\/","url_meta":{"origin":63954,"position":0},"title":"\u25b6\ufe0f Bindy-demo","author":"Bindy","date":"december 9, 2024","format":false,"excerpt":"No registration and no scheduling required. Bindy's most essential features organized into 5 quick video demonstrations. Like what you see? We tell you more about the trial and pricing. It's that simple. \u25b6\ufe0f Intro 1 minute, 2 seconds \u2139\ufe0f Bindy is a cloud AI-powered\u00a0\u2714\ufe0f\u00a0Audits,\u00a0\ud83d\uddd3\ufe0f\u00a0Tasks\u00a0and\u00a0\ud83d\udce3\u00a0Communication\u00a0app, purpose-built for retail and hospitality networks.\u2026","rel":"","context":"Liknande inl\u00e4gg","block_context":{"text":"Liknande inl\u00e4gg","link":""},"img":{"alt_text":"","src":"","width":0,"height":0},"classes":[]},{"id":5578,"url":"https:\/\/blog.bindy.com\/sv\/referral\/","url_meta":{"origin":63954,"position":1},"title":"Remissprogram","author":"Bindy","date":"februari 6, 2019","format":false,"excerpt":"Rekommendera Bindy. Din rekommendation f\u00e5r en gratis m\u00e5nad med Bindy-tj\u00e4nst. Du f\u00e5r ett Amazon-presentkort p\u00e5 $500. Bindy arbetar med organisationer av alla storlekar, fr\u00e5n stora multinationella f\u00f6retag till sm\u00e5 och medelstora f\u00f6retag med ett f\u00e5tal webbplatser. Om du har kollegor och v\u00e4nner som \u00e4r intresserade av att driva varum\u00e4rkesstandarder och verksamhet i deras organisation,\u2026","rel":"","context":"Liknande inl\u00e4gg","block_context":{"text":"Liknande inl\u00e4gg","link":""},"img":{"alt_text":"","src":"https:\/\/i0.wp.com\/blog.bindy.com\/wp-content\/uploads\/2022\/02\/Bindy-Brand-st-ad-blue-HR-800.png?resize=350%2C200&ssl=1","width":350,"height":200,"srcset":"https:\/\/i0.wp.com\/blog.bindy.com\/wp-content\/uploads\/2022\/02\/Bindy-Brand-st-ad-blue-HR-800.png?resize=350%2C200&ssl=1 1x, https:\/\/i0.wp.com\/blog.bindy.com\/wp-content\/uploads\/2022\/02\/Bindy-Brand-st-ad-blue-HR-800.png?resize=525%2C300&ssl=1 1.5x, https:\/\/i0.wp.com\/blog.bindy.com\/wp-content\/uploads\/2022\/02\/Bindy-Brand-st-ad-blue-HR-800.png?resize=700%2C400&ssl=1 2x"},"classes":[]},{"id":60545,"url":"https:\/\/blog.bindy.com\/sv\/reporting-feedback\/","url_meta":{"origin":63954,"position":2},"title":"Bindy Reporting \u2013 Ber\u00e4tta vad du tycker!","author":"Bindy","date":"augusti 25, 2023","format":false,"excerpt":"Syftet med rapporteringen \u00e4r att ta med data och hitta den information du beh\u00f6ver. Hur kan vi f\u00f6rb\u00e4ttra oss? Ditt svar \u00e4r konfidentiellt.","rel":"","context":"Liknande inl\u00e4gg","block_context":{"text":"Liknande inl\u00e4gg","link":""},"img":{"alt_text":"","src":"https:\/\/i0.wp.com\/blog.bindy.com\/wp-content\/uploads\/2023\/08\/shutterstock_650629666.jpg?resize=350%2C200&ssl=1","width":350,"height":200,"srcset":"https:\/\/i0.wp.com\/blog.bindy.com\/wp-content\/uploads\/2023\/08\/shutterstock_650629666.jpg?resize=350%2C200&ssl=1 1x, https:\/\/i0.wp.com\/blog.bindy.com\/wp-content\/uploads\/2023\/08\/shutterstock_650629666.jpg?resize=525%2C300&ssl=1 1.5x, https:\/\/i0.wp.com\/blog.bindy.com\/wp-content\/uploads\/2023\/08\/shutterstock_650629666.jpg?resize=700%2C400&ssl=1 2x, https:\/\/i0.wp.com\/blog.bindy.com\/wp-content\/uploads\/2023\/08\/shutterstock_650629666.jpg?resize=1050%2C600&ssl=1 3x, https:\/\/i0.wp.com\/blog.bindy.com\/wp-content\/uploads\/2023\/08\/shutterstock_650629666.jpg?resize=1400%2C800&ssl=1 4x"},"classes":[]},{"id":60033,"url":"https:\/\/blog.bindy.com\/sv\/why\/","url_meta":{"origin":63954,"position":3},"title":"Ber\u00e4tta varf\u00f6r \/ Ingen prenumeration","author":"Bindy","date":"februari 14, 2023","format":false,"excerpt":"Ta en stund att ber\u00e4tta varf\u00f6r du inte prenumererar p\u00e5 Bindy. Vi kommer inte att skicka uppf\u00f6ljningsmail. Den h\u00e4r informationen hj\u00e4lper oss helt enkelt att f\u00f6rb\u00e4ttra testperioden och f\u00f6rsta intrycket. Tack!","rel":"","context":"Liknande inl\u00e4gg","block_context":{"text":"Liknande inl\u00e4gg","link":""},"img":{"alt_text":"","src":"https:\/\/i0.wp.com\/blog.bindy.com\/wp-content\/uploads\/2023\/02\/Screen-compo-Combo_Screens-layed-out.png?resize=350%2C200&ssl=1","width":350,"height":200,"srcset":"https:\/\/i0.wp.com\/blog.bindy.com\/wp-content\/uploads\/2023\/02\/Screen-compo-Combo_Screens-layed-out.png?resize=350%2C200&ssl=1 1x, https:\/\/i0.wp.com\/blog.bindy.com\/wp-content\/uploads\/2023\/02\/Screen-compo-Combo_Screens-layed-out.png?resize=525%2C300&ssl=1 1.5x"},"classes":[]}],"_links":{"self":[{"href":"https:\/\/blog.bindy.com\/sv\/wp-json\/wp\/v2\/pages\/63954","targetHints":{"allow":["GET"]}}],"collection":[{"href":"https:\/\/blog.bindy.com\/sv\/wp-json\/wp\/v2\/pages"}],"about":[{"href":"https:\/\/blog.bindy.com\/sv\/wp-json\/wp\/v2\/types\/page"}],"author":[{"embeddable":true,"href":"https:\/\/blog.bindy.com\/sv\/wp-json\/wp\/v2\/users\/6370623"}],"replies":[{"embeddable":true,"href":"https:\/\/blog.bindy.com\/sv\/wp-json\/wp\/v2\/comments?post=63954"}],"version-history":[{"count":1,"href":"https:\/\/blog.bindy.com\/sv\/wp-json\/wp\/v2\/pages\/63954\/revisions"}],"predecessor-version":[{"id":63955,"href":"https:\/\/blog.bindy.com\/sv\/wp-json\/wp\/v2\/pages\/63954\/revisions\/63955"}],"wp:featuredmedia":[{"embeddable":true,"href":"https:\/\/blog.bindy.com\/sv\/wp-json\/wp\/v2\/media\/57196"}],"wp:attachment":[{"href":"https:\/\/blog.bindy.com\/sv\/wp-json\/wp\/v2\/media?parent=63954"}],"curies":[{"name":"wp","href":"https:\/\/api.w.org\/{rel}","templated":true}]}}