{"id":65107,"date":"2024-12-09T12:25:22","date_gmt":"2024-12-09T17:25:22","guid":{"rendered":"https:\/\/blog.bindy.com\/?page_id=65107"},"modified":"2026-01-07T09:08:14","modified_gmt":"2026-01-07T14:08:14","slug":"demonstracao-bindy","status":"publish","type":"page","link":"https:\/\/blog.bindy.com\/pt\/bindy-demo\/","title":{"rendered":"\u25b6\ufe0f Demonstra\u00e7\u00e3o do Bindy"},"content":{"rendered":"<p class=\"wp-block-paragraph\">Sem necessidade de cadastro ou agendamento. Os recursos mais essenciais do Bindy organizados em 5 demonstra\u00e7\u00f5es r\u00e1pidas em v\u00eddeo.<\/p>\n\n\n\n<p class=\"wp-block-paragraph\"><\/p>\n\n\n\n<h1 class=\"wp-block-heading\">\u25b6\ufe0f Introdu\u00e7\u00e3o<\/h1>\n\n\n\n<p class=\"has-text-align-center wp-block-paragraph\"><em>1 minuto e 2 segundos<\/em><\/p>\n\n\n\n<p class=\"is-style-info wp-block-paragraph\">\u2139\ufe0f O Bindy \u00e9 um aplicativo baseado na nuvem para automatizar auditorias, tarefas e comunica\u00e7\u00e3o para os setores de varejo e hotelaria. Implemente e verifique padr\u00f5es de marca, tarefas e a\u00e7\u00f5es corretivas em seus estabelecimentos com facilidade. Receba relat\u00f3rios, assinaturas, v\u00eddeos e verifica\u00e7\u00f5es de fotos em tempo real.<\/p>\n\n\n\n\t\t<figure class=\"wp-block-jetpack-videopress jetpack-videopress-player\" style=\"\" >\n\t\t\t<div class=\"jetpack-videopress-player__wrapper\"> <div class=\"jetpack-video-wrapper\"><iframe title=\"VideoPress Video Player\" aria-label='VideoPress Video Player' width='700' height='394' src='https:\/\/videopress.com\/embed\/QAKhxtcc?cover=1&amp;autoPlay=0&amp;controls=1&amp;loop=0&amp;muted=0&amp;persistVolume=1&amp;playsinline=0&amp;preloadContent=metadata&amp;useAverageColor=1&amp;hd=0' frameborder='0' allowfullscreen data-resize-to-parent=\"true\" allow='clipboard-write'><\/iframe><script src='https:\/\/v0.wordpress.com\/js\/next\/videopress-iframe.js?m=1739540970'><\/script><\/div><\/div>\n\t\t\t\n\t\t\t\n\t\t<\/figure>\n\t\t\n\n\n<p class=\"has-text-align-center wp-block-paragraph\"><a href=\"https:\/\/bindy.com\/contact\/#informationOrFreeTrial\" target=\"_blank\" rel=\"noreferrer noopener\">Contate-Nos<\/a>&nbsp;ou&nbsp;<a href=\"https:\/\/bindy.com\/app\/registration\/step1?lang=en\" target=\"_blank\" rel=\"noreferrer noopener\">Julgamento<\/a>&nbsp;hoje.<\/p>\n\n\n\n<h1 class=\"wp-block-heading\">\u25b6\ufe0f A experi\u00eancia do administrador<\/h1>\n\n\n\n<p class=\"has-text-align-center wp-block-paragraph\"><em>2 minutos e 29 segundos<\/em><\/p>\n\n\n\n<p class=\"is-style-info wp-block-paragraph\">\u2139\ufe0f Os administradores t\u00eam acesso total para configurar todos os aspectos da experi\u00eancia.<br>Implante instantaneamente e crie seus pr\u00f3prios fluxos de trabalho, com seus pr\u00f3prios formul\u00e1rios, sites e usu\u00e1rios. Se precisar de assist\u00eancia, nossos especialistas em integra\u00e7\u00e3o est\u00e3o aqui para ajudar.<\/p>\n\n\n\n\t\t<figure class=\"wp-block-jetpack-videopress jetpack-videopress-player\" style=\"\" >\n\t\t\t<div class=\"jetpack-videopress-player__wrapper\"> <div class=\"jetpack-video-wrapper\"><iframe title=\"VideoPress Video Player\" aria-label='VideoPress Video Player' width='700' height='394' src='https:\/\/videopress.com\/embed\/BbzhkhWp?cover=1&amp;autoPlay=0&amp;controls=1&amp;loop=0&amp;muted=0&amp;persistVolume=1&amp;playsinline=0&amp;preloadContent=metadata&amp;useAverageColor=1&amp;hd=0' frameborder='0' allowfullscreen data-resize-to-parent=\"true\" allow='clipboard-write'><\/iframe><script src='https:\/\/v0.wordpress.com\/js\/next\/videopress-iframe.js?m=1739540970'><\/script><\/div><\/div>\n\t\t\t<figcaption><\/figcaption>\n\t\t\t\n\t\t<\/figure>\n\t\t\n\n\n<p class=\"has-text-align-center wp-block-paragraph\"><a href=\"https:\/\/bindy.com\/contact\/#informationOrFreeTrial\" target=\"_blank\" rel=\"noreferrer noopener\">Contate-Nos<\/a>&nbsp;ou&nbsp;<a href=\"https:\/\/bindy.com\/app\/registration\/step1?lang=en\" target=\"_blank\" rel=\"noreferrer noopener\">Julgamento<\/a>&nbsp;hoje.<\/p>\n\n\n\n<h1 class=\"wp-block-heading\">\u25b6\ufe0f A experi\u00eancia de Gerente Distrital<\/h1>\n\n\n\n<p class=\"has-text-align-center wp-block-paragraph\"><em>2 minutos e 19 segundos<\/em><\/p>\n\n\n\n<p class=\"is-style-info wp-block-paragraph\">\u2139\ufe0f Os gerentes distritais (gerentes de \u00e1rea ou regionais) t\u00eam as ferramentas necess\u00e1rias para auditar sites, enviar e rastrear a\u00e7\u00f5es corretivas, carregar fotos e v\u00eddeos, coletar assinaturas e visualizar dados hist\u00f3ricos. O Bindy libera tempo para os gerentes distritais treinarem, envolverem e aconselharem os gerentes de site para obter melhores resultados e vendas mais altas.<\/p>\n\n\n\n\t\t<figure class=\"wp-block-jetpack-videopress jetpack-videopress-player\" style=\"\" >\n\t\t\t<div class=\"jetpack-videopress-player__wrapper\"> <div class=\"jetpack-video-wrapper\"><iframe title=\"VideoPress Video Player\" aria-label='VideoPress Video Player' width='700' height='394' src='https:\/\/videopress.com\/embed\/gQYbVwgM?cover=1&amp;autoPlay=0&amp;controls=1&amp;loop=0&amp;muted=0&amp;persistVolume=1&amp;playsinline=0&amp;preloadContent=metadata&amp;useAverageColor=1&amp;hd=0' frameborder='0' allowfullscreen data-resize-to-parent=\"true\" allow='clipboard-write'><\/iframe><script src='https:\/\/v0.wordpress.com\/js\/next\/videopress-iframe.js?m=1739540970'><\/script><\/div><\/div>\n\t\t\t\n\t\t\t\n\t\t<\/figure>\n\t\t\n\n\n<p class=\"wp-block-paragraph\"><\/p>\n\n\n\n<p class=\"has-text-align-center wp-block-paragraph\"><a href=\"https:\/\/bindy.com\/contact\/#informationOrFreeTrial\" target=\"_blank\" rel=\"noreferrer noopener\">Contate-Nos<\/a>&nbsp;ou&nbsp;<a href=\"https:\/\/bindy.com\/app\/registration\/step1?lang=en\" target=\"_blank\" rel=\"noreferrer noopener\">Julgamento<\/a>&nbsp;hoje.<\/p>\n\n\n\n<h1 class=\"wp-block-heading\">\u25b6\ufe0f A experi\u00eancia do Gerente de Site<\/h1>\n\n\n\n<p class=\"has-text-align-center wp-block-paragraph\"><em>2 minutos e 9 segundos<\/em><\/p>\n\n\n\n<p class=\"is-style-info wp-block-paragraph\">\u2139\ufe0f Os gerentes do site (ou franqueados) podem conduzir suas pr\u00f3prias inspe\u00e7\u00f5es em nome da matriz ou responder a inspe\u00e7\u00f5es de gerentes distritais. Por exemplo, eles podem ser respons\u00e1veis por uma ou mais a\u00e7\u00f5es corretivas do plano de a\u00e7\u00e3o. Os gerentes do site tamb\u00e9m podem assinar inspe\u00e7\u00f5es e enviar fotos das a\u00e7\u00f5es corretivas tomadas.<\/p>\n\n\n\n\t\t<figure class=\"wp-block-jetpack-videopress jetpack-videopress-player\" style=\"\" >\n\t\t\t<div class=\"jetpack-videopress-player__wrapper\"> <div class=\"jetpack-video-wrapper\"><iframe title=\"VideoPress Video Player\" aria-label='VideoPress Video Player' width='700' height='394' src='https:\/\/videopress.com\/embed\/rktIv7Hy?cover=1&amp;autoPlay=0&amp;controls=1&amp;loop=0&amp;muted=0&amp;persistVolume=1&amp;playsinline=0&amp;preloadContent=metadata&amp;useAverageColor=1&amp;hd=0' frameborder='0' allowfullscreen data-resize-to-parent=\"true\" allow='clipboard-write'><\/iframe><script src='https:\/\/v0.wordpress.com\/js\/next\/videopress-iframe.js?m=1739540970'><\/script><\/div><\/div>\n\t\t\t\n\t\t\t\n\t\t<\/figure>\n\t\t\n\n\n<p class=\"has-text-align-center wp-block-paragraph\"><a href=\"https:\/\/bindy.com\/contact\/#informationOrFreeTrial\" target=\"_blank\" rel=\"noreferrer noopener\">Contate-Nos<\/a>&nbsp;ou&nbsp;<a href=\"https:\/\/bindy.com\/app\/registration\/step1?lang=en\" target=\"_blank\" rel=\"noreferrer noopener\">Julgamento<\/a>&nbsp;hoje.<\/p>\n\n\n\n<h1 class=\"wp-block-heading\">\u25b6\ufe0f Teste e Pre\u00e7os<\/h1>\n\n\n\n<p class=\"has-text-align-center wp-block-paragraph\"><em>44 segundos<\/em><\/p>\n\n\n\n<p class=\"is-style-info wp-block-paragraph\">\u2139\ufe0f O que \u00e9 Bindy e quem o utiliza. O <a href=\"https:\/\/bindy.com\/app\/registration\/step1?lang=en&amp;aboutPricing=y&amp;aboutTrial=y\" target=\"_blank\" rel=\"noreferrer noopener\">Teste gratuito de 14 dias<\/a> e <a href=\"https:\/\/bindy.com\/about\/pricing\/\" target=\"_blank\" rel=\"noreferrer noopener\">pre\u00e7os<\/a>.<\/p>\n\n\n\n<p class=\"has-text-align-center wp-block-paragraph\"><\/p>\n\n\n\n\t\t<figure class=\"wp-block-jetpack-videopress jetpack-videopress-player\" style=\"\" >\n\t\t\t<div class=\"jetpack-videopress-player__wrapper\"> <div class=\"jetpack-video-wrapper\"><iframe title=\"VideoPress Video Player\" aria-label='VideoPress Video Player' width='700' height='394' src='https:\/\/videopress.com\/embed\/BgP2z05I?cover=1&amp;autoPlay=0&amp;controls=1&amp;loop=0&amp;muted=0&amp;persistVolume=1&amp;playsinline=0&amp;preloadContent=metadata&amp;useAverageColor=1&amp;hd=0' frameborder='0' allowfullscreen data-resize-to-parent=\"true\" allow='clipboard-write'><\/iframe><script src='https:\/\/v0.wordpress.com\/js\/next\/videopress-iframe.js?m=1739540970'><\/script><\/div><\/div>\n\t\t\t\n\t\t\t\n\t\t<\/figure>\n\t\t\n\n\n<p class=\"has-text-align-center wp-block-paragraph\"><a href=\"https:\/\/bindy.com\/contact\/#informationOrFreeTrial\" target=\"_blank\" rel=\"noreferrer noopener\">Contate-Nos<\/a>&nbsp;ou&nbsp;<a href=\"https:\/\/bindy.com\/app\/registration\/step1?lang=en\" target=\"_blank\" rel=\"noreferrer noopener\">Julgamento<\/a>&nbsp;hoje.<\/p>\n\n\n\n<p class=\"wp-block-paragraph\">Estamos ansiosos para trabalhar com voc\u00ea!<\/p>\n\n\n\n<p class=\"wp-block-paragraph\"><\/p>","protected":false},"excerpt":{"rendered":"<p>Sem necessidade de cadastro ou agendamento. Os principais recursos do Bindy organizados em 5 demonstra\u00e7\u00f5es r\u00e1pidas em v\u00eddeo. \u25b6\ufe0f Introdu\u00e7\u00e3o 1 minuto e 2 segundos \u2139\ufe0f O Bindy \u00e9 um aplicativo baseado na nuvem para automatizar \u2714\ufe0f auditorias, \ud83d\uddd3\ufe0f tarefas e \ud83d\udce3 comunica\u00e7\u00e3o para o varejo e a hotelaria. Implante e verifique padr\u00f5es de marca, tarefas e a\u00e7\u00f5es corretivas em seus estabelecimentos com facilidade. \u2026 <a href=\"https:\/\/blog.bindy.com\/pt\/bindy-demo\/\" class=\"more-link\">Continue lendo <span class=\"screen-reader-text\">\u25b6\ufe0f Demonstra\u00e7\u00e3o do Bindy<\/span> <span class=\"meta-nav\">\t<\/span><\/a><\/p>","protected":false},"author":6370623,"featured_media":0,"parent":0,"menu_order":0,"comment_status":"closed","ping_status":"closed","template":"","meta":{"_coblocks_attr":"","_coblocks_dimensions":"","_coblocks_responsive_height":"","_coblocks_accordion_ie_support":"","_crdt_document":"","footnotes":""},"class_list":["post-65107","page","type-page","status-publish","hentry"],"yoast_head":"<!-- This site is optimized with the Yoast SEO plugin v27.5 - https:\/\/yoast.com\/product\/yoast-seo-wordpress\/ -->\n<title>\u25b6\ufe0f Bindy Demo - Audits, Tasks and Communication<\/title>\n<meta name=\"description\" content=\"Watch a Bindy demo, no scheduling required! Bindy&#039;s most essential features organized into 5 quick video demonstrations.\" \/>\n<meta name=\"robots\" content=\"index, follow, max-snippet:-1, max-image-preview:large, max-video-preview:-1\" \/>\n<link rel=\"canonical\" href=\"https:\/\/blog.bindy.com\/pt\/demonstracao-bindy\/\" \/>\n<meta property=\"og:locale\" content=\"pt_BR\" \/>\n<meta property=\"og:type\" content=\"article\" \/>\n<meta property=\"og:title\" content=\"\u25b6\ufe0f Bindy Demo - Audits, Tasks and Communication\" \/>\n<meta property=\"og:description\" content=\"Watch a Bindy demo, no scheduling required! Bindy&#039;s most essential features organized into 5 quick video demonstrations.\" \/>\n<meta property=\"og:url\" content=\"https:\/\/blog.bindy.com\/pt\/demonstracao-bindy\/\" \/>\n<meta property=\"og:site_name\" content=\"Audits, Tasks and Communication\" \/>\n<meta property=\"article:publisher\" content=\"https:\/\/www.facebook.com\/bindyhq\" \/>\n<meta property=\"article:modified_time\" content=\"2026-01-07T14:08:14+00:00\" \/>\n<meta property=\"og:image\" content=\"https:\/\/i0.wp.com\/blog.bindy.com\/wp-content\/uploads\/2021\/10\/Bindy-logo-verti-col-72DPI.png?fit=442%2C442&ssl=1\" \/>\n\t<meta property=\"og:image:width\" content=\"442\" \/>\n\t<meta property=\"og:image:height\" content=\"442\" \/>\n\t<meta property=\"og:image:type\" content=\"image\/png\" \/>\n<meta name=\"twitter:card\" content=\"summary_large_image\" \/>\n<meta name=\"twitter:site\" content=\"@bindyhq\" \/>\n<script type=\"application\/ld+json\" class=\"yoast-schema-graph\">{\"@context\":\"https:\\\/\\\/schema.org\",\"@graph\":[{\"@type\":\"WebPage\",\"@id\":\"https:\\\/\\\/blog.bindy.com\\\/bindy-demo\\\/\",\"url\":\"https:\\\/\\\/blog.bindy.com\\\/bindy-demo\\\/\",\"name\":\"\u25b6\ufe0f Bindy Demo - Audits, Tasks and Communication\",\"isPartOf\":{\"@id\":\"https:\\\/\\\/blog.bindy.com\\\/#website\"},\"datePublished\":\"2024-12-09T17:25:22+00:00\",\"dateModified\":\"2026-01-07T14:08:14+00:00\",\"description\":\"Watch a Bindy demo, no scheduling required! Bindy's most essential features organized into 5 quick video demonstrations.\",\"breadcrumb\":{\"@id\":\"https:\\\/\\\/blog.bindy.com\\\/bindy-demo\\\/#breadcrumb\"},\"inLanguage\":\"pt-BR\",\"potentialAction\":[{\"@type\":\"ReadAction\",\"target\":[\"https:\\\/\\\/blog.bindy.com\\\/bindy-demo\\\/\"]}]},{\"@type\":\"BreadcrumbList\",\"@id\":\"https:\\\/\\\/blog.bindy.com\\\/bindy-demo\\\/#breadcrumb\",\"itemListElement\":[{\"@type\":\"ListItem\",\"position\":1,\"name\":\"Home\",\"item\":\"https:\\\/\\\/blog.bindy.com\\\/\"},{\"@type\":\"ListItem\",\"position\":2,\"name\":\"\u25b6\ufe0f Bindy Demo\"}]},{\"@type\":\"WebSite\",\"@id\":\"https:\\\/\\\/blog.bindy.com\\\/#website\",\"url\":\"https:\\\/\\\/blog.bindy.com\\\/\",\"name\":\"Audits, Tasks and Communication\",\"description\":\"Inspect your sites, verify brand standards, and send tasks. Get real-time reports, signatures, videos, and photo verifications.\",\"publisher\":{\"@id\":\"https:\\\/\\\/blog.bindy.com\\\/#organization\"},\"potentialAction\":[{\"@type\":\"SearchAction\",\"target\":{\"@type\":\"EntryPoint\",\"urlTemplate\":\"https:\\\/\\\/blog.bindy.com\\\/?s={search_term_string}\"},\"query-input\":{\"@type\":\"PropertyValueSpecification\",\"valueRequired\":true,\"valueName\":\"search_term_string\"}}],\"inLanguage\":\"pt-BR\"},{\"@type\":\"Organization\",\"@id\":\"https:\\\/\\\/blog.bindy.com\\\/#organization\",\"name\":\"Bindy\",\"url\":\"https:\\\/\\\/blog.bindy.com\\\/\",\"logo\":{\"@type\":\"ImageObject\",\"inLanguage\":\"pt-BR\",\"@id\":\"https:\\\/\\\/blog.bindy.com\\\/#\\\/schema\\\/logo\\\/image\\\/\",\"url\":\"https:\\\/\\\/i0.wp.com\\\/blog.bindy.com\\\/wp-content\\\/uploads\\\/2021\\\/10\\\/Bindy-logo-horiz-col-72DPI.png?fit=1005%2C301&ssl=1\",\"contentUrl\":\"https:\\\/\\\/i0.wp.com\\\/blog.bindy.com\\\/wp-content\\\/uploads\\\/2021\\\/10\\\/Bindy-logo-horiz-col-72DPI.png?fit=1005%2C301&ssl=1\",\"width\":1005,\"height\":301,\"caption\":\"Bindy\"},\"image\":{\"@id\":\"https:\\\/\\\/blog.bindy.com\\\/#\\\/schema\\\/logo\\\/image\\\/\"},\"sameAs\":[\"https:\\\/\\\/www.facebook.com\\\/bindyhq\",\"https:\\\/\\\/x.com\\\/bindyhq\",\"https:\\\/\\\/www.linkedin.com\\\/company\\\/bindyhq\\\/\"]}]}<\/script>\n<!-- \/ Yoast SEO plugin. -->","yoast_head_json":{"title":"\u25b6\ufe0f Demonstra\u00e7\u00e3o do Bindy - Auditorias, Tarefas e Comunica\u00e7\u00e3o","description":"Assista a uma demonstra\u00e7\u00e3o do Bindy, sem necessidade de agendamento! Os recursos mais essenciais do Bindy organizados em 5 demonstra\u00e7\u00f5es em v\u00eddeo r\u00e1pidas.","robots":{"index":"index","follow":"follow","max-snippet":"max-snippet:-1","max-image-preview":"max-image-preview:large","max-video-preview":"max-video-preview:-1"},"canonical":"https:\/\/blog.bindy.com\/pt\/demonstracao-bindy\/","og_locale":"pt_BR","og_type":"article","og_title":"\u25b6\ufe0f Bindy Demo - Audits, Tasks and Communication","og_description":"Watch a Bindy demo, no scheduling required! Bindy's most essential features organized into 5 quick video demonstrations.","og_url":"https:\/\/blog.bindy.com\/pt\/demonstracao-bindy\/","og_site_name":"Audits, Tasks and Communication","article_publisher":"https:\/\/www.facebook.com\/bindyhq","article_modified_time":"2026-01-07T14:08:14+00:00","og_image":[{"width":442,"height":442,"url":"https:\/\/i0.wp.com\/blog.bindy.com\/wp-content\/uploads\/2021\/10\/Bindy-logo-verti-col-72DPI.png?fit=442%2C442&ssl=1","type":"image\/png"}],"twitter_card":"summary_large_image","twitter_site":"@bindyhq","schema":{"@context":"https:\/\/schema.org","@graph":[{"@type":"WebPage","@id":"https:\/\/blog.bindy.com\/bindy-demo\/","url":"https:\/\/blog.bindy.com\/bindy-demo\/","name":"\u25b6\ufe0f Demonstra\u00e7\u00e3o do Bindy - Auditorias, Tarefas e Comunica\u00e7\u00e3o","isPartOf":{"@id":"https:\/\/blog.bindy.com\/#website"},"datePublished":"2024-12-09T17:25:22+00:00","dateModified":"2026-01-07T14:08:14+00:00","description":"Assista a uma demonstra\u00e7\u00e3o do Bindy, sem necessidade de agendamento! Os recursos mais essenciais do Bindy organizados em 5 demonstra\u00e7\u00f5es em v\u00eddeo r\u00e1pidas.","breadcrumb":{"@id":"https:\/\/blog.bindy.com\/bindy-demo\/#breadcrumb"},"inLanguage":"pt-BR","potentialAction":[{"@type":"ReadAction","target":["https:\/\/blog.bindy.com\/bindy-demo\/"]}]},{"@type":"BreadcrumbList","@id":"https:\/\/blog.bindy.com\/bindy-demo\/#breadcrumb","itemListElement":[{"@type":"ListItem","position":1,"name":"Home","item":"https:\/\/blog.bindy.com\/"},{"@type":"ListItem","position":2,"name":"\u25b6\ufe0f Bindy Demo"}]},{"@type":"WebSite","@id":"https:\/\/blog.bindy.com\/#website","url":"https:\/\/blog.bindy.com\/","name":"Auditorias, Tarefas e Comunica\u00e7\u00e3o","description":"Inspecione seus sites, verifique os padr\u00f5es da marca e envie tarefas. Receba relat\u00f3rios, assinaturas, v\u00eddeos e verifica\u00e7\u00f5es de fotos em tempo real.","publisher":{"@id":"https:\/\/blog.bindy.com\/#organization"},"potentialAction":[{"@type":"SearchAction","target":{"@type":"EntryPoint","urlTemplate":"https:\/\/blog.bindy.com\/?s={search_term_string}"},"query-input":{"@type":"PropertyValueSpecification","valueRequired":true,"valueName":"search_term_string"}}],"inLanguage":"pt-BR"},{"@type":"Organization","@id":"https:\/\/blog.bindy.com\/#organization","name":"Bindy","url":"https:\/\/blog.bindy.com\/","logo":{"@type":"ImageObject","inLanguage":"pt-BR","@id":"https:\/\/blog.bindy.com\/#\/schema\/logo\/image\/","url":"https:\/\/i0.wp.com\/blog.bindy.com\/wp-content\/uploads\/2021\/10\/Bindy-logo-horiz-col-72DPI.png?fit=1005%2C301&ssl=1","contentUrl":"https:\/\/i0.wp.com\/blog.bindy.com\/wp-content\/uploads\/2021\/10\/Bindy-logo-horiz-col-72DPI.png?fit=1005%2C301&ssl=1","width":1005,"height":301,"caption":"Bindy"},"image":{"@id":"https:\/\/blog.bindy.com\/#\/schema\/logo\/image\/"},"sameAs":["https:\/\/www.facebook.com\/bindyhq","https:\/\/x.com\/bindyhq","https:\/\/www.linkedin.com\/company\/bindyhq\/"]}]}},"jetpack_likes_enabled":false,"jetpack_sharing_enabled":true,"jetpack_shortlink":"https:\/\/wp.me\/PDNAM-gW7","jetpack-related-posts":[{"id":63954,"url":"https:\/\/blog.bindy.com\/pt\/why-we-are-changing-our-name\/","url_meta":{"origin":65107,"position":0},"title":"IA compat\u00edvel anuncia rebrand para Bindy","author":"Bindy","date":"setembro 11, 2024","format":false,"excerpt":"Para Divulga\u00e7\u00e3o Imediata Toronto, ON, 23 de novembro de 2021 A Compliant IA muda sua marca para Bindy para refletir seu crescimento e diversifica\u00e7\u00e3o. A Compliant IA, fornecedora l\u00edder de solu\u00e7\u00f5es de execu\u00e7\u00e3o de varejo baseadas em nuvem, anunciou hoje a conclus\u00e3o de uma importante mudan\u00e7a de marca. A mudan\u00e7a para Bindy reflete a forma como a empresa cresceu e se diversificou\u2026","rel":"","context":"Post similar","block_context":{"text":"Post similar","link":""},"img":{"alt_text":"","src":"https:\/\/i0.wp.com\/blog.bindy.com\/wp-content\/uploads\/2021\/11\/Bindy-icone-col-72DPI.png?fit=442%2C442&ssl=1&resize=350%2C200","width":350,"height":200},"classes":[]},{"id":5578,"url":"https:\/\/blog.bindy.com\/pt\/referral\/","url_meta":{"origin":65107,"position":1},"title":"Programa de refer\u00eancia","author":"Bindy","date":"fevereiro 6, 2019","format":false,"excerpt":"Indique a Bindy. Seu indicado ganha um m\u00eas gr\u00e1tis de servi\u00e7o Bindy. Voc\u00ea ganha um cart\u00e3o-presente da Amazon no valor de $500. A Bindy trabalha com organiza\u00e7\u00f5es de todos os portes, desde grandes multinacionais at\u00e9 pequenas e m\u00e9dias empresas com poucas filiais. Se voc\u00ea tem colegas e amigos interessados em aprimorar os padr\u00f5es de marca e as opera\u00e7\u00f5es em suas organiza\u00e7\u00f5es\u2026","rel":"","context":"Post similar","block_context":{"text":"Post similar","link":""},"img":{"alt_text":"","src":"https:\/\/i0.wp.com\/blog.bindy.com\/wp-content\/uploads\/2022\/02\/Bindy-Brand-st-ad-blue-HR-800.png?fit=800%2C418&ssl=1&resize=350%2C200","width":350,"height":200,"srcset":"https:\/\/i0.wp.com\/blog.bindy.com\/wp-content\/uploads\/2022\/02\/Bindy-Brand-st-ad-blue-HR-800.png?fit=800%2C418&ssl=1&resize=350%2C200 1x, https:\/\/i0.wp.com\/blog.bindy.com\/wp-content\/uploads\/2022\/02\/Bindy-Brand-st-ad-blue-HR-800.png?fit=800%2C418&ssl=1&resize=525%2C300 1.5x, https:\/\/i0.wp.com\/blog.bindy.com\/wp-content\/uploads\/2022\/02\/Bindy-Brand-st-ad-blue-HR-800.png?fit=800%2C418&ssl=1&resize=700%2C400 2x"},"classes":[]},{"id":60545,"url":"https:\/\/blog.bindy.com\/pt\/reporting-feedback\/","url_meta":{"origin":65107,"position":2},"title":"Relat\u00f3rios Bindy \u2013 Diga-nos o que voc\u00ea pensa!","author":"Bindy","date":"agosto 25, 2023","format":false,"excerpt":"O objetivo do relat\u00f3rio \u00e9 trazer os dados e encontrar as informa\u00e7\u00f5es que voc\u00ea precisa. Como podemos melhorar? Sua resposta \u00e9 confidencial.","rel":"","context":"Post similar","block_context":{"text":"Post similar","link":""},"img":{"alt_text":"","src":"https:\/\/i0.wp.com\/blog.bindy.com\/wp-content\/uploads\/2023\/08\/shutterstock_650629666.jpg?fit=1200%2C716&ssl=1&resize=350%2C200","width":350,"height":200,"srcset":"https:\/\/i0.wp.com\/blog.bindy.com\/wp-content\/uploads\/2023\/08\/shutterstock_650629666.jpg?fit=1200%2C716&ssl=1&resize=350%2C200 1x, https:\/\/i0.wp.com\/blog.bindy.com\/wp-content\/uploads\/2023\/08\/shutterstock_650629666.jpg?fit=1200%2C716&ssl=1&resize=525%2C300 1.5x, https:\/\/i0.wp.com\/blog.bindy.com\/wp-content\/uploads\/2023\/08\/shutterstock_650629666.jpg?fit=1200%2C716&ssl=1&resize=700%2C400 2x, https:\/\/i0.wp.com\/blog.bindy.com\/wp-content\/uploads\/2023\/08\/shutterstock_650629666.jpg?fit=1200%2C716&ssl=1&resize=1050%2C600 3x"},"classes":[]},{"id":60033,"url":"https:\/\/blog.bindy.com\/pt\/why\/","url_meta":{"origin":65107,"position":3},"title":"Diga-nos por que \/ Sem assinatura","author":"Bindy","date":"fevereiro 14, 2023","format":false,"excerpt":"Reserve um momento para nos dizer por que voc\u00ea n\u00e3o est\u00e1 se inscrevendo no Bindy. N\u00e3o enviaremos e-mails de acompanhamento. Essas informa\u00e7\u00f5es simplesmente nos ajudar\u00e3o a melhorar o teste e as primeiras impress\u00f5es. Obrigado!","rel":"","context":"Post similar","block_context":{"text":"Post similar","link":""},"img":{"alt_text":"","src":"https:\/\/i0.wp.com\/blog.bindy.com\/wp-content\/uploads\/2023\/02\/Screen-compo-Combo_Screens-layed-out.png?fit=600%2C429&ssl=1&resize=350%2C200","width":350,"height":200,"srcset":"https:\/\/i0.wp.com\/blog.bindy.com\/wp-content\/uploads\/2023\/02\/Screen-compo-Combo_Screens-layed-out.png?fit=600%2C429&ssl=1&resize=350%2C200 1x, https:\/\/i0.wp.com\/blog.bindy.com\/wp-content\/uploads\/2023\/02\/Screen-compo-Combo_Screens-layed-out.png?fit=600%2C429&ssl=1&resize=525%2C300 1.5x"},"classes":[]}],"_links":{"self":[{"href":"https:\/\/blog.bindy.com\/pt\/wp-json\/wp\/v2\/pages\/65107","targetHints":{"allow":["GET"]}}],"collection":[{"href":"https:\/\/blog.bindy.com\/pt\/wp-json\/wp\/v2\/pages"}],"about":[{"href":"https:\/\/blog.bindy.com\/pt\/wp-json\/wp\/v2\/types\/page"}],"author":[{"embeddable":true,"href":"https:\/\/blog.bindy.com\/pt\/wp-json\/wp\/v2\/users\/6370623"}],"replies":[{"embeddable":true,"href":"https:\/\/blog.bindy.com\/pt\/wp-json\/wp\/v2\/comments?post=65107"}],"version-history":[{"count":100,"href":"https:\/\/blog.bindy.com\/pt\/wp-json\/wp\/v2\/pages\/65107\/revisions"}],"predecessor-version":[{"id":67039,"href":"https:\/\/blog.bindy.com\/pt\/wp-json\/wp\/v2\/pages\/65107\/revisions\/67039"}],"wp:attachment":[{"href":"https:\/\/blog.bindy.com\/pt\/wp-json\/wp\/v2\/media?parent=65107"}],"curies":[{"name":"wp","href":"https:\/\/api.w.org\/{rel}","templated":true}]}}