{"id":5578,"date":"2019-02-06T15:11:35","date_gmt":"2019-02-06T20:11:35","guid":{"rendered":"http:\/\/blog.bindy.com\/?page_id=5578"},"modified":"2024-06-05T11:48:29","modified_gmt":"2024-06-05T15:48:29","slug":"referencia","status":"publish","type":"page","link":"https:\/\/blog.bindy.com\/pt\/referencia\/","title":{"rendered":"Programa de refer\u00eancia"},"content":{"rendered":"<h3 class=\"wp-block-heading\">Consulte Bindy. Sua indica\u00e7\u00e3o recebe um m\u00eas gr\u00e1tis de servi\u00e7o Bindy. Voc\u00ea recebe um vale-presente $500 da Amazon.<\/h3>\n\n\n\n<p class=\"wp-block-paragraph\"><a href=\"https:\/\/bindy.com\/\" target=\"_blank\" rel=\"noreferrer noopener\">Bindy <\/a>trabalha com organiza\u00e7\u00f5es de todos os tamanhos, desde grandes multinacionais at\u00e9 pequenas e m\u00e9dias empresas com algumas localidades. Se voc\u00ea tem colegas e amigos interessados em impulsionar os padr\u00f5es e opera\u00e7\u00f5es da marca em suas organiza\u00e7\u00f5es, este programa de indica\u00e7\u00f5es \u00e9 para voc\u00ea... e para eles! \u00c9 muito simples e aberto a todos.<\/p>\n\n\n\n<h2 class=\"wp-block-heading\">Como funciona<\/h2>\n\n\n\n<ol class=\"wp-block-list\">\n<li>Preencha o formul\u00e1rio abaixo. Entraremos em contato com a refer\u00eancia, ofereceremos uma avalia\u00e7\u00e3o gratuita mais um m\u00eas de servi\u00e7o gratuito, gra\u00e7as a voc\u00ea.<\/li>\n\n\n\n<li>Se a sua indica\u00e7\u00e3o se inscrever no Bindy, voc\u00ea receber\u00e1 USD $500 <a href=\"https:\/\/www.amazon.com\/gift-cards\" target=\"_blank\" rel=\"noreferrer noopener\">Cart\u00e3o de presente da Amazon<\/a> por email.<\/li>\n\n\n\n<li>Consulte os termos e condi\u00e7\u00f5es abaixo.<\/li>\n<\/ol>\n\n\n<div class=\"wp-block-jetpack-contact-form is-layout-flex wp-container-jetpack-contact-form-is-layout-7f6ac06e wp-block-jetpack-contact-form-is-layout-flex\"><a href=\"https:\/\/blog.bindy.com\/pt\/referencia\/\" target=\"_blank\" rel=\"noopener noreferrer\">Envie um formul\u00e1rio.<\/a><\/div>\n\n<h2><strong>Termos e Condi\u00e7\u00f5es<\/strong><\/h2>\n<ol>\n<li>Nada impede a Bindy de obter refer\u00eancias de outras refer\u00eancias.<\/li>\n<li>A Bindy n\u00e3o tem obriga\u00e7\u00e3o de entrar em contato com a refer\u00eancia e de entrar em contato com voc\u00ea se n\u00e3o o fizermos.<\/li>\n<li>A Bindy n\u00e3o entrar\u00e1 em contato com voc\u00ea se a refer\u00eancia j\u00e1 for um cliente, j\u00e1 foi contatada ou j\u00e1 foi indicada por outra pessoa.<\/li>\n<li>A Bindy entrar\u00e1 em contato com voc\u00ea se entrarmos em contato com a refer\u00eancia.<\/li>\n<li>Se a indica\u00e7\u00e3o confirmar que se inscreveu no Bindy dentro de 180 dias como resultado da indica\u00e7\u00e3o, a Bindy enviar\u00e1 a voc\u00ea um cart\u00e3o eGift por e-mail no valor de USD $500 quando a receita coletada dessa indica\u00e7\u00e3o for igual ou superior a USD $1.000.<\/li>\n<li>A Bindy n\u00e3o tem obriga\u00e7\u00e3o de pagar uma taxa de indica\u00e7\u00e3o se a receita arrecadada com essa indica\u00e7\u00e3o n\u00e3o atingir USD $1.000 devido ao cancelamento ou rescis\u00e3o.&nbsp;<\/li>\n<li>Voc\u00ea n\u00e3o pode se referir a si mesmo.&nbsp;<\/li>\n<li>Voc\u00ea deve ter 18 anos ou mais para indicar algu\u00e9m. O encaminhamento deve ter 18 anos ou mais.<\/li>\n<li>A Bindy pode encerrar ou alterar o programa de indica\u00e7\u00e3o a qualquer momento, a nosso crit\u00e9rio exclusivo e absoluto. Se o fizermos, as refer\u00eancias e os termos pendentes ser\u00e3o honrados.<\/li>\n<li>Voc\u00ea pode ter at\u00e9 20 refer\u00eancias neste programa. Cada encaminhamento \u00e9 tratado individualmente e independentemente de qualquer outro.<\/li>\n<li>O programa de indica\u00e7\u00e3o n\u00e3o est\u00e1 dispon\u00edvel para Revendedores e Integradores j\u00e1 contratados com a Bindy.<\/li>\n<li>Voc\u00ea \u00e9 aconselhado a verificar seu contrato de trabalho e qualquer outro contrato que voc\u00ea possa ter firmado e garantir que a participa\u00e7\u00e3o no programa de indica\u00e7\u00e3o n\u00e3o viole as pol\u00edticas de sua organiza\u00e7\u00e3o.<\/li>\n<li>A Bindy n\u00e3o ser\u00e1 respons\u00e1vel por quaisquer danos indiretos, especiais e\/ou consequentes, decorrentes ou relacionados a este contrato de refer\u00eancia.<\/li>\n<li>Ao preencher o formul\u00e1rio, voc\u00ea reconhece que leu, entendeu e concorda com os termos e condi\u00e7\u00f5es do programa de indica\u00e7\u00e3o.<\/li>\n<\/ol>\n\n\n<p class=\"wp-block-paragraph\"><\/p>","protected":false},"excerpt":{"rendered":"<p>Consulte Bindy. Sua indica\u00e7\u00e3o recebe um m\u00eas gr\u00e1tis de servi\u00e7o Bindy. Voc\u00ea recebe um vale-presente $500 da Amazon. A Bindy trabalha com organiza\u00e7\u00f5es de todos os tamanhos, desde grandes multinacionais at\u00e9 pequenas e m\u00e9dias empresas com alguns sites. Se voc\u00ea tem colegas e amigos interessados em impulsionar os padr\u00f5es e opera\u00e7\u00f5es da marca em suas organiza\u00e7\u00f5es, este programa de indica\u00e7\u00e3o \u00e9 para\u2026 <a href=\"https:\/\/blog.bindy.com\/pt\/referencia\/\" class=\"more-link\">Continue lendo <span class=\"screen-reader-text\">Programa de refer\u00eancia<\/span> <span class=\"meta-nav\">\t<\/span><\/a><\/p>","protected":false},"author":6370623,"featured_media":57763,"parent":0,"menu_order":0,"comment_status":"closed","ping_status":"closed","template":"","meta":{"_coblocks_attr":"","_coblocks_dimensions":"","_coblocks_responsive_height":"","_coblocks_accordion_ie_support":"","_crdt_document":"","jetpack_post_was_ever_published":false,"footnotes":""},"class_list":["post-5578","page","type-page","status-publish","has-post-thumbnail","hentry"],"yoast_head":"<!-- This site is optimized with the Yoast SEO plugin v27.3 - https:\/\/yoast.com\/product\/yoast-seo-wordpress\/ -->\n<title>Referral Program - Audits, Tasks and Communication<\/title>\n<meta name=\"description\" content=\"Bindy works with organizations of all sizes, from large multinationals to SMB&#039;s with a handful of locations. Get a $500 Amazon gift card!\" \/>\n<meta name=\"robots\" content=\"index, follow, max-snippet:-1, max-image-preview:large, max-video-preview:-1\" \/>\n<link rel=\"canonical\" href=\"https:\/\/blog.bindy.com\/pt\/\" \/>\n<meta property=\"og:locale\" content=\"pt_BR\" \/>\n<meta property=\"og:type\" content=\"article\" \/>\n<meta property=\"og:title\" content=\"Referral Program - Audits, Tasks and Communication\" \/>\n<meta property=\"og:description\" content=\"Bindy works with organizations of all sizes, from large multinationals to SMB&#039;s with a handful of locations. Get a $500 Amazon gift card!\" \/>\n<meta property=\"og:url\" content=\"https:\/\/blog.bindy.com\/pt\/\" \/>\n<meta property=\"og:site_name\" content=\"Audits, Tasks and Communication\" \/>\n<meta property=\"article:publisher\" content=\"https:\/\/www.facebook.com\/bindyhq\" \/>\n<meta property=\"article:modified_time\" content=\"2024-06-05T15:48:29+00:00\" \/>\n<meta property=\"og:image\" content=\"https:\/\/blog.bindy.com\/wp-content\/uploads\/2022\/02\/Bindy-Brand-st-ad-blue-HR-800.png?_t=1717602509\" \/>\n\t<meta property=\"og:image:width\" content=\"800\" \/>\n\t<meta property=\"og:image:height\" content=\"418\" \/>\n\t<meta property=\"og:image:type\" content=\"image\/png\" \/>\n<meta name=\"twitter:card\" content=\"summary_large_image\" \/>\n<meta name=\"twitter:site\" content=\"@bindyhq\" \/>\n<script type=\"application\/ld+json\" class=\"yoast-schema-graph\">{\"@context\":\"https:\\\/\\\/schema.org\",\"@graph\":[{\"@type\":\"WebPage\",\"@id\":\"https:\\\/\\\/blog.bindy.com\\\/\",\"url\":\"https:\\\/\\\/blog.bindy.com\\\/\",\"name\":\"Referral Program - Audits, Tasks and Communication\",\"isPartOf\":{\"@id\":\"https:\\\/\\\/blog.bindy.com\\\/#website\"},\"primaryImageOfPage\":{\"@id\":\"https:\\\/\\\/blog.bindy.com\\\/#primaryimage\"},\"image\":{\"@id\":\"https:\\\/\\\/blog.bindy.com\\\/#primaryimage\"},\"thumbnailUrl\":\"https:\\\/\\\/i0.wp.com\\\/blog.bindy.com\\\/wp-content\\\/uploads\\\/2022\\\/02\\\/Bindy-Brand-st-ad-blue-HR-800.png?fit=800%2C418&ssl=1\",\"datePublished\":\"2019-02-06T20:11:35+00:00\",\"dateModified\":\"2024-06-05T15:48:29+00:00\",\"description\":\"Bindy works with organizations of all sizes, from large multinationals to SMB's with a handful of locations. Get a $500 Amazon gift card!\",\"breadcrumb\":{\"@id\":\"https:\\\/\\\/blog.bindy.com\\\/#breadcrumb\"},\"inLanguage\":\"pt-BR\",\"potentialAction\":[{\"@type\":\"ReadAction\",\"target\":[\"https:\\\/\\\/blog.bindy.com\\\/\"]}]},{\"@type\":\"ImageObject\",\"inLanguage\":\"pt-BR\",\"@id\":\"https:\\\/\\\/blog.bindy.com\\\/#primaryimage\",\"url\":\"https:\\\/\\\/i0.wp.com\\\/blog.bindy.com\\\/wp-content\\\/uploads\\\/2022\\\/02\\\/Bindy-Brand-st-ad-blue-HR-800.png?fit=800%2C418&ssl=1\",\"contentUrl\":\"https:\\\/\\\/i0.wp.com\\\/blog.bindy.com\\\/wp-content\\\/uploads\\\/2022\\\/02\\\/Bindy-Brand-st-ad-blue-HR-800.png?fit=800%2C418&ssl=1\",\"width\":800,\"height\":418},{\"@type\":\"BreadcrumbList\",\"@id\":\"https:\\\/\\\/blog.bindy.com\\\/#breadcrumb\",\"itemListElement\":[{\"@type\":\"ListItem\",\"position\":1,\"name\":\"Home\",\"item\":\"https:\\\/\\\/blog.bindy.com\\\/\"},{\"@type\":\"ListItem\",\"position\":2,\"name\":\"Referral Program\"}]},{\"@type\":\"WebSite\",\"@id\":\"https:\\\/\\\/blog.bindy.com\\\/#website\",\"url\":\"https:\\\/\\\/blog.bindy.com\\\/\",\"name\":\"Audits, Tasks and Communication\",\"description\":\"Retail and Hospitality Operations\",\"publisher\":{\"@id\":\"https:\\\/\\\/blog.bindy.com\\\/#organization\"},\"potentialAction\":[{\"@type\":\"SearchAction\",\"target\":{\"@type\":\"EntryPoint\",\"urlTemplate\":\"https:\\\/\\\/blog.bindy.com\\\/?s={search_term_string}\"},\"query-input\":{\"@type\":\"PropertyValueSpecification\",\"valueRequired\":true,\"valueName\":\"search_term_string\"}}],\"inLanguage\":\"pt-BR\"},{\"@type\":\"Organization\",\"@id\":\"https:\\\/\\\/blog.bindy.com\\\/#organization\",\"name\":\"Bindy\",\"url\":\"https:\\\/\\\/blog.bindy.com\\\/\",\"logo\":{\"@type\":\"ImageObject\",\"inLanguage\":\"pt-BR\",\"@id\":\"https:\\\/\\\/blog.bindy.com\\\/#\\\/schema\\\/logo\\\/image\\\/\",\"url\":\"https:\\\/\\\/i0.wp.com\\\/blog.bindy.com\\\/wp-content\\\/uploads\\\/2021\\\/10\\\/Bindy-logo-horiz-col-72DPI.png?fit=1005%2C301&ssl=1\",\"contentUrl\":\"https:\\\/\\\/i0.wp.com\\\/blog.bindy.com\\\/wp-content\\\/uploads\\\/2021\\\/10\\\/Bindy-logo-horiz-col-72DPI.png?fit=1005%2C301&ssl=1\",\"width\":1005,\"height\":301,\"caption\":\"Bindy\"},\"image\":{\"@id\":\"https:\\\/\\\/blog.bindy.com\\\/#\\\/schema\\\/logo\\\/image\\\/\"},\"sameAs\":[\"https:\\\/\\\/www.facebook.com\\\/bindyhq\",\"https:\\\/\\\/x.com\\\/bindyhq\",\"https:\\\/\\\/www.linkedin.com\\\/company\\\/bindyhq\\\/\"]}]}<\/script>\n<!-- \/ Yoast SEO plugin. -->","yoast_head_json":{"title":"Programa de Refer\u00eancia - Auditorias, Tarefas e Comunica\u00e7\u00e3o","description":"A Bindy trabalha com organiza\u00e7\u00f5es de todos os tamanhos, de grandes multinacionais a pequenas e m\u00e9dias empresas com poucos locais. Obtenha um cart\u00e3o-presente da Amazon $500!","robots":{"index":"index","follow":"follow","max-snippet":"max-snippet:-1","max-image-preview":"max-image-preview:large","max-video-preview":"max-video-preview:-1"},"canonical":"https:\/\/blog.bindy.com\/pt\/","og_locale":"pt_BR","og_type":"article","og_title":"Referral Program - Audits, Tasks and Communication","og_description":"Bindy works with organizations of all sizes, from large multinationals to SMB's with a handful of locations. Get a $500 Amazon gift card!","og_url":"https:\/\/blog.bindy.com\/pt\/","og_site_name":"Audits, Tasks and Communication","article_publisher":"https:\/\/www.facebook.com\/bindyhq","article_modified_time":"2024-06-05T15:48:29+00:00","og_image":[{"width":800,"height":418,"url":"https:\/\/blog.bindy.com\/wp-content\/uploads\/2022\/02\/Bindy-Brand-st-ad-blue-HR-800.png?_t=1717602509","type":"image\/png"}],"twitter_card":"summary_large_image","twitter_site":"@bindyhq","schema":{"@context":"https:\/\/schema.org","@graph":[{"@type":"WebPage","@id":"https:\/\/blog.bindy.com\/","url":"https:\/\/blog.bindy.com\/","name":"Programa de Refer\u00eancia - Auditorias, Tarefas e Comunica\u00e7\u00e3o","isPartOf":{"@id":"https:\/\/blog.bindy.com\/#website"},"primaryImageOfPage":{"@id":"https:\/\/blog.bindy.com\/#primaryimage"},"image":{"@id":"https:\/\/blog.bindy.com\/#primaryimage"},"thumbnailUrl":"https:\/\/i0.wp.com\/blog.bindy.com\/wp-content\/uploads\/2022\/02\/Bindy-Brand-st-ad-blue-HR-800.png?fit=800%2C418&ssl=1","datePublished":"2019-02-06T20:11:35+00:00","dateModified":"2024-06-05T15:48:29+00:00","description":"A Bindy trabalha com organiza\u00e7\u00f5es de todos os tamanhos, de grandes multinacionais a pequenas e m\u00e9dias empresas com poucos locais. Obtenha um cart\u00e3o-presente da Amazon $500!","breadcrumb":{"@id":"https:\/\/blog.bindy.com\/#breadcrumb"},"inLanguage":"pt-BR","potentialAction":[{"@type":"ReadAction","target":["https:\/\/blog.bindy.com\/"]}]},{"@type":"ImageObject","inLanguage":"pt-BR","@id":"https:\/\/blog.bindy.com\/#primaryimage","url":"https:\/\/i0.wp.com\/blog.bindy.com\/wp-content\/uploads\/2022\/02\/Bindy-Brand-st-ad-blue-HR-800.png?fit=800%2C418&ssl=1","contentUrl":"https:\/\/i0.wp.com\/blog.bindy.com\/wp-content\/uploads\/2022\/02\/Bindy-Brand-st-ad-blue-HR-800.png?fit=800%2C418&ssl=1","width":800,"height":418},{"@type":"BreadcrumbList","@id":"https:\/\/blog.bindy.com\/#breadcrumb","itemListElement":[{"@type":"ListItem","position":1,"name":"Home","item":"https:\/\/blog.bindy.com\/"},{"@type":"ListItem","position":2,"name":"Referral Program"}]},{"@type":"WebSite","@id":"https:\/\/blog.bindy.com\/#website","url":"https:\/\/blog.bindy.com\/","name":"Auditorias, Tarefas e Comunica\u00e7\u00e3o","description":"Opera\u00e7\u00f5es de Varejo e Hotelaria","publisher":{"@id":"https:\/\/blog.bindy.com\/#organization"},"potentialAction":[{"@type":"SearchAction","target":{"@type":"EntryPoint","urlTemplate":"https:\/\/blog.bindy.com\/?s={search_term_string}"},"query-input":{"@type":"PropertyValueSpecification","valueRequired":true,"valueName":"search_term_string"}}],"inLanguage":"pt-BR"},{"@type":"Organization","@id":"https:\/\/blog.bindy.com\/#organization","name":"Bindy","url":"https:\/\/blog.bindy.com\/","logo":{"@type":"ImageObject","inLanguage":"pt-BR","@id":"https:\/\/blog.bindy.com\/#\/schema\/logo\/image\/","url":"https:\/\/i0.wp.com\/blog.bindy.com\/wp-content\/uploads\/2021\/10\/Bindy-logo-horiz-col-72DPI.png?fit=1005%2C301&ssl=1","contentUrl":"https:\/\/i0.wp.com\/blog.bindy.com\/wp-content\/uploads\/2021\/10\/Bindy-logo-horiz-col-72DPI.png?fit=1005%2C301&ssl=1","width":1005,"height":301,"caption":"Bindy"},"image":{"@id":"https:\/\/blog.bindy.com\/#\/schema\/logo\/image\/"},"sameAs":["https:\/\/www.facebook.com\/bindyhq","https:\/\/x.com\/bindyhq","https:\/\/www.linkedin.com\/company\/bindyhq\/"]}]}},"jetpack_likes_enabled":false,"jetpack_sharing_enabled":true,"jetpack_shortlink":"https:\/\/wp.me\/PDNAM-1rY","jetpack-related-posts":[{"id":63954,"url":"https:\/\/blog.bindy.com\/pt\/por-que-estamos-mudando-nosso-nome\/","url_meta":{"origin":5578,"position":0},"title":"IA compat\u00edvel anuncia rebrand para Bindy","author":"Bindy","date":"setembro 11, 2024","format":false,"excerpt":"Para Divulga\u00e7\u00e3o Imediata Toronto, ON, 23 de novembro de 2021 A Compliant IA muda sua marca para Bindy para refletir seu crescimento e diversifica\u00e7\u00e3o. A Compliant IA, fornecedora l\u00edder de solu\u00e7\u00f5es de execu\u00e7\u00e3o de varejo baseadas em nuvem, anunciou hoje a conclus\u00e3o de uma importante mudan\u00e7a de marca. A mudan\u00e7a para Bindy reflete a forma como a empresa cresceu e se diversificou\u2026","rel":"","context":"Post similar","block_context":{"text":"Post similar","link":""},"img":{"alt_text":"","src":"https:\/\/i0.wp.com\/blog.bindy.com\/wp-content\/uploads\/2021\/11\/Bindy-icone-col-72DPI.png?fit=442%2C442&ssl=1&resize=350%2C200","width":350,"height":200},"classes":[]},{"id":65107,"url":"https:\/\/blog.bindy.com\/pt\/demonstracao-bindy\/","url_meta":{"origin":5578,"position":1},"title":"\u25b6\ufe0f Demonstra\u00e7\u00e3o do Bindy","author":"Bindy","date":"dezembro 9, 2024","format":false,"excerpt":"Sem necessidade de cadastro ou agendamento. Os principais recursos do Bindy organizados em 5 demonstra\u00e7\u00f5es r\u00e1pidas em v\u00eddeo. \u25b6\ufe0f Introdu\u00e7\u00e3o 1 minuto e 2 segundos \u2139\ufe0f O Bindy \u00e9 um aplicativo baseado na nuvem para automatizar \u2714\ufe0f auditorias, \ud83d\uddd3\ufe0f tarefas e \ud83d\udce3 comunica\u00e7\u00e3o para o varejo e a hotelaria. Implemente e verifique padr\u00f5es de marca, tarefas e a\u00e7\u00f5es corretivas\u2026","rel":"","context":"Post similar","block_context":{"text":"Post similar","link":""},"img":{"alt_text":"","src":"","width":0,"height":0},"classes":[]},{"id":60545,"url":"https:\/\/blog.bindy.com\/pt\/relatando-feedback\/","url_meta":{"origin":5578,"position":2},"title":"Relat\u00f3rios Bindy \u2013 Diga-nos o que voc\u00ea pensa!","author":"Bindy","date":"agosto 25, 2023","format":false,"excerpt":"O objetivo do relat\u00f3rio \u00e9 trazer os dados e encontrar as informa\u00e7\u00f5es que voc\u00ea precisa. Como podemos melhorar? Sua resposta \u00e9 confidencial.","rel":"","context":"Post similar","block_context":{"text":"Post similar","link":""},"img":{"alt_text":"","src":"https:\/\/i0.wp.com\/blog.bindy.com\/wp-content\/uploads\/2023\/08\/shutterstock_650629666.jpg?fit=1200%2C716&ssl=1&resize=350%2C200","width":350,"height":200,"srcset":"https:\/\/i0.wp.com\/blog.bindy.com\/wp-content\/uploads\/2023\/08\/shutterstock_650629666.jpg?fit=1200%2C716&ssl=1&resize=350%2C200 1x, https:\/\/i0.wp.com\/blog.bindy.com\/wp-content\/uploads\/2023\/08\/shutterstock_650629666.jpg?fit=1200%2C716&ssl=1&resize=525%2C300 1.5x, https:\/\/i0.wp.com\/blog.bindy.com\/wp-content\/uploads\/2023\/08\/shutterstock_650629666.jpg?fit=1200%2C716&ssl=1&resize=700%2C400 2x, https:\/\/i0.wp.com\/blog.bindy.com\/wp-content\/uploads\/2023\/08\/shutterstock_650629666.jpg?fit=1200%2C716&ssl=1&resize=1050%2C600 3x"},"classes":[]},{"id":60033,"url":"https:\/\/blog.bindy.com\/pt\/por-que\/","url_meta":{"origin":5578,"position":3},"title":"Diga-nos por que \/ Sem assinatura","author":"Bindy","date":"fevereiro 14, 2023","format":false,"excerpt":"Reserve um momento para nos dizer por que voc\u00ea n\u00e3o est\u00e1 se inscrevendo no Bindy. N\u00e3o enviaremos e-mails de acompanhamento. Essas informa\u00e7\u00f5es simplesmente nos ajudar\u00e3o a melhorar o teste e as primeiras impress\u00f5es. Obrigado!","rel":"","context":"Post similar","block_context":{"text":"Post similar","link":""},"img":{"alt_text":"","src":"https:\/\/i0.wp.com\/blog.bindy.com\/wp-content\/uploads\/2023\/02\/Screen-compo-Combo_Screens-layed-out.png?fit=600%2C429&ssl=1&resize=350%2C200","width":350,"height":200,"srcset":"https:\/\/i0.wp.com\/blog.bindy.com\/wp-content\/uploads\/2023\/02\/Screen-compo-Combo_Screens-layed-out.png?fit=600%2C429&ssl=1&resize=350%2C200 1x, https:\/\/i0.wp.com\/blog.bindy.com\/wp-content\/uploads\/2023\/02\/Screen-compo-Combo_Screens-layed-out.png?fit=600%2C429&ssl=1&resize=525%2C300 1.5x"},"classes":[]}],"_links":{"self":[{"href":"https:\/\/blog.bindy.com\/pt\/wp-json\/wp\/v2\/pages\/5578","targetHints":{"allow":["GET"]}}],"collection":[{"href":"https:\/\/blog.bindy.com\/pt\/wp-json\/wp\/v2\/pages"}],"about":[{"href":"https:\/\/blog.bindy.com\/pt\/wp-json\/wp\/v2\/types\/page"}],"author":[{"embeddable":true,"href":"https:\/\/blog.bindy.com\/pt\/wp-json\/wp\/v2\/users\/6370623"}],"replies":[{"embeddable":true,"href":"https:\/\/blog.bindy.com\/pt\/wp-json\/wp\/v2\/comments?post=5578"}],"version-history":[{"count":88,"href":"https:\/\/blog.bindy.com\/pt\/wp-json\/wp\/v2\/pages\/5578\/revisions"}],"predecessor-version":[{"id":62647,"href":"https:\/\/blog.bindy.com\/pt\/wp-json\/wp\/v2\/pages\/5578\/revisions\/62647"}],"wp:featuredmedia":[{"embeddable":true,"href":"https:\/\/blog.bindy.com\/pt\/wp-json\/wp\/v2\/media\/57763"}],"wp:attachment":[{"href":"https:\/\/blog.bindy.com\/pt\/wp-json\/wp\/v2\/media?parent=5578"}],"curies":[{"name":"wp","href":"https:\/\/api.w.org\/{rel}","templated":true}]}}