{"id":65107,"date":"2024-12-09T12:25:22","date_gmt":"2024-12-09T17:25:22","guid":{"rendered":"https:\/\/blog.bindy.com\/?page_id=65107"},"modified":"2026-01-07T09:08:14","modified_gmt":"2026-01-07T14:08:14","slug":"demo-bindyego","status":"publish","type":"page","link":"https:\/\/blog.bindy.com\/pl\/demo-bindyego\/","title":{"rendered":"\u25b6\ufe0f Demo Bindy"},"content":{"rendered":"<p class=\"wp-block-paragraph\">Bez rejestracji i planowania. Najwa\u017cniejsze funkcje Bindy przedstawione w 5 kr\u00f3tkich prezentacjach wideo.<\/p>\n\n\n\n<p class=\"wp-block-paragraph\"><\/p>\n\n\n\n<h1 class=\"wp-block-heading\">\u25b6\ufe0f Wprowadzenie<\/h1>\n\n\n\n<p class=\"has-text-align-center wp-block-paragraph\"><em>1 minuta, 2 sekundy<\/em><\/p>\n\n\n\n<p class=\"is-style-info wp-block-paragraph\">\u2139\ufe0f Bindy to oparta na chmurze aplikacja do automatyzacji \u2714\ufe0f audyt\u00f3w, \ud83d\uddd3\ufe0f zada\u0144 i \ud83d\udce3 komunikacji w handlu detalicznym i hotelarstwie. Z \u0142atwo\u015bci\u0105 wdra\u017caj i weryfikuj standardy marki, zadania i dzia\u0142ania naprawcze w swoich lokalizacjach. Uzyskuj raporty w czasie rzeczywistym, podpisy, filmy i weryfikacje zdj\u0119\u0107.<\/p>\n\n\n\n\t\t<figure class=\"wp-block-jetpack-videopress jetpack-videopress-player\" style=\"\" >\n\t\t\t<div class=\"jetpack-videopress-player__wrapper\"> <div class=\"jetpack-video-wrapper\"><iframe title=\"Odtwarzacz wideo VideoPress\" aria-label='Odtwarzacz wideo VideoPress' width='700' height='394' src='https:\/\/videopress.com\/embed\/QAKhxtcc?cover=1&amp;autoPlay=0&amp;controls=1&amp;loop=0&amp;muted=0&amp;persistVolume=1&amp;playsinline=0&amp;preloadContent=metadata&amp;useAverageColor=1&amp;hd=0' frameborder='0' allowfullscreen data-resize-to-parent=\"true\" allow='clipboard-write'><\/iframe><script src='https:\/\/v0.wordpress.com\/js\/next\/videopress-iframe.js?m=1739540970'><\/script><\/div><\/div>\n\t\t\t\n\t\t\t\n\t\t<\/figure>\n\t\t\n\n\n<p class=\"has-text-align-center wp-block-paragraph\"><a href=\"https:\/\/bindy.com\/contact\/#informationOrFreeTrial\" target=\"_blank\" rel=\"noreferrer noopener\">Skontaktuj si\u0119 z nami<\/a>&nbsp;lub&nbsp;<a href=\"https:\/\/bindy.com\/app\/registration\/step1?lang=en\" target=\"_blank\" rel=\"noreferrer noopener\">Test<\/a>&nbsp;Dzisiaj.<\/p>\n\n\n\n<h1 class=\"wp-block-heading\">\u25b6\ufe0f Do\u015bwiadczenie administratora<\/h1>\n\n\n\n<p class=\"has-text-align-center wp-block-paragraph\"><em>2 minuty, 29 sekund<\/em><\/p>\n\n\n\n<p class=\"is-style-info wp-block-paragraph\">\u2139\ufe0f Administratorzy maj\u0105 pe\u0142ny dost\u0119p do konfiguracji ka\u017cdego aspektu \u015brodowiska.<br>Wdra\u017caj natychmiast i tw\u00f3rz w\u0142asne przep\u0142ywy pracy, z w\u0142asnymi formularzami, witrynami i u\u017cytkownikami. Je\u015bli potrzebujesz pomocy, nasi specjali\u015bci ds. wdra\u017cania s\u0105 tutaj, aby pom\u00f3c.<\/p>\n\n\n\n\t\t<figure class=\"wp-block-jetpack-videopress jetpack-videopress-player\" style=\"\" >\n\t\t\t<div class=\"jetpack-videopress-player__wrapper\"> <div class=\"jetpack-video-wrapper\"><iframe title=\"Odtwarzacz wideo VideoPress\" aria-label='Odtwarzacz wideo VideoPress' width='700' height='394' src='https:\/\/videopress.com\/embed\/BbzhkhWp?cover=1&amp;autoPlay=0&amp;controls=1&amp;loop=0&amp;muted=0&amp;persistVolume=1&amp;playsinline=0&amp;preloadContent=metadata&amp;useAverageColor=1&amp;hd=0' frameborder='0' allowfullscreen data-resize-to-parent=\"true\" allow='clipboard-write'><\/iframe><script src='https:\/\/v0.wordpress.com\/js\/next\/videopress-iframe.js?m=1739540970'><\/script><\/div><\/div>\n\t\t\t<figcaption><\/figcaption>\n\t\t\t\n\t\t<\/figure>\n\t\t\n\n\n<p class=\"has-text-align-center wp-block-paragraph\"><a href=\"https:\/\/bindy.com\/contact\/#informationOrFreeTrial\" target=\"_blank\" rel=\"noreferrer noopener\">Skontaktuj si\u0119 z nami<\/a>&nbsp;lub&nbsp;<a href=\"https:\/\/bindy.com\/app\/registration\/step1?lang=en\" target=\"_blank\" rel=\"noreferrer noopener\">Test<\/a>&nbsp;Dzisiaj.<\/p>\n\n\n\n<h1 class=\"wp-block-heading\">\u25b6\ufe0f Do\u015bwiadczenie Mened\u017cera Okr\u0119gowego<\/h1>\n\n\n\n<p class=\"has-text-align-center wp-block-paragraph\"><em>2 minuty, 19 sekund<\/em><\/p>\n\n\n\n<p class=\"is-style-info wp-block-paragraph\">\u2139\ufe0f Kierownicy dystrykt\u00f3w (kierownicy obszar\u00f3w lub region\u00f3w) maj\u0105 narz\u0119dzia, kt\u00f3rych potrzebuj\u0105, aby przeprowadza\u0107 audyty witryn, wysy\u0142a\u0107 i \u015bledzi\u0107 dzia\u0142ania naprawcze, przesy\u0142a\u0107 zdj\u0119cia i filmy, zbiera\u0107 podpisy i przegl\u0105da\u0107 dane historyczne. Bindy uwalnia czas dla kierownik\u00f3w dystrykt\u00f3w, aby mogli szkoli\u0107, anga\u017cowa\u0107 i doradza\u0107 kierownikom witryn, aby uzyska\u0107 lepsze wyniki i wy\u017csz\u0105 sprzeda\u017c.<\/p>\n\n\n\n\t\t<figure class=\"wp-block-jetpack-videopress jetpack-videopress-player\" style=\"\" >\n\t\t\t<div class=\"jetpack-videopress-player__wrapper\"> <div class=\"jetpack-video-wrapper\"><iframe title=\"Odtwarzacz wideo VideoPress\" aria-label='Odtwarzacz wideo VideoPress' width='700' height='394' src='https:\/\/videopress.com\/embed\/gQYbVwgM?cover=1&amp;autoPlay=0&amp;controls=1&amp;loop=0&amp;muted=0&amp;persistVolume=1&amp;playsinline=0&amp;preloadContent=metadata&amp;useAverageColor=1&amp;hd=0' frameborder='0' allowfullscreen data-resize-to-parent=\"true\" allow='clipboard-write'><\/iframe><script src='https:\/\/v0.wordpress.com\/js\/next\/videopress-iframe.js?m=1739540970'><\/script><\/div><\/div>\n\t\t\t\n\t\t\t\n\t\t<\/figure>\n\t\t\n\n\n<p class=\"wp-block-paragraph\"><\/p>\n\n\n\n<p class=\"has-text-align-center wp-block-paragraph\"><a href=\"https:\/\/bindy.com\/contact\/#informationOrFreeTrial\" target=\"_blank\" rel=\"noreferrer noopener\">Skontaktuj si\u0119 z nami<\/a>&nbsp;lub&nbsp;<a href=\"https:\/\/bindy.com\/app\/registration\/step1?lang=en\" target=\"_blank\" rel=\"noreferrer noopener\">Test<\/a>&nbsp;Dzisiaj.<\/p>\n\n\n\n<h1 class=\"wp-block-heading\">\u25b6\ufe0f Do\u015bwiadczenie Mened\u017cera Obiektu<\/h1>\n\n\n\n<p class=\"has-text-align-center wp-block-paragraph\"><em>2 minuty i 9 sekund<\/em><\/p>\n\n\n\n<p class=\"is-style-info wp-block-paragraph\">\u2139\ufe0f Kierownicy plac\u00f3wek (lub franczyzobiorcy) mog\u0105 przeprowadza\u0107 w\u0142asne inspekcje w imieniu centrali lub odpowiada\u0107 na inspekcje kierownik\u00f3w okr\u0119g\u00f3w. Na przyk\u0142ad mog\u0105 odpowiada\u0107 za jedno lub wi\u0119cej dzia\u0142a\u0144 naprawczych z planu dzia\u0142ania. Kierownicy plac\u00f3wek mog\u0105 r\u00f3wnie\u017c podpisywa\u0107 inspekcje i przesy\u0142a\u0107 zdj\u0119cia podj\u0119tych dzia\u0142a\u0144 naprawczych.<\/p>\n\n\n\n\t\t<figure class=\"wp-block-jetpack-videopress jetpack-videopress-player\" style=\"\" >\n\t\t\t<div class=\"jetpack-videopress-player__wrapper\"> <div class=\"jetpack-video-wrapper\"><iframe title=\"Odtwarzacz wideo VideoPress\" aria-label='Odtwarzacz wideo VideoPress' width='700' height='394' src='https:\/\/videopress.com\/embed\/rktIv7Hy?cover=1&amp;autoPlay=0&amp;controls=1&amp;loop=0&amp;muted=0&amp;persistVolume=1&amp;playsinline=0&amp;preloadContent=metadata&amp;useAverageColor=1&amp;hd=0' frameborder='0' allowfullscreen data-resize-to-parent=\"true\" allow='clipboard-write'><\/iframe><script src='https:\/\/v0.wordpress.com\/js\/next\/videopress-iframe.js?m=1739540970'><\/script><\/div><\/div>\n\t\t\t\n\t\t\t\n\t\t<\/figure>\n\t\t\n\n\n<p class=\"has-text-align-center wp-block-paragraph\"><a href=\"https:\/\/bindy.com\/contact\/#informationOrFreeTrial\" target=\"_blank\" rel=\"noreferrer noopener\">Skontaktuj si\u0119 z nami<\/a>&nbsp;lub&nbsp;<a href=\"https:\/\/bindy.com\/app\/registration\/step1?lang=en\" target=\"_blank\" rel=\"noreferrer noopener\">Test<\/a>&nbsp;Dzisiaj.<\/p>\n\n\n\n<h1 class=\"wp-block-heading\">\u25b6\ufe0f Wersja pr\u00f3bna i ceny<\/h1>\n\n\n\n<p class=\"has-text-align-center wp-block-paragraph\"><em>44 sekundy<\/em><\/p>\n\n\n\n<p class=\"is-style-info wp-block-paragraph\">\u2139\ufe0f Czym jest Bindy i kto z niego korzysta. <a href=\"https:\/\/bindy.com\/app\/registration\/step1?lang=en&amp;aboutPricing=y&amp;aboutTrial=y\" target=\"_blank\" rel=\"noreferrer noopener\">14-dniowy bezp\u0142atny okres pr\u00f3bny<\/a> oraz <a href=\"https:\/\/bindy.com\/about\/pricing\/\" target=\"_blank\" rel=\"noreferrer noopener\">wycena<\/a>.<\/p>\n\n\n\n<p class=\"has-text-align-center wp-block-paragraph\"><\/p>\n\n\n\n\t\t<figure class=\"wp-block-jetpack-videopress jetpack-videopress-player\" style=\"\" >\n\t\t\t<div class=\"jetpack-videopress-player__wrapper\"> <div class=\"jetpack-video-wrapper\"><iframe title=\"Odtwarzacz wideo VideoPress\" aria-label='Odtwarzacz wideo VideoPress' width='700' height='394' src='https:\/\/videopress.com\/embed\/BgP2z05I?cover=1&amp;autoPlay=0&amp;controls=1&amp;loop=0&amp;muted=0&amp;persistVolume=1&amp;playsinline=0&amp;preloadContent=metadata&amp;useAverageColor=1&amp;hd=0' frameborder='0' allowfullscreen data-resize-to-parent=\"true\" allow='clipboard-write'><\/iframe><script src='https:\/\/v0.wordpress.com\/js\/next\/videopress-iframe.js?m=1739540970'><\/script><\/div><\/div>\n\t\t\t\n\t\t\t\n\t\t<\/figure>\n\t\t\n\n\n<p class=\"has-text-align-center wp-block-paragraph\"><a href=\"https:\/\/bindy.com\/contact\/#informationOrFreeTrial\" target=\"_blank\" rel=\"noreferrer noopener\">Skontaktuj si\u0119 z nami<\/a>&nbsp;lub&nbsp;<a href=\"https:\/\/bindy.com\/app\/registration\/step1?lang=en\" target=\"_blank\" rel=\"noreferrer noopener\">Test<\/a>&nbsp;Dzisiaj.<\/p>\n\n\n\n<p class=\"wp-block-paragraph\">Czekamy na wsp\u00f3\u0142prac\u0119 z Tob\u0105!<\/p>\n\n\n\n<p class=\"wp-block-paragraph\"><\/p>","protected":false},"excerpt":{"rendered":"<p>Bez rejestracji i planowania. Najwa\u017cniejsze funkcje Bindy przedstawione w 5 kr\u00f3tkich prezentacjach wideo. \u25b6\ufe0f Wprowadzenie: 1 minuta, 2 sekundy \u2139\ufe0f Bindy to oparta na chmurze aplikacja do automatyzacji \u2714\ufe0f audyt\u00f3w, \ud83d\uddd3\ufe0f zada\u0144 i \ud83d\udce3 komunikacji w handlu detalicznym i hotelarstwie. Z \u0142atwo\u015bci\u0105 wdra\u017caj i weryfikuj standardy marki, zadania i dzia\u0142ania naprawcze w swoich lokalizacjach. \u2026 <a href=\"https:\/\/blog.bindy.com\/pl\/demo-bindyego\/\" class=\"more-link\">Czytaj dalej <span class=\"screen-reader-text\">\u25b6\ufe0f Demo Bindy<\/span> <span class=\"meta-nav\">\u2192<\/span><\/a><\/p>","protected":false},"author":6370623,"featured_media":0,"parent":0,"menu_order":0,"comment_status":"closed","ping_status":"closed","template":"","meta":{"_coblocks_attr":"","_coblocks_dimensions":"","_coblocks_responsive_height":"","_coblocks_accordion_ie_support":"","_crdt_document":"","jetpack_post_was_ever_published":false,"footnotes":""},"class_list":["post-65107","page","type-page","status-publish","hentry"],"yoast_head":"<!-- This site is optimized with the Yoast SEO plugin v27.0 - https:\/\/yoast.com\/product\/yoast-seo-wordpress\/ -->\n<title>\u25b6\ufe0f Bindy Demo - Audits, Tasks and Communication<\/title>\n<meta name=\"description\" content=\"Watch a Bindy demo, no scheduling required! Bindy&#039;s most essential features organized into 5 quick video demonstrations.\" \/>\n<meta name=\"robots\" content=\"index, follow, max-snippet:-1, max-image-preview:large, max-video-preview:-1\" \/>\n<link rel=\"canonical\" href=\"https:\/\/blog.bindy.com\/pl\/demo-bindyego\/\" \/>\n<meta property=\"og:locale\" content=\"pl_PL\" \/>\n<meta property=\"og:type\" content=\"article\" \/>\n<meta property=\"og:title\" content=\"\u25b6\ufe0f Bindy Demo - Audits, Tasks and Communication\" \/>\n<meta property=\"og:description\" content=\"Watch a Bindy demo, no scheduling required! Bindy&#039;s most essential features organized into 5 quick video demonstrations.\" \/>\n<meta property=\"og:url\" content=\"https:\/\/blog.bindy.com\/pl\/demo-bindyego\/\" \/>\n<meta property=\"og:site_name\" content=\"Audits, Tasks and Communication\" \/>\n<meta property=\"article:publisher\" content=\"https:\/\/www.facebook.com\/bindyhq\" \/>\n<meta property=\"article:modified_time\" content=\"2026-01-07T14:08:14+00:00\" \/>\n<meta property=\"og:image\" content=\"https:\/\/i0.wp.com\/blog.bindy.com\/wp-content\/uploads\/2021\/10\/Bindy-logo-verti-col-72DPI.png?fit=442%2C442&ssl=1\" \/>\n\t<meta property=\"og:image:width\" content=\"442\" \/>\n\t<meta property=\"og:image:height\" content=\"442\" \/>\n\t<meta property=\"og:image:type\" content=\"image\/png\" \/>\n<meta name=\"twitter:card\" content=\"summary_large_image\" \/>\n<meta name=\"twitter:site\" content=\"@bindyhq\" \/>\n<script type=\"application\/ld+json\" class=\"yoast-schema-graph\">{\"@context\":\"https:\/\/schema.org\",\"@graph\":[{\"@type\":\"WebPage\",\"@id\":\"https:\/\/blog.bindy.com\/bindy-demo\/\",\"url\":\"https:\/\/blog.bindy.com\/bindy-demo\/\",\"name\":\"\u25b6\ufe0f Bindy Demo - Audits, Tasks and Communication\",\"isPartOf\":{\"@id\":\"https:\/\/blog.bindy.com\/#website\"},\"datePublished\":\"2024-12-09T17:25:22+00:00\",\"dateModified\":\"2026-01-07T14:08:14+00:00\",\"description\":\"Watch a Bindy demo, no scheduling required! Bindy's most essential features organized into 5 quick video demonstrations.\",\"breadcrumb\":{\"@id\":\"https:\/\/blog.bindy.com\/bindy-demo\/#breadcrumb\"},\"inLanguage\":\"pl-PL\",\"potentialAction\":[{\"@type\":\"ReadAction\",\"target\":[\"https:\/\/blog.bindy.com\/bindy-demo\/\"]}]},{\"@type\":\"BreadcrumbList\",\"@id\":\"https:\/\/blog.bindy.com\/bindy-demo\/#breadcrumb\",\"itemListElement\":[{\"@type\":\"ListItem\",\"position\":1,\"name\":\"Home\",\"item\":\"https:\/\/blog.bindy.com\/\"},{\"@type\":\"ListItem\",\"position\":2,\"name\":\"\u25b6\ufe0f Bindy Demo\"}]},{\"@type\":\"WebSite\",\"@id\":\"https:\/\/blog.bindy.com\/#website\",\"url\":\"https:\/\/blog.bindy.com\/\",\"name\":\"Audits, Tasks and Communication\",\"description\":\"Retail and Hospitality Operations\",\"publisher\":{\"@id\":\"https:\/\/blog.bindy.com\/#organization\"},\"potentialAction\":[{\"@type\":\"SearchAction\",\"target\":{\"@type\":\"EntryPoint\",\"urlTemplate\":\"https:\/\/blog.bindy.com\/?s={search_term_string}\"},\"query-input\":{\"@type\":\"PropertyValueSpecification\",\"valueRequired\":true,\"valueName\":\"search_term_string\"}}],\"inLanguage\":\"pl-PL\"},{\"@type\":\"Organization\",\"@id\":\"https:\/\/blog.bindy.com\/#organization\",\"name\":\"Bindy\",\"url\":\"https:\/\/blog.bindy.com\/\",\"logo\":{\"@type\":\"ImageObject\",\"inLanguage\":\"pl-PL\",\"@id\":\"https:\/\/blog.bindy.com\/#\/schema\/logo\/image\/\",\"url\":\"https:\/\/i0.wp.com\/blog.bindy.com\/wp-content\/uploads\/2021\/10\/Bindy-logo-horiz-col-72DPI.png?fit=1005%2C301&ssl=1\",\"contentUrl\":\"https:\/\/i0.wp.com\/blog.bindy.com\/wp-content\/uploads\/2021\/10\/Bindy-logo-horiz-col-72DPI.png?fit=1005%2C301&ssl=1\",\"width\":1005,\"height\":301,\"caption\":\"Bindy\"},\"image\":{\"@id\":\"https:\/\/blog.bindy.com\/#\/schema\/logo\/image\/\"},\"sameAs\":[\"https:\/\/www.facebook.com\/bindyhq\",\"https:\/\/x.com\/bindyhq\",\"https:\/\/www.linkedin.com\/company\/bindyhq\/\"]}]}<\/script>\n<!-- \/ Yoast SEO plugin. -->","yoast_head_json":{"title":"\u25b6\ufe0f Demo Bindy \u2013 audyty, zadania i komunikacja","description":"Obejrzyj demo Bindy bez konieczno\u015bci planowania! Najwa\u017cniejsze funkcje Bindy zebrane w 5 kr\u00f3tkich prezentacjach wideo.","robots":{"index":"index","follow":"follow","max-snippet":"max-snippet:-1","max-image-preview":"max-image-preview:large","max-video-preview":"max-video-preview:-1"},"canonical":"https:\/\/blog.bindy.com\/pl\/demo-bindyego\/","og_locale":"pl_PL","og_type":"article","og_title":"\u25b6\ufe0f Bindy Demo - Audits, Tasks and Communication","og_description":"Watch a Bindy demo, no scheduling required! Bindy's most essential features organized into 5 quick video demonstrations.","og_url":"https:\/\/blog.bindy.com\/pl\/demo-bindyego\/","og_site_name":"Audits, Tasks and Communication","article_publisher":"https:\/\/www.facebook.com\/bindyhq","article_modified_time":"2026-01-07T14:08:14+00:00","og_image":[{"width":442,"height":442,"url":"https:\/\/i0.wp.com\/blog.bindy.com\/wp-content\/uploads\/2021\/10\/Bindy-logo-verti-col-72DPI.png?fit=442%2C442&ssl=1","type":"image\/png"}],"twitter_card":"summary_large_image","twitter_site":"@bindyhq","schema":{"@context":"https:\/\/schema.org","@graph":[{"@type":"WebPage","@id":"https:\/\/blog.bindy.com\/bindy-demo\/","url":"https:\/\/blog.bindy.com\/bindy-demo\/","name":"\u25b6\ufe0f Demo Bindy \u2013 audyty, zadania i komunikacja","isPartOf":{"@id":"https:\/\/blog.bindy.com\/#website"},"datePublished":"2024-12-09T17:25:22+00:00","dateModified":"2026-01-07T14:08:14+00:00","description":"Obejrzyj demo Bindy bez konieczno\u015bci planowania! Najwa\u017cniejsze funkcje Bindy zebrane w 5 kr\u00f3tkich prezentacjach wideo.","breadcrumb":{"@id":"https:\/\/blog.bindy.com\/bindy-demo\/#breadcrumb"},"inLanguage":"pl-PL","potentialAction":[{"@type":"ReadAction","target":["https:\/\/blog.bindy.com\/bindy-demo\/"]}]},{"@type":"BreadcrumbList","@id":"https:\/\/blog.bindy.com\/bindy-demo\/#breadcrumb","itemListElement":[{"@type":"ListItem","position":1,"name":"Home","item":"https:\/\/blog.bindy.com\/"},{"@type":"ListItem","position":2,"name":"\u25b6\ufe0f Bindy Demo"}]},{"@type":"WebSite","@id":"https:\/\/blog.bindy.com\/#website","url":"https:\/\/blog.bindy.com\/","name":"Audyty, zadania i komunikacja","description":"Dzia\u0142alno\u015b\u0107 detaliczna i hotelarska","publisher":{"@id":"https:\/\/blog.bindy.com\/#organization"},"potentialAction":[{"@type":"SearchAction","target":{"@type":"EntryPoint","urlTemplate":"https:\/\/blog.bindy.com\/?s={search_term_string}"},"query-input":{"@type":"PropertyValueSpecification","valueRequired":true,"valueName":"search_term_string"}}],"inLanguage":"pl-PL"},{"@type":"Organization","@id":"https:\/\/blog.bindy.com\/#organization","name":"Bindy","url":"https:\/\/blog.bindy.com\/","logo":{"@type":"ImageObject","inLanguage":"pl-PL","@id":"https:\/\/blog.bindy.com\/#\/schema\/logo\/image\/","url":"https:\/\/i0.wp.com\/blog.bindy.com\/wp-content\/uploads\/2021\/10\/Bindy-logo-horiz-col-72DPI.png?fit=1005%2C301&ssl=1","contentUrl":"https:\/\/i0.wp.com\/blog.bindy.com\/wp-content\/uploads\/2021\/10\/Bindy-logo-horiz-col-72DPI.png?fit=1005%2C301&ssl=1","width":1005,"height":301,"caption":"Bindy"},"image":{"@id":"https:\/\/blog.bindy.com\/#\/schema\/logo\/image\/"},"sameAs":["https:\/\/www.facebook.com\/bindyhq","https:\/\/x.com\/bindyhq","https:\/\/www.linkedin.com\/company\/bindyhq\/"]}]}},"jetpack_likes_enabled":false,"jetpack_sharing_enabled":true,"jetpack_shortlink":"https:\/\/wp.me\/PDNAM-gW7","jetpack-related-posts":[{"id":63954,"url":"https:\/\/blog.bindy.com\/pl\/dlaczego-zmieniamy-nasza-nazwe\/","url_meta":{"origin":65107,"position":0},"title":"Zgodna IA og\u0142asza zmian\u0119 marki Bindy","author":"Bindy","date":"11 wrze\u015bnia, 2024","format":false,"excerpt":"Do natychmiastowej publikacji Toronto, Ontario, 23 listopada 2021 r. Compliant IA zmienia nazw\u0119 na Bindy, aby odzwierciedli\u0107 rozw\u00f3j i dywersyfikacj\u0119. Compliant IA, wiod\u0105cy dostawca rozwi\u0105za\u0144 chmurowych do obs\u0142ugi handlu detalicznego, og\u0142osi\u0142 dzi\u015b zako\u0144czenie gruntownego rebrandingu. Zmiana nazwy na Bindy odzwierciedla spos\u00f3b, w jaki firma si\u0119 rozwija\u0142a i dywersyfikowa\u0142a\u2026","rel":"","context":"Podobny wpis","block_context":{"text":"Podobny wpis","link":""},"img":{"alt_text":"","src":"https:\/\/i0.wp.com\/blog.bindy.com\/wp-content\/uploads\/2021\/11\/Bindy-icone-col-72DPI.png?fit=442%2C442&ssl=1&resize=350%2C200","width":350,"height":200},"classes":[]},{"id":5578,"url":"https:\/\/blog.bindy.com\/pl\/skierowanie\/","url_meta":{"origin":65107,"position":1},"title":"Program Polecaj\u0105cy","author":"Bindy","date":"6 lutego, 2019","format":false,"excerpt":"Pole\u0107 Bindy. Polecona przez Ciebie osoba otrzyma darmowy miesi\u0105c us\u0142ugi Bindy. Otrzymasz kart\u0119 podarunkow\u0105 Amazon o warto\u015bci $500. Bindy wsp\u00f3\u0142pracuje z organizacjami ka\u017cdej wielko\u015bci, od du\u017cych korporacji mi\u0119dzynarodowych po ma\u0142e i \u015brednie firmy z kilkoma lokalizacjami. Je\u015bli masz wsp\u00f3\u0142pracownik\u00f3w i znajomych zainteresowanych wdra\u017caniem standard\u00f3w marki i usprawnianiem operacji w swojej organizacji,\u2026","rel":"","context":"Podobny wpis","block_context":{"text":"Podobny wpis","link":""},"img":{"alt_text":"","src":"https:\/\/i0.wp.com\/blog.bindy.com\/wp-content\/uploads\/2022\/02\/Bindy-Brand-st-ad-blue-HR-800.png?fit=800%2C418&ssl=1&resize=350%2C200","width":350,"height":200,"srcset":"https:\/\/i0.wp.com\/blog.bindy.com\/wp-content\/uploads\/2022\/02\/Bindy-Brand-st-ad-blue-HR-800.png?fit=800%2C418&ssl=1&resize=350%2C200 1x, https:\/\/i0.wp.com\/blog.bindy.com\/wp-content\/uploads\/2022\/02\/Bindy-Brand-st-ad-blue-HR-800.png?fit=800%2C418&ssl=1&resize=525%2C300 1.5x, https:\/\/i0.wp.com\/blog.bindy.com\/wp-content\/uploads\/2022\/02\/Bindy-Brand-st-ad-blue-HR-800.png?fit=800%2C418&ssl=1&resize=700%2C400 2x"},"classes":[]},{"id":60545,"url":"https:\/\/blog.bindy.com\/pl\/zglaszanie-opinii\/","url_meta":{"origin":65107,"position":2},"title":"Bindy Reporting \u2013 powiedz nam, co my\u015blisz!","author":"Bindy","date":"25 sierpnia, 2023","format":false,"excerpt":"Celem raportowania jest dostarczenie danych i znalezienie potrzebnych informacji. Jak mo\u017cemy si\u0119 ulepszy\u0107? Twoja odpowied\u017a jest poufna.","rel":"","context":"Podobny wpis","block_context":{"text":"Podobny wpis","link":""},"img":{"alt_text":"","src":"https:\/\/i0.wp.com\/blog.bindy.com\/wp-content\/uploads\/2023\/08\/shutterstock_650629666.jpg?fit=1200%2C716&ssl=1&resize=350%2C200","width":350,"height":200,"srcset":"https:\/\/i0.wp.com\/blog.bindy.com\/wp-content\/uploads\/2023\/08\/shutterstock_650629666.jpg?fit=1200%2C716&ssl=1&resize=350%2C200 1x, https:\/\/i0.wp.com\/blog.bindy.com\/wp-content\/uploads\/2023\/08\/shutterstock_650629666.jpg?fit=1200%2C716&ssl=1&resize=525%2C300 1.5x, https:\/\/i0.wp.com\/blog.bindy.com\/wp-content\/uploads\/2023\/08\/shutterstock_650629666.jpg?fit=1200%2C716&ssl=1&resize=700%2C400 2x, https:\/\/i0.wp.com\/blog.bindy.com\/wp-content\/uploads\/2023\/08\/shutterstock_650629666.jpg?fit=1200%2C716&ssl=1&resize=1050%2C600 3x"},"classes":[]},{"id":60033,"url":"https:\/\/blog.bindy.com\/pl\/czemu\/","url_meta":{"origin":65107,"position":3},"title":"Powiedz nam dlaczego \/ Brak subskrypcji","author":"Bindy","date":"14 lutego, 2023","format":false,"excerpt":"Po\u015bwi\u0119\u0107 chwil\u0119, aby powiedzie\u0107 nam, dlaczego nie subskrybujesz Bindy. Nie b\u0119dziemy wysy\u0142a\u0107 kolejnych e-maili. Te informacje po prostu pomog\u0105 nam ulepszy\u0107 wersj\u0119 pr\u00f3bn\u0105 i pierwsze wra\u017cenie. Dzi\u0119kuj\u0119!","rel":"","context":"Podobny wpis","block_context":{"text":"Podobny wpis","link":""},"img":{"alt_text":"","src":"https:\/\/i0.wp.com\/blog.bindy.com\/wp-content\/uploads\/2023\/02\/Screen-compo-Combo_Screens-layed-out.png?fit=600%2C429&ssl=1&resize=350%2C200","width":350,"height":200,"srcset":"https:\/\/i0.wp.com\/blog.bindy.com\/wp-content\/uploads\/2023\/02\/Screen-compo-Combo_Screens-layed-out.png?fit=600%2C429&ssl=1&resize=350%2C200 1x, https:\/\/i0.wp.com\/blog.bindy.com\/wp-content\/uploads\/2023\/02\/Screen-compo-Combo_Screens-layed-out.png?fit=600%2C429&ssl=1&resize=525%2C300 1.5x"},"classes":[]}],"_links":{"self":[{"href":"https:\/\/blog.bindy.com\/pl\/wp-json\/wp\/v2\/pages\/65107","targetHints":{"allow":["GET"]}}],"collection":[{"href":"https:\/\/blog.bindy.com\/pl\/wp-json\/wp\/v2\/pages"}],"about":[{"href":"https:\/\/blog.bindy.com\/pl\/wp-json\/wp\/v2\/types\/page"}],"author":[{"embeddable":true,"href":"https:\/\/blog.bindy.com\/pl\/wp-json\/wp\/v2\/users\/6370623"}],"replies":[{"embeddable":true,"href":"https:\/\/blog.bindy.com\/pl\/wp-json\/wp\/v2\/comments?post=65107"}],"version-history":[{"count":100,"href":"https:\/\/blog.bindy.com\/pl\/wp-json\/wp\/v2\/pages\/65107\/revisions"}],"predecessor-version":[{"id":67039,"href":"https:\/\/blog.bindy.com\/pl\/wp-json\/wp\/v2\/pages\/65107\/revisions\/67039"}],"wp:attachment":[{"href":"https:\/\/blog.bindy.com\/pl\/wp-json\/wp\/v2\/media?parent=65107"}],"curies":[{"name":"wp","href":"https:\/\/api.w.org\/{rel}","templated":true}]}}