{"id":60033,"date":"2023-02-14T13:53:52","date_gmt":"2023-02-14T18:53:52","guid":{"rendered":"https:\/\/blog.bindy.com\/?page_id=60033"},"modified":"2023-08-28T12:07:37","modified_gmt":"2023-08-28T16:07:37","slug":"czemu","status":"publish","type":"page","link":"https:\/\/blog.bindy.com\/pl\/czemu\/","title":{"rendered":"Powiedz nam dlaczego \/ Brak subskrypcji"},"content":{"rendered":"<p class=\"wp-block-paragraph\">Po\u015bwi\u0119\u0107 chwil\u0119, aby powiedzie\u0107 nam, dlaczego nie subskrybujesz Bindy.&nbsp; <\/p>\n\n\n\n<p class=\"wp-block-paragraph\">Nie b\u0119dziemy wysy\u0142a\u0107 kolejnych e-maili. Te informacje po prostu pomog\u0105 nam ulepszy\u0107 wersj\u0119 pr\u00f3bn\u0105 i pierwsze wra\u017cenie. Dzi\u0119kuj\u0119!<\/p>\n\n\n<div class=\"wp-block-jetpack-contact-form is-layout-flex wp-container-jetpack-contact-form-is-layout-53c17e14 wp-block-jetpack-contact-form-is-layout-flex\"><a href=\"https:\/\/blog.bindy.com\/pl\/czemu\/\" target=\"_blank\" rel=\"noopener noreferrer\">Prze\u015blij formularz.<\/a><\/div>","protected":false},"excerpt":{"rendered":"<p>Po\u015bwi\u0119\u0107 chwil\u0119, aby powiedzie\u0107 nam, dlaczego nie subskrybujesz Bindy. Nie b\u0119dziemy wysy\u0142a\u0107 kolejnych e-maili. Te informacje po prostu pomog\u0105 nam ulepszy\u0107 wersj\u0119 pr\u00f3bn\u0105 i pierwsze wra\u017cenie. Dzi\u0119kuj\u0119!<\/p>","protected":false},"author":6370623,"featured_media":60044,"parent":0,"menu_order":0,"comment_status":"closed","ping_status":"closed","template":"","meta":{"_coblocks_attr":"","_coblocks_dimensions":"","_coblocks_responsive_height":"","_coblocks_accordion_ie_support":"","_crdt_document":"","jetpack_post_was_ever_published":false,"footnotes":""},"class_list":["post-60033","page","type-page","status-publish","has-post-thumbnail","hentry"],"yoast_head":"<!-- This site is optimized with the Yoast SEO plugin v27.3 - https:\/\/yoast.com\/product\/yoast-seo-wordpress\/ -->\n<title>Tell us why \/ No Subscription - Audits, Tasks and Communication<\/title>\n<meta name=\"description\" content=\"How retail and hospitality brands execute programs and brand standards with audits and task management.\" \/>\n<meta name=\"robots\" content=\"index, follow, max-snippet:-1, max-image-preview:large, max-video-preview:-1\" \/>\n<link rel=\"canonical\" href=\"https:\/\/blog.bindy.com\/pl\/czemu\/\" \/>\n<meta property=\"og:locale\" content=\"pl_PL\" \/>\n<meta property=\"og:type\" content=\"article\" \/>\n<meta property=\"og:title\" content=\"Tell us why \/ No Subscription - Audits, Tasks and Communication\" \/>\n<meta property=\"og:description\" content=\"How retail and hospitality brands execute programs and brand standards with audits and task management.\" \/>\n<meta property=\"og:url\" content=\"https:\/\/blog.bindy.com\/pl\/czemu\/\" \/>\n<meta property=\"og:site_name\" content=\"Audits, Tasks and Communication\" \/>\n<meta property=\"article:publisher\" content=\"https:\/\/www.facebook.com\/bindyhq\" \/>\n<meta property=\"article:modified_time\" content=\"2023-08-28T16:07:37+00:00\" \/>\n<meta property=\"og:image\" content=\"https:\/\/blog.bindy.com\/wp-content\/uploads\/2023\/02\/Screen-compo-Combo_Screens-layed-out.png\" \/>\n\t<meta property=\"og:image:width\" content=\"600\" \/>\n\t<meta property=\"og:image:height\" content=\"429\" \/>\n\t<meta property=\"og:image:type\" content=\"image\/png\" \/>\n<meta name=\"twitter:card\" content=\"summary_large_image\" \/>\n<meta name=\"twitter:site\" content=\"@bindyhq\" \/>\n<script type=\"application\/ld+json\" class=\"yoast-schema-graph\">{\"@context\":\"https:\\\/\\\/schema.org\",\"@graph\":[{\"@type\":\"WebPage\",\"@id\":\"https:\\\/\\\/blog.bindy.com\\\/why\\\/\",\"url\":\"https:\\\/\\\/blog.bindy.com\\\/why\\\/\",\"name\":\"Tell us why \\\/ No Subscription - Audits, Tasks and Communication\",\"isPartOf\":{\"@id\":\"https:\\\/\\\/blog.bindy.com\\\/#website\"},\"primaryImageOfPage\":{\"@id\":\"https:\\\/\\\/blog.bindy.com\\\/why\\\/#primaryimage\"},\"image\":{\"@id\":\"https:\\\/\\\/blog.bindy.com\\\/why\\\/#primaryimage\"},\"thumbnailUrl\":\"https:\\\/\\\/i0.wp.com\\\/blog.bindy.com\\\/wp-content\\\/uploads\\\/2023\\\/02\\\/Screen-compo-Combo_Screens-layed-out.png?fit=600%2C429&ssl=1\",\"datePublished\":\"2023-02-14T18:53:52+00:00\",\"dateModified\":\"2023-08-28T16:07:37+00:00\",\"description\":\"How retail and hospitality brands execute programs and brand standards with audits and task management.\",\"breadcrumb\":{\"@id\":\"https:\\\/\\\/blog.bindy.com\\\/why\\\/#breadcrumb\"},\"inLanguage\":\"pl-PL\",\"potentialAction\":[{\"@type\":\"ReadAction\",\"target\":[\"https:\\\/\\\/blog.bindy.com\\\/why\\\/\"]}]},{\"@type\":\"ImageObject\",\"inLanguage\":\"pl-PL\",\"@id\":\"https:\\\/\\\/blog.bindy.com\\\/why\\\/#primaryimage\",\"url\":\"https:\\\/\\\/i0.wp.com\\\/blog.bindy.com\\\/wp-content\\\/uploads\\\/2023\\\/02\\\/Screen-compo-Combo_Screens-layed-out.png?fit=600%2C429&ssl=1\",\"contentUrl\":\"https:\\\/\\\/i0.wp.com\\\/blog.bindy.com\\\/wp-content\\\/uploads\\\/2023\\\/02\\\/Screen-compo-Combo_Screens-layed-out.png?fit=600%2C429&ssl=1\",\"width\":600,\"height\":429},{\"@type\":\"BreadcrumbList\",\"@id\":\"https:\\\/\\\/blog.bindy.com\\\/why\\\/#breadcrumb\",\"itemListElement\":[{\"@type\":\"ListItem\",\"position\":1,\"name\":\"Home\",\"item\":\"https:\\\/\\\/blog.bindy.com\\\/\"},{\"@type\":\"ListItem\",\"position\":2,\"name\":\"Tell us why \\\/ No Subscription\"}]},{\"@type\":\"WebSite\",\"@id\":\"https:\\\/\\\/blog.bindy.com\\\/#website\",\"url\":\"https:\\\/\\\/blog.bindy.com\\\/\",\"name\":\"Audits, Tasks and Communication\",\"description\":\"Retail and Hospitality Operations\",\"publisher\":{\"@id\":\"https:\\\/\\\/blog.bindy.com\\\/#organization\"},\"potentialAction\":[{\"@type\":\"SearchAction\",\"target\":{\"@type\":\"EntryPoint\",\"urlTemplate\":\"https:\\\/\\\/blog.bindy.com\\\/?s={search_term_string}\"},\"query-input\":{\"@type\":\"PropertyValueSpecification\",\"valueRequired\":true,\"valueName\":\"search_term_string\"}}],\"inLanguage\":\"pl-PL\"},{\"@type\":\"Organization\",\"@id\":\"https:\\\/\\\/blog.bindy.com\\\/#organization\",\"name\":\"Bindy\",\"url\":\"https:\\\/\\\/blog.bindy.com\\\/\",\"logo\":{\"@type\":\"ImageObject\",\"inLanguage\":\"pl-PL\",\"@id\":\"https:\\\/\\\/blog.bindy.com\\\/#\\\/schema\\\/logo\\\/image\\\/\",\"url\":\"https:\\\/\\\/i0.wp.com\\\/blog.bindy.com\\\/wp-content\\\/uploads\\\/2021\\\/10\\\/Bindy-logo-horiz-col-72DPI.png?fit=1005%2C301&ssl=1\",\"contentUrl\":\"https:\\\/\\\/i0.wp.com\\\/blog.bindy.com\\\/wp-content\\\/uploads\\\/2021\\\/10\\\/Bindy-logo-horiz-col-72DPI.png?fit=1005%2C301&ssl=1\",\"width\":1005,\"height\":301,\"caption\":\"Bindy\"},\"image\":{\"@id\":\"https:\\\/\\\/blog.bindy.com\\\/#\\\/schema\\\/logo\\\/image\\\/\"},\"sameAs\":[\"https:\\\/\\\/www.facebook.com\\\/bindyhq\",\"https:\\\/\\\/x.com\\\/bindyhq\",\"https:\\\/\\\/www.linkedin.com\\\/company\\\/bindyhq\\\/\"]}]}<\/script>\n<!-- \/ Yoast SEO plugin. -->","yoast_head_json":{"title":"Powiedz nam dlaczego \/ Brak subskrypcji - audyty, zadania i komunikacja","description":"W jaki spos\u00f3b marki z bran\u017cy handlu detalicznego i hotelarstwa realizuj\u0105 programy i standardy marki za pomoc\u0105 audyt\u00f3w i zarz\u0105dzania zadaniami.","robots":{"index":"index","follow":"follow","max-snippet":"max-snippet:-1","max-image-preview":"max-image-preview:large","max-video-preview":"max-video-preview:-1"},"canonical":"https:\/\/blog.bindy.com\/pl\/czemu\/","og_locale":"pl_PL","og_type":"article","og_title":"Tell us why \/ No Subscription - Audits, Tasks and Communication","og_description":"How retail and hospitality brands execute programs and brand standards with audits and task management.","og_url":"https:\/\/blog.bindy.com\/pl\/czemu\/","og_site_name":"Audits, Tasks and Communication","article_publisher":"https:\/\/www.facebook.com\/bindyhq","article_modified_time":"2023-08-28T16:07:37+00:00","og_image":[{"width":600,"height":429,"url":"https:\/\/blog.bindy.com\/wp-content\/uploads\/2023\/02\/Screen-compo-Combo_Screens-layed-out.png","type":"image\/png"}],"twitter_card":"summary_large_image","twitter_site":"@bindyhq","schema":{"@context":"https:\/\/schema.org","@graph":[{"@type":"WebPage","@id":"https:\/\/blog.bindy.com\/why\/","url":"https:\/\/blog.bindy.com\/why\/","name":"Powiedz nam dlaczego \/ Brak subskrypcji - audyty, zadania i komunikacja","isPartOf":{"@id":"https:\/\/blog.bindy.com\/#website"},"primaryImageOfPage":{"@id":"https:\/\/blog.bindy.com\/why\/#primaryimage"},"image":{"@id":"https:\/\/blog.bindy.com\/why\/#primaryimage"},"thumbnailUrl":"https:\/\/i0.wp.com\/blog.bindy.com\/wp-content\/uploads\/2023\/02\/Screen-compo-Combo_Screens-layed-out.png?fit=600%2C429&ssl=1","datePublished":"2023-02-14T18:53:52+00:00","dateModified":"2023-08-28T16:07:37+00:00","description":"W jaki spos\u00f3b marki z bran\u017cy handlu detalicznego i hotelarstwa realizuj\u0105 programy i standardy marki za pomoc\u0105 audyt\u00f3w i zarz\u0105dzania zadaniami.","breadcrumb":{"@id":"https:\/\/blog.bindy.com\/why\/#breadcrumb"},"inLanguage":"pl-PL","potentialAction":[{"@type":"ReadAction","target":["https:\/\/blog.bindy.com\/why\/"]}]},{"@type":"ImageObject","inLanguage":"pl-PL","@id":"https:\/\/blog.bindy.com\/why\/#primaryimage","url":"https:\/\/i0.wp.com\/blog.bindy.com\/wp-content\/uploads\/2023\/02\/Screen-compo-Combo_Screens-layed-out.png?fit=600%2C429&ssl=1","contentUrl":"https:\/\/i0.wp.com\/blog.bindy.com\/wp-content\/uploads\/2023\/02\/Screen-compo-Combo_Screens-layed-out.png?fit=600%2C429&ssl=1","width":600,"height":429},{"@type":"BreadcrumbList","@id":"https:\/\/blog.bindy.com\/why\/#breadcrumb","itemListElement":[{"@type":"ListItem","position":1,"name":"Home","item":"https:\/\/blog.bindy.com\/"},{"@type":"ListItem","position":2,"name":"Tell us why \/ No Subscription"}]},{"@type":"WebSite","@id":"https:\/\/blog.bindy.com\/#website","url":"https:\/\/blog.bindy.com\/","name":"Audyty, zadania i komunikacja","description":"Dzia\u0142alno\u015b\u0107 detaliczna i hotelarska","publisher":{"@id":"https:\/\/blog.bindy.com\/#organization"},"potentialAction":[{"@type":"SearchAction","target":{"@type":"EntryPoint","urlTemplate":"https:\/\/blog.bindy.com\/?s={search_term_string}"},"query-input":{"@type":"PropertyValueSpecification","valueRequired":true,"valueName":"search_term_string"}}],"inLanguage":"pl-PL"},{"@type":"Organization","@id":"https:\/\/blog.bindy.com\/#organization","name":"Bindy","url":"https:\/\/blog.bindy.com\/","logo":{"@type":"ImageObject","inLanguage":"pl-PL","@id":"https:\/\/blog.bindy.com\/#\/schema\/logo\/image\/","url":"https:\/\/i0.wp.com\/blog.bindy.com\/wp-content\/uploads\/2021\/10\/Bindy-logo-horiz-col-72DPI.png?fit=1005%2C301&ssl=1","contentUrl":"https:\/\/i0.wp.com\/blog.bindy.com\/wp-content\/uploads\/2021\/10\/Bindy-logo-horiz-col-72DPI.png?fit=1005%2C301&ssl=1","width":1005,"height":301,"caption":"Bindy"},"image":{"@id":"https:\/\/blog.bindy.com\/#\/schema\/logo\/image\/"},"sameAs":["https:\/\/www.facebook.com\/bindyhq","https:\/\/x.com\/bindyhq","https:\/\/www.linkedin.com\/company\/bindyhq\/"]}]}},"jetpack_likes_enabled":false,"jetpack_sharing_enabled":true,"jetpack_shortlink":"https:\/\/wp.me\/PDNAM-fCh","jetpack-related-posts":[],"_links":{"self":[{"href":"https:\/\/blog.bindy.com\/pl\/wp-json\/wp\/v2\/pages\/60033","targetHints":{"allow":["GET"]}}],"collection":[{"href":"https:\/\/blog.bindy.com\/pl\/wp-json\/wp\/v2\/pages"}],"about":[{"href":"https:\/\/blog.bindy.com\/pl\/wp-json\/wp\/v2\/types\/page"}],"author":[{"embeddable":true,"href":"https:\/\/blog.bindy.com\/pl\/wp-json\/wp\/v2\/users\/6370623"}],"replies":[{"embeddable":true,"href":"https:\/\/blog.bindy.com\/pl\/wp-json\/wp\/v2\/comments?post=60033"}],"version-history":[{"count":8,"href":"https:\/\/blog.bindy.com\/pl\/wp-json\/wp\/v2\/pages\/60033\/revisions"}],"predecessor-version":[{"id":60583,"href":"https:\/\/blog.bindy.com\/pl\/wp-json\/wp\/v2\/pages\/60033\/revisions\/60583"}],"wp:featuredmedia":[{"embeddable":true,"href":"https:\/\/blog.bindy.com\/pl\/wp-json\/wp\/v2\/media\/60044"}],"wp:attachment":[{"href":"https:\/\/blog.bindy.com\/pl\/wp-json\/wp\/v2\/media?parent=60033"}],"curies":[{"name":"wp","href":"https:\/\/api.w.org\/{rel}","templated":true}]}}