{"id":5578,"date":"2019-02-06T15:11:35","date_gmt":"2019-02-06T20:11:35","guid":{"rendered":"http:\/\/blog.bindy.com\/?page_id=5578"},"modified":"2024-06-05T11:48:29","modified_gmt":"2024-06-05T15:48:29","slug":"skierowanie","status":"publish","type":"page","link":"https:\/\/blog.bindy.com\/pl\/skierowanie\/","title":{"rendered":"Program Polecaj\u0105cy"},"content":{"rendered":"<h3 class=\"wp-block-heading\">Pole\u0107 Bindy&#039;ego. Twoje polecenie otrzyma jeden bezp\u0142atny miesi\u0105c us\u0142ugi Bindy. Otrzymujesz kart\u0119 podarunkow\u0105 Amazon $500.<\/h3>\n\n\n\n<p class=\"wp-block-paragraph\"><a href=\"https:\/\/bindy.com\/\" target=\"_blank\" rel=\"noreferrer noopener\">Bindy <\/a>wsp\u00f3\u0142pracuje z organizacjami ka\u017cdej wielko\u015bci, od du\u017cych mi\u0119dzynarodowych korporacji po ma\u0142e i \u015brednie firmy posiadaj\u0105ce kilka lokalizacji. Je\u015bli masz wsp\u00f3\u0142pracownik\u00f3w i przyjaci\u00f3\u0142 zainteresowanych wspieraniem standard\u00f3w marki i dzia\u0142alno\u015bci\u0105 w swojej organizacji, ten program polece\u0144 jest dla Ciebie\u2026 i dla nich! Jest to bardzo proste i otwarte dla wszystkich.<\/p>\n\n\n\n<h2 class=\"wp-block-heading\">Jak to dzia\u0142a<\/h2>\n\n\n\n<ol class=\"wp-block-list\">\n<li>Wype\u0142nij poni\u017cszy formularz. Dzi\u0119ki Tobie skontaktujemy si\u0119 z poleconym, zaoferujemy mu darmowy okres pr\u00f3bny plus miesi\u0105c darmowej us\u0142ugi.<\/li>\n\n\n\n<li>Je\u015bli Twoje polecenie subskrybuje Bindy, otrzymasz $500 USD <a href=\"https:\/\/www.amazon.com\/gift-cards\" target=\"_blank\" rel=\"noreferrer noopener\">Amazon e-karta podarunkowa<\/a> e-mailem.<\/li>\n\n\n\n<li>Zobacz warunki poni\u017cej.<\/li>\n<\/ol>\n\n\n<div class=\"wp-block-jetpack-contact-form is-layout-flex wp-container-jetpack-contact-form-is-layout-7f6ac06e wp-block-jetpack-contact-form-is-layout-flex\"><a href=\"https:\/\/blog.bindy.com\/pl\/skierowanie\/\" target=\"_blank\" rel=\"noopener noreferrer\">Prze\u015blij formularz.<\/a><\/div>\n\n<h2><strong>Zasady i warunki<\/strong><\/h2>\n<ol>\n<li>Nic nie stoi na przeszkodzie, aby Bindy uzyska\u0142a polecenia od innych polecaj\u0105cych.<\/li>\n<li>Bindy nie jest zobowi\u0105zana do skontaktowania si\u0119 z osob\u0105 skierowan\u0105 i skontaktowania si\u0119 z Tob\u0105, je\u015bli tego nie zrobimy.<\/li>\n<li>Bindy nie skontaktuje si\u0119 z Tob\u0105, je\u015bli osoba polecona jest ju\u017c klientem, skontaktowa\u0142a si\u0119 ju\u017c z Tob\u0105 lub zosta\u0142a wcze\u015bniej polecona przez kogo\u015b innego.<\/li>\n<li>Bindy skontaktuje si\u0119 z Tob\u0105, je\u015bli skontaktujemy si\u0119 ze skierowaniem.<\/li>\n<li>Je\u015bli osoba polecona potwierdzi, \u017ce w wyniku skierowania zasubskrybowa\u0142a Bindy w ci\u0105gu 180 dni, Bindy wy\u015ble Ci e-mailem kart\u0119 eGift na kwot\u0119 $500 USD, gdy doch\u00f3d uzyskany z tego polecenia b\u0119dzie r\u00f3wny lub wy\u017cszy ni\u017c $1000 USD.<\/li>\n<li>Bindy nie jest zobowi\u0105zana do uiszczenia op\u0142aty za polecenie, je\u015bli przychody zebrane z tego polecenia nie osi\u0105gn\u0105 $1000 USD z powodu anulowania lub rozwi\u0105zania umowy.&nbsp;<\/li>\n<li>Nie mo\u017cesz si\u0119 poleci\u0107.&nbsp;<\/li>\n<li>Aby kogo\u015b poleci\u0107, musisz mie\u0107 uko\u0144czone 18 lat. Skierowanie musi mie\u0107 uko\u0144czone 18 lat.<\/li>\n<li>Bindy mo\u017ce zako\u0144czy\u0107 lub zmieni\u0107 program polece\u0144 w dowolnym momencie, wed\u0142ug w\u0142asnego uznania. Je\u015bli to zrobimy, zaleg\u0142e polecenia i warunki b\u0119d\u0105 honorowane.<\/li>\n<li>W ramach tego programu mo\u017cesz mie\u0107 do 20 poleconych. Ka\u017cde skierowanie traktowane jest indywidualnie i niezale\u017cnie od innych.<\/li>\n<li>Program polece\u0144 nie jest dost\u0119pny dla sprzedawc\u00f3w i integrator\u00f3w, kt\u00f3rzy maj\u0105 ju\u017c umow\u0119 z Bindy.<\/li>\n<li>Zalecamy sprawdzenie swojej umowy o prac\u0119 oraz wszelkich innych zawartych um\u00f3w i upewnienie si\u0119, \u017ce uczestnictwo w programie polece\u0144 nie narusza zasad Twojej organizacji.<\/li>\n<li>Bindy nie ponosi odpowiedzialno\u015bci za jakiekolwiek po\u015brednie, szczeg\u00f3lne i\/lub wt\u00f3rne szkody wynikaj\u0105ce z lub w zwi\u0105zku z niniejsz\u0105 umow\u0105 polecenia.<\/li>\n<li>Wype\u0142niaj\u0105c formularz, potwierdzasz, \u017ce przeczyta\u0142e\u015b, zrozumia\u0142e\u015b i zgadzasz si\u0119 z warunkami programu polece\u0144.<\/li>\n<\/ol>\n\n\n<p class=\"wp-block-paragraph\"><\/p>","protected":false},"excerpt":{"rendered":"<p>Pole\u0107 Bindy&#039;ego. Twoje polecenie otrzyma jeden bezp\u0142atny miesi\u0105c us\u0142ugi Bindy. Otrzymujesz kart\u0119 podarunkow\u0105 Amazon $500. Bindy wsp\u00f3\u0142pracuje z organizacjami ka\u017cdej wielko\u015bci, od du\u017cych mi\u0119dzynarodowych korporacji po ma\u0142e i \u015brednie firmy posiadaj\u0105ce kilka lokalizacji. Je\u015bli masz wsp\u00f3\u0142pracownik\u00f3w i przyjaci\u00f3\u0142 zainteresowanych wspieraniem standard\u00f3w marki i dzia\u0142alno\u015bci\u0105 w swojej organizacji, ten program polece\u0144 jest przeznaczony dla\u2026 <a href=\"https:\/\/blog.bindy.com\/pl\/skierowanie\/\" class=\"more-link\">Czytaj dalej <span class=\"screen-reader-text\">Program Polecaj\u0105cy<\/span> <span class=\"meta-nav\">\u2192<\/span><\/a><\/p>","protected":false},"author":6370623,"featured_media":57763,"parent":0,"menu_order":0,"comment_status":"closed","ping_status":"closed","template":"","meta":{"_coblocks_attr":"","_coblocks_dimensions":"","_coblocks_responsive_height":"","_coblocks_accordion_ie_support":"","_crdt_document":"","jetpack_post_was_ever_published":false,"footnotes":""},"class_list":["post-5578","page","type-page","status-publish","has-post-thumbnail","hentry"],"yoast_head":"<!-- This site is optimized with the Yoast SEO plugin v27.3 - https:\/\/yoast.com\/product\/yoast-seo-wordpress\/ -->\n<title>Referral Program - Audits, Tasks and Communication<\/title>\n<meta name=\"description\" content=\"Bindy works with organizations of all sizes, from large multinationals to SMB&#039;s with a handful of locations. Get a $500 Amazon gift card!\" \/>\n<meta name=\"robots\" content=\"index, follow, max-snippet:-1, max-image-preview:large, max-video-preview:-1\" \/>\n<link rel=\"canonical\" href=\"https:\/\/blog.bindy.com\/pl\/\" \/>\n<meta property=\"og:locale\" content=\"pl_PL\" \/>\n<meta property=\"og:type\" content=\"article\" \/>\n<meta property=\"og:title\" content=\"Referral Program - Audits, Tasks and Communication\" \/>\n<meta property=\"og:description\" content=\"Bindy works with organizations of all sizes, from large multinationals to SMB&#039;s with a handful of locations. Get a $500 Amazon gift card!\" \/>\n<meta property=\"og:url\" content=\"https:\/\/blog.bindy.com\/pl\/\" \/>\n<meta property=\"og:site_name\" content=\"Audits, Tasks and Communication\" \/>\n<meta property=\"article:publisher\" content=\"https:\/\/www.facebook.com\/bindyhq\" \/>\n<meta property=\"article:modified_time\" content=\"2024-06-05T15:48:29+00:00\" \/>\n<meta property=\"og:image\" content=\"https:\/\/blog.bindy.com\/wp-content\/uploads\/2022\/02\/Bindy-Brand-st-ad-blue-HR-800.png?_t=1717602509\" \/>\n\t<meta property=\"og:image:width\" content=\"800\" \/>\n\t<meta property=\"og:image:height\" content=\"418\" \/>\n\t<meta property=\"og:image:type\" content=\"image\/png\" \/>\n<meta name=\"twitter:card\" content=\"summary_large_image\" \/>\n<meta name=\"twitter:site\" content=\"@bindyhq\" \/>\n<script type=\"application\/ld+json\" class=\"yoast-schema-graph\">{\"@context\":\"https:\\\/\\\/schema.org\",\"@graph\":[{\"@type\":\"WebPage\",\"@id\":\"https:\\\/\\\/blog.bindy.com\\\/\",\"url\":\"https:\\\/\\\/blog.bindy.com\\\/\",\"name\":\"Referral Program - Audits, Tasks and Communication\",\"isPartOf\":{\"@id\":\"https:\\\/\\\/blog.bindy.com\\\/#website\"},\"primaryImageOfPage\":{\"@id\":\"https:\\\/\\\/blog.bindy.com\\\/#primaryimage\"},\"image\":{\"@id\":\"https:\\\/\\\/blog.bindy.com\\\/#primaryimage\"},\"thumbnailUrl\":\"https:\\\/\\\/i0.wp.com\\\/blog.bindy.com\\\/wp-content\\\/uploads\\\/2022\\\/02\\\/Bindy-Brand-st-ad-blue-HR-800.png?fit=800%2C418&ssl=1\",\"datePublished\":\"2019-02-06T20:11:35+00:00\",\"dateModified\":\"2024-06-05T15:48:29+00:00\",\"description\":\"Bindy works with organizations of all sizes, from large multinationals to SMB's with a handful of locations. Get a $500 Amazon gift card!\",\"breadcrumb\":{\"@id\":\"https:\\\/\\\/blog.bindy.com\\\/#breadcrumb\"},\"inLanguage\":\"pl-PL\",\"potentialAction\":[{\"@type\":\"ReadAction\",\"target\":[\"https:\\\/\\\/blog.bindy.com\\\/\"]}]},{\"@type\":\"ImageObject\",\"inLanguage\":\"pl-PL\",\"@id\":\"https:\\\/\\\/blog.bindy.com\\\/#primaryimage\",\"url\":\"https:\\\/\\\/i0.wp.com\\\/blog.bindy.com\\\/wp-content\\\/uploads\\\/2022\\\/02\\\/Bindy-Brand-st-ad-blue-HR-800.png?fit=800%2C418&ssl=1\",\"contentUrl\":\"https:\\\/\\\/i0.wp.com\\\/blog.bindy.com\\\/wp-content\\\/uploads\\\/2022\\\/02\\\/Bindy-Brand-st-ad-blue-HR-800.png?fit=800%2C418&ssl=1\",\"width\":800,\"height\":418},{\"@type\":\"BreadcrumbList\",\"@id\":\"https:\\\/\\\/blog.bindy.com\\\/#breadcrumb\",\"itemListElement\":[{\"@type\":\"ListItem\",\"position\":1,\"name\":\"Home\",\"item\":\"https:\\\/\\\/blog.bindy.com\\\/\"},{\"@type\":\"ListItem\",\"position\":2,\"name\":\"Referral Program\"}]},{\"@type\":\"WebSite\",\"@id\":\"https:\\\/\\\/blog.bindy.com\\\/#website\",\"url\":\"https:\\\/\\\/blog.bindy.com\\\/\",\"name\":\"Audits, Tasks and Communication\",\"description\":\"Retail and Hospitality Operations\",\"publisher\":{\"@id\":\"https:\\\/\\\/blog.bindy.com\\\/#organization\"},\"potentialAction\":[{\"@type\":\"SearchAction\",\"target\":{\"@type\":\"EntryPoint\",\"urlTemplate\":\"https:\\\/\\\/blog.bindy.com\\\/?s={search_term_string}\"},\"query-input\":{\"@type\":\"PropertyValueSpecification\",\"valueRequired\":true,\"valueName\":\"search_term_string\"}}],\"inLanguage\":\"pl-PL\"},{\"@type\":\"Organization\",\"@id\":\"https:\\\/\\\/blog.bindy.com\\\/#organization\",\"name\":\"Bindy\",\"url\":\"https:\\\/\\\/blog.bindy.com\\\/\",\"logo\":{\"@type\":\"ImageObject\",\"inLanguage\":\"pl-PL\",\"@id\":\"https:\\\/\\\/blog.bindy.com\\\/#\\\/schema\\\/logo\\\/image\\\/\",\"url\":\"https:\\\/\\\/i0.wp.com\\\/blog.bindy.com\\\/wp-content\\\/uploads\\\/2021\\\/10\\\/Bindy-logo-horiz-col-72DPI.png?fit=1005%2C301&ssl=1\",\"contentUrl\":\"https:\\\/\\\/i0.wp.com\\\/blog.bindy.com\\\/wp-content\\\/uploads\\\/2021\\\/10\\\/Bindy-logo-horiz-col-72DPI.png?fit=1005%2C301&ssl=1\",\"width\":1005,\"height\":301,\"caption\":\"Bindy\"},\"image\":{\"@id\":\"https:\\\/\\\/blog.bindy.com\\\/#\\\/schema\\\/logo\\\/image\\\/\"},\"sameAs\":[\"https:\\\/\\\/www.facebook.com\\\/bindyhq\",\"https:\\\/\\\/x.com\\\/bindyhq\",\"https:\\\/\\\/www.linkedin.com\\\/company\\\/bindyhq\\\/\"]}]}<\/script>\n<!-- \/ Yoast SEO plugin. -->","yoast_head_json":{"title":"Program polece\u0144 \u2013 audyty, zadania i komunikacja","description":"Bindy wsp\u00f3\u0142pracuje z organizacjami r\u00f3\u017cnej wielko\u015bci, od du\u017cych mi\u0119dzynarodowych korporacji po ma\u0142e i \u015brednie firmy z kilkoma lokalizacjami. Zdob\u0105d\u017a kart\u0119 podarunkow\u0105 Amazon $500!","robots":{"index":"index","follow":"follow","max-snippet":"max-snippet:-1","max-image-preview":"max-image-preview:large","max-video-preview":"max-video-preview:-1"},"canonical":"https:\/\/blog.bindy.com\/pl\/","og_locale":"pl_PL","og_type":"article","og_title":"Referral Program - Audits, Tasks and Communication","og_description":"Bindy works with organizations of all sizes, from large multinationals to SMB's with a handful of locations. Get a $500 Amazon gift card!","og_url":"https:\/\/blog.bindy.com\/pl\/","og_site_name":"Audits, Tasks and Communication","article_publisher":"https:\/\/www.facebook.com\/bindyhq","article_modified_time":"2024-06-05T15:48:29+00:00","og_image":[{"width":800,"height":418,"url":"https:\/\/blog.bindy.com\/wp-content\/uploads\/2022\/02\/Bindy-Brand-st-ad-blue-HR-800.png?_t=1717602509","type":"image\/png"}],"twitter_card":"summary_large_image","twitter_site":"@bindyhq","schema":{"@context":"https:\/\/schema.org","@graph":[{"@type":"WebPage","@id":"https:\/\/blog.bindy.com\/","url":"https:\/\/blog.bindy.com\/","name":"Program polece\u0144 \u2013 audyty, zadania i komunikacja","isPartOf":{"@id":"https:\/\/blog.bindy.com\/#website"},"primaryImageOfPage":{"@id":"https:\/\/blog.bindy.com\/#primaryimage"},"image":{"@id":"https:\/\/blog.bindy.com\/#primaryimage"},"thumbnailUrl":"https:\/\/i0.wp.com\/blog.bindy.com\/wp-content\/uploads\/2022\/02\/Bindy-Brand-st-ad-blue-HR-800.png?fit=800%2C418&ssl=1","datePublished":"2019-02-06T20:11:35+00:00","dateModified":"2024-06-05T15:48:29+00:00","description":"Bindy wsp\u00f3\u0142pracuje z organizacjami r\u00f3\u017cnej wielko\u015bci, od du\u017cych mi\u0119dzynarodowych korporacji po ma\u0142e i \u015brednie firmy z kilkoma lokalizacjami. Zdob\u0105d\u017a kart\u0119 podarunkow\u0105 Amazon $500!","breadcrumb":{"@id":"https:\/\/blog.bindy.com\/#breadcrumb"},"inLanguage":"pl-PL","potentialAction":[{"@type":"ReadAction","target":["https:\/\/blog.bindy.com\/"]}]},{"@type":"ImageObject","inLanguage":"pl-PL","@id":"https:\/\/blog.bindy.com\/#primaryimage","url":"https:\/\/i0.wp.com\/blog.bindy.com\/wp-content\/uploads\/2022\/02\/Bindy-Brand-st-ad-blue-HR-800.png?fit=800%2C418&ssl=1","contentUrl":"https:\/\/i0.wp.com\/blog.bindy.com\/wp-content\/uploads\/2022\/02\/Bindy-Brand-st-ad-blue-HR-800.png?fit=800%2C418&ssl=1","width":800,"height":418},{"@type":"BreadcrumbList","@id":"https:\/\/blog.bindy.com\/#breadcrumb","itemListElement":[{"@type":"ListItem","position":1,"name":"Home","item":"https:\/\/blog.bindy.com\/"},{"@type":"ListItem","position":2,"name":"Referral Program"}]},{"@type":"WebSite","@id":"https:\/\/blog.bindy.com\/#website","url":"https:\/\/blog.bindy.com\/","name":"Audyty, zadania i komunikacja","description":"Dzia\u0142alno\u015b\u0107 detaliczna i hotelarska","publisher":{"@id":"https:\/\/blog.bindy.com\/#organization"},"potentialAction":[{"@type":"SearchAction","target":{"@type":"EntryPoint","urlTemplate":"https:\/\/blog.bindy.com\/?s={search_term_string}"},"query-input":{"@type":"PropertyValueSpecification","valueRequired":true,"valueName":"search_term_string"}}],"inLanguage":"pl-PL"},{"@type":"Organization","@id":"https:\/\/blog.bindy.com\/#organization","name":"Bindy","url":"https:\/\/blog.bindy.com\/","logo":{"@type":"ImageObject","inLanguage":"pl-PL","@id":"https:\/\/blog.bindy.com\/#\/schema\/logo\/image\/","url":"https:\/\/i0.wp.com\/blog.bindy.com\/wp-content\/uploads\/2021\/10\/Bindy-logo-horiz-col-72DPI.png?fit=1005%2C301&ssl=1","contentUrl":"https:\/\/i0.wp.com\/blog.bindy.com\/wp-content\/uploads\/2021\/10\/Bindy-logo-horiz-col-72DPI.png?fit=1005%2C301&ssl=1","width":1005,"height":301,"caption":"Bindy"},"image":{"@id":"https:\/\/blog.bindy.com\/#\/schema\/logo\/image\/"},"sameAs":["https:\/\/www.facebook.com\/bindyhq","https:\/\/x.com\/bindyhq","https:\/\/www.linkedin.com\/company\/bindyhq\/"]}]}},"jetpack_likes_enabled":false,"jetpack_sharing_enabled":true,"jetpack_shortlink":"https:\/\/wp.me\/PDNAM-1rY","jetpack-related-posts":[{"id":63954,"url":"https:\/\/blog.bindy.com\/pl\/dlaczego-zmieniamy-nasza-nazwe\/","url_meta":{"origin":5578,"position":0},"title":"Zgodna IA og\u0142asza zmian\u0119 marki Bindy","author":"Bindy","date":"11 wrze\u015bnia, 2024","format":false,"excerpt":"Do natychmiastowej publikacji Toronto, Ontario, 23 listopada 2021 r. Compliant IA zmienia nazw\u0119 na Bindy, aby odzwierciedli\u0107 rozw\u00f3j i dywersyfikacj\u0119. Compliant IA, wiod\u0105cy dostawca rozwi\u0105za\u0144 chmurowych do obs\u0142ugi handlu detalicznego, og\u0142osi\u0142 dzi\u015b zako\u0144czenie gruntownego rebrandingu. Zmiana nazwy na Bindy odzwierciedla spos\u00f3b, w jaki firma si\u0119 rozwija\u0142a i dywersyfikowa\u0142a\u2026","rel":"","context":"Podobny wpis","block_context":{"text":"Podobny wpis","link":""},"img":{"alt_text":"","src":"https:\/\/i0.wp.com\/blog.bindy.com\/wp-content\/uploads\/2021\/11\/Bindy-icone-col-72DPI.png?fit=442%2C442&ssl=1&resize=350%2C200","width":350,"height":200},"classes":[]},{"id":65107,"url":"https:\/\/blog.bindy.com\/pl\/demo-bindyego\/","url_meta":{"origin":5578,"position":1},"title":"\u25b6\ufe0f Demo Bindy","author":"Bindy","date":"9 grudnia, 2024","format":false,"excerpt":"Bez rejestracji i planowania. Najwa\u017cniejsze funkcje Bindy przedstawione w 5 kr\u00f3tkich prezentacjach wideo. \u25b6\ufe0f Wprowadzenie: 1 minuta, 2 sekundy \u2139\ufe0f Bindy to oparta na chmurze aplikacja do automatyzacji \u2714\ufe0f audyt\u00f3w, \ud83d\uddd3\ufe0f zada\u0144 i \ud83d\udce3 komunikacji w handlu detalicznym i hotelarstwie. Wdra\u017caj i weryfikuj standardy marki, zadania i dzia\u0142ania naprawcze\u2026","rel":"","context":"Podobny wpis","block_context":{"text":"Podobny wpis","link":""},"img":{"alt_text":"","src":"","width":0,"height":0},"classes":[]},{"id":60545,"url":"https:\/\/blog.bindy.com\/pl\/zglaszanie-opinii\/","url_meta":{"origin":5578,"position":2},"title":"Bindy Reporting \u2013 powiedz nam, co my\u015blisz!","author":"Bindy","date":"25 sierpnia, 2023","format":false,"excerpt":"Celem raportowania jest dostarczenie danych i znalezienie potrzebnych informacji. Jak mo\u017cemy si\u0119 ulepszy\u0107? Twoja odpowied\u017a jest poufna.","rel":"","context":"Podobny wpis","block_context":{"text":"Podobny wpis","link":""},"img":{"alt_text":"","src":"https:\/\/i0.wp.com\/blog.bindy.com\/wp-content\/uploads\/2023\/08\/shutterstock_650629666.jpg?fit=1200%2C716&ssl=1&resize=350%2C200","width":350,"height":200,"srcset":"https:\/\/i0.wp.com\/blog.bindy.com\/wp-content\/uploads\/2023\/08\/shutterstock_650629666.jpg?fit=1200%2C716&ssl=1&resize=350%2C200 1x, https:\/\/i0.wp.com\/blog.bindy.com\/wp-content\/uploads\/2023\/08\/shutterstock_650629666.jpg?fit=1200%2C716&ssl=1&resize=525%2C300 1.5x, https:\/\/i0.wp.com\/blog.bindy.com\/wp-content\/uploads\/2023\/08\/shutterstock_650629666.jpg?fit=1200%2C716&ssl=1&resize=700%2C400 2x, https:\/\/i0.wp.com\/blog.bindy.com\/wp-content\/uploads\/2023\/08\/shutterstock_650629666.jpg?fit=1200%2C716&ssl=1&resize=1050%2C600 3x"},"classes":[]},{"id":60033,"url":"https:\/\/blog.bindy.com\/pl\/czemu\/","url_meta":{"origin":5578,"position":3},"title":"Powiedz nam dlaczego \/ Brak subskrypcji","author":"Bindy","date":"14 lutego, 2023","format":false,"excerpt":"Po\u015bwi\u0119\u0107 chwil\u0119, aby powiedzie\u0107 nam, dlaczego nie subskrybujesz Bindy. Nie b\u0119dziemy wysy\u0142a\u0107 kolejnych e-maili. Te informacje po prostu pomog\u0105 nam ulepszy\u0107 wersj\u0119 pr\u00f3bn\u0105 i pierwsze wra\u017cenie. Dzi\u0119kuj\u0119!","rel":"","context":"Podobny wpis","block_context":{"text":"Podobny wpis","link":""},"img":{"alt_text":"","src":"https:\/\/i0.wp.com\/blog.bindy.com\/wp-content\/uploads\/2023\/02\/Screen-compo-Combo_Screens-layed-out.png?fit=600%2C429&ssl=1&resize=350%2C200","width":350,"height":200,"srcset":"https:\/\/i0.wp.com\/blog.bindy.com\/wp-content\/uploads\/2023\/02\/Screen-compo-Combo_Screens-layed-out.png?fit=600%2C429&ssl=1&resize=350%2C200 1x, https:\/\/i0.wp.com\/blog.bindy.com\/wp-content\/uploads\/2023\/02\/Screen-compo-Combo_Screens-layed-out.png?fit=600%2C429&ssl=1&resize=525%2C300 1.5x"},"classes":[]}],"_links":{"self":[{"href":"https:\/\/blog.bindy.com\/pl\/wp-json\/wp\/v2\/pages\/5578","targetHints":{"allow":["GET"]}}],"collection":[{"href":"https:\/\/blog.bindy.com\/pl\/wp-json\/wp\/v2\/pages"}],"about":[{"href":"https:\/\/blog.bindy.com\/pl\/wp-json\/wp\/v2\/types\/page"}],"author":[{"embeddable":true,"href":"https:\/\/blog.bindy.com\/pl\/wp-json\/wp\/v2\/users\/6370623"}],"replies":[{"embeddable":true,"href":"https:\/\/blog.bindy.com\/pl\/wp-json\/wp\/v2\/comments?post=5578"}],"version-history":[{"count":88,"href":"https:\/\/blog.bindy.com\/pl\/wp-json\/wp\/v2\/pages\/5578\/revisions"}],"predecessor-version":[{"id":62647,"href":"https:\/\/blog.bindy.com\/pl\/wp-json\/wp\/v2\/pages\/5578\/revisions\/62647"}],"wp:featuredmedia":[{"embeddable":true,"href":"https:\/\/blog.bindy.com\/pl\/wp-json\/wp\/v2\/media\/57763"}],"wp:attachment":[{"href":"https:\/\/blog.bindy.com\/pl\/wp-json\/wp\/v2\/media?parent=5578"}],"curies":[{"name":"wp","href":"https:\/\/api.w.org\/{rel}","templated":true}]}}