{"id":63954,"date":"2024-09-11T18:01:27","date_gmt":"2024-09-11T22:01:27","guid":{"rendered":"https:\/\/blog.bindy.com\/?page_id=63954"},"modified":"2024-09-11T18:05:02","modified_gmt":"2024-09-11T22:05:02","slug":"perche-stiamo-cambiando-il-nostro-nome","status":"publish","type":"page","link":"https:\/\/blog.bindy.com\/it\/why-we-are-changing-our-name\/","title":{"rendered":"Conforme IA annuncia il rebranding a Bindy"},"content":{"rendered":"<p class=\"wp-block-paragraph\">Per il rilascio immediato<\/p>\n\n\n\n<p class=\"wp-block-paragraph\">Toronto, ON, 23 novembre 2021<\/p>\n\n\n\n<p class=\"wp-block-paragraph\">Conforme IA cambia il marchio in Bindy per riflettere la crescita e la diversificazione.<\/p>\n\n\n\n<p class=\"wp-block-paragraph\">Compliant IA, fornitore leader di soluzioni di esecuzione al dettaglio basate su cloud, ha annunciato oggi di aver completato un importante rebranding. Il rebranding di Bindy riflette il modo in cui l&#039;azienda \u00e8 cresciuta e diversificata negli ultimi anni.<\/p>\n\n\n\n<p class=\"wp-block-paragraph\">L&#039;azienda \u00e8 stata fondata nel 2009 come software cloud per la conformit\u00e0, ma \u00e8 cresciuta fino a fornire agli operatori multi-unit\u00e0 una suite completa di prodotti per comunicare ed eseguire gli standard del marchio in migliaia di sedi. Negli ultimi cinque anni, l&#039;azienda ha sviluppato e sviluppato un business B2B che include centinaia di rivenditori Tier-1 e Tier-2 nei cinque continenti.<\/p>\n\n\n\n<blockquote class=\"wp-block-quote is-layout-flow wp-block-quote-is-layout-flow\">\n<p class=\"wp-block-paragraph\">\u201cDal lancio nel 2009, Compliant IA \u00e8 cresciuto considerevolmente, sia come prodotto che sul mercato. In effetti, abbiamo superato il nostro nome&quot;. afferma Fabien Tiburce, CEO di Bindy.<\/p>\n<\/blockquote>\n\n\n\n<p class=\"wp-block-paragraph\">Bindy offre strumenti basati su cloud e dispositivi mobili per comunicare ed eseguire programmi e prendere decisioni aziendali informate. Questo nuovo nome consente a Bindy di allineare meglio forma e funzione.<\/p>\n\n\n\n<p class=\"wp-block-paragraph\">Le nuove risorse del marchio Bindy includono un vivace logo multicolore, insieme a un nuovo sito Web,&nbsp;<a href=\"https:\/\/www.bindy.com\/\">https:\/\/www.bindy.com<\/a>, video e animazioni che utilizzano una grafica semplice e audace per trasmettere flussi di lavoro complessi in modo accessibile.<\/p>\n\n\n\n<blockquote class=\"wp-block-quote is-layout-flow wp-block-quote-is-layout-flow\">\n<p class=\"wp-block-paragraph\">\u201cBindy segna un nuovo inizio. La pandemia \u00e8 stata difficile sia per i clienti che per i fornitori, ma per noi \u00e8 stata anche un&#039;opportunit\u00e0 per concentrarci e raddoppiare il prodotto. I clienti hanno notato. Stiamo assistendo a un aumento della domanda per il nostro prodotto in tutti i mercati chiave come Nord America, Europa, Australia e Asia\u201d, aggiunge Tiburce.<\/p>\n<\/blockquote>\n\n\n\n<p class=\"wp-block-paragraph\">Novit\u00e0 operative e di prodotto in concomitanza con questo annuncio di rebranding:<\/p>\n\n\n\n<ol class=\"wp-block-list\">\n<li>La societ\u00e0 sta lanciando la possibilit\u00e0 per le societ\u00e0 madri e holding che gestiscono pi\u00f9 concetti di accedere una volta e accedere ai loro diversi marchi.<\/li>\n\n\n\n<li>La societ\u00e0 aggiunge Okta come provider Single Sign-On oltre a Microsoft Azure.<\/li>\n<\/ol>\n\n\n\n<p class=\"wp-block-paragraph\">A proposito di Bindy<\/p>\n\n\n\n<p class=\"wp-block-paragraph\">Bindy \u00e8 un software cloud per l&#039;esecuzione in negozio, inclusi audit di vendita al dettaglio, gestione delle attivit\u00e0 e monitoraggio dei biglietti. Bindy aiuta gli operatori multi-unit\u00e0 a eseguire standard, programmi e operazioni del marchio.<\/p>\n\n\n\n<p class=\"wp-block-paragraph\">Per maggiori informazioni visita&nbsp;<a href=\"https:\/\/www.bindy.com\/\">https:\/\/www.bindy.com<\/a><\/p>\n\n\n\n<figure class=\"wp-block-embed\"><div class=\"wp-block-embed__wrapper\">\n<a href=\"https:\/\/www.prweb.com\/releases\/compliant_ia_announces_rebrand_to_bindy\/prweb18349785.htm\" rel=\"nofollow\">https:\/\/www.prweb.com\/releases\/compliant_ia_announces_rebrand_to_bindy\/prweb18349785.htm<\/a>\n<\/div><\/figure>\n\n\n\n<p class=\"wp-block-paragraph\">###<\/p>\n\n\n\n<figure class=\"wp-block-image\"><a href=\"https:\/\/bindy.com\/\" target=\"_blank\" rel=\"noreferrer noopener\"><img loading=\"lazy\" decoding=\"async\" width=\"1005\" height=\"301\" data-attachment-id=\"56663\" data-permalink=\"https:\/\/blog.bindy.com\/it\/bindy-logo-horiz-col-72dpi\/\" data-orig-file=\"https:\/\/blog.bindy.com\/wp-content\/uploads\/2021\/10\/Bindy-logo-horiz-col-72DPI.png\" data-orig-size=\"1005,301\" data-comments-opened=\"1\" data-image-meta=\"{&quot;aperture&quot;:&quot;0&quot;,&quot;credit&quot;:&quot;&quot;,&quot;camera&quot;:&quot;&quot;,&quot;caption&quot;:&quot;&quot;,&quot;created_timestamp&quot;:&quot;0&quot;,&quot;copyright&quot;:&quot;&quot;,&quot;focal_length&quot;:&quot;0&quot;,&quot;iso&quot;:&quot;0&quot;,&quot;shutter_speed&quot;:&quot;0&quot;,&quot;title&quot;:&quot;&quot;,&quot;orientation&quot;:&quot;0&quot;}\" data-image-title=\"Bindy logo horiz-col-72DPI\" data-image-description=\"\" data-image-caption=\"\" data-large-file=\"https:\/\/blog.bindy.com\/wp-content\/uploads\/2021\/10\/Bindy-logo-horiz-col-72DPI.png\" src=\"https:\/\/i0.wp.com\/blog.bindy.com\/wp-content\/uploads\/2021\/10\/Bindy-logo-horiz-col-72DPI.png?resize=700%2C210&amp;ssl=1\" alt=\"\" class=\"wp-image-56663\" srcset=\"https:\/\/blog.bindy.com\/wp-content\/uploads\/2021\/10\/Bindy-logo-horiz-col-72DPI.png 1005w, https:\/\/blog.bindy.com\/wp-content\/uploads\/2021\/10\/Bindy-logo-horiz-col-72DPI-300x90.png 300w, https:\/\/blog.bindy.com\/wp-content\/uploads\/2021\/10\/Bindy-logo-horiz-col-72DPI-768x230.png 768w, https:\/\/blog.bindy.com\/wp-content\/uploads\/2021\/10\/Bindy-logo-horiz-col-72DPI-700x210.png 700w\" sizes=\"auto, (max-width: 1005px) 100vw, 1005px\" \/><\/a><\/figure>","protected":false},"excerpt":{"rendered":"<p>Per il rilascio immediato Toronto, ON, 23 novembre 2021 Conforme IA cambia il marchio in Bindy per riflettere la crescita e la diversificazione. Compliant IA, fornitore leader di soluzioni di esecuzione al dettaglio basate su cloud, ha annunciato oggi di aver completato un importante rebranding. Il rebranding di Bindy riflette il modo in cui l&#039;azienda \u00e8 cresciuta e diversificata negli ultimi anni. L&#039;azienda \u2026 <a href=\"https:\/\/blog.bindy.com\/it\/why-we-are-changing-our-name\/\" class=\"more-link\">Continua a leggere <span class=\"screen-reader-text\">Conforme IA annuncia il rebranding a Bindy<\/span> <span class=\"meta-nav\">\u2192<\/span><\/a><\/p>","protected":false},"author":6370623,"featured_media":57196,"parent":0,"menu_order":0,"comment_status":"closed","ping_status":"closed","template":"","meta":{"_coblocks_attr":"","_coblocks_dimensions":"","_coblocks_responsive_height":"","_coblocks_accordion_ie_support":"","_crdt_document":"","footnotes":""},"class_list":["post-63954","page","type-page","status-publish","has-post-thumbnail","hentry"],"yoast_head":"<!-- This site is optimized with the Yoast SEO plugin v27.6 - https:\/\/yoast.com\/product\/yoast-seo-wordpress\/ -->\n<title>Compliant IA Announces Rebrand to Bindy - Audits, Tasks and Communication<\/title>\n<meta name=\"description\" content=\"Compliant IA Rebrands to Bindy to Reflect Growth and Diversification.\" \/>\n<meta name=\"robots\" content=\"index, follow, max-snippet:-1, max-image-preview:large, max-video-preview:-1\" \/>\n<link rel=\"canonical\" href=\"https:\/\/blog.bindy.com\/it\/perche-stiamo-cambiando-il-nostro-nome\/\" \/>\n<meta property=\"og:locale\" content=\"it_IT\" \/>\n<meta property=\"og:type\" content=\"article\" \/>\n<meta property=\"og:title\" content=\"Compliant IA Announces Rebrand to Bindy - Audits, Tasks and Communication\" \/>\n<meta property=\"og:description\" content=\"Compliant IA Rebrands to Bindy to Reflect Growth and Diversification.\" \/>\n<meta property=\"og:url\" content=\"https:\/\/blog.bindy.com\/it\/perche-stiamo-cambiando-il-nostro-nome\/\" \/>\n<meta property=\"og:site_name\" content=\"Audits, Tasks and Communication\" \/>\n<meta property=\"article:publisher\" content=\"https:\/\/www.facebook.com\/bindyhq\" \/>\n<meta property=\"article:modified_time\" content=\"2024-09-11T22:05:02+00:00\" \/>\n<meta property=\"og:image\" content=\"https:\/\/blog.bindy.com\/wp-content\/uploads\/2021\/11\/Bindy-icone-col-72DPI.png?_t=1726092302\" \/>\n\t<meta property=\"og:image:width\" content=\"442\" \/>\n\t<meta property=\"og:image:height\" content=\"442\" \/>\n\t<meta property=\"og:image:type\" content=\"image\/png\" \/>\n<meta name=\"twitter:card\" content=\"summary_large_image\" \/>\n<meta name=\"twitter:site\" content=\"@bindyhq\" \/>\n<script type=\"application\/ld+json\" class=\"yoast-schema-graph\">{\"@context\":\"https:\\\/\\\/schema.org\",\"@graph\":[{\"@type\":\"WebPage\",\"@id\":\"https:\\\/\\\/blog.bindy.com\\\/why-we-are-changing-our-name\\\/\",\"url\":\"https:\\\/\\\/blog.bindy.com\\\/why-we-are-changing-our-name\\\/\",\"name\":\"Compliant IA Announces Rebrand to Bindy - Audits, Tasks and Communication\",\"isPartOf\":{\"@id\":\"https:\\\/\\\/blog.bindy.com\\\/#website\"},\"primaryImageOfPage\":{\"@id\":\"https:\\\/\\\/blog.bindy.com\\\/why-we-are-changing-our-name\\\/#primaryimage\"},\"image\":{\"@id\":\"https:\\\/\\\/blog.bindy.com\\\/why-we-are-changing-our-name\\\/#primaryimage\"},\"thumbnailUrl\":\"https:\\\/\\\/blog.bindy.com\\\/wp-content\\\/uploads\\\/2021\\\/11\\\/Bindy-icone-col-72DPI.png\",\"datePublished\":\"2024-09-11T22:01:27+00:00\",\"dateModified\":\"2024-09-11T22:05:02+00:00\",\"description\":\"Compliant IA Rebrands to Bindy to Reflect Growth and Diversification.\",\"breadcrumb\":{\"@id\":\"https:\\\/\\\/blog.bindy.com\\\/why-we-are-changing-our-name\\\/#breadcrumb\"},\"inLanguage\":\"it-IT\",\"potentialAction\":[{\"@type\":\"ReadAction\",\"target\":[\"https:\\\/\\\/blog.bindy.com\\\/why-we-are-changing-our-name\\\/\"]}]},{\"@type\":\"ImageObject\",\"inLanguage\":\"it-IT\",\"@id\":\"https:\\\/\\\/blog.bindy.com\\\/why-we-are-changing-our-name\\\/#primaryimage\",\"url\":\"https:\\\/\\\/blog.bindy.com\\\/wp-content\\\/uploads\\\/2021\\\/11\\\/Bindy-icone-col-72DPI.png\",\"contentUrl\":\"https:\\\/\\\/blog.bindy.com\\\/wp-content\\\/uploads\\\/2021\\\/11\\\/Bindy-icone-col-72DPI.png\",\"width\":442,\"height\":442},{\"@type\":\"BreadcrumbList\",\"@id\":\"https:\\\/\\\/blog.bindy.com\\\/why-we-are-changing-our-name\\\/#breadcrumb\",\"itemListElement\":[{\"@type\":\"ListItem\",\"position\":1,\"name\":\"Home\",\"item\":\"https:\\\/\\\/blog.bindy.com\\\/\"},{\"@type\":\"ListItem\",\"position\":2,\"name\":\"Compliant IA Announces Rebrand to Bindy\"}]},{\"@type\":\"WebSite\",\"@id\":\"https:\\\/\\\/blog.bindy.com\\\/#website\",\"url\":\"https:\\\/\\\/blog.bindy.com\\\/\",\"name\":\"Audits, Tasks and Communication\",\"description\":\"Inspect your sites, verify brand standards, and send tasks. Get real-time reports, signatures, videos, and photo verifications.\",\"publisher\":{\"@id\":\"https:\\\/\\\/blog.bindy.com\\\/#organization\"},\"potentialAction\":[{\"@type\":\"SearchAction\",\"target\":{\"@type\":\"EntryPoint\",\"urlTemplate\":\"https:\\\/\\\/blog.bindy.com\\\/?s={search_term_string}\"},\"query-input\":{\"@type\":\"PropertyValueSpecification\",\"valueRequired\":true,\"valueName\":\"search_term_string\"}}],\"inLanguage\":\"it-IT\"},{\"@type\":\"Organization\",\"@id\":\"https:\\\/\\\/blog.bindy.com\\\/#organization\",\"name\":\"Bindy\",\"url\":\"https:\\\/\\\/blog.bindy.com\\\/\",\"logo\":{\"@type\":\"ImageObject\",\"inLanguage\":\"it-IT\",\"@id\":\"https:\\\/\\\/blog.bindy.com\\\/#\\\/schema\\\/logo\\\/image\\\/\",\"url\":\"https:\\\/\\\/i0.wp.com\\\/blog.bindy.com\\\/wp-content\\\/uploads\\\/2021\\\/10\\\/Bindy-logo-horiz-col-72DPI.png?fit=1005%2C301&ssl=1\",\"contentUrl\":\"https:\\\/\\\/i0.wp.com\\\/blog.bindy.com\\\/wp-content\\\/uploads\\\/2021\\\/10\\\/Bindy-logo-horiz-col-72DPI.png?fit=1005%2C301&ssl=1\",\"width\":1005,\"height\":301,\"caption\":\"Bindy\"},\"image\":{\"@id\":\"https:\\\/\\\/blog.bindy.com\\\/#\\\/schema\\\/logo\\\/image\\\/\"},\"sameAs\":[\"https:\\\/\\\/www.facebook.com\\\/bindyhq\",\"https:\\\/\\\/x.com\\\/bindyhq\",\"https:\\\/\\\/www.linkedin.com\\\/company\\\/bindyhq\\\/\"]}]}<\/script>\n<!-- \/ Yoast SEO plugin. -->","yoast_head_json":{"title":"Compliant IA annuncia il rebranding in Bindy - Audit, attivit\u00e0 e comunicazione","description":"Conforme IA cambia il marchio in Bindy per riflettere la crescita e la diversificazione.","robots":{"index":"index","follow":"follow","max-snippet":"max-snippet:-1","max-image-preview":"max-image-preview:large","max-video-preview":"max-video-preview:-1"},"canonical":"https:\/\/blog.bindy.com\/it\/perche-stiamo-cambiando-il-nostro-nome\/","og_locale":"it_IT","og_type":"article","og_title":"Compliant IA Announces Rebrand to Bindy - Audits, Tasks and Communication","og_description":"Compliant IA Rebrands to Bindy to Reflect Growth and Diversification.","og_url":"https:\/\/blog.bindy.com\/it\/perche-stiamo-cambiando-il-nostro-nome\/","og_site_name":"Audits, Tasks and Communication","article_publisher":"https:\/\/www.facebook.com\/bindyhq","article_modified_time":"2024-09-11T22:05:02+00:00","og_image":[{"width":442,"height":442,"url":"https:\/\/blog.bindy.com\/wp-content\/uploads\/2021\/11\/Bindy-icone-col-72DPI.png?_t=1726092302","type":"image\/png"}],"twitter_card":"summary_large_image","twitter_site":"@bindyhq","schema":{"@context":"https:\/\/schema.org","@graph":[{"@type":"WebPage","@id":"https:\/\/blog.bindy.com\/why-we-are-changing-our-name\/","url":"https:\/\/blog.bindy.com\/why-we-are-changing-our-name\/","name":"Compliant IA annuncia il rebranding in Bindy - Audit, attivit\u00e0 e comunicazione","isPartOf":{"@id":"https:\/\/blog.bindy.com\/#website"},"primaryImageOfPage":{"@id":"https:\/\/blog.bindy.com\/why-we-are-changing-our-name\/#primaryimage"},"image":{"@id":"https:\/\/blog.bindy.com\/why-we-are-changing-our-name\/#primaryimage"},"thumbnailUrl":"https:\/\/blog.bindy.com\/wp-content\/uploads\/2021\/11\/Bindy-icone-col-72DPI.png","datePublished":"2024-09-11T22:01:27+00:00","dateModified":"2024-09-11T22:05:02+00:00","description":"Conforme IA cambia il marchio in Bindy per riflettere la crescita e la diversificazione.","breadcrumb":{"@id":"https:\/\/blog.bindy.com\/why-we-are-changing-our-name\/#breadcrumb"},"inLanguage":"it-IT","potentialAction":[{"@type":"ReadAction","target":["https:\/\/blog.bindy.com\/why-we-are-changing-our-name\/"]}]},{"@type":"ImageObject","inLanguage":"it-IT","@id":"https:\/\/blog.bindy.com\/why-we-are-changing-our-name\/#primaryimage","url":"https:\/\/blog.bindy.com\/wp-content\/uploads\/2021\/11\/Bindy-icone-col-72DPI.png","contentUrl":"https:\/\/blog.bindy.com\/wp-content\/uploads\/2021\/11\/Bindy-icone-col-72DPI.png","width":442,"height":442},{"@type":"BreadcrumbList","@id":"https:\/\/blog.bindy.com\/why-we-are-changing-our-name\/#breadcrumb","itemListElement":[{"@type":"ListItem","position":1,"name":"Home","item":"https:\/\/blog.bindy.com\/"},{"@type":"ListItem","position":2,"name":"Compliant IA Announces Rebrand to Bindy"}]},{"@type":"WebSite","@id":"https:\/\/blog.bindy.com\/#website","url":"https:\/\/blog.bindy.com\/","name":"Audit, compiti e comunicazione","description":"Ispeziona i tuoi siti, verifica gli standard del marchio e invia le attivit\u00e0. Ricevi report in tempo reale, firme, video e verifiche fotografiche.","publisher":{"@id":"https:\/\/blog.bindy.com\/#organization"},"potentialAction":[{"@type":"SearchAction","target":{"@type":"EntryPoint","urlTemplate":"https:\/\/blog.bindy.com\/?s={search_term_string}"},"query-input":{"@type":"PropertyValueSpecification","valueRequired":true,"valueName":"search_term_string"}}],"inLanguage":"it-IT"},{"@type":"Organization","@id":"https:\/\/blog.bindy.com\/#organization","name":"Legato","url":"https:\/\/blog.bindy.com\/","logo":{"@type":"ImageObject","inLanguage":"it-IT","@id":"https:\/\/blog.bindy.com\/#\/schema\/logo\/image\/","url":"https:\/\/i0.wp.com\/blog.bindy.com\/wp-content\/uploads\/2021\/10\/Bindy-logo-horiz-col-72DPI.png?fit=1005%2C301&ssl=1","contentUrl":"https:\/\/i0.wp.com\/blog.bindy.com\/wp-content\/uploads\/2021\/10\/Bindy-logo-horiz-col-72DPI.png?fit=1005%2C301&ssl=1","width":1005,"height":301,"caption":"Bindy"},"image":{"@id":"https:\/\/blog.bindy.com\/#\/schema\/logo\/image\/"},"sameAs":["https:\/\/www.facebook.com\/bindyhq","https:\/\/x.com\/bindyhq","https:\/\/www.linkedin.com\/company\/bindyhq\/"]}]}},"jetpack_likes_enabled":false,"jetpack_sharing_enabled":true,"jetpack_shortlink":"https:\/\/wp.me\/PDNAM-gDw","jetpack-related-posts":[{"id":65107,"url":"https:\/\/blog.bindy.com\/it\/bindy-demo\/","url_meta":{"origin":63954,"position":0},"title":"\u25b6\ufe0f Demo di Bindy","author":"Bindy","date":"Dicembre 9, 2024","format":false,"excerpt":"No registration and no scheduling required. Bindy's most essential features organized into 5 quick video demonstrations. Like what you see? We tell you more about the trial and pricing. It's that simple. \u25b6\ufe0f Intro 1 minute, 2 seconds \u2139\ufe0f Bindy is a cloud AI-powered\u00a0\u2714\ufe0f\u00a0Audits,\u00a0\ud83d\uddd3\ufe0f\u00a0Tasks\u00a0and\u00a0\ud83d\udce3\u00a0Communication\u00a0app, purpose-built for retail and hospitality networks.\u2026","rel":"","context":"Articolo simile","block_context":{"text":"Articolo simile","link":""},"img":{"alt_text":"","src":"","width":0,"height":0},"classes":[]},{"id":5578,"url":"https:\/\/blog.bindy.com\/it\/referral\/","url_meta":{"origin":63954,"position":1},"title":"Programma di riferimento","author":"Bindy","date":"Febbraio 6, 2019","format":false,"excerpt":"Segnala Bindy. Il tuo referral ricever\u00e0 un mese gratuito di servizio Bindy. Riceverai una carta regalo Amazon da $500. Bindy collabora con organizzazioni di tutte le dimensioni, dalle grandi multinazionali alle PMI con poche sedi. Se hai colleghi e amici interessati a promuovere gli standard e le attivit\u00e0 del marchio nella loro organizzazione,\u2026","rel":"","context":"Articolo simile","block_context":{"text":"Articolo simile","link":""},"img":{"alt_text":"","src":"https:\/\/i0.wp.com\/blog.bindy.com\/wp-content\/uploads\/2022\/02\/Bindy-Brand-st-ad-blue-HR-800.png?resize=350%2C200&ssl=1","width":350,"height":200,"srcset":"https:\/\/i0.wp.com\/blog.bindy.com\/wp-content\/uploads\/2022\/02\/Bindy-Brand-st-ad-blue-HR-800.png?resize=350%2C200&ssl=1 1x, https:\/\/i0.wp.com\/blog.bindy.com\/wp-content\/uploads\/2022\/02\/Bindy-Brand-st-ad-blue-HR-800.png?resize=525%2C300&ssl=1 1.5x, https:\/\/i0.wp.com\/blog.bindy.com\/wp-content\/uploads\/2022\/02\/Bindy-Brand-st-ad-blue-HR-800.png?resize=700%2C400&ssl=1 2x"},"classes":[]},{"id":60545,"url":"https:\/\/blog.bindy.com\/it\/reporting-feedback\/","url_meta":{"origin":63954,"position":2},"title":"Bindy Reporting: dicci cosa ne pensi!","author":"Bindy","date":"Agosto 25, 2023","format":false,"excerpt":"Lo scopo del reporting \u00e8 portare i dati e trovare le informazioni di cui hai bisogno. Come possiamo migliorare? La tua risposta \u00e8 confidenziale.","rel":"","context":"Articolo simile","block_context":{"text":"Articolo simile","link":""},"img":{"alt_text":"","src":"https:\/\/i0.wp.com\/blog.bindy.com\/wp-content\/uploads\/2023\/08\/shutterstock_650629666.jpg?resize=350%2C200&ssl=1","width":350,"height":200,"srcset":"https:\/\/i0.wp.com\/blog.bindy.com\/wp-content\/uploads\/2023\/08\/shutterstock_650629666.jpg?resize=350%2C200&ssl=1 1x, https:\/\/i0.wp.com\/blog.bindy.com\/wp-content\/uploads\/2023\/08\/shutterstock_650629666.jpg?resize=525%2C300&ssl=1 1.5x, https:\/\/i0.wp.com\/blog.bindy.com\/wp-content\/uploads\/2023\/08\/shutterstock_650629666.jpg?resize=700%2C400&ssl=1 2x, https:\/\/i0.wp.com\/blog.bindy.com\/wp-content\/uploads\/2023\/08\/shutterstock_650629666.jpg?resize=1050%2C600&ssl=1 3x, https:\/\/i0.wp.com\/blog.bindy.com\/wp-content\/uploads\/2023\/08\/shutterstock_650629666.jpg?resize=1400%2C800&ssl=1 4x"},"classes":[]},{"id":60033,"url":"https:\/\/blog.bindy.com\/it\/why\/","url_meta":{"origin":63954,"position":3},"title":"Dicci perch\u00e9 \/ Nessun abbonamento","author":"Bindy","date":"Febbraio 14, 2023","format":false,"excerpt":"Ti preghiamo di dedicare un momento a dirci perch\u00e9 non ti stai abbonando a Bindy. Non invieremo e-mail di follow-up. Queste informazioni ci aiuteranno semplicemente a migliorare la prova e le prime impressioni. Grazie!","rel":"","context":"Articolo simile","block_context":{"text":"Articolo simile","link":""},"img":{"alt_text":"","src":"https:\/\/i0.wp.com\/blog.bindy.com\/wp-content\/uploads\/2023\/02\/Screen-compo-Combo_Screens-layed-out.png?resize=350%2C200&ssl=1","width":350,"height":200,"srcset":"https:\/\/i0.wp.com\/blog.bindy.com\/wp-content\/uploads\/2023\/02\/Screen-compo-Combo_Screens-layed-out.png?resize=350%2C200&ssl=1 1x, https:\/\/i0.wp.com\/blog.bindy.com\/wp-content\/uploads\/2023\/02\/Screen-compo-Combo_Screens-layed-out.png?resize=525%2C300&ssl=1 1.5x"},"classes":[]}],"_links":{"self":[{"href":"https:\/\/blog.bindy.com\/it\/wp-json\/wp\/v2\/pages\/63954","targetHints":{"allow":["GET"]}}],"collection":[{"href":"https:\/\/blog.bindy.com\/it\/wp-json\/wp\/v2\/pages"}],"about":[{"href":"https:\/\/blog.bindy.com\/it\/wp-json\/wp\/v2\/types\/page"}],"author":[{"embeddable":true,"href":"https:\/\/blog.bindy.com\/it\/wp-json\/wp\/v2\/users\/6370623"}],"replies":[{"embeddable":true,"href":"https:\/\/blog.bindy.com\/it\/wp-json\/wp\/v2\/comments?post=63954"}],"version-history":[{"count":1,"href":"https:\/\/blog.bindy.com\/it\/wp-json\/wp\/v2\/pages\/63954\/revisions"}],"predecessor-version":[{"id":63955,"href":"https:\/\/blog.bindy.com\/it\/wp-json\/wp\/v2\/pages\/63954\/revisions\/63955"}],"wp:featuredmedia":[{"embeddable":true,"href":"https:\/\/blog.bindy.com\/it\/wp-json\/wp\/v2\/media\/57196"}],"wp:attachment":[{"href":"https:\/\/blog.bindy.com\/it\/wp-json\/wp\/v2\/media?parent=63954"}],"curies":[{"name":"scrivere","href":"https:\/\/api.w.org\/{rel}","templated":true}]}}