{"id":5578,"date":"2019-02-06T15:11:35","date_gmt":"2019-02-06T20:11:35","guid":{"rendered":"http:\/\/blog.bindy.com\/?page_id=5578"},"modified":"2024-06-05T11:48:29","modified_gmt":"2024-06-05T15:48:29","slug":"rinvio","status":"publish","type":"page","link":"https:\/\/blog.bindy.com\/it\/referral\/","title":{"rendered":"Programma di riferimento"},"content":{"rendered":"<h3 class=\"wp-block-heading\">Invita Bindy. Il tuo referral riceve un mese gratuito del servizio Bindy. Riceverai una carta regalo Amazon $500.<\/h3>\n\n\n\n<p class=\"wp-block-paragraph\"><a href=\"https:\/\/bindy.com\/\" target=\"_blank\" rel=\"noreferrer noopener\">Legato <\/a>lavora con organizzazioni di tutte le dimensioni, dalle grandi multinazionali alle PMI con poche sedi. Se hai colleghi e amici interessati a promuovere gli standard e le operazioni del marchio nella loro organizzazione, questo programma di riferimento \u00e8 per te... e per loro! E&#039; molto semplice e aperto a tutti.<\/p>\n\n\n\n<h2 class=\"wp-block-heading\">Come funziona<\/h2>\n\n\n\n<ol class=\"wp-block-list\">\n<li>Compila il modulo sottostante. Contatteremo il referral, offriremo loro una prova gratuita pi\u00f9 un mese di servizio gratuito, grazie a te.<\/li>\n\n\n\n<li>Se il tuo referral si iscrive a Bindy, ricevi un USD $500 <a href=\"https:\/\/www.amazon.com\/gift-cards\" target=\"_blank\" rel=\"noreferrer noopener\">Carta regalo Amazon<\/a> per e-mail.<\/li>\n\n\n\n<li>Vedere i termini e le condizioni di seguito.<\/li>\n<\/ol>\n\n\n<div class=\"wp-block-jetpack-contact-form is-layout-flex wp-container-jetpack-contact-form-is-layout-7f6ac06e wp-block-jetpack-contact-form-is-layout-flex\"><a href=\"https:\/\/blog.bindy.com\/it\/referral\/\" target=\"_blank\" rel=\"noopener noreferrer\">Invia un modulo.<\/a><\/div>\n\n<h2><strong>Termini e Condizioni<\/strong><\/h2>\n<ol>\n<li>Nulla impedisce a Bindy di ottenere referral da altri referrer.<\/li>\n<li>Bindy non ha alcun obbligo di contattare il referral e di contattarti in caso contrario.<\/li>\n<li>Bindy non ti contatter\u00e0 se il referral \u00e8 gi\u00e0 un cliente, \u00e8 gi\u00e0 stato contattato o \u00e8 stato precedentemente segnalato da qualcun altro.<\/li>\n<li>Bindy ti contatter\u00e0 se contatteremo il referral.<\/li>\n<li>Se il referral conferma di essersi iscritto a Bindy entro 180 giorni a seguito del referral, Bindy ti invier\u00e0 via e-mail una carta eGift per un importo di $500 USD quando le entrate raccolte da questo referral sono pari o superiori a $1.000 USD.<\/li>\n<li>Bindy non ha alcun obbligo di pagare una commissione di segnalazione se le entrate raccolte da questa segnalazione non raggiungono USD $1.000 a causa di annullamento o risoluzione.&nbsp;<\/li>\n<li>Non puoi fare riferimento a te stesso.&nbsp;<\/li>\n<li>Devi avere almeno 18 anni per fare riferimento a qualcuno. Il referente deve avere almeno 18 anni.<\/li>\n<li>Bindy pu\u00f2 terminare o modificare il programma di riferimento in qualsiasi momento, a nostra esclusiva e assoluta discrezione. Se lo facciamo, i referral e i termini eccezionali saranno onorati.<\/li>\n<li>Potresti avere fino a 20 referral nell&#039;ambito di questo programma. Ogni rinvio \u00e8 trattato individualmente e indipendentemente da qualsiasi altro.<\/li>\n<li>Il programma di riferimento non \u00e8 disponibile per Rivenditori e Integratori gi\u00e0 sotto contratto con Bindy.<\/li>\n<li>Ti consigliamo di controllare il tuo contratto di lavoro e qualsiasi altro contratto che potresti aver stipulato e assicurarti che la partecipazione al programma di riferimento non violi le politiche della tua organizzazione.<\/li>\n<li>Bindy non sar\u00e0 responsabile per eventuali danni indiretti, speciali e\/o consequenziali, derivanti da o in connessione con il presente accordo di riferimento.<\/li>\n<li>Compilando il modulo, dichiari di aver letto, compreso e accettato i termini e le condizioni del programma di riferimento.<\/li>\n<\/ol>\n\n\n<p class=\"wp-block-paragraph\"><\/p>","protected":false},"excerpt":{"rendered":"<p>Invita Bindy. Il tuo referral riceve un mese gratuito del servizio Bindy. Riceverai una carta regalo Amazon $500. Bindy lavora con organizzazioni di tutte le dimensioni, dalle grandi multinazionali alle PMI con poche sedi. Se hai colleghi e amici interessati a promuovere gli standard e le operazioni del marchio nella loro organizzazione, questo programma di riferimento \u00e8 per... <a href=\"https:\/\/blog.bindy.com\/it\/referral\/\" class=\"more-link\">Continua a leggere <span class=\"screen-reader-text\">Programma di riferimento<\/span> <span class=\"meta-nav\">\u2192<\/span><\/a><\/p>","protected":false},"author":6370623,"featured_media":57763,"parent":0,"menu_order":0,"comment_status":"closed","ping_status":"closed","template":"","meta":{"_coblocks_attr":"","_coblocks_dimensions":"","_coblocks_responsive_height":"","_coblocks_accordion_ie_support":"","_crdt_document":"","footnotes":""},"class_list":["post-5578","page","type-page","status-publish","has-post-thumbnail","hentry"],"yoast_head":"<!-- This site is optimized with the Yoast SEO plugin v27.6 - https:\/\/yoast.com\/product\/yoast-seo-wordpress\/ -->\n<title>Referral Program - Audits, Tasks and Communication<\/title>\n<meta name=\"description\" content=\"Bindy works with organizations of all sizes, from large multinationals to SMB&#039;s with a handful of locations. Get a $500 Amazon gift card!\" \/>\n<meta name=\"robots\" content=\"index, follow, max-snippet:-1, max-image-preview:large, max-video-preview:-1\" \/>\n<link rel=\"canonical\" href=\"https:\/\/blog.bindy.com\/it\/\" \/>\n<meta property=\"og:locale\" content=\"it_IT\" \/>\n<meta property=\"og:type\" content=\"article\" \/>\n<meta property=\"og:title\" content=\"Referral Program - Audits, Tasks and Communication\" \/>\n<meta property=\"og:description\" content=\"Bindy works with organizations of all sizes, from large multinationals to SMB&#039;s with a handful of locations. Get a $500 Amazon gift card!\" \/>\n<meta property=\"og:url\" content=\"https:\/\/blog.bindy.com\/it\/\" \/>\n<meta property=\"og:site_name\" content=\"Audits, Tasks and Communication\" \/>\n<meta property=\"article:publisher\" content=\"https:\/\/www.facebook.com\/bindyhq\" \/>\n<meta property=\"article:modified_time\" content=\"2024-06-05T15:48:29+00:00\" \/>\n<meta property=\"og:image\" content=\"https:\/\/blog.bindy.com\/wp-content\/uploads\/2022\/02\/Bindy-Brand-st-ad-blue-HR-800.png?_t=1717602509\" \/>\n\t<meta property=\"og:image:width\" content=\"800\" \/>\n\t<meta property=\"og:image:height\" content=\"418\" \/>\n\t<meta property=\"og:image:type\" content=\"image\/png\" \/>\n<meta name=\"twitter:card\" content=\"summary_large_image\" \/>\n<meta name=\"twitter:site\" content=\"@bindyhq\" \/>\n<script type=\"application\/ld+json\" class=\"yoast-schema-graph\">{\"@context\":\"https:\\\/\\\/schema.org\",\"@graph\":[{\"@type\":\"WebPage\",\"@id\":\"https:\\\/\\\/blog.bindy.com\\\/\",\"url\":\"https:\\\/\\\/blog.bindy.com\\\/\",\"name\":\"Referral Program - Audits, Tasks and Communication\",\"isPartOf\":{\"@id\":\"https:\\\/\\\/blog.bindy.com\\\/#website\"},\"primaryImageOfPage\":{\"@id\":\"https:\\\/\\\/blog.bindy.com\\\/#primaryimage\"},\"image\":{\"@id\":\"https:\\\/\\\/blog.bindy.com\\\/#primaryimage\"},\"thumbnailUrl\":\"https:\\\/\\\/i0.wp.com\\\/blog.bindy.com\\\/wp-content\\\/uploads\\\/2022\\\/02\\\/Bindy-Brand-st-ad-blue-HR-800.png?fit=800%2C418&ssl=1\",\"datePublished\":\"2019-02-06T20:11:35+00:00\",\"dateModified\":\"2024-06-05T15:48:29+00:00\",\"description\":\"Bindy works with organizations of all sizes, from large multinationals to SMB's with a handful of locations. Get a $500 Amazon gift card!\",\"breadcrumb\":{\"@id\":\"https:\\\/\\\/blog.bindy.com\\\/#breadcrumb\"},\"inLanguage\":\"it-IT\",\"potentialAction\":[{\"@type\":\"ReadAction\",\"target\":[\"https:\\\/\\\/blog.bindy.com\\\/\"]}]},{\"@type\":\"ImageObject\",\"inLanguage\":\"it-IT\",\"@id\":\"https:\\\/\\\/blog.bindy.com\\\/#primaryimage\",\"url\":\"https:\\\/\\\/i0.wp.com\\\/blog.bindy.com\\\/wp-content\\\/uploads\\\/2022\\\/02\\\/Bindy-Brand-st-ad-blue-HR-800.png?fit=800%2C418&ssl=1\",\"contentUrl\":\"https:\\\/\\\/i0.wp.com\\\/blog.bindy.com\\\/wp-content\\\/uploads\\\/2022\\\/02\\\/Bindy-Brand-st-ad-blue-HR-800.png?fit=800%2C418&ssl=1\",\"width\":800,\"height\":418},{\"@type\":\"BreadcrumbList\",\"@id\":\"https:\\\/\\\/blog.bindy.com\\\/#breadcrumb\",\"itemListElement\":[{\"@type\":\"ListItem\",\"position\":1,\"name\":\"Home\",\"item\":\"https:\\\/\\\/blog.bindy.com\\\/\"},{\"@type\":\"ListItem\",\"position\":2,\"name\":\"Referral Program\"}]},{\"@type\":\"WebSite\",\"@id\":\"https:\\\/\\\/blog.bindy.com\\\/#website\",\"url\":\"https:\\\/\\\/blog.bindy.com\\\/\",\"name\":\"Audits, Tasks and Communication\",\"description\":\"Inspect your sites, verify brand standards, and send tasks. Get real-time reports, signatures, videos, and photo verifications.\",\"publisher\":{\"@id\":\"https:\\\/\\\/blog.bindy.com\\\/#organization\"},\"potentialAction\":[{\"@type\":\"SearchAction\",\"target\":{\"@type\":\"EntryPoint\",\"urlTemplate\":\"https:\\\/\\\/blog.bindy.com\\\/?s={search_term_string}\"},\"query-input\":{\"@type\":\"PropertyValueSpecification\",\"valueRequired\":true,\"valueName\":\"search_term_string\"}}],\"inLanguage\":\"it-IT\"},{\"@type\":\"Organization\",\"@id\":\"https:\\\/\\\/blog.bindy.com\\\/#organization\",\"name\":\"Bindy\",\"url\":\"https:\\\/\\\/blog.bindy.com\\\/\",\"logo\":{\"@type\":\"ImageObject\",\"inLanguage\":\"it-IT\",\"@id\":\"https:\\\/\\\/blog.bindy.com\\\/#\\\/schema\\\/logo\\\/image\\\/\",\"url\":\"https:\\\/\\\/i0.wp.com\\\/blog.bindy.com\\\/wp-content\\\/uploads\\\/2021\\\/10\\\/Bindy-logo-horiz-col-72DPI.png?fit=1005%2C301&ssl=1\",\"contentUrl\":\"https:\\\/\\\/i0.wp.com\\\/blog.bindy.com\\\/wp-content\\\/uploads\\\/2021\\\/10\\\/Bindy-logo-horiz-col-72DPI.png?fit=1005%2C301&ssl=1\",\"width\":1005,\"height\":301,\"caption\":\"Bindy\"},\"image\":{\"@id\":\"https:\\\/\\\/blog.bindy.com\\\/#\\\/schema\\\/logo\\\/image\\\/\"},\"sameAs\":[\"https:\\\/\\\/www.facebook.com\\\/bindyhq\",\"https:\\\/\\\/x.com\\\/bindyhq\",\"https:\\\/\\\/www.linkedin.com\\\/company\\\/bindyhq\\\/\"]}]}<\/script>\n<!-- \/ Yoast SEO plugin. -->","yoast_head_json":{"title":"Programma di segnalazione - Audit, attivit\u00e0 e comunicazione","description":"Bindy lavora con organizzazioni di tutte le dimensioni, dalle grandi multinazionali alle PMI con poche sedi. Ottieni una carta regalo Amazon $500!","robots":{"index":"index","follow":"follow","max-snippet":"max-snippet:-1","max-image-preview":"max-image-preview:large","max-video-preview":"max-video-preview:-1"},"canonical":"https:\/\/blog.bindy.com\/it\/","og_locale":"it_IT","og_type":"article","og_title":"Referral Program - Audits, Tasks and Communication","og_description":"Bindy works with organizations of all sizes, from large multinationals to SMB's with a handful of locations. Get a $500 Amazon gift card!","og_url":"https:\/\/blog.bindy.com\/it\/","og_site_name":"Audits, Tasks and Communication","article_publisher":"https:\/\/www.facebook.com\/bindyhq","article_modified_time":"2024-06-05T15:48:29+00:00","og_image":[{"width":800,"height":418,"url":"https:\/\/blog.bindy.com\/wp-content\/uploads\/2022\/02\/Bindy-Brand-st-ad-blue-HR-800.png?_t=1717602509","type":"image\/png"}],"twitter_card":"summary_large_image","twitter_site":"@bindyhq","schema":{"@context":"https:\/\/schema.org","@graph":[{"@type":"WebPage","@id":"https:\/\/blog.bindy.com\/","url":"https:\/\/blog.bindy.com\/","name":"Programma di segnalazione - Audit, attivit\u00e0 e comunicazione","isPartOf":{"@id":"https:\/\/blog.bindy.com\/#website"},"primaryImageOfPage":{"@id":"https:\/\/blog.bindy.com\/#primaryimage"},"image":{"@id":"https:\/\/blog.bindy.com\/#primaryimage"},"thumbnailUrl":"https:\/\/i0.wp.com\/blog.bindy.com\/wp-content\/uploads\/2022\/02\/Bindy-Brand-st-ad-blue-HR-800.png?fit=800%2C418&ssl=1","datePublished":"2019-02-06T20:11:35+00:00","dateModified":"2024-06-05T15:48:29+00:00","description":"Bindy lavora con organizzazioni di tutte le dimensioni, dalle grandi multinazionali alle PMI con poche sedi. Ottieni una carta regalo Amazon $500!","breadcrumb":{"@id":"https:\/\/blog.bindy.com\/#breadcrumb"},"inLanguage":"it-IT","potentialAction":[{"@type":"ReadAction","target":["https:\/\/blog.bindy.com\/"]}]},{"@type":"ImageObject","inLanguage":"it-IT","@id":"https:\/\/blog.bindy.com\/#primaryimage","url":"https:\/\/i0.wp.com\/blog.bindy.com\/wp-content\/uploads\/2022\/02\/Bindy-Brand-st-ad-blue-HR-800.png?fit=800%2C418&ssl=1","contentUrl":"https:\/\/i0.wp.com\/blog.bindy.com\/wp-content\/uploads\/2022\/02\/Bindy-Brand-st-ad-blue-HR-800.png?fit=800%2C418&ssl=1","width":800,"height":418},{"@type":"BreadcrumbList","@id":"https:\/\/blog.bindy.com\/#breadcrumb","itemListElement":[{"@type":"ListItem","position":1,"name":"Home","item":"https:\/\/blog.bindy.com\/"},{"@type":"ListItem","position":2,"name":"Referral Program"}]},{"@type":"WebSite","@id":"https:\/\/blog.bindy.com\/#website","url":"https:\/\/blog.bindy.com\/","name":"Audit, compiti e comunicazione","description":"Ispeziona i tuoi siti, verifica gli standard del marchio e invia le attivit\u00e0. Ricevi report in tempo reale, firme, video e verifiche fotografiche.","publisher":{"@id":"https:\/\/blog.bindy.com\/#organization"},"potentialAction":[{"@type":"SearchAction","target":{"@type":"EntryPoint","urlTemplate":"https:\/\/blog.bindy.com\/?s={search_term_string}"},"query-input":{"@type":"PropertyValueSpecification","valueRequired":true,"valueName":"search_term_string"}}],"inLanguage":"it-IT"},{"@type":"Organization","@id":"https:\/\/blog.bindy.com\/#organization","name":"Legato","url":"https:\/\/blog.bindy.com\/","logo":{"@type":"ImageObject","inLanguage":"it-IT","@id":"https:\/\/blog.bindy.com\/#\/schema\/logo\/image\/","url":"https:\/\/i0.wp.com\/blog.bindy.com\/wp-content\/uploads\/2021\/10\/Bindy-logo-horiz-col-72DPI.png?fit=1005%2C301&ssl=1","contentUrl":"https:\/\/i0.wp.com\/blog.bindy.com\/wp-content\/uploads\/2021\/10\/Bindy-logo-horiz-col-72DPI.png?fit=1005%2C301&ssl=1","width":1005,"height":301,"caption":"Bindy"},"image":{"@id":"https:\/\/blog.bindy.com\/#\/schema\/logo\/image\/"},"sameAs":["https:\/\/www.facebook.com\/bindyhq","https:\/\/x.com\/bindyhq","https:\/\/www.linkedin.com\/company\/bindyhq\/"]}]}},"jetpack_likes_enabled":false,"jetpack_sharing_enabled":true,"jetpack_shortlink":"https:\/\/wp.me\/PDNAM-1rY","jetpack-related-posts":[{"id":63954,"url":"https:\/\/blog.bindy.com\/it\/why-we-are-changing-our-name\/","url_meta":{"origin":5578,"position":0},"title":"Conforme IA annuncia il rebranding a Bindy","author":"Bindy","date":"Settembre 11, 2024","format":false,"excerpt":"Per la diffusione immediata Toronto, ON, 23 novembre 2021 Compliant IA cambia nome in Bindy per riflettere la crescita e la diversificazione. Compliant IA, fornitore leader di soluzioni di esecuzione retail basate su cloud, ha annunciato oggi di aver completato un importante rebranding. Il rebranding in Bindy riflette il modo in cui l&#039;azienda \u00e8 cresciuta e diversificata...","rel":"","context":"Articolo simile","block_context":{"text":"Articolo simile","link":""},"img":{"alt_text":"","src":"https:\/\/i0.wp.com\/blog.bindy.com\/wp-content\/uploads\/2021\/11\/Bindy-icone-col-72DPI.png?fit=442%2C442&ssl=1&resize=350%2C200","width":350,"height":200},"classes":[]},{"id":65107,"url":"https:\/\/blog.bindy.com\/it\/bindy-demo\/","url_meta":{"origin":5578,"position":1},"title":"\u25b6\ufe0f Demo di Bindy","author":"Bindy","date":"Dicembre 9, 2024","format":false,"excerpt":"Nessuna registrazione n\u00e9 programmazione richiesta. Le funzionalit\u00e0 pi\u00f9 essenziali di Bindy organizzate in 5 rapide dimostrazioni video. \u25b6\ufe0f Introduzione 1 minuto e 2 secondi \u2139\ufe0f Bindy \u00e8 un&#039;app basata sul cloud per automatizzare \u2714\ufe0f audit, \ud83d\uddd3\ufe0f attivit\u00e0 e \ud83d\udce3 comunicazioni per il settore retail e dell&#039;ospitalit\u00e0. Implementa e verifica gli standard del marchio, le attivit\u00e0 e le azioni correttive...","rel":"","context":"Articolo simile","block_context":{"text":"Articolo simile","link":""},"img":{"alt_text":"","src":"","width":0,"height":0},"classes":[]},{"id":60545,"url":"https:\/\/blog.bindy.com\/it\/reporting-feedback\/","url_meta":{"origin":5578,"position":2},"title":"Bindy Reporting: dicci cosa ne pensi!","author":"Bindy","date":"Agosto 25, 2023","format":false,"excerpt":"Lo scopo del reporting \u00e8 portare i dati e trovare le informazioni di cui hai bisogno. Come possiamo migliorare? La tua risposta \u00e8 confidenziale.","rel":"","context":"Articolo simile","block_context":{"text":"Articolo simile","link":""},"img":{"alt_text":"","src":"https:\/\/i0.wp.com\/blog.bindy.com\/wp-content\/uploads\/2023\/08\/shutterstock_650629666.jpg?fit=1200%2C716&ssl=1&resize=350%2C200","width":350,"height":200,"srcset":"https:\/\/i0.wp.com\/blog.bindy.com\/wp-content\/uploads\/2023\/08\/shutterstock_650629666.jpg?fit=1200%2C716&ssl=1&resize=350%2C200 1x, https:\/\/i0.wp.com\/blog.bindy.com\/wp-content\/uploads\/2023\/08\/shutterstock_650629666.jpg?fit=1200%2C716&ssl=1&resize=525%2C300 1.5x, https:\/\/i0.wp.com\/blog.bindy.com\/wp-content\/uploads\/2023\/08\/shutterstock_650629666.jpg?fit=1200%2C716&ssl=1&resize=700%2C400 2x, https:\/\/i0.wp.com\/blog.bindy.com\/wp-content\/uploads\/2023\/08\/shutterstock_650629666.jpg?fit=1200%2C716&ssl=1&resize=1050%2C600 3x"},"classes":[]},{"id":60033,"url":"https:\/\/blog.bindy.com\/it\/why\/","url_meta":{"origin":5578,"position":3},"title":"Dicci perch\u00e9 \/ Nessun abbonamento","author":"Bindy","date":"Febbraio 14, 2023","format":false,"excerpt":"Ti preghiamo di dedicare un momento a dirci perch\u00e9 non ti stai abbonando a Bindy. Non invieremo e-mail di follow-up. Queste informazioni ci aiuteranno semplicemente a migliorare la prova e le prime impressioni. Grazie!","rel":"","context":"Articolo simile","block_context":{"text":"Articolo simile","link":""},"img":{"alt_text":"","src":"https:\/\/i0.wp.com\/blog.bindy.com\/wp-content\/uploads\/2023\/02\/Screen-compo-Combo_Screens-layed-out.png?fit=600%2C429&ssl=1&resize=350%2C200","width":350,"height":200,"srcset":"https:\/\/i0.wp.com\/blog.bindy.com\/wp-content\/uploads\/2023\/02\/Screen-compo-Combo_Screens-layed-out.png?fit=600%2C429&ssl=1&resize=350%2C200 1x, https:\/\/i0.wp.com\/blog.bindy.com\/wp-content\/uploads\/2023\/02\/Screen-compo-Combo_Screens-layed-out.png?fit=600%2C429&ssl=1&resize=525%2C300 1.5x"},"classes":[]}],"_links":{"self":[{"href":"https:\/\/blog.bindy.com\/it\/wp-json\/wp\/v2\/pages\/5578","targetHints":{"allow":["GET"]}}],"collection":[{"href":"https:\/\/blog.bindy.com\/it\/wp-json\/wp\/v2\/pages"}],"about":[{"href":"https:\/\/blog.bindy.com\/it\/wp-json\/wp\/v2\/types\/page"}],"author":[{"embeddable":true,"href":"https:\/\/blog.bindy.com\/it\/wp-json\/wp\/v2\/users\/6370623"}],"replies":[{"embeddable":true,"href":"https:\/\/blog.bindy.com\/it\/wp-json\/wp\/v2\/comments?post=5578"}],"version-history":[{"count":88,"href":"https:\/\/blog.bindy.com\/it\/wp-json\/wp\/v2\/pages\/5578\/revisions"}],"predecessor-version":[{"id":62647,"href":"https:\/\/blog.bindy.com\/it\/wp-json\/wp\/v2\/pages\/5578\/revisions\/62647"}],"wp:featuredmedia":[{"embeddable":true,"href":"https:\/\/blog.bindy.com\/it\/wp-json\/wp\/v2\/media\/57763"}],"wp:attachment":[{"href":"https:\/\/blog.bindy.com\/it\/wp-json\/wp\/v2\/media?parent=5578"}],"curies":[{"name":"scrivere","href":"https:\/\/api.w.org\/{rel}","templated":true}]}}