{"id":65107,"date":"2024-12-09T12:25:22","date_gmt":"2024-12-09T17:25:22","guid":{"rendered":"https:\/\/blog.bindy.com\/?page_id=65107"},"modified":"2026-01-07T09:08:14","modified_gmt":"2026-01-07T14:08:14","slug":"demo-de-bindy","status":"publish","type":"page","link":"https:\/\/blog.bindy.com\/fr\/bindy-demo\/","title":{"rendered":"\u25b6\ufe0f D\u00e9mo Bindy"},"content":{"rendered":"<p class=\"wp-block-paragraph\">Aucune inscription ni planification requise. Les fonctionnalit\u00e9s essentielles de Bindy sont pr\u00e9sent\u00e9es en 5 courtes d\u00e9monstrations vid\u00e9o.<\/p>\n\n\n\n<p class=\"wp-block-paragraph\"><\/p>\n\n\n\n<h1 class=\"wp-block-heading\">\u25b6\ufe0f Introduction<\/h1>\n\n\n\n<p class=\"has-text-align-center wp-block-paragraph\"><em>1 minute, 2 secondes<\/em><\/p>\n\n\n\n<p class=\"is-style-info wp-block-paragraph\">\u2139\ufe0f Bindy est une application cloud qui automatise les \u2714\ufe0f audits, les \ud83d\uddd3\ufe0f t\u00e2ches et les \ud83d\udce3 communications pour le commerce de d\u00e9tail et l&#039;h\u00f4tellerie-restauration. D\u00e9ployez et v\u00e9rifiez facilement les normes de marque, les t\u00e2ches et les actions correctives sur vos sites. Recevez des rapports, des signatures, des vid\u00e9os et des v\u00e9rifications photo en temps r\u00e9el.<\/p>\n\n\n\n\t\t<figure class=\"wp-block-jetpack-videopress jetpack-videopress-player\" style=\"\" >\n\t\t\t<div class=\"jetpack-videopress-player__wrapper\"> <div class=\"jetpack-video-wrapper\"><iframe title=\"Lecteur vid\u00e9o VideoPress\" aria-label='Lecteur vid\u00e9o VideoPress' width='700' height='394' src='https:\/\/videopress.com\/embed\/QAKhxtcc?cover=1&amp;autoPlay=0&amp;controls=1&amp;loop=0&amp;muted=0&amp;persistVolume=1&amp;playsinline=0&amp;preloadContent=metadata&amp;useAverageColor=1&amp;hd=0' frameborder='0' allowfullscreen data-resize-to-parent=\"true\" allow='clipboard-write'><\/iframe><script src='https:\/\/v0.wordpress.com\/js\/next\/videopress-iframe.js?m=1739540970'><\/script><\/div><\/div>\n\t\t\t\n\t\t\t\n\t\t<\/figure>\n\t\t\n\n\n<p class=\"has-text-align-center wp-block-paragraph\"><a href=\"https:\/\/bindy.com\/contact\/#informationOrFreeTrial\" target=\"_blank\" rel=\"noreferrer noopener\">Contactez-nous<\/a>&nbsp;ou&nbsp;<a href=\"https:\/\/bindy.com\/app\/registration\/step1?lang=en\" target=\"_blank\" rel=\"noreferrer noopener\">Proc\u00e8s<\/a>&nbsp;aujourd&#039;hui.<\/p>\n\n\n\n<h1 class=\"wp-block-heading\">\u25b6\ufe0f L&#039;exp\u00e9rience de l&#039;administrateur<\/h1>\n\n\n\n<p class=\"has-text-align-center wp-block-paragraph\"><em>2 minutes et 29 secondes<\/em><\/p>\n\n\n\n<p class=\"is-style-info wp-block-paragraph\">\u2139\ufe0f Les administrateurs ont un acc\u00e8s complet pour installer et configurer chaque aspect de l&#039;exp\u00e9rience.<br>D\u00e9ployez instantan\u00e9ment et cr\u00e9ez vos propres workflows, avec vos propres formulaires, sites et utilisateurs. Si vous avez besoin d&#039;aide, nos sp\u00e9cialistes de l&#039;int\u00e9gration sont l\u00e0 pour vous aider.<\/p>\n\n\n\n\t\t<figure class=\"wp-block-jetpack-videopress jetpack-videopress-player\" style=\"\" >\n\t\t\t<div class=\"jetpack-videopress-player__wrapper\"> <div class=\"jetpack-video-wrapper\"><iframe title=\"Lecteur vid\u00e9o VideoPress\" aria-label='Lecteur vid\u00e9o VideoPress' width='700' height='394' src='https:\/\/videopress.com\/embed\/BbzhkhWp?cover=1&amp;autoPlay=0&amp;controls=1&amp;loop=0&amp;muted=0&amp;persistVolume=1&amp;playsinline=0&amp;preloadContent=metadata&amp;useAverageColor=1&amp;hd=0' frameborder='0' allowfullscreen data-resize-to-parent=\"true\" allow='clipboard-write'><\/iframe><script src='https:\/\/v0.wordpress.com\/js\/next\/videopress-iframe.js?m=1739540970'><\/script><\/div><\/div>\n\t\t\t<figcaption><\/figcaption>\n\t\t\t\n\t\t<\/figure>\n\t\t\n\n\n<p class=\"has-text-align-center wp-block-paragraph\"><a href=\"https:\/\/bindy.com\/contact\/#informationOrFreeTrial\" target=\"_blank\" rel=\"noreferrer noopener\">Contactez-nous<\/a>&nbsp;ou&nbsp;<a href=\"https:\/\/bindy.com\/app\/registration\/step1?lang=en\" target=\"_blank\" rel=\"noreferrer noopener\">Proc\u00e8s<\/a>&nbsp;aujourd&#039;hui.<\/p>\n\n\n\n<h1 class=\"wp-block-heading\">\u25b6\ufe0f L&#039;exp\u00e9rience du directeur de district<\/h1>\n\n\n\n<p class=\"has-text-align-center wp-block-paragraph\"><em>2 minutes et 19 secondes<\/em><\/p>\n\n\n\n<p class=\"is-style-info wp-block-paragraph\">\u2139\ufe0f Les directeurs de district (directeurs de zone ou r\u00e9gionaux) disposent des outils dont ils ont besoin pour auditer les sites, envoyer et suivre les mesures correctives, t\u00e9l\u00e9charger des photos et des vid\u00e9os, collecter des signatures et consulter les donn\u00e9es historiques. Bindy lib\u00e8re du temps pour que les directeurs de district puissent encadrer, engager et conseiller les directeurs de site afin d&#039;obtenir de meilleurs r\u00e9sultats et des ventes plus \u00e9lev\u00e9es.<\/p>\n\n\n\n\t\t<figure class=\"wp-block-jetpack-videopress jetpack-videopress-player\" style=\"\" >\n\t\t\t<div class=\"jetpack-videopress-player__wrapper\"> <div class=\"jetpack-video-wrapper\"><iframe title=\"Lecteur vid\u00e9o VideoPress\" aria-label='Lecteur vid\u00e9o VideoPress' width='700' height='394' src='https:\/\/videopress.com\/embed\/gQYbVwgM?cover=1&amp;autoPlay=0&amp;controls=1&amp;loop=0&amp;muted=0&amp;persistVolume=1&amp;playsinline=0&amp;preloadContent=metadata&amp;useAverageColor=1&amp;hd=0' frameborder='0' allowfullscreen data-resize-to-parent=\"true\" allow='clipboard-write'><\/iframe><script src='https:\/\/v0.wordpress.com\/js\/next\/videopress-iframe.js?m=1739540970'><\/script><\/div><\/div>\n\t\t\t\n\t\t\t\n\t\t<\/figure>\n\t\t\n\n\n<p class=\"wp-block-paragraph\"><\/p>\n\n\n\n<p class=\"has-text-align-center wp-block-paragraph\"><a href=\"https:\/\/bindy.com\/contact\/#informationOrFreeTrial\" target=\"_blank\" rel=\"noreferrer noopener\">Contactez-nous<\/a>&nbsp;ou&nbsp;<a href=\"https:\/\/bindy.com\/app\/registration\/step1?lang=en\" target=\"_blank\" rel=\"noreferrer noopener\">Proc\u00e8s<\/a>&nbsp;aujourd&#039;hui.<\/p>\n\n\n\n<h1 class=\"wp-block-heading\">\u25b6\ufe0f L&#039;exp\u00e9rience du gestionnaire de site<\/h1>\n\n\n\n<p class=\"has-text-align-center wp-block-paragraph\"><em>2 minutes et 9 secondes<\/em><\/p>\n\n\n\n<p class=\"is-style-info wp-block-paragraph\">\u2139\ufe0f Les responsables de site (ou les franchis\u00e9s) peuvent mener leurs propres inspections au nom du si\u00e8ge social ou r\u00e9pondre aux inspections des responsables de district. Par exemple, ils peuvent \u00eatre responsables d&#039;une ou plusieurs mesures correctives du plan d&#039;action. Les responsables de site peuvent \u00e9galement approuver les inspections et t\u00e9l\u00e9charger des photos des mesures correctives prises.<\/p>\n\n\n\n\t\t<figure class=\"wp-block-jetpack-videopress jetpack-videopress-player\" style=\"\" >\n\t\t\t<div class=\"jetpack-videopress-player__wrapper\"> <div class=\"jetpack-video-wrapper\"><iframe title=\"Lecteur vid\u00e9o VideoPress\" aria-label='Lecteur vid\u00e9o VideoPress' width='700' height='394' src='https:\/\/videopress.com\/embed\/rktIv7Hy?cover=1&amp;autoPlay=0&amp;controls=1&amp;loop=0&amp;muted=0&amp;persistVolume=1&amp;playsinline=0&amp;preloadContent=metadata&amp;useAverageColor=1&amp;hd=0' frameborder='0' allowfullscreen data-resize-to-parent=\"true\" allow='clipboard-write'><\/iframe><script src='https:\/\/v0.wordpress.com\/js\/next\/videopress-iframe.js?m=1739540970'><\/script><\/div><\/div>\n\t\t\t\n\t\t\t\n\t\t<\/figure>\n\t\t\n\n\n<p class=\"has-text-align-center wp-block-paragraph\"><a href=\"https:\/\/bindy.com\/contact\/#informationOrFreeTrial\" target=\"_blank\" rel=\"noreferrer noopener\">Contactez-nous<\/a>&nbsp;ou&nbsp;<a href=\"https:\/\/bindy.com\/app\/registration\/step1?lang=en\" target=\"_blank\" rel=\"noreferrer noopener\">Proc\u00e8s<\/a>&nbsp;aujourd&#039;hui.<\/p>\n\n\n\n<h1 class=\"wp-block-heading\">\u25b6\ufe0f Essai et tarification<\/h1>\n\n\n\n<p class=\"has-text-align-center wp-block-paragraph\"><em>44 secondes<\/em><\/p>\n\n\n\n<p class=\"is-style-info wp-block-paragraph\">\u2139\ufe0f Qu&#039;est-ce que Bindy et qui l&#039;utilise ? Le <a href=\"https:\/\/bindy.com\/app\/registration\/step1?lang=en&amp;aboutPricing=y&amp;aboutTrial=y\" target=\"_blank\" rel=\"noreferrer noopener\">Essai gratuit de 14 jours<\/a> et <a href=\"https:\/\/bindy.com\/about\/pricing\/\" target=\"_blank\" rel=\"noreferrer noopener\">prix<\/a>.<\/p>\n\n\n\n<p class=\"has-text-align-center wp-block-paragraph\"><\/p>\n\n\n\n\t\t<figure class=\"wp-block-jetpack-videopress jetpack-videopress-player\" style=\"\" >\n\t\t\t<div class=\"jetpack-videopress-player__wrapper\"> <div class=\"jetpack-video-wrapper\"><iframe title=\"Lecteur vid\u00e9o VideoPress\" aria-label='Lecteur vid\u00e9o VideoPress' width='700' height='394' src='https:\/\/videopress.com\/embed\/BgP2z05I?cover=1&amp;autoPlay=0&amp;controls=1&amp;loop=0&amp;muted=0&amp;persistVolume=1&amp;playsinline=0&amp;preloadContent=metadata&amp;useAverageColor=1&amp;hd=0' frameborder='0' allowfullscreen data-resize-to-parent=\"true\" allow='clipboard-write'><\/iframe><script src='https:\/\/v0.wordpress.com\/js\/next\/videopress-iframe.js?m=1739540970'><\/script><\/div><\/div>\n\t\t\t\n\t\t\t\n\t\t<\/figure>\n\t\t\n\n\n<p class=\"has-text-align-center wp-block-paragraph\"><a href=\"https:\/\/bindy.com\/contact\/#informationOrFreeTrial\" target=\"_blank\" rel=\"noreferrer noopener\">Contactez-nous<\/a>&nbsp;ou&nbsp;<a href=\"https:\/\/bindy.com\/app\/registration\/step1?lang=en\" target=\"_blank\" rel=\"noreferrer noopener\">Proc\u00e8s<\/a>&nbsp;aujourd&#039;hui.<\/p>\n\n\n\n<p class=\"wp-block-paragraph\">Nous avons h\u00e2te de travailler avec vous !<\/p>\n\n\n\n<p class=\"wp-block-paragraph\"><\/p>","protected":false},"excerpt":{"rendered":"<p>Aucune inscription ni planification requise. D\u00e9couvrez les fonctionnalit\u00e9s essentielles de Bindy en 5 courtes d\u00e9monstrations vid\u00e9o. \u25b6\ufe0f Introduction (1 min 2 s) \u2139\ufe0f Bindy est une application cloud qui automatise \u2714\ufe0f les audits, \ud83d\uddd3\ufe0f les t\u00e2ches et \ud83d\udce3 la communication dans les secteurs du commerce de d\u00e9tail et de l&#039;h\u00f4tellerie-restauration. D\u00e9ployez et v\u00e9rifiez facilement les normes de marque, les t\u00e2ches et les actions correctives sur vos sites. <a href=\"https:\/\/blog.bindy.com\/fr\/bindy-demo\/\" class=\"more-link\">Lire la suite <span class=\"screen-reader-text\">\u25b6\ufe0f D\u00e9mo Bindy<\/span> <span class=\"meta-nav\">\u2192<\/span><\/a><\/p>","protected":false},"author":6370623,"featured_media":0,"parent":0,"menu_order":0,"comment_status":"closed","ping_status":"closed","template":"","meta":{"_coblocks_attr":"","_coblocks_dimensions":"","_coblocks_responsive_height":"","_coblocks_accordion_ie_support":"","_crdt_document":"","footnotes":""},"class_list":["post-65107","page","type-page","status-publish","hentry"],"yoast_head":"<!-- This site is optimized with the Yoast SEO plugin v27.4 - https:\/\/yoast.com\/product\/yoast-seo-wordpress\/ -->\n<title>\u25b6\ufe0f Bindy Demo - Audits, Tasks and Communication<\/title>\n<meta name=\"description\" content=\"Watch a Bindy demo, no scheduling required! Bindy&#039;s most essential features organized into 5 quick video demonstrations.\" \/>\n<meta name=\"robots\" content=\"index, follow, max-snippet:-1, max-image-preview:large, max-video-preview:-1\" \/>\n<link rel=\"canonical\" href=\"https:\/\/blog.bindy.com\/fr\/demo-de-bindy\/\" \/>\n<meta property=\"og:locale\" content=\"fr_FR\" \/>\n<meta property=\"og:type\" content=\"article\" \/>\n<meta property=\"og:title\" content=\"\u25b6\ufe0f Bindy Demo - Audits, Tasks and Communication\" \/>\n<meta property=\"og:description\" content=\"Watch a Bindy demo, no scheduling required! Bindy&#039;s most essential features organized into 5 quick video demonstrations.\" \/>\n<meta property=\"og:url\" content=\"https:\/\/blog.bindy.com\/fr\/demo-de-bindy\/\" \/>\n<meta property=\"og:site_name\" content=\"Audits, Tasks and Communication\" \/>\n<meta property=\"article:publisher\" content=\"https:\/\/www.facebook.com\/bindyhq\" \/>\n<meta property=\"article:modified_time\" content=\"2026-01-07T14:08:14+00:00\" \/>\n<meta property=\"og:image\" content=\"https:\/\/i0.wp.com\/blog.bindy.com\/wp-content\/uploads\/2021\/10\/Bindy-logo-verti-col-72DPI.png?fit=442%2C442&ssl=1\" \/>\n\t<meta property=\"og:image:width\" content=\"442\" \/>\n\t<meta property=\"og:image:height\" content=\"442\" \/>\n\t<meta property=\"og:image:type\" content=\"image\/png\" \/>\n<meta name=\"twitter:card\" content=\"summary_large_image\" \/>\n<meta name=\"twitter:site\" content=\"@bindyhq\" \/>\n<script type=\"application\/ld+json\" class=\"yoast-schema-graph\">{\"@context\":\"https:\\\/\\\/schema.org\",\"@graph\":[{\"@type\":\"WebPage\",\"@id\":\"https:\\\/\\\/blog.bindy.com\\\/bindy-demo\\\/\",\"url\":\"https:\\\/\\\/blog.bindy.com\\\/bindy-demo\\\/\",\"name\":\"\u25b6\ufe0f Bindy Demo - Audits, Tasks and Communication\",\"isPartOf\":{\"@id\":\"https:\\\/\\\/blog.bindy.com\\\/#website\"},\"datePublished\":\"2024-12-09T17:25:22+00:00\",\"dateModified\":\"2026-01-07T14:08:14+00:00\",\"description\":\"Watch a Bindy demo, no scheduling required! Bindy's most essential features organized into 5 quick video demonstrations.\",\"breadcrumb\":{\"@id\":\"https:\\\/\\\/blog.bindy.com\\\/bindy-demo\\\/#breadcrumb\"},\"inLanguage\":\"fr-FR\",\"potentialAction\":[{\"@type\":\"ReadAction\",\"target\":[\"https:\\\/\\\/blog.bindy.com\\\/bindy-demo\\\/\"]}]},{\"@type\":\"BreadcrumbList\",\"@id\":\"https:\\\/\\\/blog.bindy.com\\\/bindy-demo\\\/#breadcrumb\",\"itemListElement\":[{\"@type\":\"ListItem\",\"position\":1,\"name\":\"Home\",\"item\":\"https:\\\/\\\/blog.bindy.com\\\/\"},{\"@type\":\"ListItem\",\"position\":2,\"name\":\"\u25b6\ufe0f Bindy Demo\"}]},{\"@type\":\"WebSite\",\"@id\":\"https:\\\/\\\/blog.bindy.com\\\/#website\",\"url\":\"https:\\\/\\\/blog.bindy.com\\\/\",\"name\":\"Audits, Tasks and Communication\",\"description\":\"Retail and Hospitality Operations\",\"publisher\":{\"@id\":\"https:\\\/\\\/blog.bindy.com\\\/#organization\"},\"potentialAction\":[{\"@type\":\"SearchAction\",\"target\":{\"@type\":\"EntryPoint\",\"urlTemplate\":\"https:\\\/\\\/blog.bindy.com\\\/?s={search_term_string}\"},\"query-input\":{\"@type\":\"PropertyValueSpecification\",\"valueRequired\":true,\"valueName\":\"search_term_string\"}}],\"inLanguage\":\"fr-FR\"},{\"@type\":\"Organization\",\"@id\":\"https:\\\/\\\/blog.bindy.com\\\/#organization\",\"name\":\"Bindy\",\"url\":\"https:\\\/\\\/blog.bindy.com\\\/\",\"logo\":{\"@type\":\"ImageObject\",\"inLanguage\":\"fr-FR\",\"@id\":\"https:\\\/\\\/blog.bindy.com\\\/#\\\/schema\\\/logo\\\/image\\\/\",\"url\":\"https:\\\/\\\/i0.wp.com\\\/blog.bindy.com\\\/wp-content\\\/uploads\\\/2021\\\/10\\\/Bindy-logo-horiz-col-72DPI.png?fit=1005%2C301&ssl=1\",\"contentUrl\":\"https:\\\/\\\/i0.wp.com\\\/blog.bindy.com\\\/wp-content\\\/uploads\\\/2021\\\/10\\\/Bindy-logo-horiz-col-72DPI.png?fit=1005%2C301&ssl=1\",\"width\":1005,\"height\":301,\"caption\":\"Bindy\"},\"image\":{\"@id\":\"https:\\\/\\\/blog.bindy.com\\\/#\\\/schema\\\/logo\\\/image\\\/\"},\"sameAs\":[\"https:\\\/\\\/www.facebook.com\\\/bindyhq\",\"https:\\\/\\\/x.com\\\/bindyhq\",\"https:\\\/\\\/www.linkedin.com\\\/company\\\/bindyhq\\\/\"]}]}<\/script>\n<!-- \/ Yoast SEO plugin. -->","yoast_head_json":{"title":"\u25b6\ufe0f D\u00e9monstration Bindy - Audits, t\u00e2ches et communication","description":"D\u00e9couvrez une d\u00e9mo de Bindy, sans inscription ! Les fonctionnalit\u00e9s essentielles de Bindy sont pr\u00e9sent\u00e9es en 5 courtes d\u00e9monstrations vid\u00e9o.","robots":{"index":"index","follow":"follow","max-snippet":"max-snippet:-1","max-image-preview":"max-image-preview:large","max-video-preview":"max-video-preview:-1"},"canonical":"https:\/\/blog.bindy.com\/fr\/demo-de-bindy\/","og_locale":"fr_FR","og_type":"article","og_title":"\u25b6\ufe0f Bindy Demo - Audits, Tasks and Communication","og_description":"Watch a Bindy demo, no scheduling required! Bindy's most essential features organized into 5 quick video demonstrations.","og_url":"https:\/\/blog.bindy.com\/fr\/demo-de-bindy\/","og_site_name":"Audits, Tasks and Communication","article_publisher":"https:\/\/www.facebook.com\/bindyhq","article_modified_time":"2026-01-07T14:08:14+00:00","og_image":[{"width":442,"height":442,"url":"https:\/\/i0.wp.com\/blog.bindy.com\/wp-content\/uploads\/2021\/10\/Bindy-logo-verti-col-72DPI.png?fit=442%2C442&ssl=1","type":"image\/png"}],"twitter_card":"summary_large_image","twitter_site":"@bindyhq","schema":{"@context":"https:\/\/schema.org","@graph":[{"@type":"WebPage","@id":"https:\/\/blog.bindy.com\/bindy-demo\/","url":"https:\/\/blog.bindy.com\/bindy-demo\/","name":"\u25b6\ufe0f D\u00e9monstration Bindy - Audits, t\u00e2ches et communication","isPartOf":{"@id":"https:\/\/blog.bindy.com\/#website"},"datePublished":"2024-12-09T17:25:22+00:00","dateModified":"2026-01-07T14:08:14+00:00","description":"D\u00e9couvrez une d\u00e9mo de Bindy, sans inscription ! Les fonctionnalit\u00e9s essentielles de Bindy sont pr\u00e9sent\u00e9es en 5 courtes d\u00e9monstrations vid\u00e9o.","breadcrumb":{"@id":"https:\/\/blog.bindy.com\/bindy-demo\/#breadcrumb"},"inLanguage":"fr-FR","potentialAction":[{"@type":"ReadAction","target":["https:\/\/blog.bindy.com\/bindy-demo\/"]}]},{"@type":"BreadcrumbList","@id":"https:\/\/blog.bindy.com\/bindy-demo\/#breadcrumb","itemListElement":[{"@type":"ListItem","position":1,"name":"Home","item":"https:\/\/blog.bindy.com\/"},{"@type":"ListItem","position":2,"name":"\u25b6\ufe0f Bindy Demo"}]},{"@type":"WebSite","@id":"https:\/\/blog.bindy.com\/#website","url":"https:\/\/blog.bindy.com\/","name":"Audits, t\u00e2ches et communication","description":"Op\u00e9rations de vente au d\u00e9tail et d&#039;h\u00f4tellerie","publisher":{"@id":"https:\/\/blog.bindy.com\/#organization"},"potentialAction":[{"@type":"SearchAction","target":{"@type":"EntryPoint","urlTemplate":"https:\/\/blog.bindy.com\/?s={search_term_string}"},"query-input":{"@type":"PropertyValueSpecification","valueRequired":true,"valueName":"search_term_string"}}],"inLanguage":"fr-FR"},{"@type":"Organization","@id":"https:\/\/blog.bindy.com\/#organization","name":"Bindy","url":"https:\/\/blog.bindy.com\/","logo":{"@type":"ImageObject","inLanguage":"fr-FR","@id":"https:\/\/blog.bindy.com\/#\/schema\/logo\/image\/","url":"https:\/\/i0.wp.com\/blog.bindy.com\/wp-content\/uploads\/2021\/10\/Bindy-logo-horiz-col-72DPI.png?fit=1005%2C301&ssl=1","contentUrl":"https:\/\/i0.wp.com\/blog.bindy.com\/wp-content\/uploads\/2021\/10\/Bindy-logo-horiz-col-72DPI.png?fit=1005%2C301&ssl=1","width":1005,"height":301,"caption":"Bindy"},"image":{"@id":"https:\/\/blog.bindy.com\/#\/schema\/logo\/image\/"},"sameAs":["https:\/\/www.facebook.com\/bindyhq","https:\/\/x.com\/bindyhq","https:\/\/www.linkedin.com\/company\/bindyhq\/"]}]}},"jetpack_likes_enabled":false,"jetpack_sharing_enabled":true,"jetpack_shortlink":"https:\/\/wp.me\/PDNAM-gW7","jetpack-related-posts":[{"id":63954,"url":"https:\/\/blog.bindy.com\/fr\/why-we-are-changing-our-name\/","url_meta":{"origin":65107,"position":0},"title":"Compliant IA annonce le changement de marque en Bindy","author":"Bindy","date":"septembre 11, 2024","format":false,"excerpt":"Pour diffusion imm\u00e9diate Toronto, ON, le 23 novembre 2021 Conforme IA devient Bindy pour refl\u00e9ter la croissance et la diversification. Compliant IA, l&#039;un des principaux fournisseurs de solutions d&#039;ex\u00e9cution de vente au d\u00e9tail bas\u00e9es sur le cloud, a annonc\u00e9 aujourd&#039;hui avoir finalis\u00e9 un changement de marque majeur. Le changement de nom en Bindy refl\u00e8te la fa\u00e7on dont l&#039;entreprise s&#039;est d\u00e9velopp\u00e9e et diversifi\u00e9e\u2026","rel":"","context":"Article similaire","block_context":{"text":"Article similaire","link":""},"img":{"alt_text":"","src":"https:\/\/i0.wp.com\/blog.bindy.com\/wp-content\/uploads\/2021\/11\/Bindy-icone-col-72DPI.png?fit=442%2C442&ssl=1&resize=350%2C200","width":350,"height":200},"classes":[]},{"id":5578,"url":"https:\/\/blog.bindy.com\/fr\/referral\/","url_meta":{"origin":65107,"position":1},"title":"Programme de parrainage","author":"Bindy","date":"f\u00e9vrier 6, 2019","format":false,"excerpt":"Recommandez Bindy. Votre filleul b\u00e9n\u00e9ficie d&#039;un mois d&#039;abonnement gratuit \u00e0 Bindy. Vous recevez une carte cadeau Amazon de $500. Bindy accompagne les entreprises de toutes tailles, des grandes multinationales aux PME multisites. Si vous avez des coll\u00e8gues ou amis int\u00e9ress\u00e9s par l&#039;am\u00e9lioration des normes et des op\u00e9rations de marque au sein de leur entreprise\u2026","rel":"","context":"Article similaire","block_context":{"text":"Article similaire","link":""},"img":{"alt_text":"","src":"https:\/\/i0.wp.com\/blog.bindy.com\/wp-content\/uploads\/2022\/02\/Bindy-Brand-st-ad-blue-HR-800.png?fit=800%2C418&ssl=1&resize=350%2C200","width":350,"height":200,"srcset":"https:\/\/i0.wp.com\/blog.bindy.com\/wp-content\/uploads\/2022\/02\/Bindy-Brand-st-ad-blue-HR-800.png?fit=800%2C418&ssl=1&resize=350%2C200 1x, https:\/\/i0.wp.com\/blog.bindy.com\/wp-content\/uploads\/2022\/02\/Bindy-Brand-st-ad-blue-HR-800.png?fit=800%2C418&ssl=1&resize=525%2C300 1.5x, https:\/\/i0.wp.com\/blog.bindy.com\/wp-content\/uploads\/2022\/02\/Bindy-Brand-st-ad-blue-HR-800.png?fit=800%2C418&ssl=1&resize=700%2C400 2x"},"classes":[]},{"id":60545,"url":"https:\/\/blog.bindy.com\/fr\/reporting-feedback\/","url_meta":{"origin":65107,"position":2},"title":"Bindy Reporting \u2013 Dites-nous ce que vous en pensez\u00a0!","author":"Bindy","date":"ao\u00fbt 25, 2023","format":false,"excerpt":"Le but du reporting est de rassembler les donn\u00e9es et de trouver les informations dont vous avez besoin. Comment pouvons nous nous am\u00e9liorer? Votre r\u00e9ponse est confidentielle.","rel":"","context":"Article similaire","block_context":{"text":"Article similaire","link":""},"img":{"alt_text":"","src":"https:\/\/i0.wp.com\/blog.bindy.com\/wp-content\/uploads\/2023\/08\/shutterstock_650629666.jpg?fit=1200%2C716&ssl=1&resize=350%2C200","width":350,"height":200,"srcset":"https:\/\/i0.wp.com\/blog.bindy.com\/wp-content\/uploads\/2023\/08\/shutterstock_650629666.jpg?fit=1200%2C716&ssl=1&resize=350%2C200 1x, https:\/\/i0.wp.com\/blog.bindy.com\/wp-content\/uploads\/2023\/08\/shutterstock_650629666.jpg?fit=1200%2C716&ssl=1&resize=525%2C300 1.5x, https:\/\/i0.wp.com\/blog.bindy.com\/wp-content\/uploads\/2023\/08\/shutterstock_650629666.jpg?fit=1200%2C716&ssl=1&resize=700%2C400 2x, https:\/\/i0.wp.com\/blog.bindy.com\/wp-content\/uploads\/2023\/08\/shutterstock_650629666.jpg?fit=1200%2C716&ssl=1&resize=1050%2C600 3x"},"classes":[]},{"id":60033,"url":"https:\/\/blog.bindy.com\/fr\/why\/","url_meta":{"origin":65107,"position":3},"title":"Dites-nous pourquoi \/ Pas d&#039;abonnement","author":"Bindy","date":"f\u00e9vrier 14, 2023","format":false,"excerpt":"Veuillez prendre un moment pour nous dire pourquoi vous ne vous abonnez pas \u00e0 Bindy. Nous n&#039;enverrons pas d&#039;e-mails de suivi. Ces informations nous aideront simplement \u00e0 am\u00e9liorer l&#039;essai et les premi\u00e8res impressions. Merci!","rel":"","context":"Article similaire","block_context":{"text":"Article similaire","link":""},"img":{"alt_text":"","src":"https:\/\/i0.wp.com\/blog.bindy.com\/wp-content\/uploads\/2023\/02\/Screen-compo-Combo_Screens-layed-out.png?fit=600%2C429&ssl=1&resize=350%2C200","width":350,"height":200,"srcset":"https:\/\/i0.wp.com\/blog.bindy.com\/wp-content\/uploads\/2023\/02\/Screen-compo-Combo_Screens-layed-out.png?fit=600%2C429&ssl=1&resize=350%2C200 1x, https:\/\/i0.wp.com\/blog.bindy.com\/wp-content\/uploads\/2023\/02\/Screen-compo-Combo_Screens-layed-out.png?fit=600%2C429&ssl=1&resize=525%2C300 1.5x"},"classes":[]}],"_links":{"self":[{"href":"https:\/\/blog.bindy.com\/fr\/wp-json\/wp\/v2\/pages\/65107","targetHints":{"allow":["GET"]}}],"collection":[{"href":"https:\/\/blog.bindy.com\/fr\/wp-json\/wp\/v2\/pages"}],"about":[{"href":"https:\/\/blog.bindy.com\/fr\/wp-json\/wp\/v2\/types\/page"}],"author":[{"embeddable":true,"href":"https:\/\/blog.bindy.com\/fr\/wp-json\/wp\/v2\/users\/6370623"}],"replies":[{"embeddable":true,"href":"https:\/\/blog.bindy.com\/fr\/wp-json\/wp\/v2\/comments?post=65107"}],"version-history":[{"count":100,"href":"https:\/\/blog.bindy.com\/fr\/wp-json\/wp\/v2\/pages\/65107\/revisions"}],"predecessor-version":[{"id":67039,"href":"https:\/\/blog.bindy.com\/fr\/wp-json\/wp\/v2\/pages\/65107\/revisions\/67039"}],"wp:attachment":[{"href":"https:\/\/blog.bindy.com\/fr\/wp-json\/wp\/v2\/media?parent=65107"}],"curies":[{"name":"wp","href":"https:\/\/api.w.org\/{rel}","templated":true}]}}