{"id":63954,"date":"2024-09-11T18:01:27","date_gmt":"2024-09-11T22:01:27","guid":{"rendered":"https:\/\/blog.bindy.com\/?page_id=63954"},"modified":"2024-09-11T18:05:02","modified_gmt":"2024-09-11T22:05:02","slug":"pourquoi-nous-changeons-notre-nom","status":"publish","type":"page","link":"https:\/\/blog.bindy.com\/fr\/why-we-are-changing-our-name\/","title":{"rendered":"Compliant IA annonce le changement de marque en Bindy"},"content":{"rendered":"<p class=\"wp-block-paragraph\">Pour diffusion imm\u00e9diate<\/p>\n\n\n\n<p class=\"wp-block-paragraph\">Toronto, Ont., 23 novembre 2021<\/p>\n\n\n\n<p class=\"wp-block-paragraph\">Compliant IA devient Bindy pour refl\u00e9ter la croissance et la diversification.<\/p>\n\n\n\n<p class=\"wp-block-paragraph\">Compliant IA, l&#039;un des principaux fournisseurs de solutions d&#039;ex\u00e9cution de vente au d\u00e9tail bas\u00e9es sur le cloud, a annonc\u00e9 aujourd&#039;hui qu&#039;il avait achev\u00e9 un changement de marque majeur. Le changement de nom en Bindy refl\u00e8te la fa\u00e7on dont l&#039;entreprise s&#039;est d\u00e9velopp\u00e9e et diversifi\u00e9e ces derni\u00e8res ann\u00e9es.<\/p>\n\n\n\n<p class=\"wp-block-paragraph\">La soci\u00e9t\u00e9 a \u00e9t\u00e9 fond\u00e9e en 2009 en tant que logiciel cloud pour la conformit\u00e9, mais s&#039;est d\u00e9velopp\u00e9e pour fournir aux op\u00e9rateurs multi-unit\u00e9s une suite compl\u00e8te de produits pour communiquer et ex\u00e9cuter les normes de la marque sur des milliers de sites. Au cours des cinq derni\u00e8res ann\u00e9es, la soci\u00e9t\u00e9 a d\u00e9velopp\u00e9 et d\u00e9velopp\u00e9 une activit\u00e9 B2B qui comprend des centaines de d\u00e9taillants de niveau 1 et de niveau 2 sur les cinq continents.<\/p>\n\n\n\n<blockquote class=\"wp-block-quote is-layout-flow wp-block-quote-is-layout-flow\">\n<p class=\"wp-block-paragraph\">\u00ab Depuis son lancement en 2009, Compliant IA s&#039;est consid\u00e9rablement d\u00e9velopp\u00e9, \u00e0 la fois en tant que produit et sur le march\u00e9. En fait, nous avons d\u00e9pass\u00e9 notre nom. d\u00e9clare Fabien Tiburce, PDG de Bindy.<\/p>\n<\/blockquote>\n\n\n\n<p class=\"wp-block-paragraph\">Bindy propose des outils cloud et mobiles pour communiquer et ex\u00e9cuter des programmes et prendre des d\u00e9cisions commerciales \u00e9clair\u00e9es. Ce nouveau nom permet \u00e0 Bindy de mieux aligner forme et fonction.<\/p>\n\n\n\n<p class=\"wp-block-paragraph\">Les nouveaux atouts de la marque Bindy comprennent un logo multicolore dynamique, ainsi qu&#039;un nouveau site Web,&nbsp;<a href=\"https:\/\/www.bindy.com\/\">https:\/\/www.bindy.com<\/a>, des vid\u00e9os et des animations qui utilisent des graphiques simples et audacieux pour transmettre des flux de travail complexes d&#039;une mani\u00e8re accessible.<\/p>\n\n\n\n<blockquote class=\"wp-block-quote is-layout-flow wp-block-quote-is-layout-flow\">\n<p class=\"wp-block-paragraph\">\u00ab Bindy marque un nouveau d\u00e9part. La pand\u00e9mie a \u00e9t\u00e9 difficile pour les clients et les fournisseurs, mais pour nous, c&#039;\u00e9tait aussi une opportunit\u00e9 de nous concentrer et de doubler nos efforts sur le produit. Les clients ont remarqu\u00e9. Nous constatons une augmentation de la demande pour notre produit sur tous les march\u00e9s cl\u00e9s tels que l&#039;Am\u00e9rique du Nord, l&#039;Europe, l&#039;Australie et l&#039;Asie \u00bb, ajoute M. Tiburce.<\/p>\n<\/blockquote>\n\n\n\n<p class=\"wp-block-paragraph\">Nouvelles op\u00e9rationnelles et produits en conjonction avec cette annonce de changement de marque\u00a0:<\/p>\n\n\n\n<ol class=\"wp-block-list\">\n<li>La soci\u00e9t\u00e9 lance la possibilit\u00e9 pour les soci\u00e9t\u00e9s m\u00e8res et holdings qui exploitent plusieurs concepts de se connecter une seule fois et d&#039;acc\u00e9der \u00e0 leurs diff\u00e9rentes marques.<\/li>\n\n\n\n<li>La soci\u00e9t\u00e9 ajoute Okta en tant que fournisseur d&#039;authentification unique en plus de Microsoft Azure.<\/li>\n<\/ol>\n\n\n\n<p class=\"wp-block-paragraph\">\u00c0 propos de Bindy<\/p>\n\n\n\n<p class=\"wp-block-paragraph\">Bindy est un logiciel cloud pour l&#039;ex\u00e9cution des magasins, y compris les audits de vente au d\u00e9tail, la gestion des t\u00e2ches et le suivi des tickets. Bindy aide les op\u00e9rateurs multi-unit\u00e9s \u00e0 ex\u00e9cuter les normes, les programmes et les op\u00e9rations de la marque.<\/p>\n\n\n\n<p class=\"wp-block-paragraph\">Pour plus d&#039;informations, visitez&nbsp;<a href=\"https:\/\/www.bindy.com\/\">https:\/\/www.bindy.com<\/a><\/p>\n\n\n\n<figure class=\"wp-block-embed\"><div class=\"wp-block-embed__wrapper\">\n<a href=\"https:\/\/www.prweb.com\/releases\/compliant_ia_announces_rebrand_to_bindy\/prweb18349785.htm\" rel=\"nofollow\">https:\/\/www.prweb.com\/releases\/compliant_ia_announces_rebrand_to_bindy\/prweb18349785.htm<\/a>\n<\/div><\/figure>\n\n\n\n<p class=\"wp-block-paragraph\">###<\/p>\n\n\n\n<figure class=\"wp-block-image\"><a href=\"https:\/\/bindy.com\/\" target=\"_blank\" rel=\"noreferrer noopener\"><img loading=\"lazy\" decoding=\"async\" width=\"1005\" height=\"301\" data-attachment-id=\"56663\" data-permalink=\"https:\/\/blog.bindy.com\/fr\/bindy-logo-horiz-col-72dpi\/\" data-orig-file=\"https:\/\/i0.wp.com\/blog.bindy.com\/wp-content\/uploads\/2021\/10\/Bindy-logo-horiz-col-72DPI.png?fit=1005%2C301&amp;ssl=1\" data-orig-size=\"1005,301\" data-comments-opened=\"1\" data-image-meta=\"{&quot;aperture&quot;:&quot;0&quot;,&quot;credit&quot;:&quot;&quot;,&quot;camera&quot;:&quot;&quot;,&quot;caption&quot;:&quot;&quot;,&quot;created_timestamp&quot;:&quot;0&quot;,&quot;copyright&quot;:&quot;&quot;,&quot;focal_length&quot;:&quot;0&quot;,&quot;iso&quot;:&quot;0&quot;,&quot;shutter_speed&quot;:&quot;0&quot;,&quot;title&quot;:&quot;&quot;,&quot;orientation&quot;:&quot;0&quot;}\" data-image-title=\"Bindy logo horiz-col-72DPI\" data-image-description=\"\" data-image-caption=\"\" data-large-file=\"https:\/\/i0.wp.com\/blog.bindy.com\/wp-content\/uploads\/2021\/10\/Bindy-logo-horiz-col-72DPI.png?fit=700%2C210&amp;ssl=1\" src=\"https:\/\/i0.wp.com\/blog.bindy.com\/wp-content\/uploads\/2021\/10\/Bindy-logo-horiz-col-72DPI.png?resize=700%2C210&amp;ssl=1\" alt=\"\" class=\"wp-image-56663\" srcset=\"https:\/\/i0.wp.com\/blog.bindy.com\/wp-content\/uploads\/2021\/10\/Bindy-logo-horiz-col-72DPI.png?w=1005&amp;ssl=1 1005w, https:\/\/i0.wp.com\/blog.bindy.com\/wp-content\/uploads\/2021\/10\/Bindy-logo-horiz-col-72DPI.png?resize=300%2C90&amp;ssl=1 300w, https:\/\/i0.wp.com\/blog.bindy.com\/wp-content\/uploads\/2021\/10\/Bindy-logo-horiz-col-72DPI.png?resize=768%2C230&amp;ssl=1 768w, https:\/\/i0.wp.com\/blog.bindy.com\/wp-content\/uploads\/2021\/10\/Bindy-logo-horiz-col-72DPI.png?resize=700%2C210&amp;ssl=1 700w\" sizes=\"auto, (max-width: 700px) 100vw, 700px\" \/><\/a><\/figure>","protected":false},"excerpt":{"rendered":"<p>Pour diffusion imm\u00e9diate Toronto, ON, le 23 novembre 2021 Conformit\u00e9 IA change de marque pour Bindy afin de refl\u00e9ter la croissance et la diversification. Compliant IA, l&#039;un des principaux fournisseurs de solutions d&#039;ex\u00e9cution de vente au d\u00e9tail bas\u00e9es sur le cloud, a annonc\u00e9 aujourd&#039;hui qu&#039;il avait achev\u00e9 un changement de marque majeur. Le changement de nom en Bindy refl\u00e8te la fa\u00e7on dont l&#039;entreprise s&#039;est d\u00e9velopp\u00e9e et diversifi\u00e9e ces derni\u00e8res ann\u00e9es. L&#039;entreprise \u2026 <a href=\"https:\/\/blog.bindy.com\/fr\/why-we-are-changing-our-name\/\" class=\"more-link\">Lire la suite <span class=\"screen-reader-text\">Compliant IA annonce le changement de marque en Bindy<\/span> <span class=\"meta-nav\">\u2192<\/span><\/a><\/p>","protected":false},"author":6370623,"featured_media":57196,"parent":0,"menu_order":0,"comment_status":"closed","ping_status":"closed","template":"","meta":{"_coblocks_attr":"","_coblocks_dimensions":"","_coblocks_responsive_height":"","_coblocks_accordion_ie_support":"","_crdt_document":"","footnotes":""},"class_list":["post-63954","page","type-page","status-publish","has-post-thumbnail","hentry"],"yoast_head":"<!-- This site is optimized with the Yoast SEO plugin v27.5 - https:\/\/yoast.com\/product\/yoast-seo-wordpress\/ -->\n<title>Compliant IA Announces Rebrand to Bindy - Audits, Tasks and Communication<\/title>\n<meta name=\"description\" content=\"Compliant IA Rebrands to Bindy to Reflect Growth and Diversification.\" \/>\n<meta name=\"robots\" content=\"index, follow, max-snippet:-1, max-image-preview:large, max-video-preview:-1\" \/>\n<link rel=\"canonical\" href=\"https:\/\/blog.bindy.com\/fr\/pourquoi-nous-changeons-notre-nom\/\" \/>\n<meta property=\"og:locale\" content=\"fr_FR\" \/>\n<meta property=\"og:type\" content=\"article\" \/>\n<meta property=\"og:title\" content=\"Compliant IA Announces Rebrand to Bindy - Audits, Tasks and Communication\" \/>\n<meta property=\"og:description\" content=\"Compliant IA Rebrands to Bindy to Reflect Growth and Diversification.\" \/>\n<meta property=\"og:url\" content=\"https:\/\/blog.bindy.com\/fr\/pourquoi-nous-changeons-notre-nom\/\" \/>\n<meta property=\"og:site_name\" content=\"Audits, Tasks and Communication\" \/>\n<meta property=\"article:publisher\" content=\"https:\/\/www.facebook.com\/bindyhq\" \/>\n<meta property=\"article:modified_time\" content=\"2024-09-11T22:05:02+00:00\" \/>\n<meta property=\"og:image\" content=\"https:\/\/blog.bindy.com\/wp-content\/uploads\/2021\/11\/Bindy-icone-col-72DPI.png?_t=1726092302\" \/>\n\t<meta property=\"og:image:width\" content=\"442\" \/>\n\t<meta property=\"og:image:height\" content=\"442\" \/>\n\t<meta property=\"og:image:type\" content=\"image\/png\" \/>\n<meta name=\"twitter:card\" content=\"summary_large_image\" \/>\n<meta name=\"twitter:site\" content=\"@bindyhq\" \/>\n<script type=\"application\/ld+json\" class=\"yoast-schema-graph\">{\"@context\":\"https:\\\/\\\/schema.org\",\"@graph\":[{\"@type\":\"WebPage\",\"@id\":\"https:\\\/\\\/blog.bindy.com\\\/why-we-are-changing-our-name\\\/\",\"url\":\"https:\\\/\\\/blog.bindy.com\\\/why-we-are-changing-our-name\\\/\",\"name\":\"Compliant IA Announces Rebrand to Bindy - Audits, Tasks and Communication\",\"isPartOf\":{\"@id\":\"https:\\\/\\\/blog.bindy.com\\\/#website\"},\"primaryImageOfPage\":{\"@id\":\"https:\\\/\\\/blog.bindy.com\\\/why-we-are-changing-our-name\\\/#primaryimage\"},\"image\":{\"@id\":\"https:\\\/\\\/blog.bindy.com\\\/why-we-are-changing-our-name\\\/#primaryimage\"},\"thumbnailUrl\":\"https:\\\/\\\/i0.wp.com\\\/blog.bindy.com\\\/wp-content\\\/uploads\\\/2021\\\/11\\\/Bindy-icone-col-72DPI.png?fit=442%2C442&ssl=1\",\"datePublished\":\"2024-09-11T22:01:27+00:00\",\"dateModified\":\"2024-09-11T22:05:02+00:00\",\"description\":\"Compliant IA Rebrands to Bindy to Reflect Growth and Diversification.\",\"breadcrumb\":{\"@id\":\"https:\\\/\\\/blog.bindy.com\\\/why-we-are-changing-our-name\\\/#breadcrumb\"},\"inLanguage\":\"fr-FR\",\"potentialAction\":[{\"@type\":\"ReadAction\",\"target\":[\"https:\\\/\\\/blog.bindy.com\\\/why-we-are-changing-our-name\\\/\"]}]},{\"@type\":\"ImageObject\",\"inLanguage\":\"fr-FR\",\"@id\":\"https:\\\/\\\/blog.bindy.com\\\/why-we-are-changing-our-name\\\/#primaryimage\",\"url\":\"https:\\\/\\\/i0.wp.com\\\/blog.bindy.com\\\/wp-content\\\/uploads\\\/2021\\\/11\\\/Bindy-icone-col-72DPI.png?fit=442%2C442&ssl=1\",\"contentUrl\":\"https:\\\/\\\/i0.wp.com\\\/blog.bindy.com\\\/wp-content\\\/uploads\\\/2021\\\/11\\\/Bindy-icone-col-72DPI.png?fit=442%2C442&ssl=1\",\"width\":442,\"height\":442},{\"@type\":\"BreadcrumbList\",\"@id\":\"https:\\\/\\\/blog.bindy.com\\\/why-we-are-changing-our-name\\\/#breadcrumb\",\"itemListElement\":[{\"@type\":\"ListItem\",\"position\":1,\"name\":\"Home\",\"item\":\"https:\\\/\\\/blog.bindy.com\\\/\"},{\"@type\":\"ListItem\",\"position\":2,\"name\":\"Compliant IA Announces Rebrand to Bindy\"}]},{\"@type\":\"WebSite\",\"@id\":\"https:\\\/\\\/blog.bindy.com\\\/#website\",\"url\":\"https:\\\/\\\/blog.bindy.com\\\/\",\"name\":\"Audits, Tasks and Communication\",\"description\":\"Inspect your sites, verify brand standards, and send tasks. Get real-time reports, signatures, videos, and photo verifications.\",\"publisher\":{\"@id\":\"https:\\\/\\\/blog.bindy.com\\\/#organization\"},\"potentialAction\":[{\"@type\":\"SearchAction\",\"target\":{\"@type\":\"EntryPoint\",\"urlTemplate\":\"https:\\\/\\\/blog.bindy.com\\\/?s={search_term_string}\"},\"query-input\":{\"@type\":\"PropertyValueSpecification\",\"valueRequired\":true,\"valueName\":\"search_term_string\"}}],\"inLanguage\":\"fr-FR\"},{\"@type\":\"Organization\",\"@id\":\"https:\\\/\\\/blog.bindy.com\\\/#organization\",\"name\":\"Bindy\",\"url\":\"https:\\\/\\\/blog.bindy.com\\\/\",\"logo\":{\"@type\":\"ImageObject\",\"inLanguage\":\"fr-FR\",\"@id\":\"https:\\\/\\\/blog.bindy.com\\\/#\\\/schema\\\/logo\\\/image\\\/\",\"url\":\"https:\\\/\\\/i0.wp.com\\\/blog.bindy.com\\\/wp-content\\\/uploads\\\/2021\\\/10\\\/Bindy-logo-horiz-col-72DPI.png?fit=1005%2C301&ssl=1\",\"contentUrl\":\"https:\\\/\\\/i0.wp.com\\\/blog.bindy.com\\\/wp-content\\\/uploads\\\/2021\\\/10\\\/Bindy-logo-horiz-col-72DPI.png?fit=1005%2C301&ssl=1\",\"width\":1005,\"height\":301,\"caption\":\"Bindy\"},\"image\":{\"@id\":\"https:\\\/\\\/blog.bindy.com\\\/#\\\/schema\\\/logo\\\/image\\\/\"},\"sameAs\":[\"https:\\\/\\\/www.facebook.com\\\/bindyhq\",\"https:\\\/\\\/x.com\\\/bindyhq\",\"https:\\\/\\\/www.linkedin.com\\\/company\\\/bindyhq\\\/\"]}]}<\/script>\n<!-- \/ Yoast SEO plugin. -->","yoast_head_json":{"title":"Compliant IA annonce son changement de nom\u00a0: Bindy \u2013 Audits, t\u00e2ches et communication","description":"Compliant IA devient Bindy pour refl\u00e9ter la croissance et la diversification.","robots":{"index":"index","follow":"follow","max-snippet":"max-snippet:-1","max-image-preview":"max-image-preview:large","max-video-preview":"max-video-preview:-1"},"canonical":"https:\/\/blog.bindy.com\/fr\/pourquoi-nous-changeons-notre-nom\/","og_locale":"fr_FR","og_type":"article","og_title":"Compliant IA Announces Rebrand to Bindy - Audits, Tasks and Communication","og_description":"Compliant IA Rebrands to Bindy to Reflect Growth and Diversification.","og_url":"https:\/\/blog.bindy.com\/fr\/pourquoi-nous-changeons-notre-nom\/","og_site_name":"Audits, Tasks and Communication","article_publisher":"https:\/\/www.facebook.com\/bindyhq","article_modified_time":"2024-09-11T22:05:02+00:00","og_image":[{"width":442,"height":442,"url":"https:\/\/blog.bindy.com\/wp-content\/uploads\/2021\/11\/Bindy-icone-col-72DPI.png?_t=1726092302","type":"image\/png"}],"twitter_card":"summary_large_image","twitter_site":"@bindyhq","schema":{"@context":"https:\/\/schema.org","@graph":[{"@type":"WebPage","@id":"https:\/\/blog.bindy.com\/why-we-are-changing-our-name\/","url":"https:\/\/blog.bindy.com\/why-we-are-changing-our-name\/","name":"Compliant IA annonce son changement de nom\u00a0: Bindy \u2013 Audits, t\u00e2ches et communication","isPartOf":{"@id":"https:\/\/blog.bindy.com\/#website"},"primaryImageOfPage":{"@id":"https:\/\/blog.bindy.com\/why-we-are-changing-our-name\/#primaryimage"},"image":{"@id":"https:\/\/blog.bindy.com\/why-we-are-changing-our-name\/#primaryimage"},"thumbnailUrl":"https:\/\/i0.wp.com\/blog.bindy.com\/wp-content\/uploads\/2021\/11\/Bindy-icone-col-72DPI.png?fit=442%2C442&ssl=1","datePublished":"2024-09-11T22:01:27+00:00","dateModified":"2024-09-11T22:05:02+00:00","description":"Compliant IA devient Bindy pour refl\u00e9ter la croissance et la diversification.","breadcrumb":{"@id":"https:\/\/blog.bindy.com\/why-we-are-changing-our-name\/#breadcrumb"},"inLanguage":"fr-FR","potentialAction":[{"@type":"ReadAction","target":["https:\/\/blog.bindy.com\/why-we-are-changing-our-name\/"]}]},{"@type":"ImageObject","inLanguage":"fr-FR","@id":"https:\/\/blog.bindy.com\/why-we-are-changing-our-name\/#primaryimage","url":"https:\/\/i0.wp.com\/blog.bindy.com\/wp-content\/uploads\/2021\/11\/Bindy-icone-col-72DPI.png?fit=442%2C442&ssl=1","contentUrl":"https:\/\/i0.wp.com\/blog.bindy.com\/wp-content\/uploads\/2021\/11\/Bindy-icone-col-72DPI.png?fit=442%2C442&ssl=1","width":442,"height":442},{"@type":"BreadcrumbList","@id":"https:\/\/blog.bindy.com\/why-we-are-changing-our-name\/#breadcrumb","itemListElement":[{"@type":"ListItem","position":1,"name":"Home","item":"https:\/\/blog.bindy.com\/"},{"@type":"ListItem","position":2,"name":"Compliant IA Announces Rebrand to Bindy"}]},{"@type":"WebSite","@id":"https:\/\/blog.bindy.com\/#website","url":"https:\/\/blog.bindy.com\/","name":"Audits, t\u00e2ches et communication","description":"Inspectez vos sites, v\u00e9rifiez la conformit\u00e9 aux normes de votre marque et assignez des t\u00e2ches. Recevez des rapports en temps r\u00e9el, des signatures, des vid\u00e9os et des v\u00e9rifications photo.","publisher":{"@id":"https:\/\/blog.bindy.com\/#organization"},"potentialAction":[{"@type":"SearchAction","target":{"@type":"EntryPoint","urlTemplate":"https:\/\/blog.bindy.com\/?s={search_term_string}"},"query-input":{"@type":"PropertyValueSpecification","valueRequired":true,"valueName":"search_term_string"}}],"inLanguage":"fr-FR"},{"@type":"Organization","@id":"https:\/\/blog.bindy.com\/#organization","name":"Bindy","url":"https:\/\/blog.bindy.com\/","logo":{"@type":"ImageObject","inLanguage":"fr-FR","@id":"https:\/\/blog.bindy.com\/#\/schema\/logo\/image\/","url":"https:\/\/i0.wp.com\/blog.bindy.com\/wp-content\/uploads\/2021\/10\/Bindy-logo-horiz-col-72DPI.png?fit=1005%2C301&ssl=1","contentUrl":"https:\/\/i0.wp.com\/blog.bindy.com\/wp-content\/uploads\/2021\/10\/Bindy-logo-horiz-col-72DPI.png?fit=1005%2C301&ssl=1","width":1005,"height":301,"caption":"Bindy"},"image":{"@id":"https:\/\/blog.bindy.com\/#\/schema\/logo\/image\/"},"sameAs":["https:\/\/www.facebook.com\/bindyhq","https:\/\/x.com\/bindyhq","https:\/\/www.linkedin.com\/company\/bindyhq\/"]}]}},"jetpack_likes_enabled":false,"jetpack_sharing_enabled":true,"jetpack_shortlink":"https:\/\/wp.me\/PDNAM-gDw","jetpack-related-posts":[{"id":65107,"url":"https:\/\/blog.bindy.com\/fr\/bindy-demo\/","url_meta":{"origin":63954,"position":0},"title":"\u25b6\ufe0f D\u00e9mo Bindy","author":"Bindy","date":"d\u00e9cembre 9, 2024","format":false,"excerpt":"Aucune inscription ni planification requise. D\u00e9couvrez les fonctionnalit\u00e9s essentielles de Bindy en 5 courtes vid\u00e9os de d\u00e9monstration. \u25b6\ufe0f Introduction (1 min 2 s) \u2139\ufe0f Bindy est une application cloud qui automatise \u2714\ufe0f les audits, \ud83d\uddd3\ufe0f les t\u00e2ches et \ud83d\udce3 la communication dans les secteurs du commerce de d\u00e9tail et de l&#039;h\u00f4tellerie-restauration. D\u00e9ployez et v\u00e9rifiez les normes de marque, les t\u00e2ches et les actions correctives\u2026","rel":"","context":"Article similaire","block_context":{"text":"Article similaire","link":""},"img":{"alt_text":"","src":"","width":0,"height":0},"classes":[]},{"id":5578,"url":"https:\/\/blog.bindy.com\/fr\/referral\/","url_meta":{"origin":63954,"position":1},"title":"Programme de parrainage","author":"Bindy","date":"f\u00e9vrier 6, 2019","format":false,"excerpt":"Recommandez Bindy. Votre filleul b\u00e9n\u00e9ficie d&#039;un mois d&#039;abonnement gratuit \u00e0 Bindy. Vous recevez une carte cadeau Amazon de $500. Bindy accompagne les entreprises de toutes tailles, des grandes multinationales aux PME multisites. Si vous avez des coll\u00e8gues ou amis int\u00e9ress\u00e9s par l&#039;am\u00e9lioration des normes et des op\u00e9rations de marque au sein de leur entreprise\u2026","rel":"","context":"Article similaire","block_context":{"text":"Article similaire","link":""},"img":{"alt_text":"","src":"https:\/\/i0.wp.com\/blog.bindy.com\/wp-content\/uploads\/2022\/02\/Bindy-Brand-st-ad-blue-HR-800.png?fit=800%2C418&ssl=1&resize=350%2C200","width":350,"height":200,"srcset":"https:\/\/i0.wp.com\/blog.bindy.com\/wp-content\/uploads\/2022\/02\/Bindy-Brand-st-ad-blue-HR-800.png?fit=800%2C418&ssl=1&resize=350%2C200 1x, https:\/\/i0.wp.com\/blog.bindy.com\/wp-content\/uploads\/2022\/02\/Bindy-Brand-st-ad-blue-HR-800.png?fit=800%2C418&ssl=1&resize=525%2C300 1.5x, https:\/\/i0.wp.com\/blog.bindy.com\/wp-content\/uploads\/2022\/02\/Bindy-Brand-st-ad-blue-HR-800.png?fit=800%2C418&ssl=1&resize=700%2C400 2x"},"classes":[]},{"id":60545,"url":"https:\/\/blog.bindy.com\/fr\/reporting-feedback\/","url_meta":{"origin":63954,"position":2},"title":"Bindy Reporting \u2013 Dites-nous ce que vous en pensez\u00a0!","author":"Bindy","date":"ao\u00fbt 25, 2023","format":false,"excerpt":"Le but du reporting est de rassembler les donn\u00e9es et de trouver les informations dont vous avez besoin. Comment pouvons nous nous am\u00e9liorer? Votre r\u00e9ponse est confidentielle.","rel":"","context":"Article similaire","block_context":{"text":"Article similaire","link":""},"img":{"alt_text":"","src":"https:\/\/i0.wp.com\/blog.bindy.com\/wp-content\/uploads\/2023\/08\/shutterstock_650629666.jpg?fit=1200%2C716&ssl=1&resize=350%2C200","width":350,"height":200,"srcset":"https:\/\/i0.wp.com\/blog.bindy.com\/wp-content\/uploads\/2023\/08\/shutterstock_650629666.jpg?fit=1200%2C716&ssl=1&resize=350%2C200 1x, https:\/\/i0.wp.com\/blog.bindy.com\/wp-content\/uploads\/2023\/08\/shutterstock_650629666.jpg?fit=1200%2C716&ssl=1&resize=525%2C300 1.5x, https:\/\/i0.wp.com\/blog.bindy.com\/wp-content\/uploads\/2023\/08\/shutterstock_650629666.jpg?fit=1200%2C716&ssl=1&resize=700%2C400 2x, https:\/\/i0.wp.com\/blog.bindy.com\/wp-content\/uploads\/2023\/08\/shutterstock_650629666.jpg?fit=1200%2C716&ssl=1&resize=1050%2C600 3x"},"classes":[]},{"id":60033,"url":"https:\/\/blog.bindy.com\/fr\/why\/","url_meta":{"origin":63954,"position":3},"title":"Dites-nous pourquoi \/ Pas d&#039;abonnement","author":"Bindy","date":"f\u00e9vrier 14, 2023","format":false,"excerpt":"Veuillez prendre un moment pour nous dire pourquoi vous ne vous abonnez pas \u00e0 Bindy. Nous n&#039;enverrons pas d&#039;e-mails de suivi. Ces informations nous aideront simplement \u00e0 am\u00e9liorer l&#039;essai et les premi\u00e8res impressions. Merci!","rel":"","context":"Article similaire","block_context":{"text":"Article similaire","link":""},"img":{"alt_text":"","src":"https:\/\/i0.wp.com\/blog.bindy.com\/wp-content\/uploads\/2023\/02\/Screen-compo-Combo_Screens-layed-out.png?fit=600%2C429&ssl=1&resize=350%2C200","width":350,"height":200,"srcset":"https:\/\/i0.wp.com\/blog.bindy.com\/wp-content\/uploads\/2023\/02\/Screen-compo-Combo_Screens-layed-out.png?fit=600%2C429&ssl=1&resize=350%2C200 1x, https:\/\/i0.wp.com\/blog.bindy.com\/wp-content\/uploads\/2023\/02\/Screen-compo-Combo_Screens-layed-out.png?fit=600%2C429&ssl=1&resize=525%2C300 1.5x"},"classes":[]}],"_links":{"self":[{"href":"https:\/\/blog.bindy.com\/fr\/wp-json\/wp\/v2\/pages\/63954","targetHints":{"allow":["GET"]}}],"collection":[{"href":"https:\/\/blog.bindy.com\/fr\/wp-json\/wp\/v2\/pages"}],"about":[{"href":"https:\/\/blog.bindy.com\/fr\/wp-json\/wp\/v2\/types\/page"}],"author":[{"embeddable":true,"href":"https:\/\/blog.bindy.com\/fr\/wp-json\/wp\/v2\/users\/6370623"}],"replies":[{"embeddable":true,"href":"https:\/\/blog.bindy.com\/fr\/wp-json\/wp\/v2\/comments?post=63954"}],"version-history":[{"count":1,"href":"https:\/\/blog.bindy.com\/fr\/wp-json\/wp\/v2\/pages\/63954\/revisions"}],"predecessor-version":[{"id":63955,"href":"https:\/\/blog.bindy.com\/fr\/wp-json\/wp\/v2\/pages\/63954\/revisions\/63955"}],"wp:featuredmedia":[{"embeddable":true,"href":"https:\/\/blog.bindy.com\/fr\/wp-json\/wp\/v2\/media\/57196"}],"wp:attachment":[{"href":"https:\/\/blog.bindy.com\/fr\/wp-json\/wp\/v2\/media?parent=63954"}],"curies":[{"name":"wp","href":"https:\/\/api.w.org\/{rel}","templated":true}]}}