{"id":5578,"date":"2019-02-06T15:11:35","date_gmt":"2019-02-06T20:11:35","guid":{"rendered":"http:\/\/blog.bindy.com\/?page_id=5578"},"modified":"2024-06-05T11:48:29","modified_gmt":"2024-06-05T15:48:29","slug":"reference","status":"publish","type":"page","link":"https:\/\/blog.bindy.com\/fr\/reference\/","title":{"rendered":"Programme de parrainage"},"content":{"rendered":"<h3 class=\"wp-block-heading\">R\u00e9f\u00e9rez Bindy. Votre filleul re\u00e7oit un mois gratuit de service Bindy. Vous recevez une carte cadeau Amazon $500.<\/h3>\n\n\n\n<p class=\"wp-block-paragraph\"><a href=\"https:\/\/bindy.com\/\" target=\"_blank\" rel=\"noreferrer noopener\">Bindy <\/a>travaille avec des organisations de toutes tailles, des grandes multinationales aux PME poss\u00e9dant quelques sites. Si vous avez des coll\u00e8gues et des amis int\u00e9ress\u00e9s \u00e0 promouvoir les normes et les op\u00e9rations de marque au sein de leur organisation, ce programme de parrainage est fait pour vous\u2026 et pour eux\u00a0! C&#039;est tr\u00e8s simple et ouvert \u00e0 tous.<\/p>\n\n\n\n<h2 class=\"wp-block-heading\">Comment \u00e7a fonctionne<\/h2>\n\n\n\n<ol class=\"wp-block-list\">\n<li>Remplissez le formulaire ci-dessous. Nous contacterons le parrain\u00e9, lui proposerons un essai gratuit plus un mois de service gratuit, gr\u00e2ce \u00e0 vous.<\/li>\n\n\n\n<li>Si votre filleul s&#039;abonne \u00e0 Bindy, vous recevez $500 USD <a href=\"https:\/\/www.amazon.com\/gift-cards\" target=\"_blank\" rel=\"noreferrer noopener\">Carte cadeau \u00e9lectronique Amazon<\/a> par email.<\/li>\n\n\n\n<li>Voir les termes et conditions ci-dessous.<\/li>\n<\/ol>\n\n\n<div class=\"wp-block-jetpack-contact-form is-layout-flex wp-container-jetpack-contact-form-is-layout-7f6ac06e wp-block-jetpack-contact-form-is-layout-flex\"><a href=\"https:\/\/blog.bindy.com\/fr\/reference\/\" target=\"_blank\" rel=\"noopener noreferrer\">Soumettre un formulaire.<\/a><\/div>\n\n<h2><strong>Termes et conditions<\/strong><\/h2>\n<ol>\n<li>Rien n&#039;emp\u00eache Bindy d&#039;obtenir des r\u00e9f\u00e9rences d&#039;autres r\u00e9f\u00e9rents.<\/li>\n<li>Bindy n&#039;a aucune obligation de contacter la r\u00e9f\u00e9rence et de vous contacter si nous ne le faisons pas.<\/li>\n<li>Bindy ne vous contactera pas si le filleul est d\u00e9j\u00e0 un client, a d\u00e9j\u00e0 \u00e9t\u00e9 contact\u00e9 ou a d\u00e9j\u00e0 \u00e9t\u00e9 r\u00e9f\u00e9r\u00e9 par quelqu&#039;un d&#039;autre.<\/li>\n<li>Bindy vous contactera si nous contactons la r\u00e9f\u00e9rence.<\/li>\n<li>Si le parrainage confirme qu&#039;il s&#039;est abonn\u00e9 \u00e0 Bindy dans les 180 jours \u00e0 la suite du parrainage, Bindy vous enverra une carte-cadeau \u00e9lectronique par e-mail d&#039;un montant de $500 USD lorsque les revenus g\u00e9n\u00e9r\u00e9s par ce parrainage seront \u00e9gaux ou sup\u00e9rieurs \u00e0 $1 000 USD.<\/li>\n<li>Bindy n&#039;a aucune obligation de payer une commission de parrainage si les revenus g\u00e9n\u00e9r\u00e9s par ce parrainage n&#039;atteignent pas $1 000 USD en raison d&#039;une annulation ou d&#039;une r\u00e9siliation.&nbsp;<\/li>\n<li>Vous ne pouvez pas vous r\u00e9f\u00e9rer vous-m\u00eame.&nbsp;<\/li>\n<li>Vous devez avoir 18 ans ou plus pour r\u00e9f\u00e9rer quelqu&#039;un. La r\u00e9f\u00e9rence doit \u00eatre \u00e2g\u00e9e de 18 ans ou plus.<\/li>\n<li>Bindy peut r\u00e9silier ou modifier le programme de parrainage \u00e0 tout moment, \u00e0 sa seule et enti\u00e8re discr\u00e9tion. Si nous le faisons, les r\u00e9f\u00e9rences et les conditions en cours seront honor\u00e9es.<\/li>\n<li>Vous pouvez avoir jusqu&#039;\u00e0 20 r\u00e9f\u00e9rences dans le cadre de ce programme. Chaque r\u00e9f\u00e9rence est trait\u00e9e individuellement et ind\u00e9pendamment de toute autre.<\/li>\n<li>Le programme de parrainage n&#039;est pas disponible pour les revendeurs et int\u00e9grateurs d\u00e9j\u00e0 sous contrat avec Bindy.<\/li>\n<li>Il vous est conseill\u00e9 de v\u00e9rifier votre contrat de travail et tout autre contrat que vous pourriez avoir conclu et de vous assurer que la participation au programme de parrainage ne viole pas les politiques de votre organisation.<\/li>\n<li>Bindy ne sera pas responsable des dommages indirects, sp\u00e9ciaux et\/ou cons\u00e9cutifs, d\u00e9coulant de ou en relation avec cet accord de parrainage.<\/li>\n<li>En remplissant le formulaire, vous reconnaissez avoir lu, compris et accept\u00e9 les termes et conditions du programme de parrainage.<\/li>\n<\/ol>\n\n\n<p class=\"wp-block-paragraph\"><\/p>","protected":false},"excerpt":{"rendered":"<p>R\u00e9f\u00e9rez Bindy. Votre filleul re\u00e7oit un mois gratuit de service Bindy. Vous recevez une carte cadeau Amazon $500. Bindy travaille avec des organisations de toutes tailles, des grandes multinationales aux PME disposant de quelques sites. Si vous avez des coll\u00e8gues et des amis int\u00e9ress\u00e9s \u00e0 promouvoir les normes et les op\u00e9rations de marque au sein de leur organisation, ce programme de parrainage s&#039;adresse \u00e0\u2026 <a href=\"https:\/\/blog.bindy.com\/fr\/reference\/\" class=\"more-link\">Lire la suite <span class=\"screen-reader-text\">Programme de parrainage<\/span> <span class=\"meta-nav\">\u2192<\/span><\/a><\/p>","protected":false},"author":6370623,"featured_media":57763,"parent":0,"menu_order":0,"comment_status":"closed","ping_status":"closed","template":"","meta":{"_coblocks_attr":"","_coblocks_dimensions":"","_coblocks_responsive_height":"","_coblocks_accordion_ie_support":"","_crdt_document":"","jetpack_post_was_ever_published":false,"footnotes":""},"class_list":["post-5578","page","type-page","status-publish","has-post-thumbnail","hentry"],"yoast_head":"<!-- This site is optimized with the Yoast SEO plugin v27.3 - https:\/\/yoast.com\/product\/yoast-seo-wordpress\/ -->\n<title>Referral Program - Audits, Tasks and Communication<\/title>\n<meta name=\"description\" content=\"Bindy works with organizations of all sizes, from large multinationals to SMB&#039;s with a handful of locations. Get a $500 Amazon gift card!\" \/>\n<meta name=\"robots\" content=\"index, follow, max-snippet:-1, max-image-preview:large, max-video-preview:-1\" \/>\n<link rel=\"canonical\" href=\"https:\/\/blog.bindy.com\/fr\/\" \/>\n<meta property=\"og:locale\" content=\"fr_FR\" \/>\n<meta property=\"og:type\" content=\"article\" \/>\n<meta property=\"og:title\" content=\"Referral Program - Audits, Tasks and Communication\" \/>\n<meta property=\"og:description\" content=\"Bindy works with organizations of all sizes, from large multinationals to SMB&#039;s with a handful of locations. Get a $500 Amazon gift card!\" \/>\n<meta property=\"og:url\" content=\"https:\/\/blog.bindy.com\/fr\/\" \/>\n<meta property=\"og:site_name\" content=\"Audits, Tasks and Communication\" \/>\n<meta property=\"article:publisher\" content=\"https:\/\/www.facebook.com\/bindyhq\" \/>\n<meta property=\"article:modified_time\" content=\"2024-06-05T15:48:29+00:00\" \/>\n<meta property=\"og:image\" content=\"https:\/\/blog.bindy.com\/wp-content\/uploads\/2022\/02\/Bindy-Brand-st-ad-blue-HR-800.png?_t=1717602509\" \/>\n\t<meta property=\"og:image:width\" content=\"800\" \/>\n\t<meta property=\"og:image:height\" content=\"418\" \/>\n\t<meta property=\"og:image:type\" content=\"image\/png\" \/>\n<meta name=\"twitter:card\" content=\"summary_large_image\" \/>\n<meta name=\"twitter:site\" content=\"@bindyhq\" \/>\n<script type=\"application\/ld+json\" class=\"yoast-schema-graph\">{\"@context\":\"https:\\\/\\\/schema.org\",\"@graph\":[{\"@type\":\"WebPage\",\"@id\":\"https:\\\/\\\/blog.bindy.com\\\/\",\"url\":\"https:\\\/\\\/blog.bindy.com\\\/\",\"name\":\"Referral Program - Audits, Tasks and Communication\",\"isPartOf\":{\"@id\":\"https:\\\/\\\/blog.bindy.com\\\/#website\"},\"primaryImageOfPage\":{\"@id\":\"https:\\\/\\\/blog.bindy.com\\\/#primaryimage\"},\"image\":{\"@id\":\"https:\\\/\\\/blog.bindy.com\\\/#primaryimage\"},\"thumbnailUrl\":\"https:\\\/\\\/i0.wp.com\\\/blog.bindy.com\\\/wp-content\\\/uploads\\\/2022\\\/02\\\/Bindy-Brand-st-ad-blue-HR-800.png?fit=800%2C418&ssl=1\",\"datePublished\":\"2019-02-06T20:11:35+00:00\",\"dateModified\":\"2024-06-05T15:48:29+00:00\",\"description\":\"Bindy works with organizations of all sizes, from large multinationals to SMB's with a handful of locations. Get a $500 Amazon gift card!\",\"breadcrumb\":{\"@id\":\"https:\\\/\\\/blog.bindy.com\\\/#breadcrumb\"},\"inLanguage\":\"fr-FR\",\"potentialAction\":[{\"@type\":\"ReadAction\",\"target\":[\"https:\\\/\\\/blog.bindy.com\\\/\"]}]},{\"@type\":\"ImageObject\",\"inLanguage\":\"fr-FR\",\"@id\":\"https:\\\/\\\/blog.bindy.com\\\/#primaryimage\",\"url\":\"https:\\\/\\\/i0.wp.com\\\/blog.bindy.com\\\/wp-content\\\/uploads\\\/2022\\\/02\\\/Bindy-Brand-st-ad-blue-HR-800.png?fit=800%2C418&ssl=1\",\"contentUrl\":\"https:\\\/\\\/i0.wp.com\\\/blog.bindy.com\\\/wp-content\\\/uploads\\\/2022\\\/02\\\/Bindy-Brand-st-ad-blue-HR-800.png?fit=800%2C418&ssl=1\",\"width\":800,\"height\":418},{\"@type\":\"BreadcrumbList\",\"@id\":\"https:\\\/\\\/blog.bindy.com\\\/#breadcrumb\",\"itemListElement\":[{\"@type\":\"ListItem\",\"position\":1,\"name\":\"Home\",\"item\":\"https:\\\/\\\/blog.bindy.com\\\/\"},{\"@type\":\"ListItem\",\"position\":2,\"name\":\"Referral Program\"}]},{\"@type\":\"WebSite\",\"@id\":\"https:\\\/\\\/blog.bindy.com\\\/#website\",\"url\":\"https:\\\/\\\/blog.bindy.com\\\/\",\"name\":\"Audits, Tasks and Communication\",\"description\":\"Retail and Hospitality Operations\",\"publisher\":{\"@id\":\"https:\\\/\\\/blog.bindy.com\\\/#organization\"},\"potentialAction\":[{\"@type\":\"SearchAction\",\"target\":{\"@type\":\"EntryPoint\",\"urlTemplate\":\"https:\\\/\\\/blog.bindy.com\\\/?s={search_term_string}\"},\"query-input\":{\"@type\":\"PropertyValueSpecification\",\"valueRequired\":true,\"valueName\":\"search_term_string\"}}],\"inLanguage\":\"fr-FR\"},{\"@type\":\"Organization\",\"@id\":\"https:\\\/\\\/blog.bindy.com\\\/#organization\",\"name\":\"Bindy\",\"url\":\"https:\\\/\\\/blog.bindy.com\\\/\",\"logo\":{\"@type\":\"ImageObject\",\"inLanguage\":\"fr-FR\",\"@id\":\"https:\\\/\\\/blog.bindy.com\\\/#\\\/schema\\\/logo\\\/image\\\/\",\"url\":\"https:\\\/\\\/i0.wp.com\\\/blog.bindy.com\\\/wp-content\\\/uploads\\\/2021\\\/10\\\/Bindy-logo-horiz-col-72DPI.png?fit=1005%2C301&ssl=1\",\"contentUrl\":\"https:\\\/\\\/i0.wp.com\\\/blog.bindy.com\\\/wp-content\\\/uploads\\\/2021\\\/10\\\/Bindy-logo-horiz-col-72DPI.png?fit=1005%2C301&ssl=1\",\"width\":1005,\"height\":301,\"caption\":\"Bindy\"},\"image\":{\"@id\":\"https:\\\/\\\/blog.bindy.com\\\/#\\\/schema\\\/logo\\\/image\\\/\"},\"sameAs\":[\"https:\\\/\\\/www.facebook.com\\\/bindyhq\",\"https:\\\/\\\/x.com\\\/bindyhq\",\"https:\\\/\\\/www.linkedin.com\\\/company\\\/bindyhq\\\/\"]}]}<\/script>\n<!-- \/ Yoast SEO plugin. -->","yoast_head_json":{"title":"Programme de r\u00e9f\u00e9rencement \u2013 Audits, t\u00e2ches et communication","description":"Bindy travaille avec des organisations de toutes tailles, des grandes multinationales aux PME avec une poign\u00e9e d&#039;emplacements. Obtenez une carte cadeau Amazon $500 !","robots":{"index":"index","follow":"follow","max-snippet":"max-snippet:-1","max-image-preview":"max-image-preview:large","max-video-preview":"max-video-preview:-1"},"canonical":"https:\/\/blog.bindy.com\/fr\/","og_locale":"fr_FR","og_type":"article","og_title":"Referral Program - Audits, Tasks and Communication","og_description":"Bindy works with organizations of all sizes, from large multinationals to SMB's with a handful of locations. Get a $500 Amazon gift card!","og_url":"https:\/\/blog.bindy.com\/fr\/","og_site_name":"Audits, Tasks and Communication","article_publisher":"https:\/\/www.facebook.com\/bindyhq","article_modified_time":"2024-06-05T15:48:29+00:00","og_image":[{"width":800,"height":418,"url":"https:\/\/blog.bindy.com\/wp-content\/uploads\/2022\/02\/Bindy-Brand-st-ad-blue-HR-800.png?_t=1717602509","type":"image\/png"}],"twitter_card":"summary_large_image","twitter_site":"@bindyhq","schema":{"@context":"https:\/\/schema.org","@graph":[{"@type":"WebPage","@id":"https:\/\/blog.bindy.com\/","url":"https:\/\/blog.bindy.com\/","name":"Programme de r\u00e9f\u00e9rencement \u2013 Audits, t\u00e2ches et communication","isPartOf":{"@id":"https:\/\/blog.bindy.com\/#website"},"primaryImageOfPage":{"@id":"https:\/\/blog.bindy.com\/#primaryimage"},"image":{"@id":"https:\/\/blog.bindy.com\/#primaryimage"},"thumbnailUrl":"https:\/\/i0.wp.com\/blog.bindy.com\/wp-content\/uploads\/2022\/02\/Bindy-Brand-st-ad-blue-HR-800.png?fit=800%2C418&ssl=1","datePublished":"2019-02-06T20:11:35+00:00","dateModified":"2024-06-05T15:48:29+00:00","description":"Bindy travaille avec des organisations de toutes tailles, des grandes multinationales aux PME avec une poign\u00e9e d&#039;emplacements. Obtenez une carte cadeau Amazon $500 !","breadcrumb":{"@id":"https:\/\/blog.bindy.com\/#breadcrumb"},"inLanguage":"fr-FR","potentialAction":[{"@type":"ReadAction","target":["https:\/\/blog.bindy.com\/"]}]},{"@type":"ImageObject","inLanguage":"fr-FR","@id":"https:\/\/blog.bindy.com\/#primaryimage","url":"https:\/\/i0.wp.com\/blog.bindy.com\/wp-content\/uploads\/2022\/02\/Bindy-Brand-st-ad-blue-HR-800.png?fit=800%2C418&ssl=1","contentUrl":"https:\/\/i0.wp.com\/blog.bindy.com\/wp-content\/uploads\/2022\/02\/Bindy-Brand-st-ad-blue-HR-800.png?fit=800%2C418&ssl=1","width":800,"height":418},{"@type":"BreadcrumbList","@id":"https:\/\/blog.bindy.com\/#breadcrumb","itemListElement":[{"@type":"ListItem","position":1,"name":"Home","item":"https:\/\/blog.bindy.com\/"},{"@type":"ListItem","position":2,"name":"Referral Program"}]},{"@type":"WebSite","@id":"https:\/\/blog.bindy.com\/#website","url":"https:\/\/blog.bindy.com\/","name":"Audits, t\u00e2ches et communication","description":"Op\u00e9rations de vente au d\u00e9tail et d&#039;h\u00f4tellerie","publisher":{"@id":"https:\/\/blog.bindy.com\/#organization"},"potentialAction":[{"@type":"SearchAction","target":{"@type":"EntryPoint","urlTemplate":"https:\/\/blog.bindy.com\/?s={search_term_string}"},"query-input":{"@type":"PropertyValueSpecification","valueRequired":true,"valueName":"search_term_string"}}],"inLanguage":"fr-FR"},{"@type":"Organization","@id":"https:\/\/blog.bindy.com\/#organization","name":"Bindy","url":"https:\/\/blog.bindy.com\/","logo":{"@type":"ImageObject","inLanguage":"fr-FR","@id":"https:\/\/blog.bindy.com\/#\/schema\/logo\/image\/","url":"https:\/\/i0.wp.com\/blog.bindy.com\/wp-content\/uploads\/2021\/10\/Bindy-logo-horiz-col-72DPI.png?fit=1005%2C301&ssl=1","contentUrl":"https:\/\/i0.wp.com\/blog.bindy.com\/wp-content\/uploads\/2021\/10\/Bindy-logo-horiz-col-72DPI.png?fit=1005%2C301&ssl=1","width":1005,"height":301,"caption":"Bindy"},"image":{"@id":"https:\/\/blog.bindy.com\/#\/schema\/logo\/image\/"},"sameAs":["https:\/\/www.facebook.com\/bindyhq","https:\/\/x.com\/bindyhq","https:\/\/www.linkedin.com\/company\/bindyhq\/"]}]}},"jetpack_likes_enabled":false,"jetpack_sharing_enabled":true,"jetpack_shortlink":"https:\/\/wp.me\/PDNAM-1rY","jetpack-related-posts":[{"id":63954,"url":"https:\/\/blog.bindy.com\/fr\/pourquoi-nous-changeons-notre-nom\/","url_meta":{"origin":5578,"position":0},"title":"Compliant IA annonce le changement de marque en Bindy","author":"Bindy","date":"septembre 11, 2024","format":false,"excerpt":"Pour diffusion imm\u00e9diate Toronto, ON, le 23 novembre 2021 Conforme IA devient Bindy pour refl\u00e9ter la croissance et la diversification. Compliant IA, l&#039;un des principaux fournisseurs de solutions d&#039;ex\u00e9cution de vente au d\u00e9tail bas\u00e9es sur le cloud, a annonc\u00e9 aujourd&#039;hui avoir finalis\u00e9 un changement de marque majeur. Le changement de nom en Bindy refl\u00e8te la fa\u00e7on dont l&#039;entreprise s&#039;est d\u00e9velopp\u00e9e et diversifi\u00e9e\u2026","rel":"","context":"Article similaire","block_context":{"text":"Article similaire","link":""},"img":{"alt_text":"","src":"https:\/\/i0.wp.com\/blog.bindy.com\/wp-content\/uploads\/2021\/11\/Bindy-icone-col-72DPI.png?fit=442%2C442&ssl=1&resize=350%2C200","width":350,"height":200},"classes":[]},{"id":65107,"url":"https:\/\/blog.bindy.com\/fr\/demo-de-bindy\/","url_meta":{"origin":5578,"position":1},"title":"\u25b6\ufe0f D\u00e9mo Bindy","author":"Bindy","date":"d\u00e9cembre 9, 2024","format":false,"excerpt":"Aucune inscription ni planification requise. D\u00e9couvrez les fonctionnalit\u00e9s essentielles de Bindy en 5 courtes vid\u00e9os de d\u00e9monstration. \u25b6\ufe0f Introduction (1 min 2 s) \u2139\ufe0f Bindy est une application cloud qui automatise \u2714\ufe0f les audits, \ud83d\uddd3\ufe0f les t\u00e2ches et \ud83d\udce3 la communication dans les secteurs du commerce de d\u00e9tail et de l&#039;h\u00f4tellerie-restauration. D\u00e9ployez et v\u00e9rifiez les normes de marque, les t\u00e2ches et les actions correctives\u2026","rel":"","context":"Article similaire","block_context":{"text":"Article similaire","link":""},"img":{"alt_text":"","src":"","width":0,"height":0},"classes":[]},{"id":60545,"url":"https:\/\/blog.bindy.com\/fr\/rapport-de-retroaction\/","url_meta":{"origin":5578,"position":2},"title":"Bindy Reporting \u2013 Dites-nous ce que vous en pensez\u00a0!","author":"Bindy","date":"ao\u00fbt 25, 2023","format":false,"excerpt":"Le but du reporting est de rassembler les donn\u00e9es et de trouver les informations dont vous avez besoin. Comment pouvons nous nous am\u00e9liorer? Votre r\u00e9ponse est confidentielle.","rel":"","context":"Article similaire","block_context":{"text":"Article similaire","link":""},"img":{"alt_text":"","src":"https:\/\/i0.wp.com\/blog.bindy.com\/wp-content\/uploads\/2023\/08\/shutterstock_650629666.jpg?fit=1200%2C716&ssl=1&resize=350%2C200","width":350,"height":200,"srcset":"https:\/\/i0.wp.com\/blog.bindy.com\/wp-content\/uploads\/2023\/08\/shutterstock_650629666.jpg?fit=1200%2C716&ssl=1&resize=350%2C200 1x, https:\/\/i0.wp.com\/blog.bindy.com\/wp-content\/uploads\/2023\/08\/shutterstock_650629666.jpg?fit=1200%2C716&ssl=1&resize=525%2C300 1.5x, https:\/\/i0.wp.com\/blog.bindy.com\/wp-content\/uploads\/2023\/08\/shutterstock_650629666.jpg?fit=1200%2C716&ssl=1&resize=700%2C400 2x, https:\/\/i0.wp.com\/blog.bindy.com\/wp-content\/uploads\/2023\/08\/shutterstock_650629666.jpg?fit=1200%2C716&ssl=1&resize=1050%2C600 3x"},"classes":[]},{"id":60033,"url":"https:\/\/blog.bindy.com\/fr\/pourquoi\/","url_meta":{"origin":5578,"position":3},"title":"Dites-nous pourquoi \/ Pas d&#039;abonnement","author":"Bindy","date":"f\u00e9vrier 14, 2023","format":false,"excerpt":"Veuillez prendre un moment pour nous dire pourquoi vous ne vous abonnez pas \u00e0 Bindy. Nous n&#039;enverrons pas d&#039;e-mails de suivi. Ces informations nous aideront simplement \u00e0 am\u00e9liorer l&#039;essai et les premi\u00e8res impressions. Merci!","rel":"","context":"Article similaire","block_context":{"text":"Article similaire","link":""},"img":{"alt_text":"","src":"https:\/\/i0.wp.com\/blog.bindy.com\/wp-content\/uploads\/2023\/02\/Screen-compo-Combo_Screens-layed-out.png?fit=600%2C429&ssl=1&resize=350%2C200","width":350,"height":200,"srcset":"https:\/\/i0.wp.com\/blog.bindy.com\/wp-content\/uploads\/2023\/02\/Screen-compo-Combo_Screens-layed-out.png?fit=600%2C429&ssl=1&resize=350%2C200 1x, https:\/\/i0.wp.com\/blog.bindy.com\/wp-content\/uploads\/2023\/02\/Screen-compo-Combo_Screens-layed-out.png?fit=600%2C429&ssl=1&resize=525%2C300 1.5x"},"classes":[]}],"_links":{"self":[{"href":"https:\/\/blog.bindy.com\/fr\/wp-json\/wp\/v2\/pages\/5578","targetHints":{"allow":["GET"]}}],"collection":[{"href":"https:\/\/blog.bindy.com\/fr\/wp-json\/wp\/v2\/pages"}],"about":[{"href":"https:\/\/blog.bindy.com\/fr\/wp-json\/wp\/v2\/types\/page"}],"author":[{"embeddable":true,"href":"https:\/\/blog.bindy.com\/fr\/wp-json\/wp\/v2\/users\/6370623"}],"replies":[{"embeddable":true,"href":"https:\/\/blog.bindy.com\/fr\/wp-json\/wp\/v2\/comments?post=5578"}],"version-history":[{"count":88,"href":"https:\/\/blog.bindy.com\/fr\/wp-json\/wp\/v2\/pages\/5578\/revisions"}],"predecessor-version":[{"id":62647,"href":"https:\/\/blog.bindy.com\/fr\/wp-json\/wp\/v2\/pages\/5578\/revisions\/62647"}],"wp:featuredmedia":[{"embeddable":true,"href":"https:\/\/blog.bindy.com\/fr\/wp-json\/wp\/v2\/media\/57763"}],"wp:attachment":[{"href":"https:\/\/blog.bindy.com\/fr\/wp-json\/wp\/v2\/media?parent=5578"}],"curies":[{"name":"wp","href":"https:\/\/api.w.org\/{rel}","templated":true}]}}