{"id":65107,"date":"2024-12-09T12:25:22","date_gmt":"2024-12-09T17:25:22","guid":{"rendered":"https:\/\/blog.bindy.com\/?page_id=65107"},"modified":"2026-01-07T09:08:14","modified_gmt":"2026-01-07T14:08:14","slug":"demostracion-de-bindy","status":"publish","type":"page","link":"https:\/\/blog.bindy.com\/es\/demostracion-de-bindy\/","title":{"rendered":"\u25b6\ufe0f Demostraci\u00f3n de Bindy"},"content":{"rendered":"<p class=\"wp-block-paragraph\">No requiere registro ni programaci\u00f3n. Las funciones m\u00e1s importantes de Bindy se presentan en 5 breves demostraciones en video.<\/p>\n\n\n\n<p class=\"wp-block-paragraph\"><\/p>\n\n\n\n<h1 class=\"wp-block-heading\">\u25b6\ufe0f Introducci\u00f3n<\/h1>\n\n\n\n<p class=\"has-text-align-center wp-block-paragraph\"><em>1 minuto, 2 segundos<\/em><\/p>\n\n\n\n<p class=\"is-style-info wp-block-paragraph\">Bindy es una aplicaci\u00f3n en la nube que automatiza auditor\u00edas, tareas y comunicaciones para comercios minoristas y hosteler\u00eda. Implementa y verifica f\u00e1cilmente los est\u00e1ndares de marca, las tareas y las acciones correctivas en tus establecimientos. Obt\u00e9n informes, firmas, videos y verificaciones fotogr\u00e1ficas en tiempo real.<\/p>\n\n\n\n\t\t<figure class=\"wp-block-jetpack-videopress jetpack-videopress-player\" style=\"\" >\n\t\t\t<div class=\"jetpack-videopress-player__wrapper\"> <div class=\"jetpack-video-wrapper\"><iframe title=\"Reproductor de video VideoPress\" aria-label='Reproductor de video VideoPress' width='700' height='394' src='https:\/\/videopress.com\/embed\/QAKhxtcc?cover=1&amp;autoPlay=0&amp;controls=1&amp;loop=0&amp;muted=0&amp;persistVolume=1&amp;playsinline=0&amp;preloadContent=metadata&amp;useAverageColor=1&amp;hd=0' frameborder='0' allowfullscreen data-resize-to-parent=\"true\" allow='clipboard-write'><\/iframe><script src='https:\/\/v0.wordpress.com\/js\/next\/videopress-iframe.js?m=1739540970'><\/script><\/div><\/div>\n\t\t\t\n\t\t\t\n\t\t<\/figure>\n\t\t\n\n\n<p class=\"has-text-align-center wp-block-paragraph\"><a href=\"https:\/\/bindy.com\/contact\/#informationOrFreeTrial\" target=\"_blank\" rel=\"noreferrer noopener\">Cont\u00e1ctenos<\/a>&nbsp;o&nbsp;<a href=\"https:\/\/bindy.com\/app\/registration\/step1?lang=en\" target=\"_blank\" rel=\"noreferrer noopener\">Ensayo<\/a>&nbsp;hoy.<\/p>\n\n\n\n<h1 class=\"wp-block-heading\">\u25b6\ufe0f La experiencia del administrador<\/h1>\n\n\n\n<p class=\"has-text-align-center wp-block-paragraph\"><em>2 minutos, 29 segundos<\/em><\/p>\n\n\n\n<p class=\"is-style-info wp-block-paragraph\">\u2139\ufe0f Los administradores tienen acceso completo para configurar cada aspecto de la experiencia.<br>Implemente al instante y cree sus propios flujos de trabajo, con sus propios formularios, sitios y usuarios. Si necesita ayuda, nuestros especialistas en incorporaci\u00f3n est\u00e1n aqu\u00ed para ayudarlo.<\/p>\n\n\n\n\t\t<figure class=\"wp-block-jetpack-videopress jetpack-videopress-player\" style=\"\" >\n\t\t\t<div class=\"jetpack-videopress-player__wrapper\"> <div class=\"jetpack-video-wrapper\"><iframe title=\"Reproductor de video VideoPress\" aria-label='Reproductor de video VideoPress' width='700' height='394' src='https:\/\/videopress.com\/embed\/BbzhkhWp?cover=1&amp;autoPlay=0&amp;controls=1&amp;loop=0&amp;muted=0&amp;persistVolume=1&amp;playsinline=0&amp;preloadContent=metadata&amp;useAverageColor=1&amp;hd=0' frameborder='0' allowfullscreen data-resize-to-parent=\"true\" allow='clipboard-write'><\/iframe><script src='https:\/\/v0.wordpress.com\/js\/next\/videopress-iframe.js?m=1739540970'><\/script><\/div><\/div>\n\t\t\t<figcaption><\/figcaption>\n\t\t\t\n\t\t<\/figure>\n\t\t\n\n\n<p class=\"has-text-align-center wp-block-paragraph\"><a href=\"https:\/\/bindy.com\/contact\/#informationOrFreeTrial\" target=\"_blank\" rel=\"noreferrer noopener\">Cont\u00e1ctenos<\/a>&nbsp;o&nbsp;<a href=\"https:\/\/bindy.com\/app\/registration\/step1?lang=en\" target=\"_blank\" rel=\"noreferrer noopener\">Ensayo<\/a>&nbsp;hoy.<\/p>\n\n\n\n<h1 class=\"wp-block-heading\">\u25b6\ufe0f La experiencia del Gerente de Distrito<\/h1>\n\n\n\n<p class=\"has-text-align-center wp-block-paragraph\"><em>2 minutos, 19 segundos<\/em><\/p>\n\n\n\n<p class=\"is-style-info wp-block-paragraph\">\u2139\ufe0f Los gerentes de distrito (gerentes de \u00e1rea o regionales) tienen las herramientas que necesitan para auditar los sitios, enviar y hacer un seguimiento de las acciones correctivas, cargar fotos y videos, recolectar firmas y ver datos hist\u00f3ricos. Bindy les permite a los gerentes de distrito disponer de tiempo para capacitar, involucrar y asesorar a los gerentes de sitio para obtener mejores resultados y mayores ventas.<\/p>\n\n\n\n\t\t<figure class=\"wp-block-jetpack-videopress jetpack-videopress-player\" style=\"\" >\n\t\t\t<div class=\"jetpack-videopress-player__wrapper\"> <div class=\"jetpack-video-wrapper\"><iframe title=\"Reproductor de video VideoPress\" aria-label='Reproductor de video VideoPress' width='700' height='394' src='https:\/\/videopress.com\/embed\/gQYbVwgM?cover=1&amp;autoPlay=0&amp;controls=1&amp;loop=0&amp;muted=0&amp;persistVolume=1&amp;playsinline=0&amp;preloadContent=metadata&amp;useAverageColor=1&amp;hd=0' frameborder='0' allowfullscreen data-resize-to-parent=\"true\" allow='clipboard-write'><\/iframe><script src='https:\/\/v0.wordpress.com\/js\/next\/videopress-iframe.js?m=1739540970'><\/script><\/div><\/div>\n\t\t\t\n\t\t\t\n\t\t<\/figure>\n\t\t\n\n\n<p class=\"wp-block-paragraph\"><\/p>\n\n\n\n<p class=\"has-text-align-center wp-block-paragraph\"><a href=\"https:\/\/bindy.com\/contact\/#informationOrFreeTrial\" target=\"_blank\" rel=\"noreferrer noopener\">Cont\u00e1ctenos<\/a>&nbsp;o&nbsp;<a href=\"https:\/\/bindy.com\/app\/registration\/step1?lang=en\" target=\"_blank\" rel=\"noreferrer noopener\">Ensayo<\/a>&nbsp;hoy.<\/p>\n\n\n\n<h1 class=\"wp-block-heading\">\u25b6\ufe0f La experiencia del Site Manager<\/h1>\n\n\n\n<p class=\"has-text-align-center wp-block-paragraph\"><em>2 minutos, 9 segundos<\/em><\/p>\n\n\n\n<p class=\"is-style-info wp-block-paragraph\">\u2139\ufe0f Los gerentes de planta (o franquiciados) pueden realizar sus propias inspecciones en nombre de la oficina central o responder a las inspecciones de los gerentes de distrito. Por ejemplo, pueden ser responsables de una o m\u00e1s acciones correctivas del plan de acci\u00f3n. Los gerentes de planta tambi\u00e9n pueden aprobar las inspecciones y cargar fotograf\u00edas de las acciones correctivas adoptadas.<\/p>\n\n\n\n\t\t<figure class=\"wp-block-jetpack-videopress jetpack-videopress-player\" style=\"\" >\n\t\t\t<div class=\"jetpack-videopress-player__wrapper\"> <div class=\"jetpack-video-wrapper\"><iframe title=\"Reproductor de video VideoPress\" aria-label='Reproductor de video VideoPress' width='700' height='394' src='https:\/\/videopress.com\/embed\/rktIv7Hy?cover=1&amp;autoPlay=0&amp;controls=1&amp;loop=0&amp;muted=0&amp;persistVolume=1&amp;playsinline=0&amp;preloadContent=metadata&amp;useAverageColor=1&amp;hd=0' frameborder='0' allowfullscreen data-resize-to-parent=\"true\" allow='clipboard-write'><\/iframe><script src='https:\/\/v0.wordpress.com\/js\/next\/videopress-iframe.js?m=1739540970'><\/script><\/div><\/div>\n\t\t\t\n\t\t\t\n\t\t<\/figure>\n\t\t\n\n\n<p class=\"has-text-align-center wp-block-paragraph\"><a href=\"https:\/\/bindy.com\/contact\/#informationOrFreeTrial\" target=\"_blank\" rel=\"noreferrer noopener\">Cont\u00e1ctenos<\/a>&nbsp;o&nbsp;<a href=\"https:\/\/bindy.com\/app\/registration\/step1?lang=en\" target=\"_blank\" rel=\"noreferrer noopener\">Ensayo<\/a>&nbsp;hoy.<\/p>\n\n\n\n<h1 class=\"wp-block-heading\">\u25b6\ufe0f Prueba y precios<\/h1>\n\n\n\n<p class=\"has-text-align-center wp-block-paragraph\"><em>44 segundos<\/em><\/p>\n\n\n\n<p class=\"is-style-info wp-block-paragraph\">\u2139\ufe0f \u00bfQu\u00e9 es Bindy y qui\u00e9n lo usa? <a href=\"https:\/\/bindy.com\/app\/registration\/step1?lang=en&amp;aboutPricing=y&amp;aboutTrial=y\" target=\"_blank\" rel=\"noreferrer noopener\">Prueba gratuita de 14 d\u00edas<\/a> y <a href=\"https:\/\/bindy.com\/about\/pricing\/\" target=\"_blank\" rel=\"noreferrer noopener\">Precios<\/a>.<\/p>\n\n\n\n<p class=\"has-text-align-center wp-block-paragraph\"><\/p>\n\n\n\n\t\t<figure class=\"wp-block-jetpack-videopress jetpack-videopress-player\" style=\"\" >\n\t\t\t<div class=\"jetpack-videopress-player__wrapper\"> <div class=\"jetpack-video-wrapper\"><iframe title=\"Reproductor de video VideoPress\" aria-label='Reproductor de video VideoPress' width='700' height='394' src='https:\/\/videopress.com\/embed\/BgP2z05I?cover=1&amp;autoPlay=0&amp;controls=1&amp;loop=0&amp;muted=0&amp;persistVolume=1&amp;playsinline=0&amp;preloadContent=metadata&amp;useAverageColor=1&amp;hd=0' frameborder='0' allowfullscreen data-resize-to-parent=\"true\" allow='clipboard-write'><\/iframe><script src='https:\/\/v0.wordpress.com\/js\/next\/videopress-iframe.js?m=1739540970'><\/script><\/div><\/div>\n\t\t\t\n\t\t\t\n\t\t<\/figure>\n\t\t\n\n\n<p class=\"has-text-align-center wp-block-paragraph\"><a href=\"https:\/\/bindy.com\/contact\/#informationOrFreeTrial\" target=\"_blank\" rel=\"noreferrer noopener\">Cont\u00e1ctenos<\/a>&nbsp;o&nbsp;<a href=\"https:\/\/bindy.com\/app\/registration\/step1?lang=en\" target=\"_blank\" rel=\"noreferrer noopener\">Ensayo<\/a>&nbsp;hoy.<\/p>\n\n\n\n<p class=\"wp-block-paragraph\">\u00a1Esperamos trabajar con usted!<\/p>\n\n\n\n<p class=\"wp-block-paragraph\"><\/p>","protected":false},"excerpt":{"rendered":"<p>No requiere registro ni programaci\u00f3n. Las funciones m\u00e1s esenciales de Bindy se presentan en 5 breves demostraciones en video. \u25b6\ufe0f Introducci\u00f3n (1 minuto y 2 segundos) \u2139\ufe0f Bindy es una aplicaci\u00f3n en la nube que automatiza \u2714\ufe0f auditor\u00edas, \ud83d\uddd3\ufe0f tareas y \ud83d\udce3 comunicaciones para comercios y hosteler\u00eda. Implementa y verifica f\u00e1cilmente los est\u00e1ndares de marca, las tareas y las acciones correctivas en tus instalaciones. \u2026 <a href=\"https:\/\/blog.bindy.com\/es\/demostracion-de-bindy\/\" class=\"more-link\">Seguir leyendo <span class=\"screen-reader-text\">\u25b6\ufe0f Demostraci\u00f3n de Bindy<\/span> <span class=\"meta-nav\">\u2192<\/span><\/a><\/p>","protected":false},"author":6370623,"featured_media":0,"parent":0,"menu_order":0,"comment_status":"closed","ping_status":"closed","template":"","meta":{"_coblocks_attr":"","_coblocks_dimensions":"","_coblocks_responsive_height":"","_coblocks_accordion_ie_support":"","_crdt_document":"","jetpack_post_was_ever_published":false,"footnotes":""},"class_list":["post-65107","page","type-page","status-publish","hentry"],"yoast_head":"<!-- This site is optimized with the Yoast SEO plugin v27.1.1 - https:\/\/yoast.com\/product\/yoast-seo-wordpress\/ -->\n<title>\u25b6\ufe0f Bindy Demo - Audits, Tasks and Communication<\/title>\n<meta name=\"description\" content=\"Watch a Bindy demo, no scheduling required! Bindy&#039;s most essential features organized into 5 quick video demonstrations.\" \/>\n<meta name=\"robots\" content=\"index, follow, max-snippet:-1, max-image-preview:large, max-video-preview:-1\" \/>\n<link rel=\"canonical\" href=\"https:\/\/blog.bindy.com\/es\/demostracion-de-bindy\/\" \/>\n<meta property=\"og:locale\" content=\"es_ES\" \/>\n<meta property=\"og:type\" content=\"article\" \/>\n<meta property=\"og:title\" content=\"\u25b6\ufe0f Bindy Demo - Audits, Tasks and Communication\" \/>\n<meta property=\"og:description\" content=\"Watch a Bindy demo, no scheduling required! Bindy&#039;s most essential features organized into 5 quick video demonstrations.\" \/>\n<meta property=\"og:url\" content=\"https:\/\/blog.bindy.com\/es\/demostracion-de-bindy\/\" \/>\n<meta property=\"og:site_name\" content=\"Audits, Tasks and Communication\" \/>\n<meta property=\"article:publisher\" content=\"https:\/\/www.facebook.com\/bindyhq\" \/>\n<meta property=\"article:modified_time\" content=\"2026-01-07T14:08:14+00:00\" \/>\n<meta property=\"og:image\" content=\"https:\/\/i0.wp.com\/blog.bindy.com\/wp-content\/uploads\/2021\/10\/Bindy-logo-verti-col-72DPI.png?fit=442%2C442&ssl=1\" \/>\n\t<meta property=\"og:image:width\" content=\"442\" \/>\n\t<meta property=\"og:image:height\" content=\"442\" \/>\n\t<meta property=\"og:image:type\" content=\"image\/png\" \/>\n<meta name=\"twitter:card\" content=\"summary_large_image\" \/>\n<meta name=\"twitter:site\" content=\"@bindyhq\" \/>\n<script type=\"application\/ld+json\" class=\"yoast-schema-graph\">{\"@context\":\"https:\/\/schema.org\",\"@graph\":[{\"@type\":\"WebPage\",\"@id\":\"https:\/\/blog.bindy.com\/bindy-demo\/\",\"url\":\"https:\/\/blog.bindy.com\/bindy-demo\/\",\"name\":\"\u25b6\ufe0f Bindy Demo - Audits, Tasks and Communication\",\"isPartOf\":{\"@id\":\"https:\/\/blog.bindy.com\/#website\"},\"datePublished\":\"2024-12-09T17:25:22+00:00\",\"dateModified\":\"2026-01-07T14:08:14+00:00\",\"description\":\"Watch a Bindy demo, no scheduling required! Bindy's most essential features organized into 5 quick video demonstrations.\",\"breadcrumb\":{\"@id\":\"https:\/\/blog.bindy.com\/bindy-demo\/#breadcrumb\"},\"inLanguage\":\"es\",\"potentialAction\":[{\"@type\":\"ReadAction\",\"target\":[\"https:\/\/blog.bindy.com\/bindy-demo\/\"]}]},{\"@type\":\"BreadcrumbList\",\"@id\":\"https:\/\/blog.bindy.com\/bindy-demo\/#breadcrumb\",\"itemListElement\":[{\"@type\":\"ListItem\",\"position\":1,\"name\":\"Home\",\"item\":\"https:\/\/blog.bindy.com\/\"},{\"@type\":\"ListItem\",\"position\":2,\"name\":\"\u25b6\ufe0f Bindy Demo\"}]},{\"@type\":\"WebSite\",\"@id\":\"https:\/\/blog.bindy.com\/#website\",\"url\":\"https:\/\/blog.bindy.com\/\",\"name\":\"Audits, Tasks and Communication\",\"description\":\"Retail and Hospitality Operations\",\"publisher\":{\"@id\":\"https:\/\/blog.bindy.com\/#organization\"},\"potentialAction\":[{\"@type\":\"SearchAction\",\"target\":{\"@type\":\"EntryPoint\",\"urlTemplate\":\"https:\/\/blog.bindy.com\/?s={search_term_string}\"},\"query-input\":{\"@type\":\"PropertyValueSpecification\",\"valueRequired\":true,\"valueName\":\"search_term_string\"}}],\"inLanguage\":\"es\"},{\"@type\":\"Organization\",\"@id\":\"https:\/\/blog.bindy.com\/#organization\",\"name\":\"Bindy\",\"url\":\"https:\/\/blog.bindy.com\/\",\"logo\":{\"@type\":\"ImageObject\",\"inLanguage\":\"es\",\"@id\":\"https:\/\/blog.bindy.com\/#\/schema\/logo\/image\/\",\"url\":\"https:\/\/i0.wp.com\/blog.bindy.com\/wp-content\/uploads\/2021\/10\/Bindy-logo-horiz-col-72DPI.png?fit=1005%2C301&ssl=1\",\"contentUrl\":\"https:\/\/i0.wp.com\/blog.bindy.com\/wp-content\/uploads\/2021\/10\/Bindy-logo-horiz-col-72DPI.png?fit=1005%2C301&ssl=1\",\"width\":1005,\"height\":301,\"caption\":\"Bindy\"},\"image\":{\"@id\":\"https:\/\/blog.bindy.com\/#\/schema\/logo\/image\/\"},\"sameAs\":[\"https:\/\/www.facebook.com\/bindyhq\",\"https:\/\/x.com\/bindyhq\",\"https:\/\/www.linkedin.com\/company\/bindyhq\/\"]}]}<\/script>\n<!-- \/ Yoast SEO plugin. -->","yoast_head_json":{"title":"\u25b6\ufe0f Demo de Bindy: Auditor\u00edas, Tareas y Comunicaci\u00f3n","description":"\u00a1Vea una demostraci\u00f3n de Bindy sin programar cita! Las funciones m\u00e1s importantes de Bindy se presentan en 5 breves demostraciones en video.","robots":{"index":"index","follow":"follow","max-snippet":"max-snippet:-1","max-image-preview":"max-image-preview:large","max-video-preview":"max-video-preview:-1"},"canonical":"https:\/\/blog.bindy.com\/es\/demostracion-de-bindy\/","og_locale":"es_ES","og_type":"article","og_title":"\u25b6\ufe0f Bindy Demo - Audits, Tasks and Communication","og_description":"Watch a Bindy demo, no scheduling required! Bindy's most essential features organized into 5 quick video demonstrations.","og_url":"https:\/\/blog.bindy.com\/es\/demostracion-de-bindy\/","og_site_name":"Audits, Tasks and Communication","article_publisher":"https:\/\/www.facebook.com\/bindyhq","article_modified_time":"2026-01-07T14:08:14+00:00","og_image":[{"width":442,"height":442,"url":"https:\/\/i0.wp.com\/blog.bindy.com\/wp-content\/uploads\/2021\/10\/Bindy-logo-verti-col-72DPI.png?fit=442%2C442&ssl=1","type":"image\/png"}],"twitter_card":"summary_large_image","twitter_site":"@bindyhq","schema":{"@context":"https:\/\/schema.org","@graph":[{"@type":"WebPage","@id":"https:\/\/blog.bindy.com\/bindy-demo\/","url":"https:\/\/blog.bindy.com\/bindy-demo\/","name":"\u25b6\ufe0f Demo de Bindy: Auditor\u00edas, Tareas y Comunicaci\u00f3n","isPartOf":{"@id":"https:\/\/blog.bindy.com\/#website"},"datePublished":"2024-12-09T17:25:22+00:00","dateModified":"2026-01-07T14:08:14+00:00","description":"\u00a1Vea una demostraci\u00f3n de Bindy sin programar cita! Las funciones m\u00e1s importantes de Bindy se presentan en 5 breves demostraciones en video.","breadcrumb":{"@id":"https:\/\/blog.bindy.com\/bindy-demo\/#breadcrumb"},"inLanguage":"es","potentialAction":[{"@type":"ReadAction","target":["https:\/\/blog.bindy.com\/bindy-demo\/"]}]},{"@type":"BreadcrumbList","@id":"https:\/\/blog.bindy.com\/bindy-demo\/#breadcrumb","itemListElement":[{"@type":"ListItem","position":1,"name":"Home","item":"https:\/\/blog.bindy.com\/"},{"@type":"ListItem","position":2,"name":"\u25b6\ufe0f Bindy Demo"}]},{"@type":"WebSite","@id":"https:\/\/blog.bindy.com\/#website","url":"https:\/\/blog.bindy.com\/","name":"Auditor\u00edas, Tareas y Comunicaci\u00f3n","description":"Operaciones de venta minorista y hosteler\u00eda","publisher":{"@id":"https:\/\/blog.bindy.com\/#organization"},"potentialAction":[{"@type":"SearchAction","target":{"@type":"EntryPoint","urlTemplate":"https:\/\/blog.bindy.com\/?s={search_term_string}"},"query-input":{"@type":"PropertyValueSpecification","valueRequired":true,"valueName":"search_term_string"}}],"inLanguage":"es"},{"@type":"Organization","@id":"https:\/\/blog.bindy.com\/#organization","name":"encuadernado","url":"https:\/\/blog.bindy.com\/","logo":{"@type":"ImageObject","inLanguage":"es","@id":"https:\/\/blog.bindy.com\/#\/schema\/logo\/image\/","url":"https:\/\/i0.wp.com\/blog.bindy.com\/wp-content\/uploads\/2021\/10\/Bindy-logo-horiz-col-72DPI.png?fit=1005%2C301&ssl=1","contentUrl":"https:\/\/i0.wp.com\/blog.bindy.com\/wp-content\/uploads\/2021\/10\/Bindy-logo-horiz-col-72DPI.png?fit=1005%2C301&ssl=1","width":1005,"height":301,"caption":"Bindy"},"image":{"@id":"https:\/\/blog.bindy.com\/#\/schema\/logo\/image\/"},"sameAs":["https:\/\/www.facebook.com\/bindyhq","https:\/\/x.com\/bindyhq","https:\/\/www.linkedin.com\/company\/bindyhq\/"]}]}},"jetpack_likes_enabled":false,"jetpack_sharing_enabled":true,"jetpack_shortlink":"https:\/\/wp.me\/PDNAM-gW7","jetpack-related-posts":[{"id":63954,"url":"https:\/\/blog.bindy.com\/es\/por-que-estamos-cambiando-nuestro-nombre\/","url_meta":{"origin":65107,"position":0},"title":"Compliant IA anuncia cambio de marca a Bindy","author":"Bindy","date":"septiembre 11, 2024","format":false,"excerpt":"Para publicaci\u00f3n inmediata, Toronto, Ontario, 23 de noviembre de 2021. Compliant IA cambia su nombre a Bindy para reflejar su crecimiento y diversificaci\u00f3n. Compliant IA, proveedor l\u00edder de soluciones de ejecuci\u00f3n minorista basadas en la nube, anunci\u00f3 hoy la finalizaci\u00f3n de un importante cambio de marca. El cambio de nombre a Bindy refleja el crecimiento y la diversificaci\u00f3n de la empresa.","rel":"","context":"Entrada similar","block_context":{"text":"Entrada similar","link":""},"img":{"alt_text":"","src":"https:\/\/i0.wp.com\/blog.bindy.com\/wp-content\/uploads\/2021\/11\/Bindy-icone-col-72DPI.png?fit=442%2C442&ssl=1&resize=350%2C200","width":350,"height":200},"classes":[]},{"id":5578,"url":"https:\/\/blog.bindy.com\/es\/remision\/","url_meta":{"origin":65107,"position":1},"title":"Programa de referencia","author":"Bindy","date":"febrero 6, 2019","format":false,"excerpt":"Recomienda a Bindy. Tu recomendaci\u00f3n recibe un mes gratis del servicio de Bindy. Recibir\u00e1s una tarjeta de regalo de Amazon de $500. Bindy trabaja con organizaciones de todos los tama\u00f1os, desde grandes multinacionales hasta pymes con pocas sedes. Si tienes colegas o amigos interesados en impulsar los est\u00e1ndares y las operaciones de marca en su organizaci\u00f3n,\u2026","rel":"","context":"Entrada similar","block_context":{"text":"Entrada similar","link":""},"img":{"alt_text":"","src":"https:\/\/i0.wp.com\/blog.bindy.com\/wp-content\/uploads\/2022\/02\/Bindy-Brand-st-ad-blue-HR-800.png?fit=800%2C418&ssl=1&resize=350%2C200","width":350,"height":200,"srcset":"https:\/\/i0.wp.com\/blog.bindy.com\/wp-content\/uploads\/2022\/02\/Bindy-Brand-st-ad-blue-HR-800.png?fit=800%2C418&ssl=1&resize=350%2C200 1x, https:\/\/i0.wp.com\/blog.bindy.com\/wp-content\/uploads\/2022\/02\/Bindy-Brand-st-ad-blue-HR-800.png?fit=800%2C418&ssl=1&resize=525%2C300 1.5x, https:\/\/i0.wp.com\/blog.bindy.com\/wp-content\/uploads\/2022\/02\/Bindy-Brand-st-ad-blue-HR-800.png?fit=800%2C418&ssl=1&resize=700%2C400 2x"},"classes":[]},{"id":60545,"url":"https:\/\/blog.bindy.com\/es\/informar-retroalimentacion\/","url_meta":{"origin":65107,"position":2},"title":"Bindy Reporting: \u00a1cu\u00e9ntanos lo que piensas!","author":"Bindy","date":"agosto 25, 2023","format":false,"excerpt":"El prop\u00f3sito de informar es traer los datos y encontrar la informaci\u00f3n que necesita. \u00bfComo podemos mejorar? Su respuesta es confidencial.","rel":"","context":"Entrada similar","block_context":{"text":"Entrada similar","link":""},"img":{"alt_text":"","src":"https:\/\/i0.wp.com\/blog.bindy.com\/wp-content\/uploads\/2023\/08\/shutterstock_650629666.jpg?fit=1200%2C716&ssl=1&resize=350%2C200","width":350,"height":200,"srcset":"https:\/\/i0.wp.com\/blog.bindy.com\/wp-content\/uploads\/2023\/08\/shutterstock_650629666.jpg?fit=1200%2C716&ssl=1&resize=350%2C200 1x, https:\/\/i0.wp.com\/blog.bindy.com\/wp-content\/uploads\/2023\/08\/shutterstock_650629666.jpg?fit=1200%2C716&ssl=1&resize=525%2C300 1.5x, https:\/\/i0.wp.com\/blog.bindy.com\/wp-content\/uploads\/2023\/08\/shutterstock_650629666.jpg?fit=1200%2C716&ssl=1&resize=700%2C400 2x, https:\/\/i0.wp.com\/blog.bindy.com\/wp-content\/uploads\/2023\/08\/shutterstock_650629666.jpg?fit=1200%2C716&ssl=1&resize=1050%2C600 3x"},"classes":[]},{"id":60033,"url":"https:\/\/blog.bindy.com\/es\/por-que\/","url_meta":{"origin":65107,"position":3},"title":"Cu\u00e9ntanos por qu\u00e9 \/ Sin suscripci\u00f3n","author":"Bindy","date":"febrero 14, 2023","format":false,"excerpt":"T\u00f3mese un momento para decirnos por qu\u00e9 no se est\u00e1 suscribiendo a Bindy. No enviaremos correos electr\u00f3nicos de seguimiento. Esta informaci\u00f3n simplemente nos ayudar\u00e1 a mejorar el juicio y las primeras impresiones. \u00a1Gracias!","rel":"","context":"Entrada similar","block_context":{"text":"Entrada similar","link":""},"img":{"alt_text":"","src":"https:\/\/i0.wp.com\/blog.bindy.com\/wp-content\/uploads\/2023\/02\/Screen-compo-Combo_Screens-layed-out.png?fit=600%2C429&ssl=1&resize=350%2C200","width":350,"height":200,"srcset":"https:\/\/i0.wp.com\/blog.bindy.com\/wp-content\/uploads\/2023\/02\/Screen-compo-Combo_Screens-layed-out.png?fit=600%2C429&ssl=1&resize=350%2C200 1x, https:\/\/i0.wp.com\/blog.bindy.com\/wp-content\/uploads\/2023\/02\/Screen-compo-Combo_Screens-layed-out.png?fit=600%2C429&ssl=1&resize=525%2C300 1.5x"},"classes":[]}],"_links":{"self":[{"href":"https:\/\/blog.bindy.com\/es\/wp-json\/wp\/v2\/pages\/65107","targetHints":{"allow":["GET"]}}],"collection":[{"href":"https:\/\/blog.bindy.com\/es\/wp-json\/wp\/v2\/pages"}],"about":[{"href":"https:\/\/blog.bindy.com\/es\/wp-json\/wp\/v2\/types\/page"}],"author":[{"embeddable":true,"href":"https:\/\/blog.bindy.com\/es\/wp-json\/wp\/v2\/users\/6370623"}],"replies":[{"embeddable":true,"href":"https:\/\/blog.bindy.com\/es\/wp-json\/wp\/v2\/comments?post=65107"}],"version-history":[{"count":100,"href":"https:\/\/blog.bindy.com\/es\/wp-json\/wp\/v2\/pages\/65107\/revisions"}],"predecessor-version":[{"id":67039,"href":"https:\/\/blog.bindy.com\/es\/wp-json\/wp\/v2\/pages\/65107\/revisions\/67039"}],"wp:attachment":[{"href":"https:\/\/blog.bindy.com\/es\/wp-json\/wp\/v2\/media?parent=65107"}],"curies":[{"name":"Gracias","href":"https:\/\/api.w.org\/{rel}","templated":true}]}}