{"id":5578,"date":"2019-02-06T15:11:35","date_gmt":"2019-02-06T20:11:35","guid":{"rendered":"http:\/\/blog.bindy.com\/?page_id=5578"},"modified":"2024-06-05T11:48:29","modified_gmt":"2024-06-05T15:48:29","slug":"remision","status":"publish","type":"page","link":"https:\/\/blog.bindy.com\/es\/remision\/","title":{"rendered":"Programa de referencia"},"content":{"rendered":"<h3 class=\"wp-block-heading\">Consulte Bindy. Su referencia recibe un mes gratis de servicio Bindy. Recibes una tarjeta de regalo de Amazon $500.<\/h3>\n\n\n\n<p class=\"wp-block-paragraph\"><a href=\"https:\/\/bindy.com\/\" target=\"_blank\" rel=\"noreferrer noopener\">encuadernado <\/a>trabaja con organizaciones de todos los tama\u00f1os, desde grandes multinacionales hasta PYMES con unos pocos sitios. Si tiene colegas y amigos interesados en impulsar los est\u00e1ndares y las operaciones de la marca en su organizaci\u00f3n, este programa de recomendaci\u00f3n es para usted... \u00a1y para ellos! Es muy sencillo y abierto a todos.<\/p>\n\n\n\n<h2 class=\"wp-block-heading\">C\u00f3mo funciona<\/h2>\n\n\n\n<ol class=\"wp-block-list\">\n<li>Rellene el siguiente formulario. Nos pondremos en contacto con la referencia, le ofreceremos una prueba gratuita m\u00e1s un mes de servicio gratuito, gracias a usted.<\/li>\n\n\n\n<li>Si tu referido se suscribe a Bindy, recibes USD $500 <a href=\"https:\/\/www.amazon.com\/gift-cards\" target=\"_blank\" rel=\"noreferrer noopener\">Tarjeta de regalo electr\u00f3nica de Amazon<\/a> Por correo electr\u00f3nico.<\/li>\n\n\n\n<li>Consulte los t\u00e9rminos y condiciones a continuaci\u00f3n.<\/li>\n<\/ol>\n\n\n<div class=\"wp-block-jetpack-contact-form is-layout-flex wp-container-jetpack-contact-form-is-layout-7f6ac06e wp-block-jetpack-contact-form-is-layout-flex\"><a href=\"https:\/\/blog.bindy.com\/es\/remision\/\" target=\"_blank\" rel=\"noopener noreferrer\">Env\u00eda un formulario.<\/a><\/div>\n\n<h2><strong>T\u00e9rminos y condiciones<\/strong><\/h2>\n<ol>\n<li>Nada impide que Bindy obtenga referencias de otros remitentes.<\/li>\n<li>Bindy no tiene ninguna obligaci\u00f3n de comunicarse con la referencia y de comunicarse con usted si no lo hacemos.<\/li>\n<li>Bindy no se comunicar\u00e1 con usted si la referencia ya es un cliente, ya ha sido contactada o fue referida anteriormente por otra persona.<\/li>\n<li>Bindy se comunicar\u00e1 con usted si nos comunicamos con la referencia.<\/li>\n<li>Si la referencia confirma que se suscribi\u00f3 a Bindy dentro de los 180 d\u00edas como resultado de la referencia, Bindy le enviar\u00e1 una tarjeta de regalo electr\u00f3nica por correo electr\u00f3nico por un monto de USD $500 cuando los ingresos recaudados de esta referencia igualen o excedan USD $1,000.<\/li>\n<li>Bindy no tiene la obligaci\u00f3n de pagar una tarifa de referencia si los ingresos recaudados de esta referencia no alcanzan USD $1,000 debido a la cancelaci\u00f3n o terminaci\u00f3n.&nbsp;<\/li>\n<li>Usted no puede referirse a s\u00ed mismo.&nbsp;<\/li>\n<li>Debe tener 18 a\u00f1os o m\u00e1s para recomendar a alguien. La referencia debe tener 18 a\u00f1os o m\u00e1s.<\/li>\n<li>Bindy puede cancelar o modificar el programa de referencia en cualquier momento, a nuestra \u00fanica y absoluta discreci\u00f3n. Si lo hacemos, se respetar\u00e1n las referencias y los t\u00e9rminos pendientes.<\/li>\n<li>Puede tener hasta 20 referencias bajo este programa. Cada referencia se trata de forma individual e independiente de cualquier otra.<\/li>\n<li>El programa de referencia no est\u00e1 disponible para revendedores e integradores que ya tienen contrato con Bindy.<\/li>\n<li>Se le recomienda verificar su contrato de trabajo y cualquier otro contrato que haya celebrado y asegurarse de que participar en el programa de recomendaci\u00f3n no viole las pol\u00edticas de su organizaci\u00f3n.<\/li>\n<li>Bindy no ser\u00e1 responsable de ning\u00fan da\u00f1o indirecto, especial y\/o consecuente que surja de o en relaci\u00f3n con este acuerdo de referencia.<\/li>\n<li>Al completar el formulario, usted reconoce que ha le\u00eddo, comprende y est\u00e1 de acuerdo con los t\u00e9rminos y condiciones del programa de referencia.<\/li>\n<\/ol>\n\n\n<p class=\"wp-block-paragraph\"><\/p>","protected":false},"excerpt":{"rendered":"<p>Recomiende a Bindy. Su recomendaci\u00f3n recibir\u00e1 un mes gratis del servicio de Bindy. Recibir\u00e1 una tarjeta de regalo de Amazon de $500. Bindy trabaja con organizaciones de todos los tama\u00f1os, desde grandes multinacionales hasta pymes con algunos sitios. Si tiene colegas y amigos interesados en impulsar los est\u00e1ndares y las operaciones de la marca en su organizaci\u00f3n, este programa de recomendaciones es para... <a href=\"https:\/\/blog.bindy.com\/es\/remision\/\" class=\"more-link\">Seguir leyendo <span class=\"screen-reader-text\">Programa de referencia<\/span> <span class=\"meta-nav\">\u2192<\/span><\/a><\/p>","protected":false},"author":6370623,"featured_media":57763,"parent":0,"menu_order":0,"comment_status":"closed","ping_status":"closed","template":"","meta":{"_coblocks_attr":"","_coblocks_dimensions":"","_coblocks_responsive_height":"","_coblocks_accordion_ie_support":"","_crdt_document":"","jetpack_post_was_ever_published":false,"footnotes":""},"class_list":["post-5578","page","type-page","status-publish","has-post-thumbnail","hentry"],"yoast_head":"<!-- This site is optimized with the Yoast SEO plugin v27.3 - https:\/\/yoast.com\/product\/yoast-seo-wordpress\/ -->\n<title>Referral Program - Audits, Tasks and Communication<\/title>\n<meta name=\"description\" content=\"Bindy works with organizations of all sizes, from large multinationals to SMB&#039;s with a handful of locations. Get a $500 Amazon gift card!\" \/>\n<meta name=\"robots\" content=\"index, follow, max-snippet:-1, max-image-preview:large, max-video-preview:-1\" \/>\n<link rel=\"canonical\" href=\"https:\/\/blog.bindy.com\/es\/\" \/>\n<meta property=\"og:locale\" content=\"es_ES\" \/>\n<meta property=\"og:type\" content=\"article\" \/>\n<meta property=\"og:title\" content=\"Referral Program - Audits, Tasks and Communication\" \/>\n<meta property=\"og:description\" content=\"Bindy works with organizations of all sizes, from large multinationals to SMB&#039;s with a handful of locations. Get a $500 Amazon gift card!\" \/>\n<meta property=\"og:url\" content=\"https:\/\/blog.bindy.com\/es\/\" \/>\n<meta property=\"og:site_name\" content=\"Audits, Tasks and Communication\" \/>\n<meta property=\"article:publisher\" content=\"https:\/\/www.facebook.com\/bindyhq\" \/>\n<meta property=\"article:modified_time\" content=\"2024-06-05T15:48:29+00:00\" \/>\n<meta property=\"og:image\" content=\"https:\/\/blog.bindy.com\/wp-content\/uploads\/2022\/02\/Bindy-Brand-st-ad-blue-HR-800.png?_t=1717602509\" \/>\n\t<meta property=\"og:image:width\" content=\"800\" \/>\n\t<meta property=\"og:image:height\" content=\"418\" \/>\n\t<meta property=\"og:image:type\" content=\"image\/png\" \/>\n<meta name=\"twitter:card\" content=\"summary_large_image\" \/>\n<meta name=\"twitter:site\" content=\"@bindyhq\" \/>\n<script type=\"application\/ld+json\" class=\"yoast-schema-graph\">{\"@context\":\"https:\\\/\\\/schema.org\",\"@graph\":[{\"@type\":\"WebPage\",\"@id\":\"https:\\\/\\\/blog.bindy.com\\\/\",\"url\":\"https:\\\/\\\/blog.bindy.com\\\/\",\"name\":\"Referral Program - Audits, Tasks and Communication\",\"isPartOf\":{\"@id\":\"https:\\\/\\\/blog.bindy.com\\\/#website\"},\"primaryImageOfPage\":{\"@id\":\"https:\\\/\\\/blog.bindy.com\\\/#primaryimage\"},\"image\":{\"@id\":\"https:\\\/\\\/blog.bindy.com\\\/#primaryimage\"},\"thumbnailUrl\":\"https:\\\/\\\/i0.wp.com\\\/blog.bindy.com\\\/wp-content\\\/uploads\\\/2022\\\/02\\\/Bindy-Brand-st-ad-blue-HR-800.png?fit=800%2C418&ssl=1\",\"datePublished\":\"2019-02-06T20:11:35+00:00\",\"dateModified\":\"2024-06-05T15:48:29+00:00\",\"description\":\"Bindy works with organizations of all sizes, from large multinationals to SMB's with a handful of locations. Get a $500 Amazon gift card!\",\"breadcrumb\":{\"@id\":\"https:\\\/\\\/blog.bindy.com\\\/#breadcrumb\"},\"inLanguage\":\"es\",\"potentialAction\":[{\"@type\":\"ReadAction\",\"target\":[\"https:\\\/\\\/blog.bindy.com\\\/\"]}]},{\"@type\":\"ImageObject\",\"inLanguage\":\"es\",\"@id\":\"https:\\\/\\\/blog.bindy.com\\\/#primaryimage\",\"url\":\"https:\\\/\\\/i0.wp.com\\\/blog.bindy.com\\\/wp-content\\\/uploads\\\/2022\\\/02\\\/Bindy-Brand-st-ad-blue-HR-800.png?fit=800%2C418&ssl=1\",\"contentUrl\":\"https:\\\/\\\/i0.wp.com\\\/blog.bindy.com\\\/wp-content\\\/uploads\\\/2022\\\/02\\\/Bindy-Brand-st-ad-blue-HR-800.png?fit=800%2C418&ssl=1\",\"width\":800,\"height\":418},{\"@type\":\"BreadcrumbList\",\"@id\":\"https:\\\/\\\/blog.bindy.com\\\/#breadcrumb\",\"itemListElement\":[{\"@type\":\"ListItem\",\"position\":1,\"name\":\"Home\",\"item\":\"https:\\\/\\\/blog.bindy.com\\\/\"},{\"@type\":\"ListItem\",\"position\":2,\"name\":\"Referral Program\"}]},{\"@type\":\"WebSite\",\"@id\":\"https:\\\/\\\/blog.bindy.com\\\/#website\",\"url\":\"https:\\\/\\\/blog.bindy.com\\\/\",\"name\":\"Audits, Tasks and Communication\",\"description\":\"Retail and Hospitality Operations\",\"publisher\":{\"@id\":\"https:\\\/\\\/blog.bindy.com\\\/#organization\"},\"potentialAction\":[{\"@type\":\"SearchAction\",\"target\":{\"@type\":\"EntryPoint\",\"urlTemplate\":\"https:\\\/\\\/blog.bindy.com\\\/?s={search_term_string}\"},\"query-input\":{\"@type\":\"PropertyValueSpecification\",\"valueRequired\":true,\"valueName\":\"search_term_string\"}}],\"inLanguage\":\"es\"},{\"@type\":\"Organization\",\"@id\":\"https:\\\/\\\/blog.bindy.com\\\/#organization\",\"name\":\"Bindy\",\"url\":\"https:\\\/\\\/blog.bindy.com\\\/\",\"logo\":{\"@type\":\"ImageObject\",\"inLanguage\":\"es\",\"@id\":\"https:\\\/\\\/blog.bindy.com\\\/#\\\/schema\\\/logo\\\/image\\\/\",\"url\":\"https:\\\/\\\/i0.wp.com\\\/blog.bindy.com\\\/wp-content\\\/uploads\\\/2021\\\/10\\\/Bindy-logo-horiz-col-72DPI.png?fit=1005%2C301&ssl=1\",\"contentUrl\":\"https:\\\/\\\/i0.wp.com\\\/blog.bindy.com\\\/wp-content\\\/uploads\\\/2021\\\/10\\\/Bindy-logo-horiz-col-72DPI.png?fit=1005%2C301&ssl=1\",\"width\":1005,\"height\":301,\"caption\":\"Bindy\"},\"image\":{\"@id\":\"https:\\\/\\\/blog.bindy.com\\\/#\\\/schema\\\/logo\\\/image\\\/\"},\"sameAs\":[\"https:\\\/\\\/www.facebook.com\\\/bindyhq\",\"https:\\\/\\\/x.com\\\/bindyhq\",\"https:\\\/\\\/www.linkedin.com\\\/company\\\/bindyhq\\\/\"]}]}<\/script>\n<!-- \/ Yoast SEO plugin. -->","yoast_head_json":{"title":"Programa de Referencias - Auditor\u00edas, Tareas y Comunicaci\u00f3n","description":"Bindy trabaja con organizaciones de todos los tama\u00f1os, desde grandes multinacionales hasta PYMES con un pu\u00f1ado de ubicaciones. \u00a1Obtenga una tarjeta de regalo de Amazon $500!","robots":{"index":"index","follow":"follow","max-snippet":"max-snippet:-1","max-image-preview":"max-image-preview:large","max-video-preview":"max-video-preview:-1"},"canonical":"https:\/\/blog.bindy.com\/es\/","og_locale":"es_ES","og_type":"article","og_title":"Referral Program - Audits, Tasks and Communication","og_description":"Bindy works with organizations of all sizes, from large multinationals to SMB's with a handful of locations. Get a $500 Amazon gift card!","og_url":"https:\/\/blog.bindy.com\/es\/","og_site_name":"Audits, Tasks and Communication","article_publisher":"https:\/\/www.facebook.com\/bindyhq","article_modified_time":"2024-06-05T15:48:29+00:00","og_image":[{"width":800,"height":418,"url":"https:\/\/blog.bindy.com\/wp-content\/uploads\/2022\/02\/Bindy-Brand-st-ad-blue-HR-800.png?_t=1717602509","type":"image\/png"}],"twitter_card":"summary_large_image","twitter_site":"@bindyhq","schema":{"@context":"https:\/\/schema.org","@graph":[{"@type":"WebPage","@id":"https:\/\/blog.bindy.com\/","url":"https:\/\/blog.bindy.com\/","name":"Programa de Referencias - Auditor\u00edas, Tareas y Comunicaci\u00f3n","isPartOf":{"@id":"https:\/\/blog.bindy.com\/#website"},"primaryImageOfPage":{"@id":"https:\/\/blog.bindy.com\/#primaryimage"},"image":{"@id":"https:\/\/blog.bindy.com\/#primaryimage"},"thumbnailUrl":"https:\/\/i0.wp.com\/blog.bindy.com\/wp-content\/uploads\/2022\/02\/Bindy-Brand-st-ad-blue-HR-800.png?fit=800%2C418&ssl=1","datePublished":"2019-02-06T20:11:35+00:00","dateModified":"2024-06-05T15:48:29+00:00","description":"Bindy trabaja con organizaciones de todos los tama\u00f1os, desde grandes multinacionales hasta PYMES con un pu\u00f1ado de ubicaciones. \u00a1Obtenga una tarjeta de regalo de Amazon $500!","breadcrumb":{"@id":"https:\/\/blog.bindy.com\/#breadcrumb"},"inLanguage":"es","potentialAction":[{"@type":"ReadAction","target":["https:\/\/blog.bindy.com\/"]}]},{"@type":"ImageObject","inLanguage":"es","@id":"https:\/\/blog.bindy.com\/#primaryimage","url":"https:\/\/i0.wp.com\/blog.bindy.com\/wp-content\/uploads\/2022\/02\/Bindy-Brand-st-ad-blue-HR-800.png?fit=800%2C418&ssl=1","contentUrl":"https:\/\/i0.wp.com\/blog.bindy.com\/wp-content\/uploads\/2022\/02\/Bindy-Brand-st-ad-blue-HR-800.png?fit=800%2C418&ssl=1","width":800,"height":418},{"@type":"BreadcrumbList","@id":"https:\/\/blog.bindy.com\/#breadcrumb","itemListElement":[{"@type":"ListItem","position":1,"name":"Home","item":"https:\/\/blog.bindy.com\/"},{"@type":"ListItem","position":2,"name":"Referral Program"}]},{"@type":"WebSite","@id":"https:\/\/blog.bindy.com\/#website","url":"https:\/\/blog.bindy.com\/","name":"Auditor\u00edas, Tareas y Comunicaci\u00f3n","description":"Operaciones de venta minorista y hosteler\u00eda","publisher":{"@id":"https:\/\/blog.bindy.com\/#organization"},"potentialAction":[{"@type":"SearchAction","target":{"@type":"EntryPoint","urlTemplate":"https:\/\/blog.bindy.com\/?s={search_term_string}"},"query-input":{"@type":"PropertyValueSpecification","valueRequired":true,"valueName":"search_term_string"}}],"inLanguage":"es"},{"@type":"Organization","@id":"https:\/\/blog.bindy.com\/#organization","name":"encuadernado","url":"https:\/\/blog.bindy.com\/","logo":{"@type":"ImageObject","inLanguage":"es","@id":"https:\/\/blog.bindy.com\/#\/schema\/logo\/image\/","url":"https:\/\/i0.wp.com\/blog.bindy.com\/wp-content\/uploads\/2021\/10\/Bindy-logo-horiz-col-72DPI.png?fit=1005%2C301&ssl=1","contentUrl":"https:\/\/i0.wp.com\/blog.bindy.com\/wp-content\/uploads\/2021\/10\/Bindy-logo-horiz-col-72DPI.png?fit=1005%2C301&ssl=1","width":1005,"height":301,"caption":"Bindy"},"image":{"@id":"https:\/\/blog.bindy.com\/#\/schema\/logo\/image\/"},"sameAs":["https:\/\/www.facebook.com\/bindyhq","https:\/\/x.com\/bindyhq","https:\/\/www.linkedin.com\/company\/bindyhq\/"]}]}},"jetpack_likes_enabled":false,"jetpack_sharing_enabled":true,"jetpack_shortlink":"https:\/\/wp.me\/PDNAM-1rY","jetpack-related-posts":[{"id":63954,"url":"https:\/\/blog.bindy.com\/es\/por-que-estamos-cambiando-nuestro-nombre\/","url_meta":{"origin":5578,"position":0},"title":"Compliant IA anuncia cambio de marca a Bindy","author":"Bindy","date":"septiembre 11, 2024","format":false,"excerpt":"Para publicaci\u00f3n inmediata, Toronto, Ontario, 23 de noviembre de 2021. Compliant IA cambia su nombre a Bindy para reflejar su crecimiento y diversificaci\u00f3n. Compliant IA, proveedor l\u00edder de soluciones de ejecuci\u00f3n minorista basadas en la nube, anunci\u00f3 hoy la finalizaci\u00f3n de un importante cambio de marca. El cambio de nombre a Bindy refleja el crecimiento y la diversificaci\u00f3n de la empresa.","rel":"","context":"Entrada similar","block_context":{"text":"Entrada similar","link":""},"img":{"alt_text":"","src":"https:\/\/i0.wp.com\/blog.bindy.com\/wp-content\/uploads\/2021\/11\/Bindy-icone-col-72DPI.png?fit=442%2C442&ssl=1&resize=350%2C200","width":350,"height":200},"classes":[]},{"id":65107,"url":"https:\/\/blog.bindy.com\/es\/demostracion-de-bindy\/","url_meta":{"origin":5578,"position":1},"title":"\u25b6\ufe0f Demostraci\u00f3n de Bindy","author":"Bindy","date":"diciembre 9, 2024","format":false,"excerpt":"No requiere registro ni programaci\u00f3n. Las funciones m\u00e1s esenciales de Bindy se presentan en 5 breves demostraciones en video. \u25b6\ufe0f Introducci\u00f3n (1 minuto y 2 segundos) \u2139\ufe0f Bindy es una aplicaci\u00f3n en la nube para automatizar auditor\u00edas, tareas y comunicaciones para comercios minoristas y hosteler\u00eda. Implementa y verifica est\u00e1ndares de marca, tareas y acciones correctivas.","rel":"","context":"Entrada similar","block_context":{"text":"Entrada similar","link":""},"img":{"alt_text":"","src":"","width":0,"height":0},"classes":[]},{"id":60545,"url":"https:\/\/blog.bindy.com\/es\/informar-retroalimentacion\/","url_meta":{"origin":5578,"position":2},"title":"Bindy Reporting: \u00a1cu\u00e9ntanos lo que piensas!","author":"Bindy","date":"agosto 25, 2023","format":false,"excerpt":"El prop\u00f3sito de informar es traer los datos y encontrar la informaci\u00f3n que necesita. \u00bfComo podemos mejorar? Su respuesta es confidencial.","rel":"","context":"Entrada similar","block_context":{"text":"Entrada similar","link":""},"img":{"alt_text":"","src":"https:\/\/i0.wp.com\/blog.bindy.com\/wp-content\/uploads\/2023\/08\/shutterstock_650629666.jpg?fit=1200%2C716&ssl=1&resize=350%2C200","width":350,"height":200,"srcset":"https:\/\/i0.wp.com\/blog.bindy.com\/wp-content\/uploads\/2023\/08\/shutterstock_650629666.jpg?fit=1200%2C716&ssl=1&resize=350%2C200 1x, https:\/\/i0.wp.com\/blog.bindy.com\/wp-content\/uploads\/2023\/08\/shutterstock_650629666.jpg?fit=1200%2C716&ssl=1&resize=525%2C300 1.5x, https:\/\/i0.wp.com\/blog.bindy.com\/wp-content\/uploads\/2023\/08\/shutterstock_650629666.jpg?fit=1200%2C716&ssl=1&resize=700%2C400 2x, https:\/\/i0.wp.com\/blog.bindy.com\/wp-content\/uploads\/2023\/08\/shutterstock_650629666.jpg?fit=1200%2C716&ssl=1&resize=1050%2C600 3x"},"classes":[]},{"id":60033,"url":"https:\/\/blog.bindy.com\/es\/por-que\/","url_meta":{"origin":5578,"position":3},"title":"Cu\u00e9ntanos por qu\u00e9 \/ Sin suscripci\u00f3n","author":"Bindy","date":"febrero 14, 2023","format":false,"excerpt":"T\u00f3mese un momento para decirnos por qu\u00e9 no se est\u00e1 suscribiendo a Bindy. No enviaremos correos electr\u00f3nicos de seguimiento. Esta informaci\u00f3n simplemente nos ayudar\u00e1 a mejorar el juicio y las primeras impresiones. \u00a1Gracias!","rel":"","context":"Entrada similar","block_context":{"text":"Entrada similar","link":""},"img":{"alt_text":"","src":"https:\/\/i0.wp.com\/blog.bindy.com\/wp-content\/uploads\/2023\/02\/Screen-compo-Combo_Screens-layed-out.png?fit=600%2C429&ssl=1&resize=350%2C200","width":350,"height":200,"srcset":"https:\/\/i0.wp.com\/blog.bindy.com\/wp-content\/uploads\/2023\/02\/Screen-compo-Combo_Screens-layed-out.png?fit=600%2C429&ssl=1&resize=350%2C200 1x, https:\/\/i0.wp.com\/blog.bindy.com\/wp-content\/uploads\/2023\/02\/Screen-compo-Combo_Screens-layed-out.png?fit=600%2C429&ssl=1&resize=525%2C300 1.5x"},"classes":[]}],"_links":{"self":[{"href":"https:\/\/blog.bindy.com\/es\/wp-json\/wp\/v2\/pages\/5578","targetHints":{"allow":["GET"]}}],"collection":[{"href":"https:\/\/blog.bindy.com\/es\/wp-json\/wp\/v2\/pages"}],"about":[{"href":"https:\/\/blog.bindy.com\/es\/wp-json\/wp\/v2\/types\/page"}],"author":[{"embeddable":true,"href":"https:\/\/blog.bindy.com\/es\/wp-json\/wp\/v2\/users\/6370623"}],"replies":[{"embeddable":true,"href":"https:\/\/blog.bindy.com\/es\/wp-json\/wp\/v2\/comments?post=5578"}],"version-history":[{"count":88,"href":"https:\/\/blog.bindy.com\/es\/wp-json\/wp\/v2\/pages\/5578\/revisions"}],"predecessor-version":[{"id":62647,"href":"https:\/\/blog.bindy.com\/es\/wp-json\/wp\/v2\/pages\/5578\/revisions\/62647"}],"wp:featuredmedia":[{"embeddable":true,"href":"https:\/\/blog.bindy.com\/es\/wp-json\/wp\/v2\/media\/57763"}],"wp:attachment":[{"href":"https:\/\/blog.bindy.com\/es\/wp-json\/wp\/v2\/media?parent=5578"}],"curies":[{"name":"Gracias","href":"https:\/\/api.w.org\/{rel}","templated":true}]}}