{"id":65107,"date":"2024-12-09T12:25:22","date_gmt":"2024-12-09T17:25:22","guid":{"rendered":"https:\/\/blog.bindy.com\/?page_id=65107"},"modified":"2026-01-07T09:08:14","modified_gmt":"2026-01-07T14:08:14","slug":"bindy-demo","status":"publish","type":"page","link":"https:\/\/blog.bindy.com\/de\/bindy-demo\/","title":{"rendered":"\u25b6\ufe0f Bindy-Demo"},"content":{"rendered":"<p class=\"wp-block-paragraph\">Keine Anmeldung, keine Terminvereinbarung n\u00f6tig. Die wichtigsten Funktionen von Bindy \u2013 \u00fcbersichtlich in 5 kurzen Videodemonstrationen erkl\u00e4rt.<\/p>\n\n\n\n<p class=\"wp-block-paragraph\"><\/p>\n\n\n\n<h1 class=\"wp-block-heading\">\u25b6\ufe0f Einleitung<\/h1>\n\n\n\n<p class=\"has-text-align-center wp-block-paragraph\"><em>1 Minute, 2 Sekunden<\/em><\/p>\n\n\n\n<p class=\"is-style-info wp-block-paragraph\">\u2139\ufe0f Bindy ist eine Cloud-basierte App zur Automatisierung von \u2714\ufe0f Audits, \ud83d\uddd3\ufe0f Aufgaben und \ud83d\udce3 Kommunikation im Einzelhandel und Gastgewerbe. Implementieren und \u00fcberpr\u00fcfen Sie Markenstandards, Aufgaben und Korrekturma\u00dfnahmen m\u00fchelos an Ihren Standorten. Erhalten Sie Berichte, Unterschriften, Videos und Fotoverifizierungen in Echtzeit.<\/p>\n\n\n\n\t\t<figure class=\"wp-block-jetpack-videopress jetpack-videopress-player\" style=\"\" >\n\t\t\t<div class=\"jetpack-videopress-player__wrapper\"> <div class=\"jetpack-video-wrapper\"><iframe title=\"VideoPress-Videoplayer\" aria-label='VideoPress-Videoplayer' width='700' height='394' src='https:\/\/videopress.com\/embed\/QAKhxtcc?cover=1&amp;autoPlay=0&amp;controls=1&amp;loop=0&amp;muted=0&amp;persistVolume=1&amp;playsinline=0&amp;preloadContent=metadata&amp;useAverageColor=1&amp;hd=0' frameborder='0' allowfullscreen data-resize-to-parent=\"true\" allow='clipboard-write'><\/iframe><script src='https:\/\/v0.wordpress.com\/js\/next\/videopress-iframe.js?m=1739540970'><\/script><\/div><\/div>\n\t\t\t\n\t\t\t\n\t\t<\/figure>\n\t\t\n\n\n<p class=\"has-text-align-center wp-block-paragraph\"><a href=\"https:\/\/bindy.com\/contact\/#informationOrFreeTrial\" target=\"_blank\" rel=\"noreferrer noopener\">Kontaktiere uns<\/a>&nbsp;oder&nbsp;<a href=\"https:\/\/bindy.com\/app\/registration\/step1?lang=en\" target=\"_blank\" rel=\"noreferrer noopener\">Versuch<\/a>&nbsp;Heute.<\/p>\n\n\n\n<h1 class=\"wp-block-heading\">\u25b6\ufe0f Die Administratorerfahrung<\/h1>\n\n\n\n<p class=\"has-text-align-center wp-block-paragraph\"><em>2 Minuten, 29 Sekunden<\/em><\/p>\n\n\n\n<p class=\"is-style-info wp-block-paragraph\">\u2139\ufe0f Administratoren haben vollen Zugriff auf die Einrichtung und Konfiguration aller Aspekte des Erlebnisses.<br>Stellen Sie es sofort bereit und erstellen Sie Ihre eigenen Workflows mit Ihren eigenen Formularen, Websites und Benutzern. Wenn Sie Hilfe ben\u00f6tigen, stehen Ihnen unsere Onboarding-Spezialisten gerne zur Verf\u00fcgung.<\/p>\n\n\n\n\t\t<figure class=\"wp-block-jetpack-videopress jetpack-videopress-player\" style=\"\" >\n\t\t\t<div class=\"jetpack-videopress-player__wrapper\"> <div class=\"jetpack-video-wrapper\"><iframe title=\"VideoPress-Videoplayer\" aria-label='VideoPress-Videoplayer' width='700' height='394' src='https:\/\/videopress.com\/embed\/BbzhkhWp?cover=1&amp;autoPlay=0&amp;controls=1&amp;loop=0&amp;muted=0&amp;persistVolume=1&amp;playsinline=0&amp;preloadContent=metadata&amp;useAverageColor=1&amp;hd=0' frameborder='0' allowfullscreen data-resize-to-parent=\"true\" allow='clipboard-write'><\/iframe><script src='https:\/\/v0.wordpress.com\/js\/next\/videopress-iframe.js?m=1739540970'><\/script><\/div><\/div>\n\t\t\t<figcaption><\/figcaption>\n\t\t\t\n\t\t<\/figure>\n\t\t\n\n\n<p class=\"has-text-align-center wp-block-paragraph\"><a href=\"https:\/\/bindy.com\/contact\/#informationOrFreeTrial\" target=\"_blank\" rel=\"noreferrer noopener\">Kontaktiere uns<\/a>&nbsp;oder&nbsp;<a href=\"https:\/\/bindy.com\/app\/registration\/step1?lang=en\" target=\"_blank\" rel=\"noreferrer noopener\">Versuch<\/a>&nbsp;Heute.<\/p>\n\n\n\n<h1 class=\"wp-block-heading\">\u25b6\ufe0f Die Erfahrung des Bezirksleiters<\/h1>\n\n\n\n<p class=\"has-text-align-center wp-block-paragraph\"><em>2 Minuten, 19 Sekunden<\/em><\/p>\n\n\n\n<p class=\"is-style-info wp-block-paragraph\">\u2139\ufe0f Bezirksleiter (Bereichs- oder Regionalleiter) haben die Werkzeuge, die sie brauchen, um Standorte zu pr\u00fcfen, Korrekturma\u00dfnahmen zu senden und zu verfolgen, Fotos und Videos hochzuladen, Unterschriften zu sammeln und historische Daten anzuzeigen. Bindy gibt Bezirksleitern Zeit, um Standortleiter zu coachen, zu engagieren und zu beraten, um bessere Ergebnisse und h\u00f6here Ums\u00e4tze zu erzielen.<\/p>\n\n\n\n\t\t<figure class=\"wp-block-jetpack-videopress jetpack-videopress-player\" style=\"\" >\n\t\t\t<div class=\"jetpack-videopress-player__wrapper\"> <div class=\"jetpack-video-wrapper\"><iframe title=\"VideoPress-Videoplayer\" aria-label='VideoPress-Videoplayer' width='700' height='394' src='https:\/\/videopress.com\/embed\/gQYbVwgM?cover=1&amp;autoPlay=0&amp;controls=1&amp;loop=0&amp;muted=0&amp;persistVolume=1&amp;playsinline=0&amp;preloadContent=metadata&amp;useAverageColor=1&amp;hd=0' frameborder='0' allowfullscreen data-resize-to-parent=\"true\" allow='clipboard-write'><\/iframe><script src='https:\/\/v0.wordpress.com\/js\/next\/videopress-iframe.js?m=1739540970'><\/script><\/div><\/div>\n\t\t\t\n\t\t\t\n\t\t<\/figure>\n\t\t\n\n\n<p class=\"wp-block-paragraph\"><\/p>\n\n\n\n<p class=\"has-text-align-center wp-block-paragraph\"><a href=\"https:\/\/bindy.com\/contact\/#informationOrFreeTrial\" target=\"_blank\" rel=\"noreferrer noopener\">Kontaktiere uns<\/a>&nbsp;oder&nbsp;<a href=\"https:\/\/bindy.com\/app\/registration\/step1?lang=en\" target=\"_blank\" rel=\"noreferrer noopener\">Versuch<\/a>&nbsp;Heute.<\/p>\n\n\n\n<h1 class=\"wp-block-heading\">\u25b6\ufe0f Die Site Manager-Erfahrung<\/h1>\n\n\n\n<p class=\"has-text-align-center wp-block-paragraph\"><em>2 Minuten, 9 Sekunden<\/em><\/p>\n\n\n\n<p class=\"is-style-info wp-block-paragraph\">\u2139\ufe0f Standortleiter (oder Franchisenehmer) k\u00f6nnen im Auftrag der Zentrale eigene Inspektionen durchf\u00fchren oder auf Inspektionen von Bezirksleitern reagieren. Sie k\u00f6nnen beispielsweise f\u00fcr eine oder mehrere Korrekturma\u00dfnahmen aus dem Aktionsplan verantwortlich sein. Standortleiter k\u00f6nnen Inspektionen auch abzeichnen und Fotos der ergriffenen Korrekturma\u00dfnahmen hochladen.<\/p>\n\n\n\n\t\t<figure class=\"wp-block-jetpack-videopress jetpack-videopress-player\" style=\"\" >\n\t\t\t<div class=\"jetpack-videopress-player__wrapper\"> <div class=\"jetpack-video-wrapper\"><iframe title=\"VideoPress-Videoplayer\" aria-label='VideoPress-Videoplayer' width='700' height='394' src='https:\/\/videopress.com\/embed\/rktIv7Hy?cover=1&amp;autoPlay=0&amp;controls=1&amp;loop=0&amp;muted=0&amp;persistVolume=1&amp;playsinline=0&amp;preloadContent=metadata&amp;useAverageColor=1&amp;hd=0' frameborder='0' allowfullscreen data-resize-to-parent=\"true\" allow='clipboard-write'><\/iframe><script src='https:\/\/v0.wordpress.com\/js\/next\/videopress-iframe.js?m=1739540970'><\/script><\/div><\/div>\n\t\t\t\n\t\t\t\n\t\t<\/figure>\n\t\t\n\n\n<p class=\"has-text-align-center wp-block-paragraph\"><a href=\"https:\/\/bindy.com\/contact\/#informationOrFreeTrial\" target=\"_blank\" rel=\"noreferrer noopener\">Kontaktiere uns<\/a>&nbsp;oder&nbsp;<a href=\"https:\/\/bindy.com\/app\/registration\/step1?lang=en\" target=\"_blank\" rel=\"noreferrer noopener\">Versuch<\/a>&nbsp;Heute.<\/p>\n\n\n\n<h1 class=\"wp-block-heading\">\u25b6\ufe0f Testversion und Preise<\/h1>\n\n\n\n<p class=\"has-text-align-center wp-block-paragraph\"><em>44 Sekunden<\/em><\/p>\n\n\n\n<p class=\"is-style-info wp-block-paragraph\">\u2139\ufe0f Was ist Bindy und wer nutzt es? Die <a href=\"https:\/\/bindy.com\/app\/registration\/step1?lang=en&amp;aboutPricing=y&amp;aboutTrial=y\" target=\"_blank\" rel=\"noreferrer noopener\">14 Tage kostenlos testen<\/a> und <a href=\"https:\/\/bindy.com\/about\/pricing\/\" target=\"_blank\" rel=\"noreferrer noopener\">Preisgestaltung<\/a>.<\/p>\n\n\n\n<p class=\"has-text-align-center wp-block-paragraph\"><\/p>\n\n\n\n\t\t<figure class=\"wp-block-jetpack-videopress jetpack-videopress-player\" style=\"\" >\n\t\t\t<div class=\"jetpack-videopress-player__wrapper\"> <div class=\"jetpack-video-wrapper\"><iframe title=\"VideoPress-Videoplayer\" aria-label='VideoPress-Videoplayer' width='700' height='394' src='https:\/\/videopress.com\/embed\/BgP2z05I?cover=1&amp;autoPlay=0&amp;controls=1&amp;loop=0&amp;muted=0&amp;persistVolume=1&amp;playsinline=0&amp;preloadContent=metadata&amp;useAverageColor=1&amp;hd=0' frameborder='0' allowfullscreen data-resize-to-parent=\"true\" allow='clipboard-write'><\/iframe><script src='https:\/\/v0.wordpress.com\/js\/next\/videopress-iframe.js?m=1739540970'><\/script><\/div><\/div>\n\t\t\t\n\t\t\t\n\t\t<\/figure>\n\t\t\n\n\n<p class=\"has-text-align-center wp-block-paragraph\"><a href=\"https:\/\/bindy.com\/contact\/#informationOrFreeTrial\" target=\"_blank\" rel=\"noreferrer noopener\">Kontaktiere uns<\/a>&nbsp;oder&nbsp;<a href=\"https:\/\/bindy.com\/app\/registration\/step1?lang=en\" target=\"_blank\" rel=\"noreferrer noopener\">Versuch<\/a>&nbsp;Heute.<\/p>\n\n\n\n<p class=\"wp-block-paragraph\">Wir freuen uns auf die Zusammenarbeit mit Ihnen!<\/p>\n\n\n\n<p class=\"wp-block-paragraph\"><\/p>","protected":false},"excerpt":{"rendered":"<p>Keine Registrierung, keine Terminvereinbarung n\u00f6tig. Die wichtigsten Funktionen von Bindy in 5 kurzen Videodemonstrationen. \u25b6\ufe0f Einf\u00fchrung (1 Minute, 2 Sekunden) \u2139\ufe0f Bindy ist eine Cloud-basierte App zur Automatisierung von \u2714\ufe0f Audits, \ud83d\uddd3\ufe0f Aufgaben und \ud83d\udce3 Kommunikation im Einzelhandel und Gastgewerbe. Implementieren und \u00fcberpr\u00fcfen Sie Markenstandards, Aufgaben und Korrekturma\u00dfnahmen m\u00fchelos an Ihren Standorten. \u2026 <a href=\"https:\/\/blog.bindy.com\/de\/bindy-demo\/\" class=\"more-link\"><span class=\"screen-reader-text\">\u25b6\ufe0f Bindy-Demo<\/span> weiterlesen <span class=\"meta-nav\">\u2192<\/span><\/a><\/p>","protected":false},"author":6370623,"featured_media":0,"parent":0,"menu_order":0,"comment_status":"closed","ping_status":"closed","template":"","meta":{"_coblocks_attr":"","_coblocks_dimensions":"","_coblocks_responsive_height":"","_coblocks_accordion_ie_support":"","_crdt_document":"","jetpack_post_was_ever_published":false,"footnotes":""},"class_list":["post-65107","page","type-page","status-publish","hentry"],"yoast_head":"<!-- This site is optimized with the Yoast SEO plugin v27.0 - https:\/\/yoast.com\/product\/yoast-seo-wordpress\/ -->\n<title>\u25b6\ufe0f Bindy Demo - Audits, Tasks and Communication<\/title>\n<meta name=\"description\" content=\"Watch a Bindy demo, no scheduling required! Bindy&#039;s most essential features organized into 5 quick video demonstrations.\" \/>\n<meta name=\"robots\" content=\"index, follow, max-snippet:-1, max-image-preview:large, max-video-preview:-1\" \/>\n<link rel=\"canonical\" href=\"https:\/\/blog.bindy.com\/de\/bindy-demo\/\" \/>\n<meta property=\"og:locale\" content=\"de_DE\" \/>\n<meta property=\"og:type\" content=\"article\" \/>\n<meta property=\"og:title\" content=\"\u25b6\ufe0f Bindy Demo - Audits, Tasks and Communication\" \/>\n<meta property=\"og:description\" content=\"Watch a Bindy demo, no scheduling required! Bindy&#039;s most essential features organized into 5 quick video demonstrations.\" \/>\n<meta property=\"og:url\" content=\"https:\/\/blog.bindy.com\/de\/bindy-demo\/\" \/>\n<meta property=\"og:site_name\" content=\"Audits, Tasks and Communication\" \/>\n<meta property=\"article:publisher\" content=\"https:\/\/www.facebook.com\/bindyhq\" \/>\n<meta property=\"article:modified_time\" content=\"2026-01-07T14:08:14+00:00\" \/>\n<meta property=\"og:image\" content=\"https:\/\/i0.wp.com\/blog.bindy.com\/wp-content\/uploads\/2021\/10\/Bindy-logo-verti-col-72DPI.png?fit=442%2C442&ssl=1\" \/>\n\t<meta property=\"og:image:width\" content=\"442\" \/>\n\t<meta property=\"og:image:height\" content=\"442\" \/>\n\t<meta property=\"og:image:type\" content=\"image\/png\" \/>\n<meta name=\"twitter:card\" content=\"summary_large_image\" \/>\n<meta name=\"twitter:site\" content=\"@bindyhq\" \/>\n<script type=\"application\/ld+json\" class=\"yoast-schema-graph\">{\"@context\":\"https:\/\/schema.org\",\"@graph\":[{\"@type\":\"WebPage\",\"@id\":\"https:\/\/blog.bindy.com\/bindy-demo\/\",\"url\":\"https:\/\/blog.bindy.com\/bindy-demo\/\",\"name\":\"\u25b6\ufe0f Bindy Demo - Audits, Tasks and Communication\",\"isPartOf\":{\"@id\":\"https:\/\/blog.bindy.com\/#website\"},\"datePublished\":\"2024-12-09T17:25:22+00:00\",\"dateModified\":\"2026-01-07T14:08:14+00:00\",\"description\":\"Watch a Bindy demo, no scheduling required! Bindy's most essential features organized into 5 quick video demonstrations.\",\"breadcrumb\":{\"@id\":\"https:\/\/blog.bindy.com\/bindy-demo\/#breadcrumb\"},\"inLanguage\":\"de\",\"potentialAction\":[{\"@type\":\"ReadAction\",\"target\":[\"https:\/\/blog.bindy.com\/bindy-demo\/\"]}]},{\"@type\":\"BreadcrumbList\",\"@id\":\"https:\/\/blog.bindy.com\/bindy-demo\/#breadcrumb\",\"itemListElement\":[{\"@type\":\"ListItem\",\"position\":1,\"name\":\"Home\",\"item\":\"https:\/\/blog.bindy.com\/\"},{\"@type\":\"ListItem\",\"position\":2,\"name\":\"\u25b6\ufe0f Bindy Demo\"}]},{\"@type\":\"WebSite\",\"@id\":\"https:\/\/blog.bindy.com\/#website\",\"url\":\"https:\/\/blog.bindy.com\/\",\"name\":\"Audits, Tasks and Communication\",\"description\":\"Retail and Hospitality Operations\",\"publisher\":{\"@id\":\"https:\/\/blog.bindy.com\/#organization\"},\"potentialAction\":[{\"@type\":\"SearchAction\",\"target\":{\"@type\":\"EntryPoint\",\"urlTemplate\":\"https:\/\/blog.bindy.com\/?s={search_term_string}\"},\"query-input\":{\"@type\":\"PropertyValueSpecification\",\"valueRequired\":true,\"valueName\":\"search_term_string\"}}],\"inLanguage\":\"de\"},{\"@type\":\"Organization\",\"@id\":\"https:\/\/blog.bindy.com\/#organization\",\"name\":\"Bindy\",\"url\":\"https:\/\/blog.bindy.com\/\",\"logo\":{\"@type\":\"ImageObject\",\"inLanguage\":\"de\",\"@id\":\"https:\/\/blog.bindy.com\/#\/schema\/logo\/image\/\",\"url\":\"https:\/\/i0.wp.com\/blog.bindy.com\/wp-content\/uploads\/2021\/10\/Bindy-logo-horiz-col-72DPI.png?fit=1005%2C301&ssl=1\",\"contentUrl\":\"https:\/\/i0.wp.com\/blog.bindy.com\/wp-content\/uploads\/2021\/10\/Bindy-logo-horiz-col-72DPI.png?fit=1005%2C301&ssl=1\",\"width\":1005,\"height\":301,\"caption\":\"Bindy\"},\"image\":{\"@id\":\"https:\/\/blog.bindy.com\/#\/schema\/logo\/image\/\"},\"sameAs\":[\"https:\/\/www.facebook.com\/bindyhq\",\"https:\/\/x.com\/bindyhq\",\"https:\/\/www.linkedin.com\/company\/bindyhq\/\"]}]}<\/script>\n<!-- \/ Yoast SEO plugin. -->","yoast_head_json":{"title":"\u25b6\ufe0f Bindy-Demo \u2013 Audits, Aufgaben und Kommunikation","description":"Sehen Sie sich eine Bindy-Demo an \u2013 ganz ohne Termin! Die wichtigsten Funktionen von Bindy werden in 5 kurzen Videodemonstrationen vorgestellt.","robots":{"index":"index","follow":"follow","max-snippet":"max-snippet:-1","max-image-preview":"max-image-preview:large","max-video-preview":"max-video-preview:-1"},"canonical":"https:\/\/blog.bindy.com\/de\/bindy-demo\/","og_locale":"de_DE","og_type":"article","og_title":"\u25b6\ufe0f Bindy Demo - Audits, Tasks and Communication","og_description":"Watch a Bindy demo, no scheduling required! Bindy's most essential features organized into 5 quick video demonstrations.","og_url":"https:\/\/blog.bindy.com\/de\/bindy-demo\/","og_site_name":"Audits, Tasks and Communication","article_publisher":"https:\/\/www.facebook.com\/bindyhq","article_modified_time":"2026-01-07T14:08:14+00:00","og_image":[{"width":442,"height":442,"url":"https:\/\/i0.wp.com\/blog.bindy.com\/wp-content\/uploads\/2021\/10\/Bindy-logo-verti-col-72DPI.png?fit=442%2C442&ssl=1","type":"image\/png"}],"twitter_card":"summary_large_image","twitter_site":"@bindyhq","schema":{"@context":"https:\/\/schema.org","@graph":[{"@type":"WebPage","@id":"https:\/\/blog.bindy.com\/bindy-demo\/","url":"https:\/\/blog.bindy.com\/bindy-demo\/","name":"\u25b6\ufe0f Bindy-Demo \u2013 Audits, Aufgaben und Kommunikation","isPartOf":{"@id":"https:\/\/blog.bindy.com\/#website"},"datePublished":"2024-12-09T17:25:22+00:00","dateModified":"2026-01-07T14:08:14+00:00","description":"Sehen Sie sich eine Bindy-Demo an \u2013 ganz ohne Termin! Die wichtigsten Funktionen von Bindy werden in 5 kurzen Videodemonstrationen vorgestellt.","breadcrumb":{"@id":"https:\/\/blog.bindy.com\/bindy-demo\/#breadcrumb"},"inLanguage":"de","potentialAction":[{"@type":"ReadAction","target":["https:\/\/blog.bindy.com\/bindy-demo\/"]}]},{"@type":"BreadcrumbList","@id":"https:\/\/blog.bindy.com\/bindy-demo\/#breadcrumb","itemListElement":[{"@type":"ListItem","position":1,"name":"Home","item":"https:\/\/blog.bindy.com\/"},{"@type":"ListItem","position":2,"name":"\u25b6\ufe0f Bindy Demo"}]},{"@type":"WebSite","@id":"https:\/\/blog.bindy.com\/#website","url":"https:\/\/blog.bindy.com\/","name":"Audits, Aufgaben und Kommunikation","description":"Einzelhandels- und Gastgewerbebetriebe","publisher":{"@id":"https:\/\/blog.bindy.com\/#organization"},"potentialAction":[{"@type":"SearchAction","target":{"@type":"EntryPoint","urlTemplate":"https:\/\/blog.bindy.com\/?s={search_term_string}"},"query-input":{"@type":"PropertyValueSpecification","valueRequired":true,"valueName":"search_term_string"}}],"inLanguage":"de"},{"@type":"Organization","@id":"https:\/\/blog.bindy.com\/#organization","name":"Bindy","url":"https:\/\/blog.bindy.com\/","logo":{"@type":"ImageObject","inLanguage":"de","@id":"https:\/\/blog.bindy.com\/#\/schema\/logo\/image\/","url":"https:\/\/i0.wp.com\/blog.bindy.com\/wp-content\/uploads\/2021\/10\/Bindy-logo-horiz-col-72DPI.png?fit=1005%2C301&ssl=1","contentUrl":"https:\/\/i0.wp.com\/blog.bindy.com\/wp-content\/uploads\/2021\/10\/Bindy-logo-horiz-col-72DPI.png?fit=1005%2C301&ssl=1","width":1005,"height":301,"caption":"Bindy"},"image":{"@id":"https:\/\/blog.bindy.com\/#\/schema\/logo\/image\/"},"sameAs":["https:\/\/www.facebook.com\/bindyhq","https:\/\/x.com\/bindyhq","https:\/\/www.linkedin.com\/company\/bindyhq\/"]}]}},"jetpack_likes_enabled":false,"jetpack_sharing_enabled":true,"jetpack_shortlink":"https:\/\/wp.me\/PDNAM-gW7","jetpack-related-posts":[{"id":63954,"url":"https:\/\/blog.bindy.com\/de\/warum-wir-unseren-namen-andern\/","url_meta":{"origin":65107,"position":0},"title":"Compliant IA k\u00fcndigt Rebranding zu Bindy an","author":"Bindy","date":"September 11, 2024","format":false,"excerpt":"Pressemitteilung Toronto, ON, 23. November 2021 Compliant IA firmiert ab sofort unter dem Namen Bindy, um Wachstum und Diversifizierung widerzuspiegeln. Compliant IA, ein f\u00fchrender Anbieter cloudbasierter L\u00f6sungen f\u00fcr die Umsetzung im Einzelhandel, gab heute den Abschluss eines umfassenden Rebrandings bekannt. Die Umbenennung in Bindy spiegelt das Wachstum und die Diversifizierung des Unternehmens wider\u2026","rel":"","context":"\u00c4hnlicher Beitrag","block_context":{"text":"\u00c4hnlicher Beitrag","link":""},"img":{"alt_text":"","src":"https:\/\/i0.wp.com\/blog.bindy.com\/wp-content\/uploads\/2021\/11\/Bindy-icone-col-72DPI.png?fit=442%2C442&ssl=1&resize=350%2C200","width":350,"height":200},"classes":[]},{"id":5578,"url":"https:\/\/blog.bindy.com\/de\/verweisung\/","url_meta":{"origin":65107,"position":1},"title":"Empfehlungsprogramm","author":"Bindy","date":"Februar 6, 2019","format":false,"excerpt":"Empfehlen Sie Bindy weiter! Ihre Empfehlung erh\u00e4lt einen Monat Bindy gratis. Sie erhalten einen Amazon-Gutschein im Wert von $500. Bindy arbeitet mit Unternehmen jeder Gr\u00f6\u00dfe zusammen \u2013 von gro\u00dfen multinationalen Konzernen bis hin zu kleinen und mittelst\u00e4ndischen Unternehmen mit wenigen Standorten. Wenn Sie Kollegen oder Freunde haben, die daran interessiert sind, Markenstandards und -prozesse in ihrem Unternehmen zu optimieren,\u2026","rel":"","context":"\u00c4hnlicher Beitrag","block_context":{"text":"\u00c4hnlicher Beitrag","link":""},"img":{"alt_text":"","src":"https:\/\/i0.wp.com\/blog.bindy.com\/wp-content\/uploads\/2022\/02\/Bindy-Brand-st-ad-blue-HR-800.png?fit=800%2C418&ssl=1&resize=350%2C200","width":350,"height":200,"srcset":"https:\/\/i0.wp.com\/blog.bindy.com\/wp-content\/uploads\/2022\/02\/Bindy-Brand-st-ad-blue-HR-800.png?fit=800%2C418&ssl=1&resize=350%2C200 1x, https:\/\/i0.wp.com\/blog.bindy.com\/wp-content\/uploads\/2022\/02\/Bindy-Brand-st-ad-blue-HR-800.png?fit=800%2C418&ssl=1&resize=525%2C300 1.5x, https:\/\/i0.wp.com\/blog.bindy.com\/wp-content\/uploads\/2022\/02\/Bindy-Brand-st-ad-blue-HR-800.png?fit=800%2C418&ssl=1&resize=700%2C400 2x"},"classes":[]},{"id":60545,"url":"https:\/\/blog.bindy.com\/de\/ruckmeldung-melden\/","url_meta":{"origin":65107,"position":2},"title":"Bindy Reporting \u2013 Sagen Sie uns Ihre Meinung!","author":"Bindy","date":"August 25, 2023","format":false,"excerpt":"Der Zweck der Berichterstattung besteht darin, die Daten bereitzustellen und die ben\u00f6tigten Informationen zu finden. Wie k\u00f6nnen wir uns verbessern? Ihre Antwort ist vertraulich.","rel":"","context":"\u00c4hnlicher Beitrag","block_context":{"text":"\u00c4hnlicher Beitrag","link":""},"img":{"alt_text":"","src":"https:\/\/i0.wp.com\/blog.bindy.com\/wp-content\/uploads\/2023\/08\/shutterstock_650629666.jpg?fit=1200%2C716&ssl=1&resize=350%2C200","width":350,"height":200,"srcset":"https:\/\/i0.wp.com\/blog.bindy.com\/wp-content\/uploads\/2023\/08\/shutterstock_650629666.jpg?fit=1200%2C716&ssl=1&resize=350%2C200 1x, https:\/\/i0.wp.com\/blog.bindy.com\/wp-content\/uploads\/2023\/08\/shutterstock_650629666.jpg?fit=1200%2C716&ssl=1&resize=525%2C300 1.5x, https:\/\/i0.wp.com\/blog.bindy.com\/wp-content\/uploads\/2023\/08\/shutterstock_650629666.jpg?fit=1200%2C716&ssl=1&resize=700%2C400 2x, https:\/\/i0.wp.com\/blog.bindy.com\/wp-content\/uploads\/2023\/08\/shutterstock_650629666.jpg?fit=1200%2C716&ssl=1&resize=1050%2C600 3x"},"classes":[]},{"id":60033,"url":"https:\/\/blog.bindy.com\/de\/warum\/","url_meta":{"origin":65107,"position":3},"title":"Sagen Sie uns warum \/ Kein Abonnement","author":"Bindy","date":"Februar 14, 2023","format":false,"excerpt":"Bitte nehmen Sie sich einen Moment Zeit, um uns mitzuteilen, warum Sie Bindy nicht abonnieren. Wir werden keine Folge-E-Mails versenden. Diese Informationen helfen uns einfach, die Testversion und den ersten Eindruck zu verbessern. Danke sch\u00f6n!","rel":"","context":"\u00c4hnlicher Beitrag","block_context":{"text":"\u00c4hnlicher Beitrag","link":""},"img":{"alt_text":"","src":"https:\/\/i0.wp.com\/blog.bindy.com\/wp-content\/uploads\/2023\/02\/Screen-compo-Combo_Screens-layed-out.png?fit=600%2C429&ssl=1&resize=350%2C200","width":350,"height":200,"srcset":"https:\/\/i0.wp.com\/blog.bindy.com\/wp-content\/uploads\/2023\/02\/Screen-compo-Combo_Screens-layed-out.png?fit=600%2C429&ssl=1&resize=350%2C200 1x, https:\/\/i0.wp.com\/blog.bindy.com\/wp-content\/uploads\/2023\/02\/Screen-compo-Combo_Screens-layed-out.png?fit=600%2C429&ssl=1&resize=525%2C300 1.5x"},"classes":[]}],"_links":{"self":[{"href":"https:\/\/blog.bindy.com\/de\/wp-json\/wp\/v2\/pages\/65107","targetHints":{"allow":["GET"]}}],"collection":[{"href":"https:\/\/blog.bindy.com\/de\/wp-json\/wp\/v2\/pages"}],"about":[{"href":"https:\/\/blog.bindy.com\/de\/wp-json\/wp\/v2\/types\/page"}],"author":[{"embeddable":true,"href":"https:\/\/blog.bindy.com\/de\/wp-json\/wp\/v2\/users\/6370623"}],"replies":[{"embeddable":true,"href":"https:\/\/blog.bindy.com\/de\/wp-json\/wp\/v2\/comments?post=65107"}],"version-history":[{"count":100,"href":"https:\/\/blog.bindy.com\/de\/wp-json\/wp\/v2\/pages\/65107\/revisions"}],"predecessor-version":[{"id":67039,"href":"https:\/\/blog.bindy.com\/de\/wp-json\/wp\/v2\/pages\/65107\/revisions\/67039"}],"wp:attachment":[{"href":"https:\/\/blog.bindy.com\/de\/wp-json\/wp\/v2\/media?parent=65107"}],"curies":[{"name":"wp","href":"https:\/\/api.w.org\/{rel}","templated":true}]}}