{"id":5578,"date":"2019-02-06T15:11:35","date_gmt":"2019-02-06T20:11:35","guid":{"rendered":"http:\/\/blog.bindy.com\/?page_id=5578"},"modified":"2024-06-05T11:48:29","modified_gmt":"2024-06-05T15:48:29","slug":"verweisung","status":"publish","type":"page","link":"https:\/\/blog.bindy.com\/de\/verweisung\/","title":{"rendered":"Empfehlungsprogramm"},"content":{"rendered":"<h3 class=\"wp-block-heading\">Empfehlen Sie Bindy weiter. Ihre Empfehlung erh\u00e4lt einen Monat Bindy-Service gratis. Sie erhalten eine Amazon-Geschenkkarte im Wert von $500.<\/h3>\n\n\n\n<p class=\"wp-block-paragraph\"><a href=\"https:\/\/bindy.com\/\" target=\"_blank\" rel=\"noreferrer noopener\">Bindy <\/a>arbeitet mit Organisationen aller Gr\u00f6\u00dfen zusammen, von gro\u00dfen multinationalen Konzernen bis hin zu kleinen und mittleren Unternehmen mit wenigen Standorten. Wenn Sie Kollegen und Freunde haben, die daran interessiert sind, Markenstandards und -abl\u00e4ufe in ihrer Organisation voranzutreiben, ist dieses Empfehlungsprogramm f\u00fcr Sie \u2026 und sie! Es ist sehr einfach und steht allen offen.<\/p>\n\n\n\n<h2 class=\"wp-block-heading\">Wie es funktioniert<\/h2>\n\n\n\n<ol class=\"wp-block-list\">\n<li>F\u00fcllen Sie das untenstehende Formular aus. Wir werden den Empfehlungsgeber kontaktieren, ihm dank Ihnen eine kostenlose Testversion plus einen Monat kostenlosen Service anbieten.<\/li>\n\n\n\n<li>Wenn Ihre Empfehlung Bindy abonniert, erhalten Sie $500 USD <a href=\"https:\/\/www.amazon.com\/gift-cards\" target=\"_blank\" rel=\"noreferrer noopener\">Amazon eGift-Karte<\/a> per Email.<\/li>\n\n\n\n<li>Siehe Bedingungen unten.<\/li>\n<\/ol>\n\n\n<div class=\"wp-block-jetpack-contact-form is-layout-flex wp-container-jetpack-contact-form-is-layout-7f6ac06e wp-block-jetpack-contact-form-is-layout-flex\"><a href=\"https:\/\/blog.bindy.com\/de\/verweisung\/\" target=\"_blank\" rel=\"noopener noreferrer\">Formular einreichen.<\/a><\/div>\n\n<h2><strong>Gesch\u00e4ftsbedingungen<\/strong><\/h2>\n<ol>\n<li>Nichts hindert Bindy daran, Empfehlungen von anderen Referrern zu erhalten.<\/li>\n<li>Bindy ist nicht verpflichtet, den Verweis zu kontaktieren und Sie zu kontaktieren, wenn wir dies nicht tun.<\/li>\n<li>Bindy wird Sie nicht kontaktieren, wenn der geworbene Kunde bereits Kunde ist, bereits kontaktiert wurde oder zuvor von jemand anderem geworben wurde.<\/li>\n<li>Bindy wird sich mit Ihnen in Verbindung setzen, wenn wir die Empfehlung kontaktieren.<\/li>\n<li>Wenn die Empfehlung best\u00e4tigt, dass sie Bindy innerhalb von 180 Tagen als Ergebnis der Empfehlung abonniert hat, sendet Bindy Ihnen per E-Mail eine eGift-Karte in H\u00f6he von $500 USD, wenn die Einnahmen aus dieser Empfehlung $1.000 USD erreichen oder \u00fcberschreiten.<\/li>\n<li>Bindy ist nicht verpflichtet, eine Empfehlungsgeb\u00fchr zu zahlen, wenn die Einnahmen aus dieser Empfehlung aufgrund einer Stornierung oder K\u00fcndigung nicht $1.000 USD erreichen.&nbsp;<\/li>\n<li>Sie d\u00fcrfen sich nicht selbst verweisen.&nbsp;<\/li>\n<li>Sie m\u00fcssen mindestens 18 Jahre alt sein, um jemanden zu empfehlen. Die \u00dcberweisung muss mindestens 18 Jahre alt sein.<\/li>\n<li>Bindy kann das Empfehlungsprogramm jederzeit nach unserem alleinigen und absoluten Ermessen beenden oder \u00e4ndern. Wenn wir dies tun, werden herausragende Empfehlungen und Konditionen honoriert.<\/li>\n<li>Sie k\u00f6nnen bis zu 20 Empfehlungen im Rahmen dieses Programms haben. Jede Empfehlung wird individuell und unabh\u00e4ngig von allen anderen behandelt.<\/li>\n<li>Das Empfehlungsprogramm steht Wiederverk\u00e4ufern und Integratoren, die bereits einen Vertrag mit Bindy haben, nicht zur Verf\u00fcgung.<\/li>\n<li>Es wird Ihnen empfohlen, Ihren Arbeitsvertrag und alle anderen Vertr\u00e4ge, die Sie m\u00f6glicherweise abgeschlossen haben, zu \u00fcberpr\u00fcfen und sicherzustellen, dass die Teilnahme am Empfehlungsprogramm nicht gegen die Richtlinien Ihrer Organisation verst\u00f6\u00dft.<\/li>\n<li>Bindy haftet nicht f\u00fcr indirekte, spezielle und\/oder Folgesch\u00e4den, die sich aus oder im Zusammenhang mit dieser Empfehlungsvereinbarung ergeben.<\/li>\n<li>Indem Sie das Formular ausf\u00fcllen, best\u00e4tigen Sie, dass Sie die Allgemeinen Gesch\u00e4ftsbedingungen des Empfehlungsprogramms gelesen und verstanden haben und ihnen zustimmen.<\/li>\n<\/ol>\n\n\n<p class=\"wp-block-paragraph\"><\/p>","protected":false},"excerpt":{"rendered":"<p>Empfehlen Sie Bindy weiter. Ihre Empfehlung erh\u00e4lt einen Monat Bindy-Service gratis. Sie erhalten eine Amazon-Geschenkkarte im Wert von $500. Bindy arbeitet mit Organisationen aller Gr\u00f6\u00dfen zusammen, von gro\u00dfen multinationalen Unternehmen bis hin zu kleinen und mittleren Unternehmen mit wenigen Standorten. Wenn Sie Kollegen und Freunde haben, die daran interessiert sind, Markenstandards und -abl\u00e4ufe in ihrer Organisation voranzutreiben, ist dieses Empfehlungsprogramm genau das Richtige f\u00fcr Sie \u2026 <a href=\"https:\/\/blog.bindy.com\/de\/verweisung\/\" class=\"more-link\"><span class=\"screen-reader-text\">Empfehlungsprogramm<\/span> weiterlesen <span class=\"meta-nav\">\u2192<\/span><\/a><\/p>","protected":false},"author":6370623,"featured_media":57763,"parent":0,"menu_order":0,"comment_status":"closed","ping_status":"closed","template":"","meta":{"_coblocks_attr":"","_coblocks_dimensions":"","_coblocks_responsive_height":"","_coblocks_accordion_ie_support":"","_crdt_document":"","jetpack_post_was_ever_published":false,"footnotes":""},"class_list":["post-5578","page","type-page","status-publish","has-post-thumbnail","hentry"],"yoast_head":"<!-- This site is optimized with the Yoast SEO plugin v27.3 - https:\/\/yoast.com\/product\/yoast-seo-wordpress\/ -->\n<title>Referral Program - Audits, Tasks and Communication<\/title>\n<meta name=\"description\" content=\"Bindy works with organizations of all sizes, from large multinationals to SMB&#039;s with a handful of locations. Get a $500 Amazon gift card!\" \/>\n<meta name=\"robots\" content=\"index, follow, max-snippet:-1, max-image-preview:large, max-video-preview:-1\" \/>\n<link rel=\"canonical\" href=\"https:\/\/blog.bindy.com\/de\/\" \/>\n<meta property=\"og:locale\" content=\"de_DE\" \/>\n<meta property=\"og:type\" content=\"article\" \/>\n<meta property=\"og:title\" content=\"Referral Program - Audits, Tasks and Communication\" \/>\n<meta property=\"og:description\" content=\"Bindy works with organizations of all sizes, from large multinationals to SMB&#039;s with a handful of locations. Get a $500 Amazon gift card!\" \/>\n<meta property=\"og:url\" content=\"https:\/\/blog.bindy.com\/de\/\" \/>\n<meta property=\"og:site_name\" content=\"Audits, Tasks and Communication\" \/>\n<meta property=\"article:publisher\" content=\"https:\/\/www.facebook.com\/bindyhq\" \/>\n<meta property=\"article:modified_time\" content=\"2024-06-05T15:48:29+00:00\" \/>\n<meta property=\"og:image\" content=\"https:\/\/blog.bindy.com\/wp-content\/uploads\/2022\/02\/Bindy-Brand-st-ad-blue-HR-800.png?_t=1717602509\" \/>\n\t<meta property=\"og:image:width\" content=\"800\" \/>\n\t<meta property=\"og:image:height\" content=\"418\" \/>\n\t<meta property=\"og:image:type\" content=\"image\/png\" \/>\n<meta name=\"twitter:card\" content=\"summary_large_image\" \/>\n<meta name=\"twitter:site\" content=\"@bindyhq\" \/>\n<script type=\"application\/ld+json\" class=\"yoast-schema-graph\">{\"@context\":\"https:\\\/\\\/schema.org\",\"@graph\":[{\"@type\":\"WebPage\",\"@id\":\"https:\\\/\\\/blog.bindy.com\\\/\",\"url\":\"https:\\\/\\\/blog.bindy.com\\\/\",\"name\":\"Referral Program - Audits, Tasks and Communication\",\"isPartOf\":{\"@id\":\"https:\\\/\\\/blog.bindy.com\\\/#website\"},\"primaryImageOfPage\":{\"@id\":\"https:\\\/\\\/blog.bindy.com\\\/#primaryimage\"},\"image\":{\"@id\":\"https:\\\/\\\/blog.bindy.com\\\/#primaryimage\"},\"thumbnailUrl\":\"https:\\\/\\\/i0.wp.com\\\/blog.bindy.com\\\/wp-content\\\/uploads\\\/2022\\\/02\\\/Bindy-Brand-st-ad-blue-HR-800.png?fit=800%2C418&ssl=1\",\"datePublished\":\"2019-02-06T20:11:35+00:00\",\"dateModified\":\"2024-06-05T15:48:29+00:00\",\"description\":\"Bindy works with organizations of all sizes, from large multinationals to SMB's with a handful of locations. Get a $500 Amazon gift card!\",\"breadcrumb\":{\"@id\":\"https:\\\/\\\/blog.bindy.com\\\/#breadcrumb\"},\"inLanguage\":\"de\",\"potentialAction\":[{\"@type\":\"ReadAction\",\"target\":[\"https:\\\/\\\/blog.bindy.com\\\/\"]}]},{\"@type\":\"ImageObject\",\"inLanguage\":\"de\",\"@id\":\"https:\\\/\\\/blog.bindy.com\\\/#primaryimage\",\"url\":\"https:\\\/\\\/i0.wp.com\\\/blog.bindy.com\\\/wp-content\\\/uploads\\\/2022\\\/02\\\/Bindy-Brand-st-ad-blue-HR-800.png?fit=800%2C418&ssl=1\",\"contentUrl\":\"https:\\\/\\\/i0.wp.com\\\/blog.bindy.com\\\/wp-content\\\/uploads\\\/2022\\\/02\\\/Bindy-Brand-st-ad-blue-HR-800.png?fit=800%2C418&ssl=1\",\"width\":800,\"height\":418},{\"@type\":\"BreadcrumbList\",\"@id\":\"https:\\\/\\\/blog.bindy.com\\\/#breadcrumb\",\"itemListElement\":[{\"@type\":\"ListItem\",\"position\":1,\"name\":\"Home\",\"item\":\"https:\\\/\\\/blog.bindy.com\\\/\"},{\"@type\":\"ListItem\",\"position\":2,\"name\":\"Referral Program\"}]},{\"@type\":\"WebSite\",\"@id\":\"https:\\\/\\\/blog.bindy.com\\\/#website\",\"url\":\"https:\\\/\\\/blog.bindy.com\\\/\",\"name\":\"Audits, Tasks and Communication\",\"description\":\"Retail and Hospitality Operations\",\"publisher\":{\"@id\":\"https:\\\/\\\/blog.bindy.com\\\/#organization\"},\"potentialAction\":[{\"@type\":\"SearchAction\",\"target\":{\"@type\":\"EntryPoint\",\"urlTemplate\":\"https:\\\/\\\/blog.bindy.com\\\/?s={search_term_string}\"},\"query-input\":{\"@type\":\"PropertyValueSpecification\",\"valueRequired\":true,\"valueName\":\"search_term_string\"}}],\"inLanguage\":\"de\"},{\"@type\":\"Organization\",\"@id\":\"https:\\\/\\\/blog.bindy.com\\\/#organization\",\"name\":\"Bindy\",\"url\":\"https:\\\/\\\/blog.bindy.com\\\/\",\"logo\":{\"@type\":\"ImageObject\",\"inLanguage\":\"de\",\"@id\":\"https:\\\/\\\/blog.bindy.com\\\/#\\\/schema\\\/logo\\\/image\\\/\",\"url\":\"https:\\\/\\\/i0.wp.com\\\/blog.bindy.com\\\/wp-content\\\/uploads\\\/2021\\\/10\\\/Bindy-logo-horiz-col-72DPI.png?fit=1005%2C301&ssl=1\",\"contentUrl\":\"https:\\\/\\\/i0.wp.com\\\/blog.bindy.com\\\/wp-content\\\/uploads\\\/2021\\\/10\\\/Bindy-logo-horiz-col-72DPI.png?fit=1005%2C301&ssl=1\",\"width\":1005,\"height\":301,\"caption\":\"Bindy\"},\"image\":{\"@id\":\"https:\\\/\\\/blog.bindy.com\\\/#\\\/schema\\\/logo\\\/image\\\/\"},\"sameAs\":[\"https:\\\/\\\/www.facebook.com\\\/bindyhq\",\"https:\\\/\\\/x.com\\\/bindyhq\",\"https:\\\/\\\/www.linkedin.com\\\/company\\\/bindyhq\\\/\"]}]}<\/script>\n<!-- \/ Yoast SEO plugin. -->","yoast_head_json":{"title":"Empfehlungsprogramm \u2013 Audits, Aufgaben und Kommunikation","description":"Bindy arbeitet mit Organisationen aller Gr\u00f6\u00dfen zusammen, von gro\u00dfen multinationalen Unternehmen bis hin zu KMUs mit einer Handvoll Standorten. Holen Sie sich eine Amazon-Geschenkkarte im Wert von $500!","robots":{"index":"index","follow":"follow","max-snippet":"max-snippet:-1","max-image-preview":"max-image-preview:large","max-video-preview":"max-video-preview:-1"},"canonical":"https:\/\/blog.bindy.com\/de\/","og_locale":"de_DE","og_type":"article","og_title":"Referral Program - Audits, Tasks and Communication","og_description":"Bindy works with organizations of all sizes, from large multinationals to SMB's with a handful of locations. Get a $500 Amazon gift card!","og_url":"https:\/\/blog.bindy.com\/de\/","og_site_name":"Audits, Tasks and Communication","article_publisher":"https:\/\/www.facebook.com\/bindyhq","article_modified_time":"2024-06-05T15:48:29+00:00","og_image":[{"width":800,"height":418,"url":"https:\/\/blog.bindy.com\/wp-content\/uploads\/2022\/02\/Bindy-Brand-st-ad-blue-HR-800.png?_t=1717602509","type":"image\/png"}],"twitter_card":"summary_large_image","twitter_site":"@bindyhq","schema":{"@context":"https:\/\/schema.org","@graph":[{"@type":"WebPage","@id":"https:\/\/blog.bindy.com\/","url":"https:\/\/blog.bindy.com\/","name":"Empfehlungsprogramm \u2013 Audits, Aufgaben und Kommunikation","isPartOf":{"@id":"https:\/\/blog.bindy.com\/#website"},"primaryImageOfPage":{"@id":"https:\/\/blog.bindy.com\/#primaryimage"},"image":{"@id":"https:\/\/blog.bindy.com\/#primaryimage"},"thumbnailUrl":"https:\/\/i0.wp.com\/blog.bindy.com\/wp-content\/uploads\/2022\/02\/Bindy-Brand-st-ad-blue-HR-800.png?fit=800%2C418&ssl=1","datePublished":"2019-02-06T20:11:35+00:00","dateModified":"2024-06-05T15:48:29+00:00","description":"Bindy arbeitet mit Organisationen aller Gr\u00f6\u00dfen zusammen, von gro\u00dfen multinationalen Unternehmen bis hin zu KMUs mit einer Handvoll Standorten. Holen Sie sich eine Amazon-Geschenkkarte im Wert von $500!","breadcrumb":{"@id":"https:\/\/blog.bindy.com\/#breadcrumb"},"inLanguage":"de","potentialAction":[{"@type":"ReadAction","target":["https:\/\/blog.bindy.com\/"]}]},{"@type":"ImageObject","inLanguage":"de","@id":"https:\/\/blog.bindy.com\/#primaryimage","url":"https:\/\/i0.wp.com\/blog.bindy.com\/wp-content\/uploads\/2022\/02\/Bindy-Brand-st-ad-blue-HR-800.png?fit=800%2C418&ssl=1","contentUrl":"https:\/\/i0.wp.com\/blog.bindy.com\/wp-content\/uploads\/2022\/02\/Bindy-Brand-st-ad-blue-HR-800.png?fit=800%2C418&ssl=1","width":800,"height":418},{"@type":"BreadcrumbList","@id":"https:\/\/blog.bindy.com\/#breadcrumb","itemListElement":[{"@type":"ListItem","position":1,"name":"Home","item":"https:\/\/blog.bindy.com\/"},{"@type":"ListItem","position":2,"name":"Referral Program"}]},{"@type":"WebSite","@id":"https:\/\/blog.bindy.com\/#website","url":"https:\/\/blog.bindy.com\/","name":"Audits, Aufgaben und Kommunikation","description":"Einzelhandels- und Gastgewerbebetriebe","publisher":{"@id":"https:\/\/blog.bindy.com\/#organization"},"potentialAction":[{"@type":"SearchAction","target":{"@type":"EntryPoint","urlTemplate":"https:\/\/blog.bindy.com\/?s={search_term_string}"},"query-input":{"@type":"PropertyValueSpecification","valueRequired":true,"valueName":"search_term_string"}}],"inLanguage":"de"},{"@type":"Organization","@id":"https:\/\/blog.bindy.com\/#organization","name":"Bindy","url":"https:\/\/blog.bindy.com\/","logo":{"@type":"ImageObject","inLanguage":"de","@id":"https:\/\/blog.bindy.com\/#\/schema\/logo\/image\/","url":"https:\/\/i0.wp.com\/blog.bindy.com\/wp-content\/uploads\/2021\/10\/Bindy-logo-horiz-col-72DPI.png?fit=1005%2C301&ssl=1","contentUrl":"https:\/\/i0.wp.com\/blog.bindy.com\/wp-content\/uploads\/2021\/10\/Bindy-logo-horiz-col-72DPI.png?fit=1005%2C301&ssl=1","width":1005,"height":301,"caption":"Bindy"},"image":{"@id":"https:\/\/blog.bindy.com\/#\/schema\/logo\/image\/"},"sameAs":["https:\/\/www.facebook.com\/bindyhq","https:\/\/x.com\/bindyhq","https:\/\/www.linkedin.com\/company\/bindyhq\/"]}]}},"jetpack_likes_enabled":false,"jetpack_sharing_enabled":true,"jetpack_shortlink":"https:\/\/wp.me\/PDNAM-1rY","jetpack-related-posts":[{"id":63954,"url":"https:\/\/blog.bindy.com\/de\/warum-wir-unseren-namen-andern\/","url_meta":{"origin":5578,"position":0},"title":"Compliant IA k\u00fcndigt Rebranding zu Bindy an","author":"Bindy","date":"September 11, 2024","format":false,"excerpt":"Pressemitteilung Toronto, ON, 23. November 2021 Compliant IA firmiert ab sofort unter dem Namen Bindy, um Wachstum und Diversifizierung widerzuspiegeln. Compliant IA, ein f\u00fchrender Anbieter cloudbasierter L\u00f6sungen f\u00fcr die Umsetzung im Einzelhandel, gab heute den Abschluss eines umfassenden Rebrandings bekannt. Die Umbenennung in Bindy spiegelt das Wachstum und die Diversifizierung des Unternehmens wider\u2026","rel":"","context":"\u00c4hnlicher Beitrag","block_context":{"text":"\u00c4hnlicher Beitrag","link":""},"img":{"alt_text":"","src":"https:\/\/i0.wp.com\/blog.bindy.com\/wp-content\/uploads\/2021\/11\/Bindy-icone-col-72DPI.png?fit=442%2C442&ssl=1&resize=350%2C200","width":350,"height":200},"classes":[]},{"id":65107,"url":"https:\/\/blog.bindy.com\/de\/bindy-demo\/","url_meta":{"origin":5578,"position":1},"title":"\u25b6\ufe0f Bindy-Demo","author":"Bindy","date":"Dezember 9, 2024","format":false,"excerpt":"Keine Registrierung, keine Terminvereinbarung n\u00f6tig. Die wichtigsten Funktionen von Bindy in 5 kurzen Videodemonstrationen. \u25b6\ufe0f Einf\u00fchrung (1 Minute, 2 Sekunden) \u2139\ufe0f Bindy ist eine Cloud-basierte App zur Automatisierung von \u2714\ufe0f Audits, \ud83d\uddd3\ufe0f Aufgaben und \ud83d\udce3 Kommunikation im Einzelhandel und Gastgewerbe. Implementieren und \u00fcberpr\u00fcfen Sie Markenstandards, Aufgaben und Korrekturma\u00dfnahmen\u2026","rel":"","context":"\u00c4hnlicher Beitrag","block_context":{"text":"\u00c4hnlicher Beitrag","link":""},"img":{"alt_text":"","src":"","width":0,"height":0},"classes":[]},{"id":60545,"url":"https:\/\/blog.bindy.com\/de\/ruckmeldung-melden\/","url_meta":{"origin":5578,"position":2},"title":"Bindy Reporting \u2013 Sagen Sie uns Ihre Meinung!","author":"Bindy","date":"August 25, 2023","format":false,"excerpt":"Der Zweck der Berichterstattung besteht darin, die Daten bereitzustellen und die ben\u00f6tigten Informationen zu finden. Wie k\u00f6nnen wir uns verbessern? Ihre Antwort ist vertraulich.","rel":"","context":"\u00c4hnlicher Beitrag","block_context":{"text":"\u00c4hnlicher Beitrag","link":""},"img":{"alt_text":"","src":"https:\/\/i0.wp.com\/blog.bindy.com\/wp-content\/uploads\/2023\/08\/shutterstock_650629666.jpg?fit=1200%2C716&ssl=1&resize=350%2C200","width":350,"height":200,"srcset":"https:\/\/i0.wp.com\/blog.bindy.com\/wp-content\/uploads\/2023\/08\/shutterstock_650629666.jpg?fit=1200%2C716&ssl=1&resize=350%2C200 1x, https:\/\/i0.wp.com\/blog.bindy.com\/wp-content\/uploads\/2023\/08\/shutterstock_650629666.jpg?fit=1200%2C716&ssl=1&resize=525%2C300 1.5x, https:\/\/i0.wp.com\/blog.bindy.com\/wp-content\/uploads\/2023\/08\/shutterstock_650629666.jpg?fit=1200%2C716&ssl=1&resize=700%2C400 2x, https:\/\/i0.wp.com\/blog.bindy.com\/wp-content\/uploads\/2023\/08\/shutterstock_650629666.jpg?fit=1200%2C716&ssl=1&resize=1050%2C600 3x"},"classes":[]},{"id":60033,"url":"https:\/\/blog.bindy.com\/de\/warum\/","url_meta":{"origin":5578,"position":3},"title":"Sagen Sie uns warum \/ Kein Abonnement","author":"Bindy","date":"Februar 14, 2023","format":false,"excerpt":"Bitte nehmen Sie sich einen Moment Zeit, um uns mitzuteilen, warum Sie Bindy nicht abonnieren. Wir werden keine Folge-E-Mails versenden. Diese Informationen helfen uns einfach, die Testversion und den ersten Eindruck zu verbessern. Danke sch\u00f6n!","rel":"","context":"\u00c4hnlicher Beitrag","block_context":{"text":"\u00c4hnlicher Beitrag","link":""},"img":{"alt_text":"","src":"https:\/\/i0.wp.com\/blog.bindy.com\/wp-content\/uploads\/2023\/02\/Screen-compo-Combo_Screens-layed-out.png?fit=600%2C429&ssl=1&resize=350%2C200","width":350,"height":200,"srcset":"https:\/\/i0.wp.com\/blog.bindy.com\/wp-content\/uploads\/2023\/02\/Screen-compo-Combo_Screens-layed-out.png?fit=600%2C429&ssl=1&resize=350%2C200 1x, https:\/\/i0.wp.com\/blog.bindy.com\/wp-content\/uploads\/2023\/02\/Screen-compo-Combo_Screens-layed-out.png?fit=600%2C429&ssl=1&resize=525%2C300 1.5x"},"classes":[]}],"_links":{"self":[{"href":"https:\/\/blog.bindy.com\/de\/wp-json\/wp\/v2\/pages\/5578","targetHints":{"allow":["GET"]}}],"collection":[{"href":"https:\/\/blog.bindy.com\/de\/wp-json\/wp\/v2\/pages"}],"about":[{"href":"https:\/\/blog.bindy.com\/de\/wp-json\/wp\/v2\/types\/page"}],"author":[{"embeddable":true,"href":"https:\/\/blog.bindy.com\/de\/wp-json\/wp\/v2\/users\/6370623"}],"replies":[{"embeddable":true,"href":"https:\/\/blog.bindy.com\/de\/wp-json\/wp\/v2\/comments?post=5578"}],"version-history":[{"count":88,"href":"https:\/\/blog.bindy.com\/de\/wp-json\/wp\/v2\/pages\/5578\/revisions"}],"predecessor-version":[{"id":62647,"href":"https:\/\/blog.bindy.com\/de\/wp-json\/wp\/v2\/pages\/5578\/revisions\/62647"}],"wp:featuredmedia":[{"embeddable":true,"href":"https:\/\/blog.bindy.com\/de\/wp-json\/wp\/v2\/media\/57763"}],"wp:attachment":[{"href":"https:\/\/blog.bindy.com\/de\/wp-json\/wp\/v2\/media?parent=5578"}],"curies":[{"name":"wp","href":"https:\/\/api.w.org\/{rel}","templated":true}]}}